{"id":1441466,"date":"2026-01-31T16:07:30","date_gmt":"2026-01-31T13:07:30","guid":{"rendered":"https:\/\/kruze.ee\/product\/gearx-gear-x-rcs-taaskasutatud-plastikust-vastupidav-pealamp\/"},"modified":"2026-03-17T00:55:12","modified_gmt":"2026-03-16T21:55:12","slug":"gearx-gear-x-rcs-taaskasutatud-plastikust-vastupidav-pealamp","status":"publish","type":"product","link":"https:\/\/kruze.ee\/et\/toode\/gearx-gear-x-rcs-taaskasutatud-plastikust-vastupidav-pealamp\/","title":{"rendered":"GearX Gear X RCS taaskasutatud plastikust vastupidav pealamp"},"content":{"rendered":"<p>Vastupidav pealamp integreeritud suure v\u00f5imsusega COB- ja LED-valgustiga. Pealamp annab kuni 250 luumenit ning valgusvihk ulatub kuni 70 meetrini. Korpus on valmistatud RCS-sertifitseeritud taaskasutatud ABS-plastikust. RCS (Recycled Claim Standard) on standard, mis kinnitab tootes kasutatud taaskasutatud materjalide p\u00e4ritolu kogu tarneahela ulatuses. Taaskasutatud materjali osakaal on 23% toote kogukaalust. Pealamp on IPX4 veekindel ja tolmukindel. Reguleeritav peapael sobib igas suuruses kasutajale. Sisseehitatud 800 mAh laetav liitiumaku v\u00f5imaldab \u00fche laadimisega kuni 3 tundi pidevat kasutamist. 6 valgusre\u017eiimi, sh 100%, 50% ja SOS-re\u017eiim. Lihtne laadida USB-C (Type-C) \u00fchenduse kaudu.<\/p>\n","protected":false},"excerpt":{"rendered":"<p>Vastupidav pealamp integreeritud suure v\u00f5imsusega COB- ja LED-valgustiga. Pealamp annab kuni 250 luumenit ning valgusvihk ulatub kuni 70 meetrini. Korpus on&#8230;<\/p>\n","protected":false},"featured_media":0,"template":"","meta":[],"product_brand":[],"product_cat":[5449],"product_tag":[],"class_list":{"0":"post-1441466","1":"product","2":"type-product","3":"status-publish","5":"product_cat-taskulambid","6":"pa_gender-uniseks","7":"pa_gender-unisex","11":"first","12":"instock","13":"purchasable","14":"product-type-simple"},"acf":[],"yoast_head":"<!-- This site is optimized with the Yoast SEO plugin v26.0 - https:\/\/yoast.com\/wordpress\/plugins\/seo\/ -->\n<title>GearX Gear X RCS taaskasutatud plastikust vastupidav pealamp - Kruze.ee<\/title>\n<meta name=\"robots\" content=\"index, follow, max-snippet:-1, max-image-preview:large, max-video-preview:-1\" \/>\n<link rel=\"canonical\" href=\"https:\/\/kruze.ee\/et\/toode\/gearx-gear-x-rcs-taaskasutatud-plastikust-vastupidav-pealamp\/\" \/>\n<meta property=\"og:locale\" content=\"et_EE\" \/>\n<meta property=\"og:type\" content=\"article\" \/>\n<meta property=\"og:title\" content=\"GearX Gear X RCS taaskasutatud plastikust vastupidav pealamp - Kruze.ee\" \/>\n<meta property=\"og:description\" content=\"Vastupidav pealamp integreeritud suure v\u00f5imsusega COB- ja LED-valgustiga. Pealamp annab kuni 250 luumenit ning valgusvihk ulatub kuni 70 meetrini. Korpus on...\" \/>\n<meta property=\"og:url\" content=\"https:\/\/kruze.ee\/et\/toode\/gearx-gear-x-rcs-taaskasutatud-plastikust-vastupidav-pealamp\/\" \/>\n<meta property=\"og:site_name\" content=\"Kruze.ee\" \/>\n<meta property=\"article:modified_time\" content=\"2026-03-16T21:55:12+00:00\" \/>\n<meta name=\"twitter:card\" content=\"summary_large_image\" \/>\n<script type=\"application\/ld+json\" class=\"yoast-schema-graph\">{\"@context\":\"https:\/\/schema.org\",\"@graph\":[{\"@type\":\"WebPage\",\"@id\":\"https:\/\/kruze.ee\/et\/toode\/gearx-gear-x-rcs-taaskasutatud-plastikust-vastupidav-pealamp\/\",\"url\":\"https:\/\/kruze.ee\/et\/toode\/gearx-gear-x-rcs-taaskasutatud-plastikust-vastupidav-pealamp\/\",\"name\":\"GearX Gear X RCS taaskasutatud plastikust vastupidav pealamp - Kruze.ee\",\"isPartOf\":{\"@id\":\"https:\/\/kruze.ee\/et\/#website\"},\"datePublished\":\"2026-01-31T13:07:30+00:00\",\"dateModified\":\"2026-03-16T21:55:12+00:00\",\"breadcrumb\":{\"@id\":\"https:\/\/kruze.ee\/et\/toode\/gearx-gear-x-rcs-taaskasutatud-plastikust-vastupidav-pealamp\/#breadcrumb\"},\"inLanguage\":\"et\",\"potentialAction\":[{\"@type\":\"ReadAction\",\"target\":[\"https:\/\/kruze.ee\/et\/toode\/gearx-gear-x-rcs-taaskasutatud-plastikust-vastupidav-pealamp\/\"]}]},{\"@type\":\"BreadcrumbList\",\"@id\":\"https:\/\/kruze.ee\/et\/toode\/gearx-gear-x-rcs-taaskasutatud-plastikust-vastupidav-pealamp\/#breadcrumb\",\"itemListElement\":[{\"@type\":\"ListItem\",\"position\":1,\"name\":\"Home\",\"item\":\"https:\/\/kruze.ee\/et\/\"},{\"@type\":\"ListItem\",\"position\":2,\"name\":\"Tooted\",\"item\":\"https:\/\/kruze.ee\/et\/tooted\/\"},{\"@type\":\"ListItem\",\"position\":3,\"name\":\"GearX Gear X RCS taaskasutatud plastikust vastupidav pealamp\"}]},{\"@type\":\"WebSite\",\"@id\":\"https:\/\/kruze.ee\/et\/#website\",\"url\":\"https:\/\/kruze.ee\/et\/\",\"name\":\"Kruze.ee\",\"description\":\"Reklaamkingitused, tr&uuml;kiga T-s&auml;rgid, fliisid, dressipluused, tekstiil, joped ja paljud teised logoga meened, &Auml;rikingitused sinu partnerile! Telli juba t&auml;na.\",\"potentialAction\":[{\"@type\":\"SearchAction\",\"target\":{\"@type\":\"EntryPoint\",\"urlTemplate\":\"https:\/\/kruze.ee\/et\/?s={search_term_string}\"},\"query-input\":{\"@type\":\"PropertyValueSpecification\",\"valueRequired\":true,\"valueName\":\"search_term_string\"}}],\"inLanguage\":\"et\"}]}<\/script>\n<!-- \/ Yoast SEO plugin. -->","yoast_head_json":{"title":"GearX Gear X RCS taaskasutatud plastikust vastupidav pealamp - Kruze.ee","robots":{"index":"index","follow":"follow","max-snippet":"max-snippet:-1","max-image-preview":"max-image-preview:large","max-video-preview":"max-video-preview:-1"},"canonical":"https:\/\/kruze.ee\/et\/toode\/gearx-gear-x-rcs-taaskasutatud-plastikust-vastupidav-pealamp\/","og_locale":"et_EE","og_type":"article","og_title":"GearX Gear X RCS taaskasutatud plastikust vastupidav pealamp - Kruze.ee","og_description":"Vastupidav pealamp integreeritud suure v\u00f5imsusega COB- ja LED-valgustiga. Pealamp annab kuni 250 luumenit ning valgusvihk ulatub kuni 70 meetrini. Korpus on...","og_url":"https:\/\/kruze.ee\/et\/toode\/gearx-gear-x-rcs-taaskasutatud-plastikust-vastupidav-pealamp\/","og_site_name":"Kruze.ee","article_modified_time":"2026-03-16T21:55:12+00:00","twitter_card":"summary_large_image","schema":{"@context":"https:\/\/schema.org","@graph":[{"@type":"WebPage","@id":"https:\/\/kruze.ee\/et\/toode\/gearx-gear-x-rcs-taaskasutatud-plastikust-vastupidav-pealamp\/","url":"https:\/\/kruze.ee\/et\/toode\/gearx-gear-x-rcs-taaskasutatud-plastikust-vastupidav-pealamp\/","name":"GearX Gear X RCS taaskasutatud plastikust vastupidav pealamp - Kruze.ee","isPartOf":{"@id":"https:\/\/kruze.ee\/et\/#website"},"datePublished":"2026-01-31T13:07:30+00:00","dateModified":"2026-03-16T21:55:12+00:00","breadcrumb":{"@id":"https:\/\/kruze.ee\/et\/toode\/gearx-gear-x-rcs-taaskasutatud-plastikust-vastupidav-pealamp\/#breadcrumb"},"inLanguage":"et","potentialAction":[{"@type":"ReadAction","target":["https:\/\/kruze.ee\/et\/toode\/gearx-gear-x-rcs-taaskasutatud-plastikust-vastupidav-pealamp\/"]}]},{"@type":"BreadcrumbList","@id":"https:\/\/kruze.ee\/et\/toode\/gearx-gear-x-rcs-taaskasutatud-plastikust-vastupidav-pealamp\/#breadcrumb","itemListElement":[{"@type":"ListItem","position":1,"name":"Home","item":"https:\/\/kruze.ee\/et\/"},{"@type":"ListItem","position":2,"name":"Tooted","item":"https:\/\/kruze.ee\/et\/tooted\/"},{"@type":"ListItem","position":3,"name":"GearX Gear X RCS taaskasutatud plastikust vastupidav pealamp"}]},{"@type":"WebSite","@id":"https:\/\/kruze.ee\/et\/#website","url":"https:\/\/kruze.ee\/et\/","name":"Kruze.ee","description":"Reklaamkingitused, tr&uuml;kiga T-s&auml;rgid, fliisid, dressipluused, tekstiil, joped ja paljud teised logoga meened, &Auml;rikingitused sinu partnerile! Telli juba t&auml;na.","potentialAction":[{"@type":"SearchAction","target":{"@type":"EntryPoint","urlTemplate":"https:\/\/kruze.ee\/et\/?s={search_term_string}"},"query-input":{"@type":"PropertyValueSpecification","valueRequired":true,"valueName":"search_term_string"}}],"inLanguage":"et"}]}},"_links":{"self":[{"href":"https:\/\/kruze.ee\/et\/wp-json\/wp\/v2\/product\/1441466","targetHints":{"allow":["GET"]}}],"collection":[{"href":"https:\/\/kruze.ee\/et\/wp-json\/wp\/v2\/product"}],"about":[{"href":"https:\/\/kruze.ee\/et\/wp-json\/wp\/v2\/types\/product"}],"wp:attachment":[{"href":"https:\/\/kruze.ee\/et\/wp-json\/wp\/v2\/media?parent=1441466"}],"wp:term":[{"taxonomy":"product_brand","embeddable":true,"href":"https:\/\/kruze.ee\/et\/wp-json\/wp\/v2\/product_brand?post=1441466"},{"taxonomy":"product_cat","embeddable":true,"href":"https:\/\/kruze.ee\/et\/wp-json\/wp\/v2\/product_cat?post=1441466"},{"taxonomy":"product_tag","embeddable":true,"href":"https:\/\/kruze.ee\/et\/wp-json\/wp\/v2\/product_tag?post=1441466"}],"curies":[{"name":"wp","href":"https:\/\/api.w.org\/{rel}","templated":true}]}}