{"id":1441422,"date":"2026-01-31T14:31:21","date_gmt":"2026-01-31T11:31:21","guid":{"rendered":"https:\/\/kruze.ee\/product\/unbranded-americano-renew-350-ml-termotops\/"},"modified":"2026-03-17T01:44:19","modified_gmt":"2026-03-16T22:44:19","slug":"unbranded-americano-renew-350-ml-termotops","status":"publish","type":"product","link":"https:\/\/kruze.ee\/et\/toode\/unbranded-americano-renew-350-ml-termotops\/","title":{"rendered":"Unbranded Americano\u00ae Renew 350 ml termotops"},"content":{"rendered":"<p>Topeltseinaga isoleeritud termotops keeratava kaanega ja mahutavusega 350 ml. Tops sisaldab 25% suhkruroost saadud plasti. See taastuv tooraine seob kasvamise ajal s\u00fcsinikdioksiidi ning on suhkru\u00adt\u00f6\u00f6stuse k\u00f5rvalsaadus. Suhkruroo kasutamine v\u00e4hendab iga topsi tootmisel nafta kasutust. Tops on 100% taaskasutatav ning pakendatud taaskasutatud PE-plastikkotti. Valmistatud \u00dchendkuningriigis. BPA-vaba. Vastab standardile EN12875-1 ning on n\u00f5udepesumasinas ja mikrolaineahjus kasutatav.<\/p>\n","protected":false},"excerpt":{"rendered":"<p>Topeltseinaga isoleeritud termotops keeratava kaanega ja mahutavusega 350 ml. Tops sisaldab 25% suhkruroost saadud plasti. See taastuv tooraine seob kasvamise&#8230;<\/p>\n","protected":false},"featured_media":0,"template":"","meta":[],"product_brand":[],"product_cat":[15072],"product_tag":[],"class_list":{"0":"post-1441422","1":"product","2":"type-product","3":"status-publish","5":"product_cat-joogitopsid","6":"pa_brand-unbranded","7":"pa_color-elevandiluuvalge","8":"pa_color-graniithall","9":"pa_color-pebble-grey","10":"pa_color-reef-blue","11":"pa_color-roheline","12":"pa_color-roosa","13":"pa_gender-uniseks","14":"pa_gender-unisex","17":"pa_material-75-pp-plastic-and-25-sugarcane-bioplastic","19":"first","20":"instock","21":"taxable","22":"shipping-taxable","23":"purchasable","24":"product-type-variable"},"acf":[],"yoast_head":"<!-- This site is optimized with the Yoast SEO plugin v26.0 - https:\/\/yoast.com\/wordpress\/plugins\/seo\/ -->\n<title>Unbranded Americano\u00ae Renew 350 ml termotops - Kruze.ee<\/title>\n<meta name=\"robots\" content=\"index, follow, max-snippet:-1, max-image-preview:large, max-video-preview:-1\" \/>\n<link rel=\"canonical\" href=\"https:\/\/kruze.ee\/et\/toode\/unbranded-americano-renew-350-ml-termotops\/\" \/>\n<meta property=\"og:locale\" content=\"et_EE\" \/>\n<meta property=\"og:type\" content=\"article\" \/>\n<meta property=\"og:title\" content=\"Unbranded Americano\u00ae Renew 350 ml termotops - Kruze.ee\" \/>\n<meta property=\"og:description\" content=\"Topeltseinaga isoleeritud termotops keeratava kaanega ja mahutavusega 350 ml. Tops sisaldab 25% suhkruroost saadud plasti. See taastuv tooraine seob kasvamise...\" \/>\n<meta property=\"og:url\" content=\"https:\/\/kruze.ee\/et\/toode\/unbranded-americano-renew-350-ml-termotops\/\" \/>\n<meta property=\"og:site_name\" content=\"Kruze.ee\" \/>\n<meta property=\"article:modified_time\" content=\"2026-03-16T22:44:19+00:00\" \/>\n<meta name=\"twitter:card\" content=\"summary_large_image\" \/>\n<script type=\"application\/ld+json\" class=\"yoast-schema-graph\">{\"@context\":\"https:\/\/schema.org\",\"@graph\":[{\"@type\":\"WebPage\",\"@id\":\"https:\/\/kruze.ee\/et\/toode\/unbranded-americano-renew-350-ml-termotops\/\",\"url\":\"https:\/\/kruze.ee\/et\/toode\/unbranded-americano-renew-350-ml-termotops\/\",\"name\":\"Unbranded Americano\u00ae Renew 350 ml termotops - Kruze.ee\",\"isPartOf\":{\"@id\":\"https:\/\/kruze.ee\/et\/#website\"},\"datePublished\":\"2026-01-31T11:31:21+00:00\",\"dateModified\":\"2026-03-16T22:44:19+00:00\",\"breadcrumb\":{\"@id\":\"https:\/\/kruze.ee\/et\/toode\/unbranded-americano-renew-350-ml-termotops\/#breadcrumb\"},\"inLanguage\":\"et\",\"potentialAction\":[{\"@type\":\"ReadAction\",\"target\":[\"https:\/\/kruze.ee\/et\/toode\/unbranded-americano-renew-350-ml-termotops\/\"]}]},{\"@type\":\"BreadcrumbList\",\"@id\":\"https:\/\/kruze.ee\/et\/toode\/unbranded-americano-renew-350-ml-termotops\/#breadcrumb\",\"itemListElement\":[{\"@type\":\"ListItem\",\"position\":1,\"name\":\"Home\",\"item\":\"https:\/\/kruze.ee\/et\/\"},{\"@type\":\"ListItem\",\"position\":2,\"name\":\"Tooted\",\"item\":\"https:\/\/kruze.ee\/et\/tooted\/\"},{\"@type\":\"ListItem\",\"position\":3,\"name\":\"Unbranded Americano\u00ae Renew 350 ml termotops\"}]},{\"@type\":\"WebSite\",\"@id\":\"https:\/\/kruze.ee\/et\/#website\",\"url\":\"https:\/\/kruze.ee\/et\/\",\"name\":\"Kruze.ee\",\"description\":\"Reklaamkingitused, tr&uuml;kiga T-s&auml;rgid, fliisid, dressipluused, tekstiil, joped ja paljud teised logoga meened, &Auml;rikingitused sinu partnerile! Telli juba t&auml;na.\",\"potentialAction\":[{\"@type\":\"SearchAction\",\"target\":{\"@type\":\"EntryPoint\",\"urlTemplate\":\"https:\/\/kruze.ee\/et\/?s={search_term_string}\"},\"query-input\":{\"@type\":\"PropertyValueSpecification\",\"valueRequired\":true,\"valueName\":\"search_term_string\"}}],\"inLanguage\":\"et\"}]}<\/script>\n<!-- \/ Yoast SEO plugin. -->","yoast_head_json":{"title":"Unbranded Americano\u00ae Renew 350 ml termotops - Kruze.ee","robots":{"index":"index","follow":"follow","max-snippet":"max-snippet:-1","max-image-preview":"max-image-preview:large","max-video-preview":"max-video-preview:-1"},"canonical":"https:\/\/kruze.ee\/et\/toode\/unbranded-americano-renew-350-ml-termotops\/","og_locale":"et_EE","og_type":"article","og_title":"Unbranded Americano\u00ae Renew 350 ml termotops - Kruze.ee","og_description":"Topeltseinaga isoleeritud termotops keeratava kaanega ja mahutavusega 350 ml. Tops sisaldab 25% suhkruroost saadud plasti. See taastuv tooraine seob kasvamise...","og_url":"https:\/\/kruze.ee\/et\/toode\/unbranded-americano-renew-350-ml-termotops\/","og_site_name":"Kruze.ee","article_modified_time":"2026-03-16T22:44:19+00:00","twitter_card":"summary_large_image","schema":{"@context":"https:\/\/schema.org","@graph":[{"@type":"WebPage","@id":"https:\/\/kruze.ee\/et\/toode\/unbranded-americano-renew-350-ml-termotops\/","url":"https:\/\/kruze.ee\/et\/toode\/unbranded-americano-renew-350-ml-termotops\/","name":"Unbranded Americano\u00ae Renew 350 ml termotops - Kruze.ee","isPartOf":{"@id":"https:\/\/kruze.ee\/et\/#website"},"datePublished":"2026-01-31T11:31:21+00:00","dateModified":"2026-03-16T22:44:19+00:00","breadcrumb":{"@id":"https:\/\/kruze.ee\/et\/toode\/unbranded-americano-renew-350-ml-termotops\/#breadcrumb"},"inLanguage":"et","potentialAction":[{"@type":"ReadAction","target":["https:\/\/kruze.ee\/et\/toode\/unbranded-americano-renew-350-ml-termotops\/"]}]},{"@type":"BreadcrumbList","@id":"https:\/\/kruze.ee\/et\/toode\/unbranded-americano-renew-350-ml-termotops\/#breadcrumb","itemListElement":[{"@type":"ListItem","position":1,"name":"Home","item":"https:\/\/kruze.ee\/et\/"},{"@type":"ListItem","position":2,"name":"Tooted","item":"https:\/\/kruze.ee\/et\/tooted\/"},{"@type":"ListItem","position":3,"name":"Unbranded Americano\u00ae Renew 350 ml termotops"}]},{"@type":"WebSite","@id":"https:\/\/kruze.ee\/et\/#website","url":"https:\/\/kruze.ee\/et\/","name":"Kruze.ee","description":"Reklaamkingitused, tr&uuml;kiga T-s&auml;rgid, fliisid, dressipluused, tekstiil, joped ja paljud teised logoga meened, &Auml;rikingitused sinu partnerile! Telli juba t&auml;na.","potentialAction":[{"@type":"SearchAction","target":{"@type":"EntryPoint","urlTemplate":"https:\/\/kruze.ee\/et\/?s={search_term_string}"},"query-input":{"@type":"PropertyValueSpecification","valueRequired":true,"valueName":"search_term_string"}}],"inLanguage":"et"}]}},"_links":{"self":[{"href":"https:\/\/kruze.ee\/et\/wp-json\/wp\/v2\/product\/1441422","targetHints":{"allow":["GET"]}}],"collection":[{"href":"https:\/\/kruze.ee\/et\/wp-json\/wp\/v2\/product"}],"about":[{"href":"https:\/\/kruze.ee\/et\/wp-json\/wp\/v2\/types\/product"}],"wp:attachment":[{"href":"https:\/\/kruze.ee\/et\/wp-json\/wp\/v2\/media?parent=1441422"}],"wp:term":[{"taxonomy":"product_brand","embeddable":true,"href":"https:\/\/kruze.ee\/et\/wp-json\/wp\/v2\/product_brand?post=1441422"},{"taxonomy":"product_cat","embeddable":true,"href":"https:\/\/kruze.ee\/et\/wp-json\/wp\/v2\/product_cat?post=1441422"},{"taxonomy":"product_tag","embeddable":true,"href":"https:\/\/kruze.ee\/et\/wp-json\/wp\/v2\/product_tag?post=1441422"}],"curies":[{"name":"wp","href":"https:\/\/api.w.org\/{rel}","templated":true}]}}