{"id":1441362,"date":"2026-01-31T14:31:10","date_gmt":"2026-01-31T11:31:10","guid":{"rendered":"https:\/\/kruze.ee\/product\/unbranded-americano-eco-350-ml-taaskasutatud-materjalist-termotops-pritsmekindla-kaanega\/"},"modified":"2026-03-17T01:44:16","modified_gmt":"2026-03-16T22:44:16","slug":"unbranded-americano-eco-350-ml-taaskasutatud-materjalist-termotops-pritsmekindla-kaanega","status":"publish","type":"product","link":"https:\/\/kruze.ee\/et\/toode\/unbranded-americano-eco-350-ml-taaskasutatud-materjalist-termotops-pritsmekindla-kaanega\/","title":{"rendered":"Unbranded Americano\u00ae Eco 350 ml taaskasutatud materjalist termotops pritsmekindla kaanega"},"content":{"rendered":"<p>Taaskasutatud plastist valmistatud topeltseinaga termotops, millel on keeratav pritsmekindel kaas ja must sisekiht. Tops on kokku 75% ulatuses taaskasutatud materjalist, koosnedes taaskasutatud tassist ja tavap\u00e4rasest kaanest. Kaas lukustub klambriga, et paremini v\u00e4ltida lekkimist, ning on valmistatud ilma silikoonita, v\u00f5imaldades topsi t\u00e4ielikku taaskasutust. Taaskasutatud plasti iseloomu t\u00f5ttu v\u00f5ivad esineda v\u00e4ikesed j\u00e4ljed v\u00f5i v\u00e4rvivariatsioonid. Vastab standardile EN12875-1, on n\u00f5udepesumasinas ja mikrolaineahjus kasutatav. Mahutavus 350 ml ning tops on t\u00e4ielikult taaskasutatav. Valmistatud \u00dchendkuningriigis. Pakendatud taaskasutatud PE-plastikkotti. BPA-vaba.<\/p>\n","protected":false},"excerpt":{"rendered":"<p>Taaskasutatud plastist valmistatud topeltseinaga termotops, millel on keeratav pritsmekindel kaas ja must sisekiht. Tops on kokku 75% ulatuses taaskasutatud&#8230;<\/p>\n","protected":false},"featured_media":0,"template":"","meta":[],"product_brand":[],"product_cat":[15072],"product_tag":[],"class_list":{"0":"post-1441362","1":"product","2":"type-product","3":"status-publish","5":"product_cat-joogitopsid","6":"pa_brand-unbranded","7":"pa_color-aqua-blue","8":"pa_color-hall","9":"pa_color-keskmine-sinine","10":"pa_color-kollane","11":"pa_color-laimiroheline","12":"pa_color-purple-2","13":"pa_color-black-2","14":"pa_color-oranz","15":"pa_color-punane","16":"pa_color-roheline","17":"pa_color-roosa","18":"pa_color-blue-2","19":"pa_color-valge","20":"pa_gender-uniseks","21":"pa_gender-unisex","24":"pa_material-recycled-pp-plastic-pp-plastic","26":"first","27":"instock","28":"taxable","29":"shipping-taxable","30":"purchasable","31":"product-type-variable"},"acf":[],"yoast_head":"<!-- This site is optimized with the Yoast SEO plugin v26.0 - https:\/\/yoast.com\/wordpress\/plugins\/seo\/ -->\n<title>Unbranded Americano\u00ae Eco 350 ml taaskasutatud materjalist termotops pritsmekindla kaanega - Kruze.ee<\/title>\n<meta name=\"robots\" content=\"index, follow, max-snippet:-1, max-image-preview:large, max-video-preview:-1\" \/>\n<link rel=\"canonical\" href=\"https:\/\/kruze.ee\/et\/toode\/unbranded-americano-eco-350-ml-taaskasutatud-materjalist-termotops-pritsmekindla-kaanega\/\" \/>\n<meta property=\"og:locale\" content=\"et_EE\" \/>\n<meta property=\"og:type\" content=\"article\" \/>\n<meta property=\"og:title\" content=\"Unbranded Americano\u00ae Eco 350 ml taaskasutatud materjalist termotops pritsmekindla kaanega - Kruze.ee\" \/>\n<meta property=\"og:description\" content=\"Taaskasutatud plastist valmistatud topeltseinaga termotops, millel on keeratav pritsmekindel kaas ja must sisekiht. Tops on kokku 75% ulatuses taaskasutatud...\" \/>\n<meta property=\"og:url\" content=\"https:\/\/kruze.ee\/et\/toode\/unbranded-americano-eco-350-ml-taaskasutatud-materjalist-termotops-pritsmekindla-kaanega\/\" \/>\n<meta property=\"og:site_name\" content=\"Kruze.ee\" \/>\n<meta property=\"article:modified_time\" content=\"2026-03-16T22:44:16+00:00\" \/>\n<meta name=\"twitter:card\" content=\"summary_large_image\" \/>\n<script type=\"application\/ld+json\" class=\"yoast-schema-graph\">{\"@context\":\"https:\/\/schema.org\",\"@graph\":[{\"@type\":\"WebPage\",\"@id\":\"https:\/\/kruze.ee\/et\/toode\/unbranded-americano-eco-350-ml-taaskasutatud-materjalist-termotops-pritsmekindla-kaanega\/\",\"url\":\"https:\/\/kruze.ee\/et\/toode\/unbranded-americano-eco-350-ml-taaskasutatud-materjalist-termotops-pritsmekindla-kaanega\/\",\"name\":\"Unbranded Americano\u00ae Eco 350 ml taaskasutatud materjalist termotops pritsmekindla kaanega - Kruze.ee\",\"isPartOf\":{\"@id\":\"https:\/\/kruze.ee\/et\/#website\"},\"datePublished\":\"2026-01-31T11:31:10+00:00\",\"dateModified\":\"2026-03-16T22:44:16+00:00\",\"breadcrumb\":{\"@id\":\"https:\/\/kruze.ee\/et\/toode\/unbranded-americano-eco-350-ml-taaskasutatud-materjalist-termotops-pritsmekindla-kaanega\/#breadcrumb\"},\"inLanguage\":\"et\",\"potentialAction\":[{\"@type\":\"ReadAction\",\"target\":[\"https:\/\/kruze.ee\/et\/toode\/unbranded-americano-eco-350-ml-taaskasutatud-materjalist-termotops-pritsmekindla-kaanega\/\"]}]},{\"@type\":\"BreadcrumbList\",\"@id\":\"https:\/\/kruze.ee\/et\/toode\/unbranded-americano-eco-350-ml-taaskasutatud-materjalist-termotops-pritsmekindla-kaanega\/#breadcrumb\",\"itemListElement\":[{\"@type\":\"ListItem\",\"position\":1,\"name\":\"Home\",\"item\":\"https:\/\/kruze.ee\/et\/\"},{\"@type\":\"ListItem\",\"position\":2,\"name\":\"Tooted\",\"item\":\"https:\/\/kruze.ee\/et\/tooted\/\"},{\"@type\":\"ListItem\",\"position\":3,\"name\":\"Unbranded Americano\u00ae Eco 350 ml taaskasutatud materjalist termotops pritsmekindla kaanega\"}]},{\"@type\":\"WebSite\",\"@id\":\"https:\/\/kruze.ee\/et\/#website\",\"url\":\"https:\/\/kruze.ee\/et\/\",\"name\":\"Kruze.ee\",\"description\":\"Reklaamkingitused, tr&uuml;kiga T-s&auml;rgid, fliisid, dressipluused, tekstiil, joped ja paljud teised logoga meened, &Auml;rikingitused sinu partnerile! Telli juba t&auml;na.\",\"potentialAction\":[{\"@type\":\"SearchAction\",\"target\":{\"@type\":\"EntryPoint\",\"urlTemplate\":\"https:\/\/kruze.ee\/et\/?s={search_term_string}\"},\"query-input\":{\"@type\":\"PropertyValueSpecification\",\"valueRequired\":true,\"valueName\":\"search_term_string\"}}],\"inLanguage\":\"et\"}]}<\/script>\n<!-- \/ Yoast SEO plugin. -->","yoast_head_json":{"title":"Unbranded Americano\u00ae Eco 350 ml taaskasutatud materjalist termotops pritsmekindla kaanega - Kruze.ee","robots":{"index":"index","follow":"follow","max-snippet":"max-snippet:-1","max-image-preview":"max-image-preview:large","max-video-preview":"max-video-preview:-1"},"canonical":"https:\/\/kruze.ee\/et\/toode\/unbranded-americano-eco-350-ml-taaskasutatud-materjalist-termotops-pritsmekindla-kaanega\/","og_locale":"et_EE","og_type":"article","og_title":"Unbranded Americano\u00ae Eco 350 ml taaskasutatud materjalist termotops pritsmekindla kaanega - Kruze.ee","og_description":"Taaskasutatud plastist valmistatud topeltseinaga termotops, millel on keeratav pritsmekindel kaas ja must sisekiht. Tops on kokku 75% ulatuses taaskasutatud...","og_url":"https:\/\/kruze.ee\/et\/toode\/unbranded-americano-eco-350-ml-taaskasutatud-materjalist-termotops-pritsmekindla-kaanega\/","og_site_name":"Kruze.ee","article_modified_time":"2026-03-16T22:44:16+00:00","twitter_card":"summary_large_image","schema":{"@context":"https:\/\/schema.org","@graph":[{"@type":"WebPage","@id":"https:\/\/kruze.ee\/et\/toode\/unbranded-americano-eco-350-ml-taaskasutatud-materjalist-termotops-pritsmekindla-kaanega\/","url":"https:\/\/kruze.ee\/et\/toode\/unbranded-americano-eco-350-ml-taaskasutatud-materjalist-termotops-pritsmekindla-kaanega\/","name":"Unbranded Americano\u00ae Eco 350 ml taaskasutatud materjalist termotops pritsmekindla kaanega - Kruze.ee","isPartOf":{"@id":"https:\/\/kruze.ee\/et\/#website"},"datePublished":"2026-01-31T11:31:10+00:00","dateModified":"2026-03-16T22:44:16+00:00","breadcrumb":{"@id":"https:\/\/kruze.ee\/et\/toode\/unbranded-americano-eco-350-ml-taaskasutatud-materjalist-termotops-pritsmekindla-kaanega\/#breadcrumb"},"inLanguage":"et","potentialAction":[{"@type":"ReadAction","target":["https:\/\/kruze.ee\/et\/toode\/unbranded-americano-eco-350-ml-taaskasutatud-materjalist-termotops-pritsmekindla-kaanega\/"]}]},{"@type":"BreadcrumbList","@id":"https:\/\/kruze.ee\/et\/toode\/unbranded-americano-eco-350-ml-taaskasutatud-materjalist-termotops-pritsmekindla-kaanega\/#breadcrumb","itemListElement":[{"@type":"ListItem","position":1,"name":"Home","item":"https:\/\/kruze.ee\/et\/"},{"@type":"ListItem","position":2,"name":"Tooted","item":"https:\/\/kruze.ee\/et\/tooted\/"},{"@type":"ListItem","position":3,"name":"Unbranded Americano\u00ae Eco 350 ml taaskasutatud materjalist termotops pritsmekindla kaanega"}]},{"@type":"WebSite","@id":"https:\/\/kruze.ee\/et\/#website","url":"https:\/\/kruze.ee\/et\/","name":"Kruze.ee","description":"Reklaamkingitused, tr&uuml;kiga T-s&auml;rgid, fliisid, dressipluused, tekstiil, joped ja paljud teised logoga meened, &Auml;rikingitused sinu partnerile! Telli juba t&auml;na.","potentialAction":[{"@type":"SearchAction","target":{"@type":"EntryPoint","urlTemplate":"https:\/\/kruze.ee\/et\/?s={search_term_string}"},"query-input":{"@type":"PropertyValueSpecification","valueRequired":true,"valueName":"search_term_string"}}],"inLanguage":"et"}]}},"_links":{"self":[{"href":"https:\/\/kruze.ee\/et\/wp-json\/wp\/v2\/product\/1441362","targetHints":{"allow":["GET"]}}],"collection":[{"href":"https:\/\/kruze.ee\/et\/wp-json\/wp\/v2\/product"}],"about":[{"href":"https:\/\/kruze.ee\/et\/wp-json\/wp\/v2\/types\/product"}],"wp:attachment":[{"href":"https:\/\/kruze.ee\/et\/wp-json\/wp\/v2\/media?parent=1441362"}],"wp:term":[{"taxonomy":"product_brand","embeddable":true,"href":"https:\/\/kruze.ee\/et\/wp-json\/wp\/v2\/product_brand?post=1441362"},{"taxonomy":"product_cat","embeddable":true,"href":"https:\/\/kruze.ee\/et\/wp-json\/wp\/v2\/product_cat?post=1441362"},{"taxonomy":"product_tag","embeddable":true,"href":"https:\/\/kruze.ee\/et\/wp-json\/wp\/v2\/product_tag?post=1441362"}],"curies":[{"name":"wp","href":"https:\/\/api.w.org\/{rel}","templated":true}]}}