{"id":1441214,"date":"2026-01-31T14:30:28","date_gmt":"2026-01-31T11:30:28","guid":{"rendered":"https:\/\/kruze.ee\/product\/unbranded-americano-piccolo-100-ml-kaanega-termotops\/"},"modified":"2026-03-17T01:43:42","modified_gmt":"2026-03-16T22:43:42","slug":"unbranded-americano-piccolo-100-ml-kaanega-termotops","status":"publish","type":"product","link":"https:\/\/kruze.ee\/et\/toode\/unbranded-americano-piccolo-100-ml-kaanega-termotops\/","title":{"rendered":"Unbranded Americano\u00ae Piccolo 100 ml kaanega termotops"},"content":{"rendered":"<p>Americano\u00ae Piccolo 100 ml termotops on ideaalne korduvkasutatav lahendus espresso v\u00f5i topeltespresso jaoks. V\u00e4ike, kompaktne ja virnastatav toode on suurep\u00e4rane alternatiiv \u00fchekordsetele espressotopsidele. Topsil on klambriga kaas, mis aitab hoida joogi soojana ning pakub lisapinda tr\u00fcki jaoks. Tops on valmistatud t\u00e4ielikult taaskasutatavatest plastmaterjalidest.<\/p>\n","protected":false},"excerpt":{"rendered":"<p>Americano\u00ae Piccolo 100 ml termotops on ideaalne korduvkasutatav lahendus espresso v\u00f5i topeltespresso jaoks. V\u00e4ike, kompaktne ja virnastatav toode on&#8230;<\/p>\n","protected":false},"featured_media":0,"template":"","meta":[],"product_brand":[],"product_cat":[15072],"product_tag":[],"class_list":{"0":"post-1441214","1":"product","2":"type-product","3":"status-publish","5":"product_cat-joogitopsid","6":"pa_brand-unbranded","7":"pa_color-black-2","8":"pa_color-blue-2","9":"pa_color-valge","10":"pa_gender-uniseks","11":"pa_gender-unisex","14":"pa_material-pp-plastic","16":"first","17":"instock","18":"taxable","19":"shipping-taxable","20":"purchasable","21":"product-type-variable"},"acf":[],"yoast_head":"<!-- This site is optimized with the Yoast SEO plugin v26.0 - https:\/\/yoast.com\/wordpress\/plugins\/seo\/ -->\n<title>Unbranded Americano\u00ae Piccolo 100 ml kaanega termotops - Kruze.ee<\/title>\n<meta name=\"robots\" content=\"index, follow, max-snippet:-1, max-image-preview:large, max-video-preview:-1\" \/>\n<link rel=\"canonical\" href=\"https:\/\/kruze.ee\/et\/toode\/unbranded-americano-piccolo-100-ml-kaanega-termotops\/\" \/>\n<meta property=\"og:locale\" content=\"et_EE\" \/>\n<meta property=\"og:type\" content=\"article\" \/>\n<meta property=\"og:title\" content=\"Unbranded Americano\u00ae Piccolo 100 ml kaanega termotops - Kruze.ee\" \/>\n<meta property=\"og:description\" content=\"Americano\u00ae Piccolo 100 ml termotops on ideaalne korduvkasutatav lahendus espresso v\u00f5i topeltespresso jaoks. V\u00e4ike, kompaktne ja virnastatav toode on...\" \/>\n<meta property=\"og:url\" content=\"https:\/\/kruze.ee\/et\/toode\/unbranded-americano-piccolo-100-ml-kaanega-termotops\/\" \/>\n<meta property=\"og:site_name\" content=\"Kruze.ee\" \/>\n<meta property=\"article:modified_time\" content=\"2026-03-16T22:43:42+00:00\" \/>\n<meta name=\"twitter:card\" content=\"summary_large_image\" \/>\n<script type=\"application\/ld+json\" class=\"yoast-schema-graph\">{\"@context\":\"https:\/\/schema.org\",\"@graph\":[{\"@type\":\"WebPage\",\"@id\":\"https:\/\/kruze.ee\/et\/toode\/unbranded-americano-piccolo-100-ml-kaanega-termotops\/\",\"url\":\"https:\/\/kruze.ee\/et\/toode\/unbranded-americano-piccolo-100-ml-kaanega-termotops\/\",\"name\":\"Unbranded Americano\u00ae Piccolo 100 ml kaanega termotops - Kruze.ee\",\"isPartOf\":{\"@id\":\"https:\/\/kruze.ee\/et\/#website\"},\"datePublished\":\"2026-01-31T11:30:28+00:00\",\"dateModified\":\"2026-03-16T22:43:42+00:00\",\"breadcrumb\":{\"@id\":\"https:\/\/kruze.ee\/et\/toode\/unbranded-americano-piccolo-100-ml-kaanega-termotops\/#breadcrumb\"},\"inLanguage\":\"et\",\"potentialAction\":[{\"@type\":\"ReadAction\",\"target\":[\"https:\/\/kruze.ee\/et\/toode\/unbranded-americano-piccolo-100-ml-kaanega-termotops\/\"]}]},{\"@type\":\"BreadcrumbList\",\"@id\":\"https:\/\/kruze.ee\/et\/toode\/unbranded-americano-piccolo-100-ml-kaanega-termotops\/#breadcrumb\",\"itemListElement\":[{\"@type\":\"ListItem\",\"position\":1,\"name\":\"Home\",\"item\":\"https:\/\/kruze.ee\/et\/\"},{\"@type\":\"ListItem\",\"position\":2,\"name\":\"Tooted\",\"item\":\"https:\/\/kruze.ee\/et\/tooted\/\"},{\"@type\":\"ListItem\",\"position\":3,\"name\":\"Unbranded Americano\u00ae Piccolo 100 ml kaanega termotops\"}]},{\"@type\":\"WebSite\",\"@id\":\"https:\/\/kruze.ee\/et\/#website\",\"url\":\"https:\/\/kruze.ee\/et\/\",\"name\":\"Kruze.ee\",\"description\":\"Reklaamkingitused, tr&uuml;kiga T-s&auml;rgid, fliisid, dressipluused, tekstiil, joped ja paljud teised logoga meened, &Auml;rikingitused sinu partnerile! Telli juba t&auml;na.\",\"potentialAction\":[{\"@type\":\"SearchAction\",\"target\":{\"@type\":\"EntryPoint\",\"urlTemplate\":\"https:\/\/kruze.ee\/et\/?s={search_term_string}\"},\"query-input\":{\"@type\":\"PropertyValueSpecification\",\"valueRequired\":true,\"valueName\":\"search_term_string\"}}],\"inLanguage\":\"et\"}]}<\/script>\n<!-- \/ Yoast SEO plugin. -->","yoast_head_json":{"title":"Unbranded Americano\u00ae Piccolo 100 ml kaanega termotops - Kruze.ee","robots":{"index":"index","follow":"follow","max-snippet":"max-snippet:-1","max-image-preview":"max-image-preview:large","max-video-preview":"max-video-preview:-1"},"canonical":"https:\/\/kruze.ee\/et\/toode\/unbranded-americano-piccolo-100-ml-kaanega-termotops\/","og_locale":"et_EE","og_type":"article","og_title":"Unbranded Americano\u00ae Piccolo 100 ml kaanega termotops - Kruze.ee","og_description":"Americano\u00ae Piccolo 100 ml termotops on ideaalne korduvkasutatav lahendus espresso v\u00f5i topeltespresso jaoks. V\u00e4ike, kompaktne ja virnastatav toode on...","og_url":"https:\/\/kruze.ee\/et\/toode\/unbranded-americano-piccolo-100-ml-kaanega-termotops\/","og_site_name":"Kruze.ee","article_modified_time":"2026-03-16T22:43:42+00:00","twitter_card":"summary_large_image","schema":{"@context":"https:\/\/schema.org","@graph":[{"@type":"WebPage","@id":"https:\/\/kruze.ee\/et\/toode\/unbranded-americano-piccolo-100-ml-kaanega-termotops\/","url":"https:\/\/kruze.ee\/et\/toode\/unbranded-americano-piccolo-100-ml-kaanega-termotops\/","name":"Unbranded Americano\u00ae Piccolo 100 ml kaanega termotops - Kruze.ee","isPartOf":{"@id":"https:\/\/kruze.ee\/et\/#website"},"datePublished":"2026-01-31T11:30:28+00:00","dateModified":"2026-03-16T22:43:42+00:00","breadcrumb":{"@id":"https:\/\/kruze.ee\/et\/toode\/unbranded-americano-piccolo-100-ml-kaanega-termotops\/#breadcrumb"},"inLanguage":"et","potentialAction":[{"@type":"ReadAction","target":["https:\/\/kruze.ee\/et\/toode\/unbranded-americano-piccolo-100-ml-kaanega-termotops\/"]}]},{"@type":"BreadcrumbList","@id":"https:\/\/kruze.ee\/et\/toode\/unbranded-americano-piccolo-100-ml-kaanega-termotops\/#breadcrumb","itemListElement":[{"@type":"ListItem","position":1,"name":"Home","item":"https:\/\/kruze.ee\/et\/"},{"@type":"ListItem","position":2,"name":"Tooted","item":"https:\/\/kruze.ee\/et\/tooted\/"},{"@type":"ListItem","position":3,"name":"Unbranded Americano\u00ae Piccolo 100 ml kaanega termotops"}]},{"@type":"WebSite","@id":"https:\/\/kruze.ee\/et\/#website","url":"https:\/\/kruze.ee\/et\/","name":"Kruze.ee","description":"Reklaamkingitused, tr&uuml;kiga T-s&auml;rgid, fliisid, dressipluused, tekstiil, joped ja paljud teised logoga meened, &Auml;rikingitused sinu partnerile! Telli juba t&auml;na.","potentialAction":[{"@type":"SearchAction","target":{"@type":"EntryPoint","urlTemplate":"https:\/\/kruze.ee\/et\/?s={search_term_string}"},"query-input":{"@type":"PropertyValueSpecification","valueRequired":true,"valueName":"search_term_string"}}],"inLanguage":"et"}]}},"_links":{"self":[{"href":"https:\/\/kruze.ee\/et\/wp-json\/wp\/v2\/product\/1441214","targetHints":{"allow":["GET"]}}],"collection":[{"href":"https:\/\/kruze.ee\/et\/wp-json\/wp\/v2\/product"}],"about":[{"href":"https:\/\/kruze.ee\/et\/wp-json\/wp\/v2\/types\/product"}],"wp:attachment":[{"href":"https:\/\/kruze.ee\/et\/wp-json\/wp\/v2\/media?parent=1441214"}],"wp:term":[{"taxonomy":"product_brand","embeddable":true,"href":"https:\/\/kruze.ee\/et\/wp-json\/wp\/v2\/product_brand?post=1441214"},{"taxonomy":"product_cat","embeddable":true,"href":"https:\/\/kruze.ee\/et\/wp-json\/wp\/v2\/product_cat?post=1441214"},{"taxonomy":"product_tag","embeddable":true,"href":"https:\/\/kruze.ee\/et\/wp-json\/wp\/v2\/product_tag?post=1441214"}],"curies":[{"name":"wp","href":"https:\/\/api.w.org\/{rel}","templated":true}]}}