{"id":1441208,"date":"2026-01-31T14:30:25","date_gmt":"2026-01-31T11:30:25","guid":{"rendered":"https:\/\/kruze.ee\/product\/unbranded-americano-piccolo-100-ml-termotops\/"},"modified":"2026-03-17T01:43:41","modified_gmt":"2026-03-16T22:43:41","slug":"unbranded-americano-piccolo-100-ml-termotops","status":"publish","type":"product","link":"https:\/\/kruze.ee\/et\/toode\/unbranded-americano-piccolo-100-ml-termotops\/","title":{"rendered":"Unbranded Americano\u00ae Piccolo 100 ml termotops"},"content":{"rendered":"<p>Americano\u00ae Piccolo 100 ml termotops on ideaalne korduvkasutatav lahendus espresso v\u00f5i topeltespresso jaoks. V\u00e4ike, kompaktne ja virnastatav tops on suurep\u00e4rane alternatiiv \u00fchekordsetele espressotopsidele. Tops on valmistatud t\u00e4ielikult taaskasutatavatest plastmaterjalidest.<\/p>\n","protected":false},"excerpt":{"rendered":"<p>Americano\u00ae Piccolo 100 ml termotops on ideaalne korduvkasutatav lahendus espresso v\u00f5i topeltespresso jaoks. V\u00e4ike, kompaktne ja virnastatav tops on suurep\u00e4rane&#8230;<\/p>\n","protected":false},"featured_media":0,"template":"","meta":[],"product_brand":[],"product_cat":[15072],"product_tag":[],"class_list":{"0":"post-1441208","1":"product","2":"type-product","3":"status-publish","5":"product_cat-joogitopsid","6":"pa_brand-unbranded","7":"pa_color-black-2","8":"pa_color-blue-2","9":"pa_color-valge","10":"pa_gender-uniseks","11":"pa_gender-unisex","14":"pa_material-pp-plastic","16":"first","17":"instock","18":"taxable","19":"shipping-taxable","20":"purchasable","21":"product-type-variable"},"acf":[],"yoast_head":"<!-- This site is optimized with the Yoast SEO plugin v26.0 - https:\/\/yoast.com\/wordpress\/plugins\/seo\/ -->\n<title>Unbranded Americano\u00ae Piccolo 100 ml termotops - Kruze.ee<\/title>\n<meta name=\"robots\" content=\"index, follow, max-snippet:-1, max-image-preview:large, max-video-preview:-1\" \/>\n<link rel=\"canonical\" href=\"https:\/\/kruze.ee\/et\/toode\/unbranded-americano-piccolo-100-ml-termotops\/\" \/>\n<meta property=\"og:locale\" content=\"et_EE\" \/>\n<meta property=\"og:type\" content=\"article\" \/>\n<meta property=\"og:title\" content=\"Unbranded Americano\u00ae Piccolo 100 ml termotops - Kruze.ee\" \/>\n<meta property=\"og:description\" content=\"Americano\u00ae Piccolo 100 ml termotops on ideaalne korduvkasutatav lahendus espresso v\u00f5i topeltespresso jaoks. V\u00e4ike, kompaktne ja virnastatav tops on suurep\u00e4rane...\" \/>\n<meta property=\"og:url\" content=\"https:\/\/kruze.ee\/et\/toode\/unbranded-americano-piccolo-100-ml-termotops\/\" \/>\n<meta property=\"og:site_name\" content=\"Kruze.ee\" \/>\n<meta property=\"article:modified_time\" content=\"2026-03-16T22:43:41+00:00\" \/>\n<meta name=\"twitter:card\" content=\"summary_large_image\" \/>\n<script type=\"application\/ld+json\" class=\"yoast-schema-graph\">{\"@context\":\"https:\/\/schema.org\",\"@graph\":[{\"@type\":\"WebPage\",\"@id\":\"https:\/\/kruze.ee\/et\/toode\/unbranded-americano-piccolo-100-ml-termotops\/\",\"url\":\"https:\/\/kruze.ee\/et\/toode\/unbranded-americano-piccolo-100-ml-termotops\/\",\"name\":\"Unbranded Americano\u00ae Piccolo 100 ml termotops - Kruze.ee\",\"isPartOf\":{\"@id\":\"https:\/\/kruze.ee\/et\/#website\"},\"datePublished\":\"2026-01-31T11:30:25+00:00\",\"dateModified\":\"2026-03-16T22:43:41+00:00\",\"breadcrumb\":{\"@id\":\"https:\/\/kruze.ee\/et\/toode\/unbranded-americano-piccolo-100-ml-termotops\/#breadcrumb\"},\"inLanguage\":\"et\",\"potentialAction\":[{\"@type\":\"ReadAction\",\"target\":[\"https:\/\/kruze.ee\/et\/toode\/unbranded-americano-piccolo-100-ml-termotops\/\"]}]},{\"@type\":\"BreadcrumbList\",\"@id\":\"https:\/\/kruze.ee\/et\/toode\/unbranded-americano-piccolo-100-ml-termotops\/#breadcrumb\",\"itemListElement\":[{\"@type\":\"ListItem\",\"position\":1,\"name\":\"Home\",\"item\":\"https:\/\/kruze.ee\/et\/\"},{\"@type\":\"ListItem\",\"position\":2,\"name\":\"Tooted\",\"item\":\"https:\/\/kruze.ee\/et\/tooted\/\"},{\"@type\":\"ListItem\",\"position\":3,\"name\":\"Unbranded Americano\u00ae Piccolo 100 ml termotops\"}]},{\"@type\":\"WebSite\",\"@id\":\"https:\/\/kruze.ee\/et\/#website\",\"url\":\"https:\/\/kruze.ee\/et\/\",\"name\":\"Kruze.ee\",\"description\":\"Reklaamkingitused, tr&uuml;kiga T-s&auml;rgid, fliisid, dressipluused, tekstiil, joped ja paljud teised logoga meened, &Auml;rikingitused sinu partnerile! Telli juba t&auml;na.\",\"potentialAction\":[{\"@type\":\"SearchAction\",\"target\":{\"@type\":\"EntryPoint\",\"urlTemplate\":\"https:\/\/kruze.ee\/et\/?s={search_term_string}\"},\"query-input\":{\"@type\":\"PropertyValueSpecification\",\"valueRequired\":true,\"valueName\":\"search_term_string\"}}],\"inLanguage\":\"et\"}]}<\/script>\n<!-- \/ Yoast SEO plugin. -->","yoast_head_json":{"title":"Unbranded Americano\u00ae Piccolo 100 ml termotops - Kruze.ee","robots":{"index":"index","follow":"follow","max-snippet":"max-snippet:-1","max-image-preview":"max-image-preview:large","max-video-preview":"max-video-preview:-1"},"canonical":"https:\/\/kruze.ee\/et\/toode\/unbranded-americano-piccolo-100-ml-termotops\/","og_locale":"et_EE","og_type":"article","og_title":"Unbranded Americano\u00ae Piccolo 100 ml termotops - Kruze.ee","og_description":"Americano\u00ae Piccolo 100 ml termotops on ideaalne korduvkasutatav lahendus espresso v\u00f5i topeltespresso jaoks. V\u00e4ike, kompaktne ja virnastatav tops on suurep\u00e4rane...","og_url":"https:\/\/kruze.ee\/et\/toode\/unbranded-americano-piccolo-100-ml-termotops\/","og_site_name":"Kruze.ee","article_modified_time":"2026-03-16T22:43:41+00:00","twitter_card":"summary_large_image","schema":{"@context":"https:\/\/schema.org","@graph":[{"@type":"WebPage","@id":"https:\/\/kruze.ee\/et\/toode\/unbranded-americano-piccolo-100-ml-termotops\/","url":"https:\/\/kruze.ee\/et\/toode\/unbranded-americano-piccolo-100-ml-termotops\/","name":"Unbranded Americano\u00ae Piccolo 100 ml termotops - Kruze.ee","isPartOf":{"@id":"https:\/\/kruze.ee\/et\/#website"},"datePublished":"2026-01-31T11:30:25+00:00","dateModified":"2026-03-16T22:43:41+00:00","breadcrumb":{"@id":"https:\/\/kruze.ee\/et\/toode\/unbranded-americano-piccolo-100-ml-termotops\/#breadcrumb"},"inLanguage":"et","potentialAction":[{"@type":"ReadAction","target":["https:\/\/kruze.ee\/et\/toode\/unbranded-americano-piccolo-100-ml-termotops\/"]}]},{"@type":"BreadcrumbList","@id":"https:\/\/kruze.ee\/et\/toode\/unbranded-americano-piccolo-100-ml-termotops\/#breadcrumb","itemListElement":[{"@type":"ListItem","position":1,"name":"Home","item":"https:\/\/kruze.ee\/et\/"},{"@type":"ListItem","position":2,"name":"Tooted","item":"https:\/\/kruze.ee\/et\/tooted\/"},{"@type":"ListItem","position":3,"name":"Unbranded Americano\u00ae Piccolo 100 ml termotops"}]},{"@type":"WebSite","@id":"https:\/\/kruze.ee\/et\/#website","url":"https:\/\/kruze.ee\/et\/","name":"Kruze.ee","description":"Reklaamkingitused, tr&uuml;kiga T-s&auml;rgid, fliisid, dressipluused, tekstiil, joped ja paljud teised logoga meened, &Auml;rikingitused sinu partnerile! Telli juba t&auml;na.","potentialAction":[{"@type":"SearchAction","target":{"@type":"EntryPoint","urlTemplate":"https:\/\/kruze.ee\/et\/?s={search_term_string}"},"query-input":{"@type":"PropertyValueSpecification","valueRequired":true,"valueName":"search_term_string"}}],"inLanguage":"et"}]}},"_links":{"self":[{"href":"https:\/\/kruze.ee\/et\/wp-json\/wp\/v2\/product\/1441208","targetHints":{"allow":["GET"]}}],"collection":[{"href":"https:\/\/kruze.ee\/et\/wp-json\/wp\/v2\/product"}],"about":[{"href":"https:\/\/kruze.ee\/et\/wp-json\/wp\/v2\/types\/product"}],"wp:attachment":[{"href":"https:\/\/kruze.ee\/et\/wp-json\/wp\/v2\/media?parent=1441208"}],"wp:term":[{"taxonomy":"product_brand","embeddable":true,"href":"https:\/\/kruze.ee\/et\/wp-json\/wp\/v2\/product_brand?post=1441208"},{"taxonomy":"product_cat","embeddable":true,"href":"https:\/\/kruze.ee\/et\/wp-json\/wp\/v2\/product_cat?post=1441208"},{"taxonomy":"product_tag","embeddable":true,"href":"https:\/\/kruze.ee\/et\/wp-json\/wp\/v2\/product_tag?post=1441208"}],"curies":[{"name":"wp","href":"https:\/\/api.w.org\/{rel}","templated":true}]}}