{"id":1441082,"date":"2026-01-31T13:48:46","date_gmt":"2026-01-31T10:48:46","guid":{"rendered":"https:\/\/kruze.ee\/product\/unbranded-rotate-basic-2-gb-usb-malupulk\/"},"modified":"2026-03-17T01:43:15","modified_gmt":"2026-03-16T22:43:15","slug":"unbranded-rotate-basic-2-gb-usb-malupulk","status":"publish","type":"product","link":"https:\/\/kruze.ee\/et\/toode\/unbranded-rotate-basic-2-gb-usb-malupulk\/","title":{"rendered":"Unbranded Rotate-basic 2 GB USB-m\u00e4lupulk"},"content":{"rendered":"<p>Rotate-basic 2 GB m\u00e4lupulgaga on lihtne ja turvaline faile jagada, teisaldada ja varundada. Plastist m\u00e4lupulk on varustatud 360\u00b0 p\u00f6\u00f6rleva ning kerge alumiiniumist kattega, mis teeb avamise ja sulgemise mugavaks ning kaitseb m\u00e4lupulka, kui seda ei kasutata. Plug &amp; Play tehnoloogia \u2013 \u00fchilduv Windowsi ja macOS-i operatsioonis\u00fcsteemidega. USB 2.0, kirjutamiskiirus kuni 2,92 MB\/s ja lugemiskiirus kuni 9,76 MB\/s. USB-m\u00e4lupulk on saadaval erinevates v\u00e4rvitoonides ning pakub mitmeid v\u00f5imalusi logo v\u00f5i muu kujunduse lisamiseks.<\/p>\n","protected":false},"excerpt":{"rendered":"<p>Rotate-basic 2 GB m\u00e4lupulgaga on lihtne ja turvaline faile jagada, teisaldada ja varundada. Plastist m\u00e4lupulk on varustatud 360\u00b0 p\u00f6\u00f6rleva ning kerge&#8230;<\/p>\n","protected":false},"featured_media":0,"template":"","meta":[],"product_brand":[],"product_cat":[5413],"product_tag":[],"class_list":{"0":"post-1441082","1":"product","2":"type-product","3":"status-publish","5":"product_cat-usb-malupulgad","6":"pa_brand-unbranded","7":"pa_color-black-2","8":"pa_color-punane","9":"pa_color-blue-2","10":"pa_color-valge","11":"pa_gender-uniseks","12":"pa_gender-unisex","15":"pa_material-plastic-aluminium","17":"first","18":"instock","19":"taxable","20":"shipping-taxable","21":"purchasable","22":"product-type-variable"},"acf":[],"yoast_head":"<!-- This site is optimized with the Yoast SEO plugin v26.0 - https:\/\/yoast.com\/wordpress\/plugins\/seo\/ -->\n<title>Unbranded Rotate-basic 2 GB USB-m\u00e4lupulk - Kruze.ee<\/title>\n<meta name=\"robots\" content=\"index, follow, max-snippet:-1, max-image-preview:large, max-video-preview:-1\" \/>\n<link rel=\"canonical\" href=\"https:\/\/kruze.ee\/et\/toode\/unbranded-rotate-basic-2-gb-usb-malupulk\/\" \/>\n<meta property=\"og:locale\" content=\"et_EE\" \/>\n<meta property=\"og:type\" content=\"article\" \/>\n<meta property=\"og:title\" content=\"Unbranded Rotate-basic 2 GB USB-m\u00e4lupulk - Kruze.ee\" \/>\n<meta property=\"og:description\" content=\"Rotate-basic 2 GB m\u00e4lupulgaga on lihtne ja turvaline faile jagada, teisaldada ja varundada. Plastist m\u00e4lupulk on varustatud 360\u00b0 p\u00f6\u00f6rleva ning kerge...\" \/>\n<meta property=\"og:url\" content=\"https:\/\/kruze.ee\/et\/toode\/unbranded-rotate-basic-2-gb-usb-malupulk\/\" \/>\n<meta property=\"og:site_name\" content=\"Kruze.ee\" \/>\n<meta property=\"article:modified_time\" content=\"2026-03-16T22:43:15+00:00\" \/>\n<meta name=\"twitter:card\" content=\"summary_large_image\" \/>\n<script type=\"application\/ld+json\" class=\"yoast-schema-graph\">{\"@context\":\"https:\/\/schema.org\",\"@graph\":[{\"@type\":\"WebPage\",\"@id\":\"https:\/\/kruze.ee\/et\/toode\/unbranded-rotate-basic-2-gb-usb-malupulk\/\",\"url\":\"https:\/\/kruze.ee\/et\/toode\/unbranded-rotate-basic-2-gb-usb-malupulk\/\",\"name\":\"Unbranded Rotate-basic 2 GB USB-m\u00e4lupulk - Kruze.ee\",\"isPartOf\":{\"@id\":\"https:\/\/kruze.ee\/et\/#website\"},\"datePublished\":\"2026-01-31T10:48:46+00:00\",\"dateModified\":\"2026-03-16T22:43:15+00:00\",\"breadcrumb\":{\"@id\":\"https:\/\/kruze.ee\/et\/toode\/unbranded-rotate-basic-2-gb-usb-malupulk\/#breadcrumb\"},\"inLanguage\":\"et\",\"potentialAction\":[{\"@type\":\"ReadAction\",\"target\":[\"https:\/\/kruze.ee\/et\/toode\/unbranded-rotate-basic-2-gb-usb-malupulk\/\"]}]},{\"@type\":\"BreadcrumbList\",\"@id\":\"https:\/\/kruze.ee\/et\/toode\/unbranded-rotate-basic-2-gb-usb-malupulk\/#breadcrumb\",\"itemListElement\":[{\"@type\":\"ListItem\",\"position\":1,\"name\":\"Home\",\"item\":\"https:\/\/kruze.ee\/et\/\"},{\"@type\":\"ListItem\",\"position\":2,\"name\":\"Tooted\",\"item\":\"https:\/\/kruze.ee\/et\/tooted\/\"},{\"@type\":\"ListItem\",\"position\":3,\"name\":\"Unbranded Rotate-basic 2 GB USB-m\u00e4lupulk\"}]},{\"@type\":\"WebSite\",\"@id\":\"https:\/\/kruze.ee\/et\/#website\",\"url\":\"https:\/\/kruze.ee\/et\/\",\"name\":\"Kruze.ee\",\"description\":\"Reklaamkingitused, tr&uuml;kiga T-s&auml;rgid, fliisid, dressipluused, tekstiil, joped ja paljud teised logoga meened, &Auml;rikingitused sinu partnerile! Telli juba t&auml;na.\",\"potentialAction\":[{\"@type\":\"SearchAction\",\"target\":{\"@type\":\"EntryPoint\",\"urlTemplate\":\"https:\/\/kruze.ee\/et\/?s={search_term_string}\"},\"query-input\":{\"@type\":\"PropertyValueSpecification\",\"valueRequired\":true,\"valueName\":\"search_term_string\"}}],\"inLanguage\":\"et\"}]}<\/script>\n<!-- \/ Yoast SEO plugin. -->","yoast_head_json":{"title":"Unbranded Rotate-basic 2 GB USB-m\u00e4lupulk - Kruze.ee","robots":{"index":"index","follow":"follow","max-snippet":"max-snippet:-1","max-image-preview":"max-image-preview:large","max-video-preview":"max-video-preview:-1"},"canonical":"https:\/\/kruze.ee\/et\/toode\/unbranded-rotate-basic-2-gb-usb-malupulk\/","og_locale":"et_EE","og_type":"article","og_title":"Unbranded Rotate-basic 2 GB USB-m\u00e4lupulk - Kruze.ee","og_description":"Rotate-basic 2 GB m\u00e4lupulgaga on lihtne ja turvaline faile jagada, teisaldada ja varundada. Plastist m\u00e4lupulk on varustatud 360\u00b0 p\u00f6\u00f6rleva ning kerge...","og_url":"https:\/\/kruze.ee\/et\/toode\/unbranded-rotate-basic-2-gb-usb-malupulk\/","og_site_name":"Kruze.ee","article_modified_time":"2026-03-16T22:43:15+00:00","twitter_card":"summary_large_image","schema":{"@context":"https:\/\/schema.org","@graph":[{"@type":"WebPage","@id":"https:\/\/kruze.ee\/et\/toode\/unbranded-rotate-basic-2-gb-usb-malupulk\/","url":"https:\/\/kruze.ee\/et\/toode\/unbranded-rotate-basic-2-gb-usb-malupulk\/","name":"Unbranded Rotate-basic 2 GB USB-m\u00e4lupulk - Kruze.ee","isPartOf":{"@id":"https:\/\/kruze.ee\/et\/#website"},"datePublished":"2026-01-31T10:48:46+00:00","dateModified":"2026-03-16T22:43:15+00:00","breadcrumb":{"@id":"https:\/\/kruze.ee\/et\/toode\/unbranded-rotate-basic-2-gb-usb-malupulk\/#breadcrumb"},"inLanguage":"et","potentialAction":[{"@type":"ReadAction","target":["https:\/\/kruze.ee\/et\/toode\/unbranded-rotate-basic-2-gb-usb-malupulk\/"]}]},{"@type":"BreadcrumbList","@id":"https:\/\/kruze.ee\/et\/toode\/unbranded-rotate-basic-2-gb-usb-malupulk\/#breadcrumb","itemListElement":[{"@type":"ListItem","position":1,"name":"Home","item":"https:\/\/kruze.ee\/et\/"},{"@type":"ListItem","position":2,"name":"Tooted","item":"https:\/\/kruze.ee\/et\/tooted\/"},{"@type":"ListItem","position":3,"name":"Unbranded Rotate-basic 2 GB USB-m\u00e4lupulk"}]},{"@type":"WebSite","@id":"https:\/\/kruze.ee\/et\/#website","url":"https:\/\/kruze.ee\/et\/","name":"Kruze.ee","description":"Reklaamkingitused, tr&uuml;kiga T-s&auml;rgid, fliisid, dressipluused, tekstiil, joped ja paljud teised logoga meened, &Auml;rikingitused sinu partnerile! Telli juba t&auml;na.","potentialAction":[{"@type":"SearchAction","target":{"@type":"EntryPoint","urlTemplate":"https:\/\/kruze.ee\/et\/?s={search_term_string}"},"query-input":{"@type":"PropertyValueSpecification","valueRequired":true,"valueName":"search_term_string"}}],"inLanguage":"et"}]}},"_links":{"self":[{"href":"https:\/\/kruze.ee\/et\/wp-json\/wp\/v2\/product\/1441082","targetHints":{"allow":["GET"]}}],"collection":[{"href":"https:\/\/kruze.ee\/et\/wp-json\/wp\/v2\/product"}],"about":[{"href":"https:\/\/kruze.ee\/et\/wp-json\/wp\/v2\/types\/product"}],"wp:attachment":[{"href":"https:\/\/kruze.ee\/et\/wp-json\/wp\/v2\/media?parent=1441082"}],"wp:term":[{"taxonomy":"product_brand","embeddable":true,"href":"https:\/\/kruze.ee\/et\/wp-json\/wp\/v2\/product_brand?post=1441082"},{"taxonomy":"product_cat","embeddable":true,"href":"https:\/\/kruze.ee\/et\/wp-json\/wp\/v2\/product_cat?post=1441082"},{"taxonomy":"product_tag","embeddable":true,"href":"https:\/\/kruze.ee\/et\/wp-json\/wp\/v2\/product_tag?post=1441082"}],"curies":[{"name":"wp","href":"https:\/\/api.w.org\/{rel}","templated":true}]}}