{"id":1441070,"date":"2026-01-31T13:26:15","date_gmt":"2026-01-31T10:26:15","guid":{"rendered":"https:\/\/kruze.ee\/product\/unbranded-camper-10-litre-veekindel-kott\/"},"modified":"2026-03-17T01:43:12","modified_gmt":"2026-03-16T22:43:12","slug":"unbranded-camper-10-litre-veekindel-kott","status":"publish","type":"product","link":"https:\/\/kruze.ee\/et\/toode\/unbranded-camper-10-litre-veekindel-kott\/","title":{"rendered":"Unbranded Camper 10 litre veekindel kott"},"content":{"rendered":"<p>Veekindel kott, mis sobib suurep\u00e4raselt \u00f5ues tegutsemiseks. Rullitav \u00fclaosa plastpannalaga tagab, et v\u00e4\u00e4rtasjad p\u00fcsivad kuivad ja turvalised. Kotti saab h\u00f5lpsasti kinnitada koti v\u00f5i v\u00f6\u00f6 k\u00fclge. Alla rullituna ja kinnitatuna on koti mahutavus 10 liitrit.<\/p>\n","protected":false},"excerpt":{"rendered":"<p>Veekindel kott, mis sobib suurep\u00e4raselt \u00f5ues tegutsemiseks. Rullitav \u00fclaosa plastpannalaga tagab, et v\u00e4\u00e4rtasjad p\u00fcsivad kuivad ja turvalised. Kotti saab&#8230;<\/p>\n","protected":false},"featured_media":0,"template":"","meta":[],"product_brand":[],"product_cat":[5400],"product_tag":[],"class_list":{"0":"post-1441070","1":"product","2":"type-product","3":"status-publish","5":"product_cat-rannakotid-kotid","6":"pa_brand-unbranded","7":"pa_color-black-2","8":"pa_color-royalsinine","9":"pa_color-valge","10":"pa_gender-uniseks","11":"pa_gender-unisex","14":"pa_material-190t-of-polyester","16":"first","17":"instock","18":"taxable","19":"shipping-taxable","20":"purchasable","21":"product-type-variable"},"acf":[],"yoast_head":"<!-- This site is optimized with the Yoast SEO plugin v26.0 - https:\/\/yoast.com\/wordpress\/plugins\/seo\/ -->\n<title>Unbranded Camper 10 litre veekindel kott - Kruze.ee<\/title>\n<meta name=\"robots\" content=\"index, follow, max-snippet:-1, max-image-preview:large, max-video-preview:-1\" \/>\n<link rel=\"canonical\" href=\"https:\/\/kruze.ee\/et\/toode\/unbranded-camper-10-litre-veekindel-kott\/\" \/>\n<meta property=\"og:locale\" content=\"et_EE\" \/>\n<meta property=\"og:type\" content=\"article\" \/>\n<meta property=\"og:title\" content=\"Unbranded Camper 10 litre veekindel kott - Kruze.ee\" \/>\n<meta property=\"og:description\" content=\"Veekindel kott, mis sobib suurep\u00e4raselt \u00f5ues tegutsemiseks. Rullitav \u00fclaosa plastpannalaga tagab, et v\u00e4\u00e4rtasjad p\u00fcsivad kuivad ja turvalised. Kotti saab...\" \/>\n<meta property=\"og:url\" content=\"https:\/\/kruze.ee\/et\/toode\/unbranded-camper-10-litre-veekindel-kott\/\" \/>\n<meta property=\"og:site_name\" content=\"Kruze.ee\" \/>\n<meta property=\"article:modified_time\" content=\"2026-03-16T22:43:12+00:00\" \/>\n<meta name=\"twitter:card\" content=\"summary_large_image\" \/>\n<script type=\"application\/ld+json\" class=\"yoast-schema-graph\">{\"@context\":\"https:\/\/schema.org\",\"@graph\":[{\"@type\":\"WebPage\",\"@id\":\"https:\/\/kruze.ee\/et\/toode\/unbranded-camper-10-litre-veekindel-kott\/\",\"url\":\"https:\/\/kruze.ee\/et\/toode\/unbranded-camper-10-litre-veekindel-kott\/\",\"name\":\"Unbranded Camper 10 litre veekindel kott - Kruze.ee\",\"isPartOf\":{\"@id\":\"https:\/\/kruze.ee\/et\/#website\"},\"datePublished\":\"2026-01-31T10:26:15+00:00\",\"dateModified\":\"2026-03-16T22:43:12+00:00\",\"breadcrumb\":{\"@id\":\"https:\/\/kruze.ee\/et\/toode\/unbranded-camper-10-litre-veekindel-kott\/#breadcrumb\"},\"inLanguage\":\"et\",\"potentialAction\":[{\"@type\":\"ReadAction\",\"target\":[\"https:\/\/kruze.ee\/et\/toode\/unbranded-camper-10-litre-veekindel-kott\/\"]}]},{\"@type\":\"BreadcrumbList\",\"@id\":\"https:\/\/kruze.ee\/et\/toode\/unbranded-camper-10-litre-veekindel-kott\/#breadcrumb\",\"itemListElement\":[{\"@type\":\"ListItem\",\"position\":1,\"name\":\"Home\",\"item\":\"https:\/\/kruze.ee\/et\/\"},{\"@type\":\"ListItem\",\"position\":2,\"name\":\"Tooted\",\"item\":\"https:\/\/kruze.ee\/et\/tooted\/\"},{\"@type\":\"ListItem\",\"position\":3,\"name\":\"Unbranded Camper 10 litre veekindel kott\"}]},{\"@type\":\"WebSite\",\"@id\":\"https:\/\/kruze.ee\/et\/#website\",\"url\":\"https:\/\/kruze.ee\/et\/\",\"name\":\"Kruze.ee\",\"description\":\"Reklaamkingitused, tr&uuml;kiga T-s&auml;rgid, fliisid, dressipluused, tekstiil, joped ja paljud teised logoga meened, &Auml;rikingitused sinu partnerile! Telli juba t&auml;na.\",\"potentialAction\":[{\"@type\":\"SearchAction\",\"target\":{\"@type\":\"EntryPoint\",\"urlTemplate\":\"https:\/\/kruze.ee\/et\/?s={search_term_string}\"},\"query-input\":{\"@type\":\"PropertyValueSpecification\",\"valueRequired\":true,\"valueName\":\"search_term_string\"}}],\"inLanguage\":\"et\"}]}<\/script>\n<!-- \/ Yoast SEO plugin. -->","yoast_head_json":{"title":"Unbranded Camper 10 litre veekindel kott - Kruze.ee","robots":{"index":"index","follow":"follow","max-snippet":"max-snippet:-1","max-image-preview":"max-image-preview:large","max-video-preview":"max-video-preview:-1"},"canonical":"https:\/\/kruze.ee\/et\/toode\/unbranded-camper-10-litre-veekindel-kott\/","og_locale":"et_EE","og_type":"article","og_title":"Unbranded Camper 10 litre veekindel kott - Kruze.ee","og_description":"Veekindel kott, mis sobib suurep\u00e4raselt \u00f5ues tegutsemiseks. Rullitav \u00fclaosa plastpannalaga tagab, et v\u00e4\u00e4rtasjad p\u00fcsivad kuivad ja turvalised. Kotti saab...","og_url":"https:\/\/kruze.ee\/et\/toode\/unbranded-camper-10-litre-veekindel-kott\/","og_site_name":"Kruze.ee","article_modified_time":"2026-03-16T22:43:12+00:00","twitter_card":"summary_large_image","schema":{"@context":"https:\/\/schema.org","@graph":[{"@type":"WebPage","@id":"https:\/\/kruze.ee\/et\/toode\/unbranded-camper-10-litre-veekindel-kott\/","url":"https:\/\/kruze.ee\/et\/toode\/unbranded-camper-10-litre-veekindel-kott\/","name":"Unbranded Camper 10 litre veekindel kott - Kruze.ee","isPartOf":{"@id":"https:\/\/kruze.ee\/et\/#website"},"datePublished":"2026-01-31T10:26:15+00:00","dateModified":"2026-03-16T22:43:12+00:00","breadcrumb":{"@id":"https:\/\/kruze.ee\/et\/toode\/unbranded-camper-10-litre-veekindel-kott\/#breadcrumb"},"inLanguage":"et","potentialAction":[{"@type":"ReadAction","target":["https:\/\/kruze.ee\/et\/toode\/unbranded-camper-10-litre-veekindel-kott\/"]}]},{"@type":"BreadcrumbList","@id":"https:\/\/kruze.ee\/et\/toode\/unbranded-camper-10-litre-veekindel-kott\/#breadcrumb","itemListElement":[{"@type":"ListItem","position":1,"name":"Home","item":"https:\/\/kruze.ee\/et\/"},{"@type":"ListItem","position":2,"name":"Tooted","item":"https:\/\/kruze.ee\/et\/tooted\/"},{"@type":"ListItem","position":3,"name":"Unbranded Camper 10 litre veekindel kott"}]},{"@type":"WebSite","@id":"https:\/\/kruze.ee\/et\/#website","url":"https:\/\/kruze.ee\/et\/","name":"Kruze.ee","description":"Reklaamkingitused, tr&uuml;kiga T-s&auml;rgid, fliisid, dressipluused, tekstiil, joped ja paljud teised logoga meened, &Auml;rikingitused sinu partnerile! Telli juba t&auml;na.","potentialAction":[{"@type":"SearchAction","target":{"@type":"EntryPoint","urlTemplate":"https:\/\/kruze.ee\/et\/?s={search_term_string}"},"query-input":{"@type":"PropertyValueSpecification","valueRequired":true,"valueName":"search_term_string"}}],"inLanguage":"et"}]}},"_links":{"self":[{"href":"https:\/\/kruze.ee\/et\/wp-json\/wp\/v2\/product\/1441070","targetHints":{"allow":["GET"]}}],"collection":[{"href":"https:\/\/kruze.ee\/et\/wp-json\/wp\/v2\/product"}],"about":[{"href":"https:\/\/kruze.ee\/et\/wp-json\/wp\/v2\/types\/product"}],"wp:attachment":[{"href":"https:\/\/kruze.ee\/et\/wp-json\/wp\/v2\/media?parent=1441070"}],"wp:term":[{"taxonomy":"product_brand","embeddable":true,"href":"https:\/\/kruze.ee\/et\/wp-json\/wp\/v2\/product_brand?post=1441070"},{"taxonomy":"product_cat","embeddable":true,"href":"https:\/\/kruze.ee\/et\/wp-json\/wp\/v2\/product_cat?post=1441070"},{"taxonomy":"product_tag","embeddable":true,"href":"https:\/\/kruze.ee\/et\/wp-json\/wp\/v2\/product_tag?post=1441070"}],"curies":[{"name":"wp","href":"https:\/\/api.w.org\/{rel}","templated":true}]}}