{"id":1441058,"date":"2026-01-30T18:19:23","date_gmt":"2026-01-30T15:19:23","guid":{"rendered":"https:\/\/kruze.ee\/product\/life-mighty-led-valgustiga-muts\/"},"modified":"2026-03-17T01:43:09","modified_gmt":"2026-03-16T22:43:09","slug":"life-mighty-led-valgustiga-muts","status":"publish","type":"product","link":"https:\/\/kruze.ee\/et\/toode\/life-mighty-led-valgustiga-muts\/","title":{"rendered":"Life Mighty LED valgustiga m\u00fcts"},"content":{"rendered":"<p>The Mighty LED kootud m\u00fcts \u2013 ideaalne kombinatsioon soojusest ja praktilisusest. Valmistatud paksust akr\u00fc\u00fclist 1&#215;1 soonikkoes, see kahekordse kihiga m\u00fcts pakub m\u00f5nusat kandmismugavust ja head soojust. M\u00fctsi eristab aga uuenduslik eemaldatav LED-pealamp, millel on kolm erinevat valgusre\u017eiimi. Praktiliselt \u00fcleskeeratud \u00e4\u00e4re sisse paigutatud LED-tuli on h\u00f5lpsasti eemaldatav, mis v\u00f5imaldab m\u00fctsi mugavalt pesta.<\/p>\n","protected":false},"excerpt":{"rendered":"<p>The Mighty LED kootud m\u00fcts \u2013 ideaalne kombinatsioon soojusest ja praktilisusest. Valmistatud paksust akr\u00fc\u00fclist 1&#215;1 soonikkoes, see kahekordse kihiga m\u00fcts pakub&#8230;<\/p>\n","protected":false},"featured_media":0,"template":"","meta":[],"product_brand":[],"product_cat":[5472],"product_tag":[],"class_list":{"0":"post-1441058","1":"product","2":"type-product","3":"status-publish","5":"product_cat-talvemutsid-sallid-kindad","6":"pa_gender-uniseks","9":"first","10":"instock","11":"purchasable","12":"product-type-simple"},"acf":[],"yoast_head":"<!-- This site is optimized with the Yoast SEO plugin v26.0 - https:\/\/yoast.com\/wordpress\/plugins\/seo\/ -->\n<title>Life Mighty LED valgustiga m\u00fcts - Kruze.ee<\/title>\n<meta name=\"robots\" content=\"index, follow, max-snippet:-1, max-image-preview:large, max-video-preview:-1\" \/>\n<link rel=\"canonical\" href=\"https:\/\/kruze.ee\/et\/toode\/life-mighty-led-valgustiga-muts\/\" \/>\n<meta property=\"og:locale\" content=\"et_EE\" \/>\n<meta property=\"og:type\" content=\"article\" \/>\n<meta property=\"og:title\" content=\"Life Mighty LED valgustiga m\u00fcts - Kruze.ee\" \/>\n<meta property=\"og:description\" content=\"The Mighty LED kootud m\u00fcts \u2013 ideaalne kombinatsioon soojusest ja praktilisusest. Valmistatud paksust akr\u00fc\u00fclist 1x1 soonikkoes, see kahekordse kihiga m\u00fcts pakub...\" \/>\n<meta property=\"og:url\" content=\"https:\/\/kruze.ee\/et\/toode\/life-mighty-led-valgustiga-muts\/\" \/>\n<meta property=\"og:site_name\" content=\"Kruze.ee\" \/>\n<meta property=\"article:modified_time\" content=\"2026-03-16T22:43:09+00:00\" \/>\n<meta name=\"twitter:card\" content=\"summary_large_image\" \/>\n<script type=\"application\/ld+json\" class=\"yoast-schema-graph\">{\"@context\":\"https:\/\/schema.org\",\"@graph\":[{\"@type\":\"WebPage\",\"@id\":\"https:\/\/kruze.ee\/et\/toode\/life-mighty-led-valgustiga-muts\/\",\"url\":\"https:\/\/kruze.ee\/et\/toode\/life-mighty-led-valgustiga-muts\/\",\"name\":\"Life Mighty LED valgustiga m\u00fcts - Kruze.ee\",\"isPartOf\":{\"@id\":\"https:\/\/kruze.ee\/et\/#website\"},\"datePublished\":\"2026-01-30T15:19:23+00:00\",\"dateModified\":\"2026-03-16T22:43:09+00:00\",\"breadcrumb\":{\"@id\":\"https:\/\/kruze.ee\/et\/toode\/life-mighty-led-valgustiga-muts\/#breadcrumb\"},\"inLanguage\":\"et\",\"potentialAction\":[{\"@type\":\"ReadAction\",\"target\":[\"https:\/\/kruze.ee\/et\/toode\/life-mighty-led-valgustiga-muts\/\"]}]},{\"@type\":\"BreadcrumbList\",\"@id\":\"https:\/\/kruze.ee\/et\/toode\/life-mighty-led-valgustiga-muts\/#breadcrumb\",\"itemListElement\":[{\"@type\":\"ListItem\",\"position\":1,\"name\":\"Home\",\"item\":\"https:\/\/kruze.ee\/et\/\"},{\"@type\":\"ListItem\",\"position\":2,\"name\":\"Tooted\",\"item\":\"https:\/\/kruze.ee\/et\/tooted\/\"},{\"@type\":\"ListItem\",\"position\":3,\"name\":\"Life Mighty LED valgustiga m\u00fcts\"}]},{\"@type\":\"WebSite\",\"@id\":\"https:\/\/kruze.ee\/et\/#website\",\"url\":\"https:\/\/kruze.ee\/et\/\",\"name\":\"Kruze.ee\",\"description\":\"Reklaamkingitused, tr&uuml;kiga T-s&auml;rgid, fliisid, dressipluused, tekstiil, joped ja paljud teised logoga meened, &Auml;rikingitused sinu partnerile! Telli juba t&auml;na.\",\"potentialAction\":[{\"@type\":\"SearchAction\",\"target\":{\"@type\":\"EntryPoint\",\"urlTemplate\":\"https:\/\/kruze.ee\/et\/?s={search_term_string}\"},\"query-input\":{\"@type\":\"PropertyValueSpecification\",\"valueRequired\":true,\"valueName\":\"search_term_string\"}}],\"inLanguage\":\"et\"}]}<\/script>\n<!-- \/ Yoast SEO plugin. -->","yoast_head_json":{"title":"Life Mighty LED valgustiga m\u00fcts - Kruze.ee","robots":{"index":"index","follow":"follow","max-snippet":"max-snippet:-1","max-image-preview":"max-image-preview:large","max-video-preview":"max-video-preview:-1"},"canonical":"https:\/\/kruze.ee\/et\/toode\/life-mighty-led-valgustiga-muts\/","og_locale":"et_EE","og_type":"article","og_title":"Life Mighty LED valgustiga m\u00fcts - Kruze.ee","og_description":"The Mighty LED kootud m\u00fcts \u2013 ideaalne kombinatsioon soojusest ja praktilisusest. Valmistatud paksust akr\u00fc\u00fclist 1x1 soonikkoes, see kahekordse kihiga m\u00fcts pakub...","og_url":"https:\/\/kruze.ee\/et\/toode\/life-mighty-led-valgustiga-muts\/","og_site_name":"Kruze.ee","article_modified_time":"2026-03-16T22:43:09+00:00","twitter_card":"summary_large_image","schema":{"@context":"https:\/\/schema.org","@graph":[{"@type":"WebPage","@id":"https:\/\/kruze.ee\/et\/toode\/life-mighty-led-valgustiga-muts\/","url":"https:\/\/kruze.ee\/et\/toode\/life-mighty-led-valgustiga-muts\/","name":"Life Mighty LED valgustiga m\u00fcts - Kruze.ee","isPartOf":{"@id":"https:\/\/kruze.ee\/et\/#website"},"datePublished":"2026-01-30T15:19:23+00:00","dateModified":"2026-03-16T22:43:09+00:00","breadcrumb":{"@id":"https:\/\/kruze.ee\/et\/toode\/life-mighty-led-valgustiga-muts\/#breadcrumb"},"inLanguage":"et","potentialAction":[{"@type":"ReadAction","target":["https:\/\/kruze.ee\/et\/toode\/life-mighty-led-valgustiga-muts\/"]}]},{"@type":"BreadcrumbList","@id":"https:\/\/kruze.ee\/et\/toode\/life-mighty-led-valgustiga-muts\/#breadcrumb","itemListElement":[{"@type":"ListItem","position":1,"name":"Home","item":"https:\/\/kruze.ee\/et\/"},{"@type":"ListItem","position":2,"name":"Tooted","item":"https:\/\/kruze.ee\/et\/tooted\/"},{"@type":"ListItem","position":3,"name":"Life Mighty LED valgustiga m\u00fcts"}]},{"@type":"WebSite","@id":"https:\/\/kruze.ee\/et\/#website","url":"https:\/\/kruze.ee\/et\/","name":"Kruze.ee","description":"Reklaamkingitused, tr&uuml;kiga T-s&auml;rgid, fliisid, dressipluused, tekstiil, joped ja paljud teised logoga meened, &Auml;rikingitused sinu partnerile! Telli juba t&auml;na.","potentialAction":[{"@type":"SearchAction","target":{"@type":"EntryPoint","urlTemplate":"https:\/\/kruze.ee\/et\/?s={search_term_string}"},"query-input":{"@type":"PropertyValueSpecification","valueRequired":true,"valueName":"search_term_string"}}],"inLanguage":"et"}]}},"_links":{"self":[{"href":"https:\/\/kruze.ee\/et\/wp-json\/wp\/v2\/product\/1441058","targetHints":{"allow":["GET"]}}],"collection":[{"href":"https:\/\/kruze.ee\/et\/wp-json\/wp\/v2\/product"}],"about":[{"href":"https:\/\/kruze.ee\/et\/wp-json\/wp\/v2\/types\/product"}],"wp:attachment":[{"href":"https:\/\/kruze.ee\/et\/wp-json\/wp\/v2\/media?parent=1441058"}],"wp:term":[{"taxonomy":"product_brand","embeddable":true,"href":"https:\/\/kruze.ee\/et\/wp-json\/wp\/v2\/product_brand?post=1441058"},{"taxonomy":"product_cat","embeddable":true,"href":"https:\/\/kruze.ee\/et\/wp-json\/wp\/v2\/product_cat?post=1441058"},{"taxonomy":"product_tag","embeddable":true,"href":"https:\/\/kruze.ee\/et\/wp-json\/wp\/v2\/product_tag?post=1441058"}],"curies":[{"name":"wp","href":"https:\/\/api.w.org\/{rel}","templated":true}]}}