{"id":1441044,"date":"2026-01-30T18:19:18","date_gmt":"2026-01-30T15:19:18","guid":{"rendered":"https:\/\/kruze.ee\/product\/craft-ability-jersey-high-muts\/"},"modified":"2026-03-17T01:43:08","modified_gmt":"2026-03-16T22:43:08","slug":"craft-ability-jersey-high-muts","status":"publish","type":"product","link":"https:\/\/kruze.ee\/et\/toode\/craft-ability-jersey-high-muts\/","title":{"rendered":"Craft Ability Jersey High m\u00fcts"},"content":{"rendered":"<p>CORE Race Knit Hat on \u00f5huke ja pehme \u017eakaarkoes v\u00f5istlusm\u00fcts, mis pakub suurep\u00e4rast funktsionaalsust ja mugavust intensiivse murdmaasuusatamise ajal. \u017dakaarkoes akr\u00fc\u00fclmaterjal. Tikitud logo ees.<\/p>\n","protected":false},"excerpt":{"rendered":"<p>CORE Race Knit Hat on \u00f5huke ja pehme \u017eakaarkoes v\u00f5istlusm\u00fcts, mis pakub suurep\u00e4rast funktsionaalsust ja mugavust intensiivse murdmaasuusatamise ajal&#8230;.<\/p>\n","protected":false},"featured_media":0,"template":"","meta":[],"product_brand":[],"product_cat":[5472],"product_tag":[],"class_list":{"0":"post-1441044","1":"product","2":"type-product","3":"status-publish","5":"product_cat-talvemutsid-sallid-kindad","6":"pa_brand-craft","7":"pa_color-erkpunane","8":"pa_color-glow","9":"pa_color-koobaltsinine","10":"pa_color-black-2","11":"pa_color-roheline","12":"pa_color-tumesinine","13":"pa_color-valge","14":"pa_gender-uniseks","15":"pa_gender-unisex","18":"pa_material-89-polyester-recycled-11-elastane","19":"pa_size-no-size","21":"first","22":"instock","23":"taxable","24":"shipping-taxable","25":"purchasable","26":"product-type-variable"},"acf":[],"yoast_head":"<!-- This site is optimized with the Yoast SEO plugin v26.0 - https:\/\/yoast.com\/wordpress\/plugins\/seo\/ -->\n<title>Craft Ability Jersey High m\u00fcts - Kruze.ee<\/title>\n<meta name=\"robots\" content=\"index, follow, max-snippet:-1, max-image-preview:large, max-video-preview:-1\" \/>\n<link rel=\"canonical\" href=\"https:\/\/kruze.ee\/et\/toode\/craft-ability-jersey-high-muts\/\" \/>\n<meta property=\"og:locale\" content=\"et_EE\" \/>\n<meta property=\"og:type\" content=\"article\" \/>\n<meta property=\"og:title\" content=\"Craft Ability Jersey High m\u00fcts - Kruze.ee\" \/>\n<meta property=\"og:description\" content=\"CORE Race Knit Hat on \u00f5huke ja pehme \u017eakaarkoes v\u00f5istlusm\u00fcts, mis pakub suurep\u00e4rast funktsionaalsust ja mugavust intensiivse murdmaasuusatamise ajal....\" \/>\n<meta property=\"og:url\" content=\"https:\/\/kruze.ee\/et\/toode\/craft-ability-jersey-high-muts\/\" \/>\n<meta property=\"og:site_name\" content=\"Kruze.ee\" \/>\n<meta property=\"article:modified_time\" content=\"2026-03-16T22:43:08+00:00\" \/>\n<meta name=\"twitter:card\" content=\"summary_large_image\" \/>\n<meta name=\"twitter:label1\" content=\"Est. reading time\" \/>\n\t<meta name=\"twitter:data1\" content=\"1 minut\" \/>\n<script type=\"application\/ld+json\" class=\"yoast-schema-graph\">{\"@context\":\"https:\/\/schema.org\",\"@graph\":[{\"@type\":\"WebPage\",\"@id\":\"https:\/\/kruze.ee\/et\/toode\/craft-ability-jersey-high-muts\/\",\"url\":\"https:\/\/kruze.ee\/et\/toode\/craft-ability-jersey-high-muts\/\",\"name\":\"Craft Ability Jersey High m\u00fcts - Kruze.ee\",\"isPartOf\":{\"@id\":\"https:\/\/kruze.ee\/et\/#website\"},\"datePublished\":\"2026-01-30T15:19:18+00:00\",\"dateModified\":\"2026-03-16T22:43:08+00:00\",\"breadcrumb\":{\"@id\":\"https:\/\/kruze.ee\/et\/toode\/craft-ability-jersey-high-muts\/#breadcrumb\"},\"inLanguage\":\"et\",\"potentialAction\":[{\"@type\":\"ReadAction\",\"target\":[\"https:\/\/kruze.ee\/et\/toode\/craft-ability-jersey-high-muts\/\"]}]},{\"@type\":\"BreadcrumbList\",\"@id\":\"https:\/\/kruze.ee\/et\/toode\/craft-ability-jersey-high-muts\/#breadcrumb\",\"itemListElement\":[{\"@type\":\"ListItem\",\"position\":1,\"name\":\"Home\",\"item\":\"https:\/\/kruze.ee\/et\/\"},{\"@type\":\"ListItem\",\"position\":2,\"name\":\"Tooted\",\"item\":\"https:\/\/kruze.ee\/et\/tooted\/\"},{\"@type\":\"ListItem\",\"position\":3,\"name\":\"Craft Ability Jersey High m\u00fcts\"}]},{\"@type\":\"WebSite\",\"@id\":\"https:\/\/kruze.ee\/et\/#website\",\"url\":\"https:\/\/kruze.ee\/et\/\",\"name\":\"Kruze.ee\",\"description\":\"Reklaamkingitused, tr&uuml;kiga T-s&auml;rgid, fliisid, dressipluused, tekstiil, joped ja paljud teised logoga meened, &Auml;rikingitused sinu partnerile! Telli juba t&auml;na.\",\"potentialAction\":[{\"@type\":\"SearchAction\",\"target\":{\"@type\":\"EntryPoint\",\"urlTemplate\":\"https:\/\/kruze.ee\/et\/?s={search_term_string}\"},\"query-input\":{\"@type\":\"PropertyValueSpecification\",\"valueRequired\":true,\"valueName\":\"search_term_string\"}}],\"inLanguage\":\"et\"}]}<\/script>\n<!-- \/ Yoast SEO plugin. -->","yoast_head_json":{"title":"Craft Ability Jersey High m\u00fcts - Kruze.ee","robots":{"index":"index","follow":"follow","max-snippet":"max-snippet:-1","max-image-preview":"max-image-preview:large","max-video-preview":"max-video-preview:-1"},"canonical":"https:\/\/kruze.ee\/et\/toode\/craft-ability-jersey-high-muts\/","og_locale":"et_EE","og_type":"article","og_title":"Craft Ability Jersey High m\u00fcts - Kruze.ee","og_description":"CORE Race Knit Hat on \u00f5huke ja pehme \u017eakaarkoes v\u00f5istlusm\u00fcts, mis pakub suurep\u00e4rast funktsionaalsust ja mugavust intensiivse murdmaasuusatamise ajal....","og_url":"https:\/\/kruze.ee\/et\/toode\/craft-ability-jersey-high-muts\/","og_site_name":"Kruze.ee","article_modified_time":"2026-03-16T22:43:08+00:00","twitter_card":"summary_large_image","twitter_misc":{"Est. reading time":"1 minut"},"schema":{"@context":"https:\/\/schema.org","@graph":[{"@type":"WebPage","@id":"https:\/\/kruze.ee\/et\/toode\/craft-ability-jersey-high-muts\/","url":"https:\/\/kruze.ee\/et\/toode\/craft-ability-jersey-high-muts\/","name":"Craft Ability Jersey High m\u00fcts - Kruze.ee","isPartOf":{"@id":"https:\/\/kruze.ee\/et\/#website"},"datePublished":"2026-01-30T15:19:18+00:00","dateModified":"2026-03-16T22:43:08+00:00","breadcrumb":{"@id":"https:\/\/kruze.ee\/et\/toode\/craft-ability-jersey-high-muts\/#breadcrumb"},"inLanguage":"et","potentialAction":[{"@type":"ReadAction","target":["https:\/\/kruze.ee\/et\/toode\/craft-ability-jersey-high-muts\/"]}]},{"@type":"BreadcrumbList","@id":"https:\/\/kruze.ee\/et\/toode\/craft-ability-jersey-high-muts\/#breadcrumb","itemListElement":[{"@type":"ListItem","position":1,"name":"Home","item":"https:\/\/kruze.ee\/et\/"},{"@type":"ListItem","position":2,"name":"Tooted","item":"https:\/\/kruze.ee\/et\/tooted\/"},{"@type":"ListItem","position":3,"name":"Craft Ability Jersey High m\u00fcts"}]},{"@type":"WebSite","@id":"https:\/\/kruze.ee\/et\/#website","url":"https:\/\/kruze.ee\/et\/","name":"Kruze.ee","description":"Reklaamkingitused, tr&uuml;kiga T-s&auml;rgid, fliisid, dressipluused, tekstiil, joped ja paljud teised logoga meened, &Auml;rikingitused sinu partnerile! Telli juba t&auml;na.","potentialAction":[{"@type":"SearchAction","target":{"@type":"EntryPoint","urlTemplate":"https:\/\/kruze.ee\/et\/?s={search_term_string}"},"query-input":{"@type":"PropertyValueSpecification","valueRequired":true,"valueName":"search_term_string"}}],"inLanguage":"et"}]}},"_links":{"self":[{"href":"https:\/\/kruze.ee\/et\/wp-json\/wp\/v2\/product\/1441044","targetHints":{"allow":["GET"]}}],"collection":[{"href":"https:\/\/kruze.ee\/et\/wp-json\/wp\/v2\/product"}],"about":[{"href":"https:\/\/kruze.ee\/et\/wp-json\/wp\/v2\/types\/product"}],"wp:attachment":[{"href":"https:\/\/kruze.ee\/et\/wp-json\/wp\/v2\/media?parent=1441044"}],"wp:term":[{"taxonomy":"product_brand","embeddable":true,"href":"https:\/\/kruze.ee\/et\/wp-json\/wp\/v2\/product_brand?post=1441044"},{"taxonomy":"product_cat","embeddable":true,"href":"https:\/\/kruze.ee\/et\/wp-json\/wp\/v2\/product_cat?post=1441044"},{"taxonomy":"product_tag","embeddable":true,"href":"https:\/\/kruze.ee\/et\/wp-json\/wp\/v2\/product_tag?post=1441044"}],"curies":[{"name":"wp","href":"https:\/\/api.w.org\/{rel}","templated":true}]}}