{"id":1440978,"date":"2026-01-30T18:18:51","date_gmt":"2026-01-30T15:18:51","guid":{"rendered":"https:\/\/kruze.ee\/product\/clique-saco-muts\/"},"modified":"2026-03-17T01:42:57","modified_gmt":"2026-03-16T22:42:57","slug":"clique-saco-muts","status":"publish","type":"product","link":"https:\/\/kruze.ee\/et\/toode\/clique-saco-muts\/","title":{"rendered":"Clique Saco m\u00fcts"},"content":{"rendered":"<p>Kahekordsest  kangast m\u00fcts, mille \u00fclaosas on kuus flatlock-\u00f5mblust.<\/p>\n","protected":false},"excerpt":{"rendered":"<p>Kahekordsest  kangast m\u00fcts, mille \u00fclaosas on kuus flatlock-\u00f5mblust.<\/p>\n","protected":false},"featured_media":0,"template":"","meta":[],"product_brand":[],"product_cat":[5472],"product_tag":[],"class_list":{"0":"post-1440978","1":"product","2":"type-product","3":"status-publish","5":"product_cat-talvemutsid-sallid-kindad","6":"pa_brand-clique","7":"pa_color-meleeritud-antratsiit","8":"pa_color-black-2","9":"pa_color-neoonkollane","10":"pa_color-neoonoranz","11":"pa_color-ounaroheline","12":"pa_color-punane","13":"pa_color-royalsinine","14":"pa_color-tumeroosa","15":"pa_color-tumesinine","16":"pa_color-valge","17":"pa_gender-uniseks","18":"pa_gender-unisex","21":"pa_material-95-cotton-5-elastane-visibility-yellow-11-visibility-orange-170-anthracite-melange-955-62-polyester-33-cotton-5-elastane","22":"pa_size-no-size","24":"first","25":"instock","26":"taxable","27":"shipping-taxable","28":"purchasable","29":"product-type-variable"},"acf":[],"yoast_head":"<!-- This site is optimized with the Yoast SEO plugin v26.0 - https:\/\/yoast.com\/wordpress\/plugins\/seo\/ -->\n<title>Clique Saco m\u00fcts - Kruze.ee<\/title>\n<meta name=\"robots\" content=\"index, follow, max-snippet:-1, max-image-preview:large, max-video-preview:-1\" \/>\n<link rel=\"canonical\" href=\"https:\/\/kruze.ee\/et\/toode\/clique-saco-muts\/\" \/>\n<meta property=\"og:locale\" content=\"et_EE\" \/>\n<meta property=\"og:type\" content=\"article\" \/>\n<meta property=\"og:title\" content=\"Clique Saco m\u00fcts - Kruze.ee\" \/>\n<meta property=\"og:description\" content=\"Kahekordsest kangast m\u00fcts, mille \u00fclaosas on kuus flatlock-\u00f5mblust.\" \/>\n<meta property=\"og:url\" content=\"https:\/\/kruze.ee\/et\/toode\/clique-saco-muts\/\" \/>\n<meta property=\"og:site_name\" content=\"Kruze.ee\" \/>\n<meta property=\"article:modified_time\" content=\"2026-03-16T22:42:57+00:00\" \/>\n<meta name=\"twitter:card\" content=\"summary_large_image\" \/>\n<script type=\"application\/ld+json\" class=\"yoast-schema-graph\">{\"@context\":\"https:\/\/schema.org\",\"@graph\":[{\"@type\":\"WebPage\",\"@id\":\"https:\/\/kruze.ee\/et\/toode\/clique-saco-muts\/\",\"url\":\"https:\/\/kruze.ee\/et\/toode\/clique-saco-muts\/\",\"name\":\"Clique Saco m\u00fcts - Kruze.ee\",\"isPartOf\":{\"@id\":\"https:\/\/kruze.ee\/et\/#website\"},\"datePublished\":\"2026-01-30T15:18:51+00:00\",\"dateModified\":\"2026-03-16T22:42:57+00:00\",\"breadcrumb\":{\"@id\":\"https:\/\/kruze.ee\/et\/toode\/clique-saco-muts\/#breadcrumb\"},\"inLanguage\":\"et\",\"potentialAction\":[{\"@type\":\"ReadAction\",\"target\":[\"https:\/\/kruze.ee\/et\/toode\/clique-saco-muts\/\"]}]},{\"@type\":\"BreadcrumbList\",\"@id\":\"https:\/\/kruze.ee\/et\/toode\/clique-saco-muts\/#breadcrumb\",\"itemListElement\":[{\"@type\":\"ListItem\",\"position\":1,\"name\":\"Home\",\"item\":\"https:\/\/kruze.ee\/et\/\"},{\"@type\":\"ListItem\",\"position\":2,\"name\":\"Tooted\",\"item\":\"https:\/\/kruze.ee\/et\/tooted\/\"},{\"@type\":\"ListItem\",\"position\":3,\"name\":\"Clique Saco m\u00fcts\"}]},{\"@type\":\"WebSite\",\"@id\":\"https:\/\/kruze.ee\/et\/#website\",\"url\":\"https:\/\/kruze.ee\/et\/\",\"name\":\"Kruze.ee\",\"description\":\"Reklaamkingitused, tr&uuml;kiga T-s&auml;rgid, fliisid, dressipluused, tekstiil, joped ja paljud teised logoga meened, &Auml;rikingitused sinu partnerile! Telli juba t&auml;na.\",\"potentialAction\":[{\"@type\":\"SearchAction\",\"target\":{\"@type\":\"EntryPoint\",\"urlTemplate\":\"https:\/\/kruze.ee\/et\/?s={search_term_string}\"},\"query-input\":{\"@type\":\"PropertyValueSpecification\",\"valueRequired\":true,\"valueName\":\"search_term_string\"}}],\"inLanguage\":\"et\"}]}<\/script>\n<!-- \/ Yoast SEO plugin. -->","yoast_head_json":{"title":"Clique Saco m\u00fcts - Kruze.ee","robots":{"index":"index","follow":"follow","max-snippet":"max-snippet:-1","max-image-preview":"max-image-preview:large","max-video-preview":"max-video-preview:-1"},"canonical":"https:\/\/kruze.ee\/et\/toode\/clique-saco-muts\/","og_locale":"et_EE","og_type":"article","og_title":"Clique Saco m\u00fcts - Kruze.ee","og_description":"Kahekordsest kangast m\u00fcts, mille \u00fclaosas on kuus flatlock-\u00f5mblust.","og_url":"https:\/\/kruze.ee\/et\/toode\/clique-saco-muts\/","og_site_name":"Kruze.ee","article_modified_time":"2026-03-16T22:42:57+00:00","twitter_card":"summary_large_image","schema":{"@context":"https:\/\/schema.org","@graph":[{"@type":"WebPage","@id":"https:\/\/kruze.ee\/et\/toode\/clique-saco-muts\/","url":"https:\/\/kruze.ee\/et\/toode\/clique-saco-muts\/","name":"Clique Saco m\u00fcts - Kruze.ee","isPartOf":{"@id":"https:\/\/kruze.ee\/et\/#website"},"datePublished":"2026-01-30T15:18:51+00:00","dateModified":"2026-03-16T22:42:57+00:00","breadcrumb":{"@id":"https:\/\/kruze.ee\/et\/toode\/clique-saco-muts\/#breadcrumb"},"inLanguage":"et","potentialAction":[{"@type":"ReadAction","target":["https:\/\/kruze.ee\/et\/toode\/clique-saco-muts\/"]}]},{"@type":"BreadcrumbList","@id":"https:\/\/kruze.ee\/et\/toode\/clique-saco-muts\/#breadcrumb","itemListElement":[{"@type":"ListItem","position":1,"name":"Home","item":"https:\/\/kruze.ee\/et\/"},{"@type":"ListItem","position":2,"name":"Tooted","item":"https:\/\/kruze.ee\/et\/tooted\/"},{"@type":"ListItem","position":3,"name":"Clique Saco m\u00fcts"}]},{"@type":"WebSite","@id":"https:\/\/kruze.ee\/et\/#website","url":"https:\/\/kruze.ee\/et\/","name":"Kruze.ee","description":"Reklaamkingitused, tr&uuml;kiga T-s&auml;rgid, fliisid, dressipluused, tekstiil, joped ja paljud teised logoga meened, &Auml;rikingitused sinu partnerile! Telli juba t&auml;na.","potentialAction":[{"@type":"SearchAction","target":{"@type":"EntryPoint","urlTemplate":"https:\/\/kruze.ee\/et\/?s={search_term_string}"},"query-input":{"@type":"PropertyValueSpecification","valueRequired":true,"valueName":"search_term_string"}}],"inLanguage":"et"}]}},"_links":{"self":[{"href":"https:\/\/kruze.ee\/et\/wp-json\/wp\/v2\/product\/1440978","targetHints":{"allow":["GET"]}}],"collection":[{"href":"https:\/\/kruze.ee\/et\/wp-json\/wp\/v2\/product"}],"about":[{"href":"https:\/\/kruze.ee\/et\/wp-json\/wp\/v2\/types\/product"}],"wp:attachment":[{"href":"https:\/\/kruze.ee\/et\/wp-json\/wp\/v2\/media?parent=1440978"}],"wp:term":[{"taxonomy":"product_brand","embeddable":true,"href":"https:\/\/kruze.ee\/et\/wp-json\/wp\/v2\/product_brand?post=1440978"},{"taxonomy":"product_cat","embeddable":true,"href":"https:\/\/kruze.ee\/et\/wp-json\/wp\/v2\/product_cat?post=1440978"},{"taxonomy":"product_tag","embeddable":true,"href":"https:\/\/kruze.ee\/et\/wp-json\/wp\/v2\/product_tag?post=1440978"}],"curies":[{"name":"wp","href":"https:\/\/api.w.org\/{rel}","templated":true}]}}