{"id":1440481,"date":"2026-01-29T20:13:48","date_gmt":"2026-01-29T17:13:48","guid":{"rendered":"https:\/\/kruze.ee\/product\/cutter-buck-hansville-meeste-triiksark\/"},"modified":"2026-03-17T01:41:38","modified_gmt":"2026-03-16T22:41:38","slug":"cutter-buck-hansville-meeste-triiksark","status":"publish","type":"product","link":"https:\/\/kruze.ee\/et\/toode\/cutter-buck-hansville-meeste-triiksark\/","title":{"rendered":"Cutter &amp; Buck Hansville meeste triiks\u00e4rk"},"content":{"rendered":"<p>See on klassikalise Oxford-s\u00e4rgi uus t\u00f5lgendus, millele on lisatud venivust, et saavutada voolujoonelisem istuvus. Kangas on eelnevalt pestud, et tagada luksuslikult pehme viimistlus. S\u00e4rgil on n\u00f6\u00f6pidega krae, rinnatasku ja kumer all\u00e4\u00e4r. Garderoobi number \u00fcks klassika.<\/p>\n","protected":false},"excerpt":{"rendered":"<p>See on klassikalise Oxford-s\u00e4rgi uus t\u00f5lgendus, millele on lisatud venivust, et saavutada voolujoonelisem istuvus. Kangas on eelnevalt pestud, et tagada&#8230;<\/p>\n","protected":false},"featured_media":0,"template":"","meta":[],"product_brand":[],"product_cat":[5376],"product_tag":[],"class_list":{"0":"post-1440481","1":"product","2":"type-product","3":"status-publish","5":"product_cat-triiksargid-tikandiga","6":"pa_brand-cutter-buck","7":"pa_color-blue-oxford","8":"pa_color-french-blue","9":"pa_color-black-2","10":"pa_color-valge","11":"pa_gender-mehed","12":"pa_gender-men","13":"pa_material-97-cotton-3-elastane","14":"pa_size-s","15":"pa_size-m","16":"pa_size-l","17":"pa_size-xl","18":"pa_size-2xl","19":"pa_size-3xl","20":"pa_size-4xl","22":"first","23":"instock","24":"taxable","25":"shipping-taxable","26":"purchasable","27":"product-type-variable"},"acf":[],"yoast_head":"<!-- This site is optimized with the Yoast SEO plugin v26.0 - https:\/\/yoast.com\/wordpress\/plugins\/seo\/ -->\n<title>Cutter &amp; Buck Hansville meeste triiks\u00e4rk - Kruze.ee<\/title>\n<meta name=\"robots\" content=\"index, follow, max-snippet:-1, max-image-preview:large, max-video-preview:-1\" \/>\n<link rel=\"canonical\" href=\"https:\/\/kruze.ee\/et\/toode\/cutter-buck-hansville-meeste-triiksark\/\" \/>\n<meta property=\"og:locale\" content=\"et_EE\" \/>\n<meta property=\"og:type\" content=\"article\" \/>\n<meta property=\"og:title\" content=\"Cutter &amp; Buck Hansville meeste triiks\u00e4rk - Kruze.ee\" \/>\n<meta property=\"og:description\" content=\"See on klassikalise Oxford-s\u00e4rgi uus t\u00f5lgendus, millele on lisatud venivust, et saavutada voolujoonelisem istuvus. Kangas on eelnevalt pestud, et tagada...\" \/>\n<meta property=\"og:url\" content=\"https:\/\/kruze.ee\/et\/toode\/cutter-buck-hansville-meeste-triiksark\/\" \/>\n<meta property=\"og:site_name\" content=\"Kruze.ee\" \/>\n<meta property=\"article:modified_time\" content=\"2026-03-16T22:41:38+00:00\" \/>\n<meta name=\"twitter:card\" content=\"summary_large_image\" \/>\n<meta name=\"twitter:label1\" content=\"Est. reading time\" \/>\n\t<meta name=\"twitter:data1\" content=\"1 minut\" \/>\n<script type=\"application\/ld+json\" class=\"yoast-schema-graph\">{\"@context\":\"https:\/\/schema.org\",\"@graph\":[{\"@type\":\"WebPage\",\"@id\":\"https:\/\/kruze.ee\/et\/toode\/cutter-buck-hansville-meeste-triiksark\/\",\"url\":\"https:\/\/kruze.ee\/et\/toode\/cutter-buck-hansville-meeste-triiksark\/\",\"name\":\"Cutter &amp; Buck Hansville meeste triiks\u00e4rk - Kruze.ee\",\"isPartOf\":{\"@id\":\"https:\/\/kruze.ee\/et\/#website\"},\"datePublished\":\"2026-01-29T17:13:48+00:00\",\"dateModified\":\"2026-03-16T22:41:38+00:00\",\"breadcrumb\":{\"@id\":\"https:\/\/kruze.ee\/et\/toode\/cutter-buck-hansville-meeste-triiksark\/#breadcrumb\"},\"inLanguage\":\"et\",\"potentialAction\":[{\"@type\":\"ReadAction\",\"target\":[\"https:\/\/kruze.ee\/et\/toode\/cutter-buck-hansville-meeste-triiksark\/\"]}]},{\"@type\":\"BreadcrumbList\",\"@id\":\"https:\/\/kruze.ee\/et\/toode\/cutter-buck-hansville-meeste-triiksark\/#breadcrumb\",\"itemListElement\":[{\"@type\":\"ListItem\",\"position\":1,\"name\":\"Home\",\"item\":\"https:\/\/kruze.ee\/et\/\"},{\"@type\":\"ListItem\",\"position\":2,\"name\":\"Tooted\",\"item\":\"https:\/\/kruze.ee\/et\/tooted\/\"},{\"@type\":\"ListItem\",\"position\":3,\"name\":\"Cutter &amp; Buck Hansville meeste triiks\u00e4rk\"}]},{\"@type\":\"WebSite\",\"@id\":\"https:\/\/kruze.ee\/et\/#website\",\"url\":\"https:\/\/kruze.ee\/et\/\",\"name\":\"Kruze.ee\",\"description\":\"Reklaamkingitused, tr&uuml;kiga T-s&auml;rgid, fliisid, dressipluused, tekstiil, joped ja paljud teised logoga meened, &Auml;rikingitused sinu partnerile! Telli juba t&auml;na.\",\"potentialAction\":[{\"@type\":\"SearchAction\",\"target\":{\"@type\":\"EntryPoint\",\"urlTemplate\":\"https:\/\/kruze.ee\/et\/?s={search_term_string}\"},\"query-input\":{\"@type\":\"PropertyValueSpecification\",\"valueRequired\":true,\"valueName\":\"search_term_string\"}}],\"inLanguage\":\"et\"}]}<\/script>\n<!-- \/ Yoast SEO plugin. -->","yoast_head_json":{"title":"Cutter &amp; Buck Hansville meeste triiks\u00e4rk - Kruze.ee","robots":{"index":"index","follow":"follow","max-snippet":"max-snippet:-1","max-image-preview":"max-image-preview:large","max-video-preview":"max-video-preview:-1"},"canonical":"https:\/\/kruze.ee\/et\/toode\/cutter-buck-hansville-meeste-triiksark\/","og_locale":"et_EE","og_type":"article","og_title":"Cutter &amp; Buck Hansville meeste triiks\u00e4rk - Kruze.ee","og_description":"See on klassikalise Oxford-s\u00e4rgi uus t\u00f5lgendus, millele on lisatud venivust, et saavutada voolujoonelisem istuvus. Kangas on eelnevalt pestud, et tagada...","og_url":"https:\/\/kruze.ee\/et\/toode\/cutter-buck-hansville-meeste-triiksark\/","og_site_name":"Kruze.ee","article_modified_time":"2026-03-16T22:41:38+00:00","twitter_card":"summary_large_image","twitter_misc":{"Est. reading time":"1 minut"},"schema":{"@context":"https:\/\/schema.org","@graph":[{"@type":"WebPage","@id":"https:\/\/kruze.ee\/et\/toode\/cutter-buck-hansville-meeste-triiksark\/","url":"https:\/\/kruze.ee\/et\/toode\/cutter-buck-hansville-meeste-triiksark\/","name":"Cutter &amp; Buck Hansville meeste triiks\u00e4rk - Kruze.ee","isPartOf":{"@id":"https:\/\/kruze.ee\/et\/#website"},"datePublished":"2026-01-29T17:13:48+00:00","dateModified":"2026-03-16T22:41:38+00:00","breadcrumb":{"@id":"https:\/\/kruze.ee\/et\/toode\/cutter-buck-hansville-meeste-triiksark\/#breadcrumb"},"inLanguage":"et","potentialAction":[{"@type":"ReadAction","target":["https:\/\/kruze.ee\/et\/toode\/cutter-buck-hansville-meeste-triiksark\/"]}]},{"@type":"BreadcrumbList","@id":"https:\/\/kruze.ee\/et\/toode\/cutter-buck-hansville-meeste-triiksark\/#breadcrumb","itemListElement":[{"@type":"ListItem","position":1,"name":"Home","item":"https:\/\/kruze.ee\/et\/"},{"@type":"ListItem","position":2,"name":"Tooted","item":"https:\/\/kruze.ee\/et\/tooted\/"},{"@type":"ListItem","position":3,"name":"Cutter &amp; Buck Hansville meeste triiks\u00e4rk"}]},{"@type":"WebSite","@id":"https:\/\/kruze.ee\/et\/#website","url":"https:\/\/kruze.ee\/et\/","name":"Kruze.ee","description":"Reklaamkingitused, tr&uuml;kiga T-s&auml;rgid, fliisid, dressipluused, tekstiil, joped ja paljud teised logoga meened, &Auml;rikingitused sinu partnerile! Telli juba t&auml;na.","potentialAction":[{"@type":"SearchAction","target":{"@type":"EntryPoint","urlTemplate":"https:\/\/kruze.ee\/et\/?s={search_term_string}"},"query-input":{"@type":"PropertyValueSpecification","valueRequired":true,"valueName":"search_term_string"}}],"inLanguage":"et"}]}},"_links":{"self":[{"href":"https:\/\/kruze.ee\/et\/wp-json\/wp\/v2\/product\/1440481","targetHints":{"allow":["GET"]}}],"collection":[{"href":"https:\/\/kruze.ee\/et\/wp-json\/wp\/v2\/product"}],"about":[{"href":"https:\/\/kruze.ee\/et\/wp-json\/wp\/v2\/types\/product"}],"wp:attachment":[{"href":"https:\/\/kruze.ee\/et\/wp-json\/wp\/v2\/media?parent=1440481"}],"wp:term":[{"taxonomy":"product_brand","embeddable":true,"href":"https:\/\/kruze.ee\/et\/wp-json\/wp\/v2\/product_brand?post=1440481"},{"taxonomy":"product_cat","embeddable":true,"href":"https:\/\/kruze.ee\/et\/wp-json\/wp\/v2\/product_cat?post=1440481"},{"taxonomy":"product_tag","embeddable":true,"href":"https:\/\/kruze.ee\/et\/wp-json\/wp\/v2\/product_tag?post=1440481"}],"curies":[{"name":"wp","href":"https:\/\/api.w.org\/{rel}","templated":true}]}}