{"id":1440114,"date":"2026-01-28T21:20:46","date_gmt":"2026-01-28T18:20:46","guid":{"rendered":"https:\/\/kruze.ee\/product\/cutter-buck-advantage-meeste-sark\/"},"modified":"2026-03-17T01:41:09","modified_gmt":"2026-03-16T22:41:09","slug":"cutter-buck-advantage-meeste-sark","status":"publish","type":"product","link":"https:\/\/kruze.ee\/et\/toode\/cutter-buck-advantage-meeste-sark\/","title":{"rendered":"Cutter &amp; Buck Advantage meeste s\u00e4rk"},"content":{"rendered":"<p>Ikoniline Advantage s\u00e4rk \u00fchendab kolmekomponendilise veniva pikeekanga ja vabama triiks\u00e4rgi stiili, pakkudes erakordset mitmek\u00fclgsust. See on loodud olema sinu lemmik nii t\u00f6\u00f6l, reisil kui ka \u00f5htus\u00f6\u00f6gil v\u00e4ljas. Selle h\u00fcbriidse disaini l\u00f5ime eesm\u00e4rgiga pakkuda maksimaalset mugavust, s\u00e4ilitades samal ajal viisaka ja korrektse v\u00e4limuse kogu p\u00e4evaks.<\/p>\n","protected":false},"excerpt":{"rendered":"<p>Ikoniline Advantage s\u00e4rk \u00fchendab kolmekomponendilise veniva pikeekanga ja vabama triiks\u00e4rgi stiili, pakkudes erakordset mitmek\u00fclgsust. See on loodud olema sinu&#8230;<\/p>\n","protected":false},"featured_media":0,"template":"","meta":[],"product_brand":[],"product_cat":[5376],"product_tag":[],"class_list":{"0":"post-1440114","1":"product","2":"type-product","3":"status-publish","5":"product_cat-triiksargid-tikandiga","6":"pa_brand-cutter-buck","7":"pa_color-beez","8":"pa_color-ivy-roheline","9":"pa_color-meleeritud-antratsiit","10":"pa_color-meleeritud-indigosinine","11":"pa_color-black-2","12":"pa_color-taevasinine","13":"pa_color-tumesinine","14":"pa_color-valge","15":"pa_gender-mehed","16":"pa_gender-men","17":"pa_material-52-cotton-45-polyester-3-elastane-oeko-tex-standard-100","18":"pa_size-s","19":"pa_size-m","20":"pa_size-l","21":"pa_size-xl","22":"pa_size-2xl","23":"pa_size-3xl","24":"pa_size-4xl","26":"first","27":"instock","28":"taxable","29":"shipping-taxable","30":"purchasable","31":"product-type-variable"},"acf":[],"yoast_head":"<!-- This site is optimized with the Yoast SEO plugin v26.0 - https:\/\/yoast.com\/wordpress\/plugins\/seo\/ -->\n<title>Cutter &amp; Buck Advantage meeste s\u00e4rk - Kruze.ee<\/title>\n<meta name=\"robots\" content=\"index, follow, max-snippet:-1, max-image-preview:large, max-video-preview:-1\" \/>\n<link rel=\"canonical\" href=\"https:\/\/kruze.ee\/et\/toode\/cutter-buck-advantage-meeste-sark\/\" \/>\n<meta property=\"og:locale\" content=\"et_EE\" \/>\n<meta property=\"og:type\" content=\"article\" \/>\n<meta property=\"og:title\" content=\"Cutter &amp; Buck Advantage meeste s\u00e4rk - Kruze.ee\" \/>\n<meta property=\"og:description\" content=\"Ikoniline Advantage s\u00e4rk \u00fchendab kolmekomponendilise veniva pikeekanga ja vabama triiks\u00e4rgi stiili, pakkudes erakordset mitmek\u00fclgsust. See on loodud olema sinu...\" \/>\n<meta property=\"og:url\" content=\"https:\/\/kruze.ee\/et\/toode\/cutter-buck-advantage-meeste-sark\/\" \/>\n<meta property=\"og:site_name\" content=\"Kruze.ee\" \/>\n<meta property=\"article:modified_time\" content=\"2026-03-16T22:41:09+00:00\" \/>\n<meta name=\"twitter:card\" content=\"summary_large_image\" \/>\n<meta name=\"twitter:label1\" content=\"Est. reading time\" \/>\n\t<meta name=\"twitter:data1\" content=\"1 minut\" \/>\n<script type=\"application\/ld+json\" class=\"yoast-schema-graph\">{\"@context\":\"https:\/\/schema.org\",\"@graph\":[{\"@type\":\"WebPage\",\"@id\":\"https:\/\/kruze.ee\/et\/toode\/cutter-buck-advantage-meeste-sark\/\",\"url\":\"https:\/\/kruze.ee\/et\/toode\/cutter-buck-advantage-meeste-sark\/\",\"name\":\"Cutter &amp; Buck Advantage meeste s\u00e4rk - Kruze.ee\",\"isPartOf\":{\"@id\":\"https:\/\/kruze.ee\/et\/#website\"},\"datePublished\":\"2026-01-28T18:20:46+00:00\",\"dateModified\":\"2026-03-16T22:41:09+00:00\",\"breadcrumb\":{\"@id\":\"https:\/\/kruze.ee\/et\/toode\/cutter-buck-advantage-meeste-sark\/#breadcrumb\"},\"inLanguage\":\"et\",\"potentialAction\":[{\"@type\":\"ReadAction\",\"target\":[\"https:\/\/kruze.ee\/et\/toode\/cutter-buck-advantage-meeste-sark\/\"]}]},{\"@type\":\"BreadcrumbList\",\"@id\":\"https:\/\/kruze.ee\/et\/toode\/cutter-buck-advantage-meeste-sark\/#breadcrumb\",\"itemListElement\":[{\"@type\":\"ListItem\",\"position\":1,\"name\":\"Home\",\"item\":\"https:\/\/kruze.ee\/et\/\"},{\"@type\":\"ListItem\",\"position\":2,\"name\":\"Tooted\",\"item\":\"https:\/\/kruze.ee\/et\/tooted\/\"},{\"@type\":\"ListItem\",\"position\":3,\"name\":\"Cutter &amp; Buck Advantage meeste s\u00e4rk\"}]},{\"@type\":\"WebSite\",\"@id\":\"https:\/\/kruze.ee\/et\/#website\",\"url\":\"https:\/\/kruze.ee\/et\/\",\"name\":\"Kruze.ee\",\"description\":\"Reklaamkingitused, tr&uuml;kiga T-s&auml;rgid, fliisid, dressipluused, tekstiil, joped ja paljud teised logoga meened, &Auml;rikingitused sinu partnerile! Telli juba t&auml;na.\",\"potentialAction\":[{\"@type\":\"SearchAction\",\"target\":{\"@type\":\"EntryPoint\",\"urlTemplate\":\"https:\/\/kruze.ee\/et\/?s={search_term_string}\"},\"query-input\":{\"@type\":\"PropertyValueSpecification\",\"valueRequired\":true,\"valueName\":\"search_term_string\"}}],\"inLanguage\":\"et\"}]}<\/script>\n<!-- \/ Yoast SEO plugin. -->","yoast_head_json":{"title":"Cutter &amp; Buck Advantage meeste s\u00e4rk - Kruze.ee","robots":{"index":"index","follow":"follow","max-snippet":"max-snippet:-1","max-image-preview":"max-image-preview:large","max-video-preview":"max-video-preview:-1"},"canonical":"https:\/\/kruze.ee\/et\/toode\/cutter-buck-advantage-meeste-sark\/","og_locale":"et_EE","og_type":"article","og_title":"Cutter &amp; Buck Advantage meeste s\u00e4rk - Kruze.ee","og_description":"Ikoniline Advantage s\u00e4rk \u00fchendab kolmekomponendilise veniva pikeekanga ja vabama triiks\u00e4rgi stiili, pakkudes erakordset mitmek\u00fclgsust. See on loodud olema sinu...","og_url":"https:\/\/kruze.ee\/et\/toode\/cutter-buck-advantage-meeste-sark\/","og_site_name":"Kruze.ee","article_modified_time":"2026-03-16T22:41:09+00:00","twitter_card":"summary_large_image","twitter_misc":{"Est. reading time":"1 minut"},"schema":{"@context":"https:\/\/schema.org","@graph":[{"@type":"WebPage","@id":"https:\/\/kruze.ee\/et\/toode\/cutter-buck-advantage-meeste-sark\/","url":"https:\/\/kruze.ee\/et\/toode\/cutter-buck-advantage-meeste-sark\/","name":"Cutter &amp; Buck Advantage meeste s\u00e4rk - Kruze.ee","isPartOf":{"@id":"https:\/\/kruze.ee\/et\/#website"},"datePublished":"2026-01-28T18:20:46+00:00","dateModified":"2026-03-16T22:41:09+00:00","breadcrumb":{"@id":"https:\/\/kruze.ee\/et\/toode\/cutter-buck-advantage-meeste-sark\/#breadcrumb"},"inLanguage":"et","potentialAction":[{"@type":"ReadAction","target":["https:\/\/kruze.ee\/et\/toode\/cutter-buck-advantage-meeste-sark\/"]}]},{"@type":"BreadcrumbList","@id":"https:\/\/kruze.ee\/et\/toode\/cutter-buck-advantage-meeste-sark\/#breadcrumb","itemListElement":[{"@type":"ListItem","position":1,"name":"Home","item":"https:\/\/kruze.ee\/et\/"},{"@type":"ListItem","position":2,"name":"Tooted","item":"https:\/\/kruze.ee\/et\/tooted\/"},{"@type":"ListItem","position":3,"name":"Cutter &amp; Buck Advantage meeste s\u00e4rk"}]},{"@type":"WebSite","@id":"https:\/\/kruze.ee\/et\/#website","url":"https:\/\/kruze.ee\/et\/","name":"Kruze.ee","description":"Reklaamkingitused, tr&uuml;kiga T-s&auml;rgid, fliisid, dressipluused, tekstiil, joped ja paljud teised logoga meened, &Auml;rikingitused sinu partnerile! Telli juba t&auml;na.","potentialAction":[{"@type":"SearchAction","target":{"@type":"EntryPoint","urlTemplate":"https:\/\/kruze.ee\/et\/?s={search_term_string}"},"query-input":{"@type":"PropertyValueSpecification","valueRequired":true,"valueName":"search_term_string"}}],"inLanguage":"et"}]}},"_links":{"self":[{"href":"https:\/\/kruze.ee\/et\/wp-json\/wp\/v2\/product\/1440114","targetHints":{"allow":["GET"]}}],"collection":[{"href":"https:\/\/kruze.ee\/et\/wp-json\/wp\/v2\/product"}],"about":[{"href":"https:\/\/kruze.ee\/et\/wp-json\/wp\/v2\/types\/product"}],"wp:attachment":[{"href":"https:\/\/kruze.ee\/et\/wp-json\/wp\/v2\/media?parent=1440114"}],"wp:term":[{"taxonomy":"product_brand","embeddable":true,"href":"https:\/\/kruze.ee\/et\/wp-json\/wp\/v2\/product_brand?post=1440114"},{"taxonomy":"product_cat","embeddable":true,"href":"https:\/\/kruze.ee\/et\/wp-json\/wp\/v2\/product_cat?post=1440114"},{"taxonomy":"product_tag","embeddable":true,"href":"https:\/\/kruze.ee\/et\/wp-json\/wp\/v2\/product_tag?post=1440114"}],"curies":[{"name":"wp","href":"https:\/\/api.w.org\/{rel}","templated":true}]}}