{"id":1438903,"date":"2026-01-26T19:19:46","date_gmt":"2026-01-26T16:19:46","guid":{"rendered":"https:\/\/kruze.ee\/product\/projob-2422-softshell-jope\/"},"modified":"2026-03-17T01:35:41","modified_gmt":"2026-03-16T22:35:41","slug":"projob-2422-softshell-jope","status":"publish","type":"product","link":"https:\/\/kruze.ee\/et\/toode\/projob-2422-softshell-jope\/","title":{"rendered":"ProJob 2422 softshell jope"},"content":{"rendered":"<p>Hea hingavusega softshell-jope. K\u00fcljetaskud m\u00f5lemal pool lukuga. Kaks sisetaskut. Vertikaalne rinnatasku lukuga ning peidetud kinnitus ID-kaardi jaoks. Eesmine t\u00f5mblukk sisemise tuuleliistuga ja l\u00f5uakaitsega, mis hoiab \u00e4ra h\u00f5\u00f5rdumise. All\u00e4\u00e4r on reguleeritav pingutusn\u00f6\u00f6riga.<\/p>\n","protected":false},"excerpt":{"rendered":"<p>Hea hingavusega softshell-jope. K\u00fcljetaskud m\u00f5lemal pool lukuga. Kaks sisetaskut. Vertikaalne rinnatasku lukuga ning peidetud kinnitus ID-kaardi jaoks. Eesmine&#8230;<\/p>\n","protected":false},"featured_media":0,"template":"","meta":[],"product_brand":[],"product_cat":[15068],"product_tag":[],"class_list":{"0":"post-1438903","1":"product","2":"type-product","3":"status-publish","5":"product_cat-toofliisid-ja-toopusad","6":"pa_brand-projob","7":"pa_color-hall","8":"pa_color-kivi","9":"pa_color-metsaroheline","10":"pa_color-black-2","11":"pa_color-punane","12":"pa_color-taevasinine","13":"pa_color-tumesinine","14":"pa_color-valge","15":"pa_gender-uniseks","16":"pa_gender-unisex","19":"pa_material-96-polyester-4-spandex-280-gm2","20":"pa_size-xs","21":"pa_size-s","22":"pa_size-m","23":"pa_size-l","24":"pa_size-xl","25":"pa_size-2xl","26":"pa_size-3xl","27":"pa_size-4xl","28":"pa_size-5xl","30":"first","31":"instock","32":"taxable","33":"shipping-taxable","34":"purchasable","35":"product-type-variable"},"acf":[],"yoast_head":"<!-- This site is optimized with the Yoast SEO plugin v26.0 - https:\/\/yoast.com\/wordpress\/plugins\/seo\/ -->\n<title>ProJob 2422 softshell jope - Kruze.ee<\/title>\n<meta name=\"robots\" content=\"index, follow, max-snippet:-1, max-image-preview:large, max-video-preview:-1\" \/>\n<link rel=\"canonical\" href=\"https:\/\/kruze.ee\/et\/toode\/projob-2422-softshell-jope\/\" \/>\n<meta property=\"og:locale\" content=\"et_EE\" \/>\n<meta property=\"og:type\" content=\"article\" \/>\n<meta property=\"og:title\" content=\"ProJob 2422 softshell jope - Kruze.ee\" \/>\n<meta property=\"og:description\" content=\"Hea hingavusega softshell-jope. K\u00fcljetaskud m\u00f5lemal pool lukuga. Kaks sisetaskut. Vertikaalne rinnatasku lukuga ning peidetud kinnitus ID-kaardi jaoks. Eesmine...\" \/>\n<meta property=\"og:url\" content=\"https:\/\/kruze.ee\/et\/toode\/projob-2422-softshell-jope\/\" \/>\n<meta property=\"og:site_name\" content=\"Kruze.ee\" \/>\n<meta property=\"article:modified_time\" content=\"2026-03-16T22:35:41+00:00\" \/>\n<meta name=\"twitter:card\" content=\"summary_large_image\" \/>\n<meta name=\"twitter:label1\" content=\"Est. reading time\" \/>\n\t<meta name=\"twitter:data1\" content=\"1 minut\" \/>\n<script type=\"application\/ld+json\" class=\"yoast-schema-graph\">{\"@context\":\"https:\/\/schema.org\",\"@graph\":[{\"@type\":\"WebPage\",\"@id\":\"https:\/\/kruze.ee\/et\/toode\/projob-2422-softshell-jope\/\",\"url\":\"https:\/\/kruze.ee\/et\/toode\/projob-2422-softshell-jope\/\",\"name\":\"ProJob 2422 softshell jope - Kruze.ee\",\"isPartOf\":{\"@id\":\"https:\/\/kruze.ee\/et\/#website\"},\"datePublished\":\"2026-01-26T16:19:46+00:00\",\"dateModified\":\"2026-03-16T22:35:41+00:00\",\"breadcrumb\":{\"@id\":\"https:\/\/kruze.ee\/et\/toode\/projob-2422-softshell-jope\/#breadcrumb\"},\"inLanguage\":\"et\",\"potentialAction\":[{\"@type\":\"ReadAction\",\"target\":[\"https:\/\/kruze.ee\/et\/toode\/projob-2422-softshell-jope\/\"]}]},{\"@type\":\"BreadcrumbList\",\"@id\":\"https:\/\/kruze.ee\/et\/toode\/projob-2422-softshell-jope\/#breadcrumb\",\"itemListElement\":[{\"@type\":\"ListItem\",\"position\":1,\"name\":\"Home\",\"item\":\"https:\/\/kruze.ee\/et\/\"},{\"@type\":\"ListItem\",\"position\":2,\"name\":\"Tooted\",\"item\":\"https:\/\/kruze.ee\/et\/tooted\/\"},{\"@type\":\"ListItem\",\"position\":3,\"name\":\"ProJob 2422 softshell jope\"}]},{\"@type\":\"WebSite\",\"@id\":\"https:\/\/kruze.ee\/et\/#website\",\"url\":\"https:\/\/kruze.ee\/et\/\",\"name\":\"Kruze.ee\",\"description\":\"Reklaamkingitused, tr&uuml;kiga T-s&auml;rgid, fliisid, dressipluused, tekstiil, joped ja paljud teised logoga meened, &Auml;rikingitused sinu partnerile! Telli juba t&auml;na.\",\"potentialAction\":[{\"@type\":\"SearchAction\",\"target\":{\"@type\":\"EntryPoint\",\"urlTemplate\":\"https:\/\/kruze.ee\/et\/?s={search_term_string}\"},\"query-input\":{\"@type\":\"PropertyValueSpecification\",\"valueRequired\":true,\"valueName\":\"search_term_string\"}}],\"inLanguage\":\"et\"}]}<\/script>\n<!-- \/ Yoast SEO plugin. -->","yoast_head_json":{"title":"ProJob 2422 softshell jope - Kruze.ee","robots":{"index":"index","follow":"follow","max-snippet":"max-snippet:-1","max-image-preview":"max-image-preview:large","max-video-preview":"max-video-preview:-1"},"canonical":"https:\/\/kruze.ee\/et\/toode\/projob-2422-softshell-jope\/","og_locale":"et_EE","og_type":"article","og_title":"ProJob 2422 softshell jope - Kruze.ee","og_description":"Hea hingavusega softshell-jope. K\u00fcljetaskud m\u00f5lemal pool lukuga. Kaks sisetaskut. Vertikaalne rinnatasku lukuga ning peidetud kinnitus ID-kaardi jaoks. Eesmine...","og_url":"https:\/\/kruze.ee\/et\/toode\/projob-2422-softshell-jope\/","og_site_name":"Kruze.ee","article_modified_time":"2026-03-16T22:35:41+00:00","twitter_card":"summary_large_image","twitter_misc":{"Est. reading time":"1 minut"},"schema":{"@context":"https:\/\/schema.org","@graph":[{"@type":"WebPage","@id":"https:\/\/kruze.ee\/et\/toode\/projob-2422-softshell-jope\/","url":"https:\/\/kruze.ee\/et\/toode\/projob-2422-softshell-jope\/","name":"ProJob 2422 softshell jope - Kruze.ee","isPartOf":{"@id":"https:\/\/kruze.ee\/et\/#website"},"datePublished":"2026-01-26T16:19:46+00:00","dateModified":"2026-03-16T22:35:41+00:00","breadcrumb":{"@id":"https:\/\/kruze.ee\/et\/toode\/projob-2422-softshell-jope\/#breadcrumb"},"inLanguage":"et","potentialAction":[{"@type":"ReadAction","target":["https:\/\/kruze.ee\/et\/toode\/projob-2422-softshell-jope\/"]}]},{"@type":"BreadcrumbList","@id":"https:\/\/kruze.ee\/et\/toode\/projob-2422-softshell-jope\/#breadcrumb","itemListElement":[{"@type":"ListItem","position":1,"name":"Home","item":"https:\/\/kruze.ee\/et\/"},{"@type":"ListItem","position":2,"name":"Tooted","item":"https:\/\/kruze.ee\/et\/tooted\/"},{"@type":"ListItem","position":3,"name":"ProJob 2422 softshell jope"}]},{"@type":"WebSite","@id":"https:\/\/kruze.ee\/et\/#website","url":"https:\/\/kruze.ee\/et\/","name":"Kruze.ee","description":"Reklaamkingitused, tr&uuml;kiga T-s&auml;rgid, fliisid, dressipluused, tekstiil, joped ja paljud teised logoga meened, &Auml;rikingitused sinu partnerile! Telli juba t&auml;na.","potentialAction":[{"@type":"SearchAction","target":{"@type":"EntryPoint","urlTemplate":"https:\/\/kruze.ee\/et\/?s={search_term_string}"},"query-input":{"@type":"PropertyValueSpecification","valueRequired":true,"valueName":"search_term_string"}}],"inLanguage":"et"}]}},"_links":{"self":[{"href":"https:\/\/kruze.ee\/et\/wp-json\/wp\/v2\/product\/1438903","targetHints":{"allow":["GET"]}}],"collection":[{"href":"https:\/\/kruze.ee\/et\/wp-json\/wp\/v2\/product"}],"about":[{"href":"https:\/\/kruze.ee\/et\/wp-json\/wp\/v2\/types\/product"}],"wp:attachment":[{"href":"https:\/\/kruze.ee\/et\/wp-json\/wp\/v2\/media?parent=1438903"}],"wp:term":[{"taxonomy":"product_brand","embeddable":true,"href":"https:\/\/kruze.ee\/et\/wp-json\/wp\/v2\/product_brand?post=1438903"},{"taxonomy":"product_cat","embeddable":true,"href":"https:\/\/kruze.ee\/et\/wp-json\/wp\/v2\/product_cat?post=1438903"},{"taxonomy":"product_tag","embeddable":true,"href":"https:\/\/kruze.ee\/et\/wp-json\/wp\/v2\/product_tag?post=1438903"}],"curies":[{"name":"wp","href":"https:\/\/api.w.org\/{rel}","templated":true}]}}