{"id":1438613,"date":"2026-01-26T19:18:48","date_gmt":"2026-01-26T16:18:48","guid":{"rendered":"https:\/\/kruze.ee\/product\/projob-5551-stretch-toopuksid\/"},"modified":"2026-03-17T01:34:59","modified_gmt":"2026-03-16T22:34:59","slug":"projob-5551-stretch-toopuksid","status":"publish","type":"product","link":"https:\/\/kruze.ee\/et\/toode\/projob-5551-stretch-toopuksid\/","title":{"rendered":"ProJob 5551 STRETCH t\u00f6\u00f6p\u00fcksid"},"content":{"rendered":"<p>T\u00e4isvenivast materjalist t\u00f6\u00f6p\u00fcksid, mis tagavad maksimaalse liikumisvabaduse ja mugavuse. Kaasaegne l\u00f5ige. \u00dclaosa k\u00fclgedel on mittev\u00f5\u00f5rutav (mitteveniv) materjal, mis annab p\u00fckstele parema stabiilsuse. T\u00f6\u00f6riistataskud lisasahtlite ja sisemise Cordura\u00ae-tugevdustega; tagak\u00fcljel oleva kontrast\u00f5mbluse lahtiharutamisel saab t\u00f6\u00f6riistataskud soovi korral eemaldada. Ventilatsiooniavad v\u00f6\u00f6 tagaosas. Mahukad reietaskud m\u00f5lemal k\u00fcljel. Vasakul reietasku t\u00f6\u00f6riistade ja pastakate jaoks ning lisaks magnetkinnitusega telefonitasku ja kinnitus ID-kaardi jaoks. Paremal m\u00f5\u00f5dulindi tasku ning t\u00f6\u00f6riistatasku noanupuga. Laiem v\u00f6\u00f6aas tagaosas, et v\u00e4hendada survet v\u00f6\u00f6lt. Tagataskud Cordura\u00ae-materjalist, \u00fchel klapp ja magnetkinnitus. Eelvormitud p\u00f5lved. Sisemised taskud p\u00f5lvekaitsmete jaoks, reguleeritavad kahel k\u00f5rgusel. T\u00f6\u00f6riistataskud ja p\u00f5lved on vastupidavuse suurendamiseks tugevdatud Cordura\u00ae-materjaliga. M\u00f5lemale k\u00fcljele on v\u00f5imalik kinnitada MOLLE-s\u00fcsteem.<\/p>\n","protected":false},"excerpt":{"rendered":"<p>T\u00e4isvenivast materjalist t\u00f6\u00f6p\u00fcksid, mis tagavad maksimaalse liikumisvabaduse ja mugavuse. Kaasaegne l\u00f5ige. \u00dclaosa k\u00fclgedel on mittev\u00f5\u00f5rutav (mitteveniv)&#8230;<\/p>\n","protected":false},"featured_media":0,"template":"","meta":[],"product_brand":[],"product_cat":[5475],"product_tag":[],"class_list":{"0":"post-1438613","1":"product","2":"type-product","3":"status-publish","5":"product_cat-toopuksid","6":"pa_brand-projob","7":"pa_color-hall","8":"pa_color-black-2","9":"pa_color-tumesinine","10":"pa_color-valge","11":"pa_gender-uniseks","12":"pa_gender-unisex","15":"pa_size-c146","16":"pa_size-c148","17":"pa_size-c150","18":"pa_size-c152","19":"pa_size-c154","20":"pa_size-c156","21":"pa_size-c44","22":"pa_size-c46","23":"pa_size-c48","24":"pa_size-c50","25":"pa_size-c52","26":"pa_size-c54","27":"pa_size-c56","28":"pa_size-c58","29":"pa_size-c60","30":"pa_size-c62","31":"pa_size-d100","32":"pa_size-d104","33":"pa_size-d108","34":"pa_size-d112","35":"pa_size-d116","36":"pa_size-d120","37":"pa_size-d84","38":"pa_size-d88","39":"pa_size-d92","40":"pa_size-d96","42":"first","43":"instock","44":"taxable","45":"shipping-taxable","46":"purchasable","47":"product-type-variable"},"acf":[],"yoast_head":"<!-- This site is optimized with the Yoast SEO plugin v26.0 - https:\/\/yoast.com\/wordpress\/plugins\/seo\/ -->\n<title>ProJob 5551 STRETCH t\u00f6\u00f6p\u00fcksid - Kruze.ee<\/title>\n<meta name=\"robots\" content=\"index, follow, max-snippet:-1, max-image-preview:large, max-video-preview:-1\" \/>\n<link rel=\"canonical\" href=\"https:\/\/kruze.ee\/et\/toode\/projob-5551-stretch-toopuksid\/\" \/>\n<meta property=\"og:locale\" content=\"et_EE\" \/>\n<meta property=\"og:type\" content=\"article\" \/>\n<meta property=\"og:title\" content=\"ProJob 5551 STRETCH t\u00f6\u00f6p\u00fcksid - Kruze.ee\" \/>\n<meta property=\"og:description\" content=\"T\u00e4isvenivast materjalist t\u00f6\u00f6p\u00fcksid, mis tagavad maksimaalse liikumisvabaduse ja mugavuse. Kaasaegne l\u00f5ige. \u00dclaosa k\u00fclgedel on mittev\u00f5\u00f5rutav (mitteveniv)...\" \/>\n<meta property=\"og:url\" content=\"https:\/\/kruze.ee\/et\/toode\/projob-5551-stretch-toopuksid\/\" \/>\n<meta property=\"og:site_name\" content=\"Kruze.ee\" \/>\n<meta property=\"article:modified_time\" content=\"2026-03-16T22:34:59+00:00\" \/>\n<meta name=\"twitter:card\" content=\"summary_large_image\" \/>\n<meta name=\"twitter:label1\" content=\"Est. reading time\" \/>\n\t<meta name=\"twitter:data1\" content=\"1 minut\" \/>\n<script type=\"application\/ld+json\" class=\"yoast-schema-graph\">{\"@context\":\"https:\/\/schema.org\",\"@graph\":[{\"@type\":\"WebPage\",\"@id\":\"https:\/\/kruze.ee\/et\/toode\/projob-5551-stretch-toopuksid\/\",\"url\":\"https:\/\/kruze.ee\/et\/toode\/projob-5551-stretch-toopuksid\/\",\"name\":\"ProJob 5551 STRETCH t\u00f6\u00f6p\u00fcksid - Kruze.ee\",\"isPartOf\":{\"@id\":\"https:\/\/kruze.ee\/et\/#website\"},\"datePublished\":\"2026-01-26T16:18:48+00:00\",\"dateModified\":\"2026-03-16T22:34:59+00:00\",\"breadcrumb\":{\"@id\":\"https:\/\/kruze.ee\/et\/toode\/projob-5551-stretch-toopuksid\/#breadcrumb\"},\"inLanguage\":\"et\",\"potentialAction\":[{\"@type\":\"ReadAction\",\"target\":[\"https:\/\/kruze.ee\/et\/toode\/projob-5551-stretch-toopuksid\/\"]}]},{\"@type\":\"BreadcrumbList\",\"@id\":\"https:\/\/kruze.ee\/et\/toode\/projob-5551-stretch-toopuksid\/#breadcrumb\",\"itemListElement\":[{\"@type\":\"ListItem\",\"position\":1,\"name\":\"Home\",\"item\":\"https:\/\/kruze.ee\/et\/\"},{\"@type\":\"ListItem\",\"position\":2,\"name\":\"Tooted\",\"item\":\"https:\/\/kruze.ee\/et\/tooted\/\"},{\"@type\":\"ListItem\",\"position\":3,\"name\":\"ProJob 5551 STRETCH t\u00f6\u00f6p\u00fcksid\"}]},{\"@type\":\"WebSite\",\"@id\":\"https:\/\/kruze.ee\/et\/#website\",\"url\":\"https:\/\/kruze.ee\/et\/\",\"name\":\"Kruze.ee\",\"description\":\"Reklaamkingitused, tr&uuml;kiga T-s&auml;rgid, fliisid, dressipluused, tekstiil, joped ja paljud teised logoga meened, &Auml;rikingitused sinu partnerile! Telli juba t&auml;na.\",\"potentialAction\":[{\"@type\":\"SearchAction\",\"target\":{\"@type\":\"EntryPoint\",\"urlTemplate\":\"https:\/\/kruze.ee\/et\/?s={search_term_string}\"},\"query-input\":{\"@type\":\"PropertyValueSpecification\",\"valueRequired\":true,\"valueName\":\"search_term_string\"}}],\"inLanguage\":\"et\"}]}<\/script>\n<!-- \/ Yoast SEO plugin. -->","yoast_head_json":{"title":"ProJob 5551 STRETCH t\u00f6\u00f6p\u00fcksid - Kruze.ee","robots":{"index":"index","follow":"follow","max-snippet":"max-snippet:-1","max-image-preview":"max-image-preview:large","max-video-preview":"max-video-preview:-1"},"canonical":"https:\/\/kruze.ee\/et\/toode\/projob-5551-stretch-toopuksid\/","og_locale":"et_EE","og_type":"article","og_title":"ProJob 5551 STRETCH t\u00f6\u00f6p\u00fcksid - Kruze.ee","og_description":"T\u00e4isvenivast materjalist t\u00f6\u00f6p\u00fcksid, mis tagavad maksimaalse liikumisvabaduse ja mugavuse. Kaasaegne l\u00f5ige. \u00dclaosa k\u00fclgedel on mittev\u00f5\u00f5rutav (mitteveniv)...","og_url":"https:\/\/kruze.ee\/et\/toode\/projob-5551-stretch-toopuksid\/","og_site_name":"Kruze.ee","article_modified_time":"2026-03-16T22:34:59+00:00","twitter_card":"summary_large_image","twitter_misc":{"Est. reading time":"1 minut"},"schema":{"@context":"https:\/\/schema.org","@graph":[{"@type":"WebPage","@id":"https:\/\/kruze.ee\/et\/toode\/projob-5551-stretch-toopuksid\/","url":"https:\/\/kruze.ee\/et\/toode\/projob-5551-stretch-toopuksid\/","name":"ProJob 5551 STRETCH t\u00f6\u00f6p\u00fcksid - Kruze.ee","isPartOf":{"@id":"https:\/\/kruze.ee\/et\/#website"},"datePublished":"2026-01-26T16:18:48+00:00","dateModified":"2026-03-16T22:34:59+00:00","breadcrumb":{"@id":"https:\/\/kruze.ee\/et\/toode\/projob-5551-stretch-toopuksid\/#breadcrumb"},"inLanguage":"et","potentialAction":[{"@type":"ReadAction","target":["https:\/\/kruze.ee\/et\/toode\/projob-5551-stretch-toopuksid\/"]}]},{"@type":"BreadcrumbList","@id":"https:\/\/kruze.ee\/et\/toode\/projob-5551-stretch-toopuksid\/#breadcrumb","itemListElement":[{"@type":"ListItem","position":1,"name":"Home","item":"https:\/\/kruze.ee\/et\/"},{"@type":"ListItem","position":2,"name":"Tooted","item":"https:\/\/kruze.ee\/et\/tooted\/"},{"@type":"ListItem","position":3,"name":"ProJob 5551 STRETCH t\u00f6\u00f6p\u00fcksid"}]},{"@type":"WebSite","@id":"https:\/\/kruze.ee\/et\/#website","url":"https:\/\/kruze.ee\/et\/","name":"Kruze.ee","description":"Reklaamkingitused, tr&uuml;kiga T-s&auml;rgid, fliisid, dressipluused, tekstiil, joped ja paljud teised logoga meened, &Auml;rikingitused sinu partnerile! Telli juba t&auml;na.","potentialAction":[{"@type":"SearchAction","target":{"@type":"EntryPoint","urlTemplate":"https:\/\/kruze.ee\/et\/?s={search_term_string}"},"query-input":{"@type":"PropertyValueSpecification","valueRequired":true,"valueName":"search_term_string"}}],"inLanguage":"et"}]}},"_links":{"self":[{"href":"https:\/\/kruze.ee\/et\/wp-json\/wp\/v2\/product\/1438613","targetHints":{"allow":["GET"]}}],"collection":[{"href":"https:\/\/kruze.ee\/et\/wp-json\/wp\/v2\/product"}],"about":[{"href":"https:\/\/kruze.ee\/et\/wp-json\/wp\/v2\/types\/product"}],"wp:attachment":[{"href":"https:\/\/kruze.ee\/et\/wp-json\/wp\/v2\/media?parent=1438613"}],"wp:term":[{"taxonomy":"product_brand","embeddable":true,"href":"https:\/\/kruze.ee\/et\/wp-json\/wp\/v2\/product_brand?post=1438613"},{"taxonomy":"product_cat","embeddable":true,"href":"https:\/\/kruze.ee\/et\/wp-json\/wp\/v2\/product_cat?post=1438613"},{"taxonomy":"product_tag","embeddable":true,"href":"https:\/\/kruze.ee\/et\/wp-json\/wp\/v2\/product_tag?post=1438613"}],"curies":[{"name":"wp","href":"https:\/\/api.w.org\/{rel}","templated":true}]}}