{"id":1438533,"date":"2026-01-26T19:00:05","date_gmt":"2026-01-26T16:00:05","guid":{"rendered":"https:\/\/kruze.ee\/product\/projob-5521-toopuksid\/"},"modified":"2026-03-17T01:34:13","modified_gmt":"2026-03-16T22:34:13","slug":"projob-5521-toopuksid","status":"publish","type":"product","link":"https:\/\/kruze.ee\/et\/toode\/projob-5521-toopuksid\/","title":{"rendered":"ProJob 5521 t\u00f6\u00f6p\u00fcksid"},"content":{"rendered":"<p>Vastupidavast puuvillast t\u00f6\u00f6p\u00fcksid Cordura\u00ae-tugevdustega. M\u00f5lemal k\u00fcljel on t\u00f6\u00f6riistataskud, mida saab peita k\u00fcljetaskutesse \u2013 \u00fchel pool lisataskud ja teisel t\u00f6\u00f6riistasilmused. Reietaskud: vasakul klapi ja trukiga suletav tasku, sees telefonitasku ning kinnitus ID-kaardi jaoks. Paremal m\u00f5\u00f5dulindi tasku ning t\u00f6\u00f6riistatasku noanupuga. Tagataskud laiema l\u00f5ikega. Kaks reguleeritavat haamriaasa. Kaks D-r\u00f5ngast v\u00f6\u00f6joonel. Sisemised taskud p\u00f5lvekaitsmete jaoks, reguleeritavad kahel k\u00f5rgusel. T\u00f6\u00f6riistataskud, s\u00e4\u00e4reotste tagak\u00fclg ja p\u00f5lved on vastupidavuse suurendamiseks tugevdatud Cordura\u00ae-materjaliga.<\/p>\n","protected":false},"excerpt":{"rendered":"<p>Vastupidavast puuvillast t\u00f6\u00f6p\u00fcksid Cordura\u00ae-tugevdustega. M\u00f5lemal k\u00fcljel on t\u00f6\u00f6riistataskud, mida saab peita k\u00fcljetaskutesse \u2013 \u00fchel pool lisataskud ja teisel&#8230;<\/p>\n","protected":false},"featured_media":0,"template":"","meta":[],"product_brand":[],"product_cat":[5475],"product_tag":[],"class_list":{"0":"post-1438533","1":"product","2":"type-product","3":"status-publish","5":"product_cat-toopuksid","6":"pa_brand-projob","7":"pa_color-hall","8":"pa_color-black-2","9":"pa_gender-uniseks","10":"pa_gender-unisex","13":"pa_material-100-cotton-375-gm2-reinforcements-100-polyamide-cordura","14":"pa_size-c146","15":"pa_size-c148","16":"pa_size-c150","17":"pa_size-c152","18":"pa_size-c154","19":"pa_size-c156","20":"pa_size-c44","21":"pa_size-c46","22":"pa_size-c48","23":"pa_size-c50","24":"pa_size-c52","25":"pa_size-c54","26":"pa_size-c58","27":"pa_size-c60","28":"pa_size-c62","29":"pa_size-d100","30":"pa_size-d104","31":"pa_size-d108","32":"pa_size-d112","33":"pa_size-d116","34":"pa_size-d120","35":"pa_size-d84","36":"pa_size-d88","37":"pa_size-d92","39":"first","40":"instock","41":"taxable","42":"shipping-taxable","43":"purchasable","44":"product-type-variable"},"acf":[],"yoast_head":"<!-- This site is optimized with the Yoast SEO plugin v26.0 - https:\/\/yoast.com\/wordpress\/plugins\/seo\/ -->\n<title>ProJob 5521 t\u00f6\u00f6p\u00fcksid - Kruze.ee<\/title>\n<meta name=\"robots\" content=\"index, follow, max-snippet:-1, max-image-preview:large, max-video-preview:-1\" \/>\n<link rel=\"canonical\" href=\"https:\/\/kruze.ee\/et\/toode\/projob-5521-toopuksid\/\" \/>\n<meta property=\"og:locale\" content=\"et_EE\" \/>\n<meta property=\"og:type\" content=\"article\" \/>\n<meta property=\"og:title\" content=\"ProJob 5521 t\u00f6\u00f6p\u00fcksid - Kruze.ee\" \/>\n<meta property=\"og:description\" content=\"Vastupidavast puuvillast t\u00f6\u00f6p\u00fcksid Cordura\u00ae-tugevdustega. M\u00f5lemal k\u00fcljel on t\u00f6\u00f6riistataskud, mida saab peita k\u00fcljetaskutesse \u2013 \u00fchel pool lisataskud ja teisel...\" \/>\n<meta property=\"og:url\" content=\"https:\/\/kruze.ee\/et\/toode\/projob-5521-toopuksid\/\" \/>\n<meta property=\"og:site_name\" content=\"Kruze.ee\" \/>\n<meta property=\"article:modified_time\" content=\"2026-03-16T22:34:13+00:00\" \/>\n<meta name=\"twitter:card\" content=\"summary_large_image\" \/>\n<script type=\"application\/ld+json\" class=\"yoast-schema-graph\">{\"@context\":\"https:\/\/schema.org\",\"@graph\":[{\"@type\":\"WebPage\",\"@id\":\"https:\/\/kruze.ee\/et\/toode\/projob-5521-toopuksid\/\",\"url\":\"https:\/\/kruze.ee\/et\/toode\/projob-5521-toopuksid\/\",\"name\":\"ProJob 5521 t\u00f6\u00f6p\u00fcksid - Kruze.ee\",\"isPartOf\":{\"@id\":\"https:\/\/kruze.ee\/et\/#website\"},\"datePublished\":\"2026-01-26T16:00:05+00:00\",\"dateModified\":\"2026-03-16T22:34:13+00:00\",\"breadcrumb\":{\"@id\":\"https:\/\/kruze.ee\/et\/toode\/projob-5521-toopuksid\/#breadcrumb\"},\"inLanguage\":\"et\",\"potentialAction\":[{\"@type\":\"ReadAction\",\"target\":[\"https:\/\/kruze.ee\/et\/toode\/projob-5521-toopuksid\/\"]}]},{\"@type\":\"BreadcrumbList\",\"@id\":\"https:\/\/kruze.ee\/et\/toode\/projob-5521-toopuksid\/#breadcrumb\",\"itemListElement\":[{\"@type\":\"ListItem\",\"position\":1,\"name\":\"Home\",\"item\":\"https:\/\/kruze.ee\/et\/\"},{\"@type\":\"ListItem\",\"position\":2,\"name\":\"Tooted\",\"item\":\"https:\/\/kruze.ee\/et\/tooted\/\"},{\"@type\":\"ListItem\",\"position\":3,\"name\":\"ProJob 5521 t\u00f6\u00f6p\u00fcksid\"}]},{\"@type\":\"WebSite\",\"@id\":\"https:\/\/kruze.ee\/et\/#website\",\"url\":\"https:\/\/kruze.ee\/et\/\",\"name\":\"Kruze.ee\",\"description\":\"Reklaamkingitused, tr&uuml;kiga T-s&auml;rgid, fliisid, dressipluused, tekstiil, joped ja paljud teised logoga meened, &Auml;rikingitused sinu partnerile! Telli juba t&auml;na.\",\"potentialAction\":[{\"@type\":\"SearchAction\",\"target\":{\"@type\":\"EntryPoint\",\"urlTemplate\":\"https:\/\/kruze.ee\/et\/?s={search_term_string}\"},\"query-input\":{\"@type\":\"PropertyValueSpecification\",\"valueRequired\":true,\"valueName\":\"search_term_string\"}}],\"inLanguage\":\"et\"}]}<\/script>\n<!-- \/ Yoast SEO plugin. -->","yoast_head_json":{"title":"ProJob 5521 t\u00f6\u00f6p\u00fcksid - Kruze.ee","robots":{"index":"index","follow":"follow","max-snippet":"max-snippet:-1","max-image-preview":"max-image-preview:large","max-video-preview":"max-video-preview:-1"},"canonical":"https:\/\/kruze.ee\/et\/toode\/projob-5521-toopuksid\/","og_locale":"et_EE","og_type":"article","og_title":"ProJob 5521 t\u00f6\u00f6p\u00fcksid - Kruze.ee","og_description":"Vastupidavast puuvillast t\u00f6\u00f6p\u00fcksid Cordura\u00ae-tugevdustega. M\u00f5lemal k\u00fcljel on t\u00f6\u00f6riistataskud, mida saab peita k\u00fcljetaskutesse \u2013 \u00fchel pool lisataskud ja teisel...","og_url":"https:\/\/kruze.ee\/et\/toode\/projob-5521-toopuksid\/","og_site_name":"Kruze.ee","article_modified_time":"2026-03-16T22:34:13+00:00","twitter_card":"summary_large_image","schema":{"@context":"https:\/\/schema.org","@graph":[{"@type":"WebPage","@id":"https:\/\/kruze.ee\/et\/toode\/projob-5521-toopuksid\/","url":"https:\/\/kruze.ee\/et\/toode\/projob-5521-toopuksid\/","name":"ProJob 5521 t\u00f6\u00f6p\u00fcksid - Kruze.ee","isPartOf":{"@id":"https:\/\/kruze.ee\/et\/#website"},"datePublished":"2026-01-26T16:00:05+00:00","dateModified":"2026-03-16T22:34:13+00:00","breadcrumb":{"@id":"https:\/\/kruze.ee\/et\/toode\/projob-5521-toopuksid\/#breadcrumb"},"inLanguage":"et","potentialAction":[{"@type":"ReadAction","target":["https:\/\/kruze.ee\/et\/toode\/projob-5521-toopuksid\/"]}]},{"@type":"BreadcrumbList","@id":"https:\/\/kruze.ee\/et\/toode\/projob-5521-toopuksid\/#breadcrumb","itemListElement":[{"@type":"ListItem","position":1,"name":"Home","item":"https:\/\/kruze.ee\/et\/"},{"@type":"ListItem","position":2,"name":"Tooted","item":"https:\/\/kruze.ee\/et\/tooted\/"},{"@type":"ListItem","position":3,"name":"ProJob 5521 t\u00f6\u00f6p\u00fcksid"}]},{"@type":"WebSite","@id":"https:\/\/kruze.ee\/et\/#website","url":"https:\/\/kruze.ee\/et\/","name":"Kruze.ee","description":"Reklaamkingitused, tr&uuml;kiga T-s&auml;rgid, fliisid, dressipluused, tekstiil, joped ja paljud teised logoga meened, &Auml;rikingitused sinu partnerile! Telli juba t&auml;na.","potentialAction":[{"@type":"SearchAction","target":{"@type":"EntryPoint","urlTemplate":"https:\/\/kruze.ee\/et\/?s={search_term_string}"},"query-input":{"@type":"PropertyValueSpecification","valueRequired":true,"valueName":"search_term_string"}}],"inLanguage":"et"}]}},"_links":{"self":[{"href":"https:\/\/kruze.ee\/et\/wp-json\/wp\/v2\/product\/1438533","targetHints":{"allow":["GET"]}}],"collection":[{"href":"https:\/\/kruze.ee\/et\/wp-json\/wp\/v2\/product"}],"about":[{"href":"https:\/\/kruze.ee\/et\/wp-json\/wp\/v2\/types\/product"}],"wp:attachment":[{"href":"https:\/\/kruze.ee\/et\/wp-json\/wp\/v2\/media?parent=1438533"}],"wp:term":[{"taxonomy":"product_brand","embeddable":true,"href":"https:\/\/kruze.ee\/et\/wp-json\/wp\/v2\/product_brand?post=1438533"},{"taxonomy":"product_cat","embeddable":true,"href":"https:\/\/kruze.ee\/et\/wp-json\/wp\/v2\/product_cat?post=1438533"},{"taxonomy":"product_tag","embeddable":true,"href":"https:\/\/kruze.ee\/et\/wp-json\/wp\/v2\/product_tag?post=1438533"}],"curies":[{"name":"wp","href":"https:\/\/api.w.org\/{rel}","templated":true}]}}