{"id":1438251,"date":"2026-01-26T18:48:39","date_gmt":"2026-01-26T15:48:39","guid":{"rendered":"https:\/\/kruze.ee\/product\/projob-5531-toopuksid\/"},"modified":"2026-03-17T01:33:58","modified_gmt":"2026-03-16T22:33:58","slug":"projob-5531-toopuksid","status":"publish","type":"product","link":"https:\/\/kruze.ee\/et\/toode\/projob-5531-toopuksid\/","title":{"rendered":"ProJob 5531 t\u00f6\u00f6p\u00fcksid"},"content":{"rendered":"<p>T\u00f6\u00f6p\u00fcksid t\u00f6\u00f6riistataskutega, mida saab peita k\u00fcljetaskutesse \u2013 \u00fchel taskul lisatasku ja teisel t\u00f6\u00f6riistasilmused. Tagataskud klapi ja takjakinnitusega. M\u00f5\u00f5dulindi tasku ning t\u00f6\u00f6riistatasku noanupuga. Kaks haamriaasa, \u00fcks m\u00f5lemal k\u00fcljel. Tugevdused t\u00f6\u00f6riistataskute sisek\u00fcljel, m\u00f5\u00f5dulindi taskul ja p\u00f5lvedel. Helkurrant p\u00fckste v\u00e4lisk\u00fclgedel. Eelvormitud p\u00f5lved. Sisemised taskud p\u00f5lvekaitsmete jaoks, reguleeritavad kahel k\u00f5rgusel. Suurused C42\u2013C64 on pikendatavad 5 cm v\u00f5rra.<\/p>\n","protected":false},"excerpt":{"rendered":"<p>T\u00f6\u00f6p\u00fcksid t\u00f6\u00f6riistataskutega, mida saab peita k\u00fcljetaskutesse \u2013 \u00fchel taskul lisatasku ja teisel t\u00f6\u00f6riistasilmused. Tagataskud klapi ja takjakinnitusega&#8230;.<\/p>\n","protected":false},"featured_media":0,"template":"","meta":[],"product_brand":[],"product_cat":[5475],"product_tag":[],"class_list":{"0":"post-1438251","1":"product","2":"type-product","3":"status-publish","5":"product_cat-toopuksid","6":"pa_brand-projob","7":"pa_color-hall","8":"pa_color-khaki","9":"pa_color-metsaroheline","10":"pa_color-black-2","11":"pa_color-punane","12":"pa_color-taevasinine","13":"pa_color-tumesinine","14":"pa_gender-uniseks","15":"pa_gender-unisex","18":"pa_material-65-polyester-35-cotton-245-gm2","19":"pa_size-c44","20":"pa_size-c46","21":"pa_size-c48","22":"pa_size-c50","23":"pa_size-c52","24":"pa_size-c54","25":"pa_size-c56","26":"pa_size-c58","27":"pa_size-c60","28":"pa_size-c62","29":"pa_size-c64","30":"pa_size-d100","31":"pa_size-d104","32":"pa_size-d108","33":"pa_size-d112","34":"pa_size-d116","35":"pa_size-d120","36":"pa_size-d84","37":"pa_size-d88","38":"pa_size-d92","39":"pa_size-d96","41":"first","42":"instock","43":"taxable","44":"shipping-taxable","45":"purchasable","46":"product-type-variable"},"acf":[],"yoast_head":"<!-- This site is optimized with the Yoast SEO plugin v26.0 - https:\/\/yoast.com\/wordpress\/plugins\/seo\/ -->\n<title>ProJob 5531 t\u00f6\u00f6p\u00fcksid - Kruze.ee<\/title>\n<meta name=\"robots\" content=\"index, follow, max-snippet:-1, max-image-preview:large, max-video-preview:-1\" \/>\n<link rel=\"canonical\" href=\"https:\/\/kruze.ee\/et\/toode\/projob-5531-toopuksid\/\" \/>\n<meta property=\"og:locale\" content=\"et_EE\" \/>\n<meta property=\"og:type\" content=\"article\" \/>\n<meta property=\"og:title\" content=\"ProJob 5531 t\u00f6\u00f6p\u00fcksid - Kruze.ee\" \/>\n<meta property=\"og:description\" content=\"T\u00f6\u00f6p\u00fcksid t\u00f6\u00f6riistataskutega, mida saab peita k\u00fcljetaskutesse \u2013 \u00fchel taskul lisatasku ja teisel t\u00f6\u00f6riistasilmused. Tagataskud klapi ja takjakinnitusega....\" \/>\n<meta property=\"og:url\" content=\"https:\/\/kruze.ee\/et\/toode\/projob-5531-toopuksid\/\" \/>\n<meta property=\"og:site_name\" content=\"Kruze.ee\" \/>\n<meta property=\"article:modified_time\" content=\"2026-03-16T22:33:58+00:00\" \/>\n<meta name=\"twitter:card\" content=\"summary_large_image\" \/>\n<meta name=\"twitter:label1\" content=\"Est. reading time\" \/>\n\t<meta name=\"twitter:data1\" content=\"1 minut\" \/>\n<script type=\"application\/ld+json\" class=\"yoast-schema-graph\">{\"@context\":\"https:\/\/schema.org\",\"@graph\":[{\"@type\":\"WebPage\",\"@id\":\"https:\/\/kruze.ee\/et\/toode\/projob-5531-toopuksid\/\",\"url\":\"https:\/\/kruze.ee\/et\/toode\/projob-5531-toopuksid\/\",\"name\":\"ProJob 5531 t\u00f6\u00f6p\u00fcksid - Kruze.ee\",\"isPartOf\":{\"@id\":\"https:\/\/kruze.ee\/et\/#website\"},\"datePublished\":\"2026-01-26T15:48:39+00:00\",\"dateModified\":\"2026-03-16T22:33:58+00:00\",\"breadcrumb\":{\"@id\":\"https:\/\/kruze.ee\/et\/toode\/projob-5531-toopuksid\/#breadcrumb\"},\"inLanguage\":\"et\",\"potentialAction\":[{\"@type\":\"ReadAction\",\"target\":[\"https:\/\/kruze.ee\/et\/toode\/projob-5531-toopuksid\/\"]}]},{\"@type\":\"BreadcrumbList\",\"@id\":\"https:\/\/kruze.ee\/et\/toode\/projob-5531-toopuksid\/#breadcrumb\",\"itemListElement\":[{\"@type\":\"ListItem\",\"position\":1,\"name\":\"Home\",\"item\":\"https:\/\/kruze.ee\/et\/\"},{\"@type\":\"ListItem\",\"position\":2,\"name\":\"Tooted\",\"item\":\"https:\/\/kruze.ee\/et\/tooted\/\"},{\"@type\":\"ListItem\",\"position\":3,\"name\":\"ProJob 5531 t\u00f6\u00f6p\u00fcksid\"}]},{\"@type\":\"WebSite\",\"@id\":\"https:\/\/kruze.ee\/et\/#website\",\"url\":\"https:\/\/kruze.ee\/et\/\",\"name\":\"Kruze.ee\",\"description\":\"Reklaamkingitused, tr&uuml;kiga T-s&auml;rgid, fliisid, dressipluused, tekstiil, joped ja paljud teised logoga meened, &Auml;rikingitused sinu partnerile! Telli juba t&auml;na.\",\"potentialAction\":[{\"@type\":\"SearchAction\",\"target\":{\"@type\":\"EntryPoint\",\"urlTemplate\":\"https:\/\/kruze.ee\/et\/?s={search_term_string}\"},\"query-input\":{\"@type\":\"PropertyValueSpecification\",\"valueRequired\":true,\"valueName\":\"search_term_string\"}}],\"inLanguage\":\"et\"}]}<\/script>\n<!-- \/ Yoast SEO plugin. -->","yoast_head_json":{"title":"ProJob 5531 t\u00f6\u00f6p\u00fcksid - Kruze.ee","robots":{"index":"index","follow":"follow","max-snippet":"max-snippet:-1","max-image-preview":"max-image-preview:large","max-video-preview":"max-video-preview:-1"},"canonical":"https:\/\/kruze.ee\/et\/toode\/projob-5531-toopuksid\/","og_locale":"et_EE","og_type":"article","og_title":"ProJob 5531 t\u00f6\u00f6p\u00fcksid - Kruze.ee","og_description":"T\u00f6\u00f6p\u00fcksid t\u00f6\u00f6riistataskutega, mida saab peita k\u00fcljetaskutesse \u2013 \u00fchel taskul lisatasku ja teisel t\u00f6\u00f6riistasilmused. Tagataskud klapi ja takjakinnitusega....","og_url":"https:\/\/kruze.ee\/et\/toode\/projob-5531-toopuksid\/","og_site_name":"Kruze.ee","article_modified_time":"2026-03-16T22:33:58+00:00","twitter_card":"summary_large_image","twitter_misc":{"Est. reading time":"1 minut"},"schema":{"@context":"https:\/\/schema.org","@graph":[{"@type":"WebPage","@id":"https:\/\/kruze.ee\/et\/toode\/projob-5531-toopuksid\/","url":"https:\/\/kruze.ee\/et\/toode\/projob-5531-toopuksid\/","name":"ProJob 5531 t\u00f6\u00f6p\u00fcksid - Kruze.ee","isPartOf":{"@id":"https:\/\/kruze.ee\/et\/#website"},"datePublished":"2026-01-26T15:48:39+00:00","dateModified":"2026-03-16T22:33:58+00:00","breadcrumb":{"@id":"https:\/\/kruze.ee\/et\/toode\/projob-5531-toopuksid\/#breadcrumb"},"inLanguage":"et","potentialAction":[{"@type":"ReadAction","target":["https:\/\/kruze.ee\/et\/toode\/projob-5531-toopuksid\/"]}]},{"@type":"BreadcrumbList","@id":"https:\/\/kruze.ee\/et\/toode\/projob-5531-toopuksid\/#breadcrumb","itemListElement":[{"@type":"ListItem","position":1,"name":"Home","item":"https:\/\/kruze.ee\/et\/"},{"@type":"ListItem","position":2,"name":"Tooted","item":"https:\/\/kruze.ee\/et\/tooted\/"},{"@type":"ListItem","position":3,"name":"ProJob 5531 t\u00f6\u00f6p\u00fcksid"}]},{"@type":"WebSite","@id":"https:\/\/kruze.ee\/et\/#website","url":"https:\/\/kruze.ee\/et\/","name":"Kruze.ee","description":"Reklaamkingitused, tr&uuml;kiga T-s&auml;rgid, fliisid, dressipluused, tekstiil, joped ja paljud teised logoga meened, &Auml;rikingitused sinu partnerile! Telli juba t&auml;na.","potentialAction":[{"@type":"SearchAction","target":{"@type":"EntryPoint","urlTemplate":"https:\/\/kruze.ee\/et\/?s={search_term_string}"},"query-input":{"@type":"PropertyValueSpecification","valueRequired":true,"valueName":"search_term_string"}}],"inLanguage":"et"}]}},"_links":{"self":[{"href":"https:\/\/kruze.ee\/et\/wp-json\/wp\/v2\/product\/1438251","targetHints":{"allow":["GET"]}}],"collection":[{"href":"https:\/\/kruze.ee\/et\/wp-json\/wp\/v2\/product"}],"about":[{"href":"https:\/\/kruze.ee\/et\/wp-json\/wp\/v2\/types\/product"}],"wp:attachment":[{"href":"https:\/\/kruze.ee\/et\/wp-json\/wp\/v2\/media?parent=1438251"}],"wp:term":[{"taxonomy":"product_brand","embeddable":true,"href":"https:\/\/kruze.ee\/et\/wp-json\/wp\/v2\/product_brand?post=1438251"},{"taxonomy":"product_cat","embeddable":true,"href":"https:\/\/kruze.ee\/et\/wp-json\/wp\/v2\/product_cat?post=1438251"},{"taxonomy":"product_tag","embeddable":true,"href":"https:\/\/kruze.ee\/et\/wp-json\/wp\/v2\/product_tag?post=1438251"}],"curies":[{"name":"wp","href":"https:\/\/api.w.org\/{rel}","templated":true}]}}