{"id":1438211,"date":"2026-01-26T18:38:34","date_gmt":"2026-01-26T15:38:34","guid":{"rendered":"https:\/\/kruze.ee\/product\/projob-5563-naiste-puuvillased-toopuksid\/"},"modified":"2026-03-17T01:32:46","modified_gmt":"2026-03-16T22:32:46","slug":"projob-5563-naiste-puuvillased-toopuksid","status":"publish","type":"product","link":"https:\/\/kruze.ee\/et\/toode\/projob-5563-naiste-puuvillased-toopuksid\/","title":{"rendered":"ProJob 5563 naiste puuvillased t\u00f6\u00f6p\u00fcksid"},"content":{"rendered":"<p>Vastupidavast puuvillast t\u00f6\u00f6p\u00fcksid veidi madalama grammkaaluga, mis teeb need kergemaks ja mugavamaks kanda. T\u00f6\u00f6riistataskud, mida saab peita k\u00fcljetaskutesse \u2013 \u00fchel lisatasku ja teisel t\u00f6\u00f6riistasilmused. Tagataskud klapi ja takjakinnitusega. M\u00f5\u00f5dulindi tasku koos t\u00f6\u00f6riistataskuga ja noanupuga. Kaks haamriaasa, \u00fcks m\u00f5lemal k\u00fcljel. Tugevdused t\u00f6\u00f6riistataskute sisek\u00fcljel, m\u00f5\u00f5dulindi taskul ja p\u00f5lvedel. Eelvormitud p\u00f5lved. Sisemised taskud p\u00f5lvekaitsmete jaoks, reguleeritavad kahel k\u00f5rgusel. Suurused C42\u2013C64 on pikendatavad 5 cm v\u00f5rra.<\/p>\n","protected":false},"excerpt":{"rendered":"<p>Vastupidavast puuvillast t\u00f6\u00f6p\u00fcksid veidi madalama grammkaaluga, mis teeb need kergemaks ja mugavamaks kanda. T\u00f6\u00f6riistataskud, mida saab peita k\u00fcljetaskutesse \u2013&#8230;<\/p>\n","protected":false},"featured_media":0,"template":"","meta":[],"product_brand":[],"product_cat":[5475],"product_tag":[],"class_list":{"0":"post-1438211","1":"product","2":"type-product","3":"status-publish","5":"product_cat-toopuksid","6":"pa_brand-projob","7":"pa_color-black-2","8":"pa_color-tumesinine","9":"pa_gender-naised","10":"pa_gender-women","11":"pa_material-100-cotton-320-gm2","12":"pa_size-c34","13":"pa_size-c36","14":"pa_size-c38","15":"pa_size-c40","16":"pa_size-c42","17":"pa_size-c44","18":"pa_size-c46","19":"pa_size-c48","20":"pa_size-c50","22":"first","23":"instock","24":"taxable","25":"shipping-taxable","26":"purchasable","27":"product-type-variable"},"acf":[],"yoast_head":"<!-- This site is optimized with the Yoast SEO plugin v26.0 - https:\/\/yoast.com\/wordpress\/plugins\/seo\/ -->\n<title>ProJob 5563 naiste puuvillased t\u00f6\u00f6p\u00fcksid - Kruze.ee<\/title>\n<meta name=\"robots\" content=\"index, follow, max-snippet:-1, max-image-preview:large, max-video-preview:-1\" \/>\n<link rel=\"canonical\" href=\"https:\/\/kruze.ee\/et\/toode\/projob-5563-naiste-puuvillased-toopuksid\/\" \/>\n<meta property=\"og:locale\" content=\"et_EE\" \/>\n<meta property=\"og:type\" content=\"article\" \/>\n<meta property=\"og:title\" content=\"ProJob 5563 naiste puuvillased t\u00f6\u00f6p\u00fcksid - Kruze.ee\" \/>\n<meta property=\"og:description\" content=\"Vastupidavast puuvillast t\u00f6\u00f6p\u00fcksid veidi madalama grammkaaluga, mis teeb need kergemaks ja mugavamaks kanda. T\u00f6\u00f6riistataskud, mida saab peita k\u00fcljetaskutesse \u2013...\" \/>\n<meta property=\"og:url\" content=\"https:\/\/kruze.ee\/et\/toode\/projob-5563-naiste-puuvillased-toopuksid\/\" \/>\n<meta property=\"og:site_name\" content=\"Kruze.ee\" \/>\n<meta property=\"article:modified_time\" content=\"2026-03-16T22:32:46+00:00\" \/>\n<meta name=\"twitter:card\" content=\"summary_large_image\" \/>\n<meta name=\"twitter:label1\" content=\"Est. reading time\" \/>\n\t<meta name=\"twitter:data1\" content=\"1 minut\" \/>\n<script type=\"application\/ld+json\" class=\"yoast-schema-graph\">{\"@context\":\"https:\/\/schema.org\",\"@graph\":[{\"@type\":\"WebPage\",\"@id\":\"https:\/\/kruze.ee\/et\/toode\/projob-5563-naiste-puuvillased-toopuksid\/\",\"url\":\"https:\/\/kruze.ee\/et\/toode\/projob-5563-naiste-puuvillased-toopuksid\/\",\"name\":\"ProJob 5563 naiste puuvillased t\u00f6\u00f6p\u00fcksid - Kruze.ee\",\"isPartOf\":{\"@id\":\"https:\/\/kruze.ee\/et\/#website\"},\"datePublished\":\"2026-01-26T15:38:34+00:00\",\"dateModified\":\"2026-03-16T22:32:46+00:00\",\"breadcrumb\":{\"@id\":\"https:\/\/kruze.ee\/et\/toode\/projob-5563-naiste-puuvillased-toopuksid\/#breadcrumb\"},\"inLanguage\":\"et\",\"potentialAction\":[{\"@type\":\"ReadAction\",\"target\":[\"https:\/\/kruze.ee\/et\/toode\/projob-5563-naiste-puuvillased-toopuksid\/\"]}]},{\"@type\":\"BreadcrumbList\",\"@id\":\"https:\/\/kruze.ee\/et\/toode\/projob-5563-naiste-puuvillased-toopuksid\/#breadcrumb\",\"itemListElement\":[{\"@type\":\"ListItem\",\"position\":1,\"name\":\"Home\",\"item\":\"https:\/\/kruze.ee\/et\/\"},{\"@type\":\"ListItem\",\"position\":2,\"name\":\"Tooted\",\"item\":\"https:\/\/kruze.ee\/et\/tooted\/\"},{\"@type\":\"ListItem\",\"position\":3,\"name\":\"ProJob 5563 naiste puuvillased t\u00f6\u00f6p\u00fcksid\"}]},{\"@type\":\"WebSite\",\"@id\":\"https:\/\/kruze.ee\/et\/#website\",\"url\":\"https:\/\/kruze.ee\/et\/\",\"name\":\"Kruze.ee\",\"description\":\"Reklaamkingitused, tr&uuml;kiga T-s&auml;rgid, fliisid, dressipluused, tekstiil, joped ja paljud teised logoga meened, &Auml;rikingitused sinu partnerile! Telli juba t&auml;na.\",\"potentialAction\":[{\"@type\":\"SearchAction\",\"target\":{\"@type\":\"EntryPoint\",\"urlTemplate\":\"https:\/\/kruze.ee\/et\/?s={search_term_string}\"},\"query-input\":{\"@type\":\"PropertyValueSpecification\",\"valueRequired\":true,\"valueName\":\"search_term_string\"}}],\"inLanguage\":\"et\"}]}<\/script>\n<!-- \/ Yoast SEO plugin. -->","yoast_head_json":{"title":"ProJob 5563 naiste puuvillased t\u00f6\u00f6p\u00fcksid - Kruze.ee","robots":{"index":"index","follow":"follow","max-snippet":"max-snippet:-1","max-image-preview":"max-image-preview:large","max-video-preview":"max-video-preview:-1"},"canonical":"https:\/\/kruze.ee\/et\/toode\/projob-5563-naiste-puuvillased-toopuksid\/","og_locale":"et_EE","og_type":"article","og_title":"ProJob 5563 naiste puuvillased t\u00f6\u00f6p\u00fcksid - Kruze.ee","og_description":"Vastupidavast puuvillast t\u00f6\u00f6p\u00fcksid veidi madalama grammkaaluga, mis teeb need kergemaks ja mugavamaks kanda. T\u00f6\u00f6riistataskud, mida saab peita k\u00fcljetaskutesse \u2013...","og_url":"https:\/\/kruze.ee\/et\/toode\/projob-5563-naiste-puuvillased-toopuksid\/","og_site_name":"Kruze.ee","article_modified_time":"2026-03-16T22:32:46+00:00","twitter_card":"summary_large_image","twitter_misc":{"Est. reading time":"1 minut"},"schema":{"@context":"https:\/\/schema.org","@graph":[{"@type":"WebPage","@id":"https:\/\/kruze.ee\/et\/toode\/projob-5563-naiste-puuvillased-toopuksid\/","url":"https:\/\/kruze.ee\/et\/toode\/projob-5563-naiste-puuvillased-toopuksid\/","name":"ProJob 5563 naiste puuvillased t\u00f6\u00f6p\u00fcksid - Kruze.ee","isPartOf":{"@id":"https:\/\/kruze.ee\/et\/#website"},"datePublished":"2026-01-26T15:38:34+00:00","dateModified":"2026-03-16T22:32:46+00:00","breadcrumb":{"@id":"https:\/\/kruze.ee\/et\/toode\/projob-5563-naiste-puuvillased-toopuksid\/#breadcrumb"},"inLanguage":"et","potentialAction":[{"@type":"ReadAction","target":["https:\/\/kruze.ee\/et\/toode\/projob-5563-naiste-puuvillased-toopuksid\/"]}]},{"@type":"BreadcrumbList","@id":"https:\/\/kruze.ee\/et\/toode\/projob-5563-naiste-puuvillased-toopuksid\/#breadcrumb","itemListElement":[{"@type":"ListItem","position":1,"name":"Home","item":"https:\/\/kruze.ee\/et\/"},{"@type":"ListItem","position":2,"name":"Tooted","item":"https:\/\/kruze.ee\/et\/tooted\/"},{"@type":"ListItem","position":3,"name":"ProJob 5563 naiste puuvillased t\u00f6\u00f6p\u00fcksid"}]},{"@type":"WebSite","@id":"https:\/\/kruze.ee\/et\/#website","url":"https:\/\/kruze.ee\/et\/","name":"Kruze.ee","description":"Reklaamkingitused, tr&uuml;kiga T-s&auml;rgid, fliisid, dressipluused, tekstiil, joped ja paljud teised logoga meened, &Auml;rikingitused sinu partnerile! Telli juba t&auml;na.","potentialAction":[{"@type":"SearchAction","target":{"@type":"EntryPoint","urlTemplate":"https:\/\/kruze.ee\/et\/?s={search_term_string}"},"query-input":{"@type":"PropertyValueSpecification","valueRequired":true,"valueName":"search_term_string"}}],"inLanguage":"et"}]}},"_links":{"self":[{"href":"https:\/\/kruze.ee\/et\/wp-json\/wp\/v2\/product\/1438211","targetHints":{"allow":["GET"]}}],"collection":[{"href":"https:\/\/kruze.ee\/et\/wp-json\/wp\/v2\/product"}],"about":[{"href":"https:\/\/kruze.ee\/et\/wp-json\/wp\/v2\/types\/product"}],"wp:attachment":[{"href":"https:\/\/kruze.ee\/et\/wp-json\/wp\/v2\/media?parent=1438211"}],"wp:term":[{"taxonomy":"product_brand","embeddable":true,"href":"https:\/\/kruze.ee\/et\/wp-json\/wp\/v2\/product_brand?post=1438211"},{"taxonomy":"product_cat","embeddable":true,"href":"https:\/\/kruze.ee\/et\/wp-json\/wp\/v2\/product_cat?post=1438211"},{"taxonomy":"product_tag","embeddable":true,"href":"https:\/\/kruze.ee\/et\/wp-json\/wp\/v2\/product_tag?post=1438211"}],"curies":[{"name":"wp","href":"https:\/\/api.w.org\/{rel}","templated":true}]}}