{"id":1437881,"date":"2026-01-26T18:21:42","date_gmt":"2026-01-26T15:21:42","guid":{"rendered":"https:\/\/kruze.ee\/product\/projob-2521-stretch-naiste-toopuksid\/"},"modified":"2026-03-17T01:27:27","modified_gmt":"2026-03-16T22:27:27","slug":"projob-2521-stretch-naiste-toopuksid","status":"publish","type":"product","link":"https:\/\/kruze.ee\/et\/toode\/projob-2521-stretch-naiste-toopuksid\/","title":{"rendered":"ProJob 2521 STRETCH naiste t\u00f6\u00f6p\u00fcksid"},"content":{"rendered":"<p>V\u00e4ga hea painduvusega t\u00f6\u00f6p\u00fcksid. Istmiku-, jalgevahe- ja p\u00f5lvepiirkonnas veniv kangas tagab suurema liikumisvabaduse. Lukuga reietaskud: vasakul sisemine telefonitasku ning paremal sisemise aasaga tasku ID-kaardi jaoks. Tagumine laiem v\u00f6\u00f6aas aitab v\u00e4ltida v\u00f6\u00f6 tekitatavat survet. Tagataskud klapi ja takjakinnitusega. Peidetud kinnitus v\u00f6\u00f6kottide jaoks (viide tootele 9042). Peidetud n\u00f6\u00f6p ees.<\/p>\n","protected":false},"excerpt":{"rendered":"<p>V\u00e4ga hea painduvusega t\u00f6\u00f6p\u00fcksid. Istmiku-, jalgevahe- ja p\u00f5lvepiirkonnas veniv kangas tagab suurema liikumisvabaduse. Lukuga reietaskud: vasakul sisemine&#8230;<\/p>\n","protected":false},"featured_media":0,"template":"","meta":[],"product_brand":[],"product_cat":[5475],"product_tag":[],"class_list":{"0":"post-1437881","1":"product","2":"type-product","3":"status-publish","5":"product_cat-toopuksid","6":"pa_brand-projob","7":"pa_color-hall","8":"pa_color-metsaroheline","9":"pa_color-black-2","10":"pa_color-punane","11":"pa_color-taevasinine","12":"pa_color-tumesinine","13":"pa_gender-naised","14":"pa_gender-women","15":"pa_material-1-65-polyester-35-cotton-230-gm2-material-2-92-nylon-8-spandex-245-gm2","16":"pa_size-4090","17":"pa_size-4091","18":"pa_size-4072","19":"pa_size-4073","20":"pa_size-4074","21":"pa_size-4075","22":"pa_size-4076","23":"pa_size-4092","24":"pa_size-4093","25":"pa_size-6318","27":"first","28":"instock","29":"taxable","30":"shipping-taxable","31":"purchasable","32":"product-type-variable"},"acf":[],"yoast_head":"<!-- This site is optimized with the Yoast SEO plugin v26.0 - https:\/\/yoast.com\/wordpress\/plugins\/seo\/ -->\n<title>ProJob 2521 STRETCH naiste t\u00f6\u00f6p\u00fcksid - Kruze.ee<\/title>\n<meta name=\"robots\" content=\"index, follow, max-snippet:-1, max-image-preview:large, max-video-preview:-1\" \/>\n<link rel=\"canonical\" href=\"https:\/\/kruze.ee\/et\/toode\/projob-2521-stretch-naiste-toopuksid\/\" \/>\n<meta property=\"og:locale\" content=\"et_EE\" \/>\n<meta property=\"og:type\" content=\"article\" \/>\n<meta property=\"og:title\" content=\"ProJob 2521 STRETCH naiste t\u00f6\u00f6p\u00fcksid - Kruze.ee\" \/>\n<meta property=\"og:description\" content=\"V\u00e4ga hea painduvusega t\u00f6\u00f6p\u00fcksid. Istmiku-, jalgevahe- ja p\u00f5lvepiirkonnas veniv kangas tagab suurema liikumisvabaduse. Lukuga reietaskud: vasakul sisemine...\" \/>\n<meta property=\"og:url\" content=\"https:\/\/kruze.ee\/et\/toode\/projob-2521-stretch-naiste-toopuksid\/\" \/>\n<meta property=\"og:site_name\" content=\"Kruze.ee\" \/>\n<meta property=\"article:modified_time\" content=\"2026-03-16T22:27:27+00:00\" \/>\n<meta name=\"twitter:card\" content=\"summary_large_image\" \/>\n<meta name=\"twitter:label1\" content=\"Est. reading time\" \/>\n\t<meta name=\"twitter:data1\" content=\"1 minut\" \/>\n<script type=\"application\/ld+json\" class=\"yoast-schema-graph\">{\"@context\":\"https:\/\/schema.org\",\"@graph\":[{\"@type\":\"WebPage\",\"@id\":\"https:\/\/kruze.ee\/et\/toode\/projob-2521-stretch-naiste-toopuksid\/\",\"url\":\"https:\/\/kruze.ee\/et\/toode\/projob-2521-stretch-naiste-toopuksid\/\",\"name\":\"ProJob 2521 STRETCH naiste t\u00f6\u00f6p\u00fcksid - Kruze.ee\",\"isPartOf\":{\"@id\":\"https:\/\/kruze.ee\/et\/#website\"},\"datePublished\":\"2026-01-26T15:21:42+00:00\",\"dateModified\":\"2026-03-16T22:27:27+00:00\",\"breadcrumb\":{\"@id\":\"https:\/\/kruze.ee\/et\/toode\/projob-2521-stretch-naiste-toopuksid\/#breadcrumb\"},\"inLanguage\":\"et\",\"potentialAction\":[{\"@type\":\"ReadAction\",\"target\":[\"https:\/\/kruze.ee\/et\/toode\/projob-2521-stretch-naiste-toopuksid\/\"]}]},{\"@type\":\"BreadcrumbList\",\"@id\":\"https:\/\/kruze.ee\/et\/toode\/projob-2521-stretch-naiste-toopuksid\/#breadcrumb\",\"itemListElement\":[{\"@type\":\"ListItem\",\"position\":1,\"name\":\"Home\",\"item\":\"https:\/\/kruze.ee\/et\/\"},{\"@type\":\"ListItem\",\"position\":2,\"name\":\"Tooted\",\"item\":\"https:\/\/kruze.ee\/et\/tooted\/\"},{\"@type\":\"ListItem\",\"position\":3,\"name\":\"ProJob 2521 STRETCH naiste t\u00f6\u00f6p\u00fcksid\"}]},{\"@type\":\"WebSite\",\"@id\":\"https:\/\/kruze.ee\/et\/#website\",\"url\":\"https:\/\/kruze.ee\/et\/\",\"name\":\"Kruze.ee\",\"description\":\"Reklaamkingitused, tr&uuml;kiga T-s&auml;rgid, fliisid, dressipluused, tekstiil, joped ja paljud teised logoga meened, &Auml;rikingitused sinu partnerile! Telli juba t&auml;na.\",\"potentialAction\":[{\"@type\":\"SearchAction\",\"target\":{\"@type\":\"EntryPoint\",\"urlTemplate\":\"https:\/\/kruze.ee\/et\/?s={search_term_string}\"},\"query-input\":{\"@type\":\"PropertyValueSpecification\",\"valueRequired\":true,\"valueName\":\"search_term_string\"}}],\"inLanguage\":\"et\"}]}<\/script>\n<!-- \/ Yoast SEO plugin. -->","yoast_head_json":{"title":"ProJob 2521 STRETCH naiste t\u00f6\u00f6p\u00fcksid - Kruze.ee","robots":{"index":"index","follow":"follow","max-snippet":"max-snippet:-1","max-image-preview":"max-image-preview:large","max-video-preview":"max-video-preview:-1"},"canonical":"https:\/\/kruze.ee\/et\/toode\/projob-2521-stretch-naiste-toopuksid\/","og_locale":"et_EE","og_type":"article","og_title":"ProJob 2521 STRETCH naiste t\u00f6\u00f6p\u00fcksid - Kruze.ee","og_description":"V\u00e4ga hea painduvusega t\u00f6\u00f6p\u00fcksid. Istmiku-, jalgevahe- ja p\u00f5lvepiirkonnas veniv kangas tagab suurema liikumisvabaduse. Lukuga reietaskud: vasakul sisemine...","og_url":"https:\/\/kruze.ee\/et\/toode\/projob-2521-stretch-naiste-toopuksid\/","og_site_name":"Kruze.ee","article_modified_time":"2026-03-16T22:27:27+00:00","twitter_card":"summary_large_image","twitter_misc":{"Est. reading time":"1 minut"},"schema":{"@context":"https:\/\/schema.org","@graph":[{"@type":"WebPage","@id":"https:\/\/kruze.ee\/et\/toode\/projob-2521-stretch-naiste-toopuksid\/","url":"https:\/\/kruze.ee\/et\/toode\/projob-2521-stretch-naiste-toopuksid\/","name":"ProJob 2521 STRETCH naiste t\u00f6\u00f6p\u00fcksid - Kruze.ee","isPartOf":{"@id":"https:\/\/kruze.ee\/et\/#website"},"datePublished":"2026-01-26T15:21:42+00:00","dateModified":"2026-03-16T22:27:27+00:00","breadcrumb":{"@id":"https:\/\/kruze.ee\/et\/toode\/projob-2521-stretch-naiste-toopuksid\/#breadcrumb"},"inLanguage":"et","potentialAction":[{"@type":"ReadAction","target":["https:\/\/kruze.ee\/et\/toode\/projob-2521-stretch-naiste-toopuksid\/"]}]},{"@type":"BreadcrumbList","@id":"https:\/\/kruze.ee\/et\/toode\/projob-2521-stretch-naiste-toopuksid\/#breadcrumb","itemListElement":[{"@type":"ListItem","position":1,"name":"Home","item":"https:\/\/kruze.ee\/et\/"},{"@type":"ListItem","position":2,"name":"Tooted","item":"https:\/\/kruze.ee\/et\/tooted\/"},{"@type":"ListItem","position":3,"name":"ProJob 2521 STRETCH naiste t\u00f6\u00f6p\u00fcksid"}]},{"@type":"WebSite","@id":"https:\/\/kruze.ee\/et\/#website","url":"https:\/\/kruze.ee\/et\/","name":"Kruze.ee","description":"Reklaamkingitused, tr&uuml;kiga T-s&auml;rgid, fliisid, dressipluused, tekstiil, joped ja paljud teised logoga meened, &Auml;rikingitused sinu partnerile! Telli juba t&auml;na.","potentialAction":[{"@type":"SearchAction","target":{"@type":"EntryPoint","urlTemplate":"https:\/\/kruze.ee\/et\/?s={search_term_string}"},"query-input":{"@type":"PropertyValueSpecification","valueRequired":true,"valueName":"search_term_string"}}],"inLanguage":"et"}]}},"_links":{"self":[{"href":"https:\/\/kruze.ee\/et\/wp-json\/wp\/v2\/product\/1437881","targetHints":{"allow":["GET"]}}],"collection":[{"href":"https:\/\/kruze.ee\/et\/wp-json\/wp\/v2\/product"}],"about":[{"href":"https:\/\/kruze.ee\/et\/wp-json\/wp\/v2\/types\/product"}],"wp:attachment":[{"href":"https:\/\/kruze.ee\/et\/wp-json\/wp\/v2\/media?parent=1437881"}],"wp:term":[{"taxonomy":"product_brand","embeddable":true,"href":"https:\/\/kruze.ee\/et\/wp-json\/wp\/v2\/product_brand?post=1437881"},{"taxonomy":"product_cat","embeddable":true,"href":"https:\/\/kruze.ee\/et\/wp-json\/wp\/v2\/product_cat?post=1437881"},{"taxonomy":"product_tag","embeddable":true,"href":"https:\/\/kruze.ee\/et\/wp-json\/wp\/v2\/product_tag?post=1437881"}],"curies":[{"name":"wp","href":"https:\/\/api.w.org\/{rel}","templated":true}]}}