{"id":1437551,"date":"2026-01-26T12:08:26","date_gmt":"2026-01-26T09:08:26","guid":{"rendered":"https:\/\/kruze.ee\/product\/projob-3520-stretch-toopuksid\/"},"modified":"2026-03-17T01:31:46","modified_gmt":"2026-03-16T22:31:46","slug":"projob-3520-stretch-toopuksid","status":"publish","type":"product","link":"https:\/\/kruze.ee\/et\/toode\/projob-3520-stretch-toopuksid\/","title":{"rendered":"ProJob 3520 STRETCH  t\u00f6\u00f6p\u00fcksid"},"content":{"rendered":"<p>V\u00e4ga hea painduvusega t\u00f6\u00f6p\u00fcksid. Istmiku, jalgevahe ja p\u00f5lvede piirkonnas on veniv kangas, mis tagab suurema liikumisvabaduse. M\u00f5lemal jalapoolel lukuga ventilatsiooniavad v\u00f5rkkangast voodriga. M\u00f5lemal k\u00fcljel lukuga reietaskud koos v\u00e4limiste t\u00f6\u00f6riistataskutega; m\u00f5lemal on sisemine telefonitasku ja kinnitusklamber ID-kaardi jaoks. Eemaldatavad ripptaskud, mis kinnituvad PROJOBi leiutatud varjatud siinidega. Taga laiem v\u00f6\u00f6aas, et v\u00e4ltida survet v\u00f6\u00f6st. P\u00f5lvede tagak\u00fcljel helkurdetaile. Reguleeritavad s\u00e4\u00e4reotsad n\u00f6\u00f6riga. Eelvormitud p\u00f5lved. Sisemised taskud p\u00f5lvekaitsmete jaoks, reguleeritavad kahel k\u00f5rgustasemel. Ripptaskud ja s\u00e4\u00e4reotsad on tugevdatud Cordura\u00ae-kangaga suurema vastupidavuse tagamiseks.<\/p>\n","protected":false},"excerpt":{"rendered":"<p>V\u00e4ga hea painduvusega t\u00f6\u00f6p\u00fcksid. Istmiku, jalgevahe ja p\u00f5lvede piirkonnas on veniv kangas, mis tagab suurema liikumisvabaduse. M\u00f5lemal jalapoolel lukuga&#8230;<\/p>\n","protected":false},"featured_media":0,"template":"","meta":[],"product_brand":[],"product_cat":[5475],"product_tag":[],"class_list":{"0":"post-1437551","1":"product","2":"type-product","3":"status-publish","5":"product_cat-toopuksid","6":"pa_brand-projob","7":"pa_color-hall","8":"pa_color-metsaroheline","9":"pa_color-black-2","10":"pa_color-punane","11":"pa_color-taevasinine","12":"pa_color-tumesinine","13":"pa_gender-uniseks","14":"pa_gender-unisex","17":"pa_material-1-65-polyester-35-cotton-230-gm2-material-2-915-polyamide-85-elastane-245-gm2","18":"pa_size-c146","19":"pa_size-c148","20":"pa_size-c150","21":"pa_size-c152","22":"pa_size-c154","23":"pa_size-c156","24":"pa_size-c44","25":"pa_size-c46","26":"pa_size-c48","27":"pa_size-c50","28":"pa_size-c52","29":"pa_size-c54","30":"pa_size-c56","31":"pa_size-c58","32":"pa_size-c60","33":"pa_size-c62","34":"pa_size-d100","35":"pa_size-d104","36":"pa_size-d108","37":"pa_size-d112","38":"pa_size-d116","39":"pa_size-d120","40":"pa_size-d84","41":"pa_size-d88","42":"pa_size-d92","43":"pa_size-d96","45":"first","46":"instock","47":"taxable","48":"shipping-taxable","49":"purchasable","50":"product-type-variable"},"acf":[],"yoast_head":"<!-- This site is optimized with the Yoast SEO plugin v26.0 - https:\/\/yoast.com\/wordpress\/plugins\/seo\/ -->\n<title>ProJob 3520 STRETCH t\u00f6\u00f6p\u00fcksid - Kruze.ee<\/title>\n<meta name=\"robots\" content=\"index, follow, max-snippet:-1, max-image-preview:large, max-video-preview:-1\" \/>\n<link rel=\"canonical\" href=\"https:\/\/kruze.ee\/et\/toode\/projob-3520-stretch-toopuksid\/\" \/>\n<meta property=\"og:locale\" content=\"et_EE\" \/>\n<meta property=\"og:type\" content=\"article\" \/>\n<meta property=\"og:title\" content=\"ProJob 3520 STRETCH t\u00f6\u00f6p\u00fcksid - Kruze.ee\" \/>\n<meta property=\"og:description\" content=\"V\u00e4ga hea painduvusega t\u00f6\u00f6p\u00fcksid. Istmiku, jalgevahe ja p\u00f5lvede piirkonnas on veniv kangas, mis tagab suurema liikumisvabaduse. M\u00f5lemal jalapoolel lukuga...\" \/>\n<meta property=\"og:url\" content=\"https:\/\/kruze.ee\/et\/toode\/projob-3520-stretch-toopuksid\/\" \/>\n<meta property=\"og:site_name\" content=\"Kruze.ee\" \/>\n<meta property=\"article:modified_time\" content=\"2026-03-16T22:31:46+00:00\" \/>\n<meta name=\"twitter:card\" content=\"summary_large_image\" \/>\n<meta name=\"twitter:label1\" content=\"Est. reading time\" \/>\n\t<meta name=\"twitter:data1\" content=\"1 minut\" \/>\n<script type=\"application\/ld+json\" class=\"yoast-schema-graph\">{\"@context\":\"https:\/\/schema.org\",\"@graph\":[{\"@type\":\"WebPage\",\"@id\":\"https:\/\/kruze.ee\/et\/toode\/projob-3520-stretch-toopuksid\/\",\"url\":\"https:\/\/kruze.ee\/et\/toode\/projob-3520-stretch-toopuksid\/\",\"name\":\"ProJob 3520 STRETCH t\u00f6\u00f6p\u00fcksid - Kruze.ee\",\"isPartOf\":{\"@id\":\"https:\/\/kruze.ee\/et\/#website\"},\"datePublished\":\"2026-01-26T09:08:26+00:00\",\"dateModified\":\"2026-03-16T22:31:46+00:00\",\"breadcrumb\":{\"@id\":\"https:\/\/kruze.ee\/et\/toode\/projob-3520-stretch-toopuksid\/#breadcrumb\"},\"inLanguage\":\"et\",\"potentialAction\":[{\"@type\":\"ReadAction\",\"target\":[\"https:\/\/kruze.ee\/et\/toode\/projob-3520-stretch-toopuksid\/\"]}]},{\"@type\":\"BreadcrumbList\",\"@id\":\"https:\/\/kruze.ee\/et\/toode\/projob-3520-stretch-toopuksid\/#breadcrumb\",\"itemListElement\":[{\"@type\":\"ListItem\",\"position\":1,\"name\":\"Home\",\"item\":\"https:\/\/kruze.ee\/et\/\"},{\"@type\":\"ListItem\",\"position\":2,\"name\":\"Tooted\",\"item\":\"https:\/\/kruze.ee\/et\/tooted\/\"},{\"@type\":\"ListItem\",\"position\":3,\"name\":\"ProJob 3520 STRETCH t\u00f6\u00f6p\u00fcksid\"}]},{\"@type\":\"WebSite\",\"@id\":\"https:\/\/kruze.ee\/et\/#website\",\"url\":\"https:\/\/kruze.ee\/et\/\",\"name\":\"Kruze.ee\",\"description\":\"Reklaamkingitused, tr&uuml;kiga T-s&auml;rgid, fliisid, dressipluused, tekstiil, joped ja paljud teised logoga meened, &Auml;rikingitused sinu partnerile! Telli juba t&auml;na.\",\"potentialAction\":[{\"@type\":\"SearchAction\",\"target\":{\"@type\":\"EntryPoint\",\"urlTemplate\":\"https:\/\/kruze.ee\/et\/?s={search_term_string}\"},\"query-input\":{\"@type\":\"PropertyValueSpecification\",\"valueRequired\":true,\"valueName\":\"search_term_string\"}}],\"inLanguage\":\"et\"}]}<\/script>\n<!-- \/ Yoast SEO plugin. -->","yoast_head_json":{"title":"ProJob 3520 STRETCH t\u00f6\u00f6p\u00fcksid - Kruze.ee","robots":{"index":"index","follow":"follow","max-snippet":"max-snippet:-1","max-image-preview":"max-image-preview:large","max-video-preview":"max-video-preview:-1"},"canonical":"https:\/\/kruze.ee\/et\/toode\/projob-3520-stretch-toopuksid\/","og_locale":"et_EE","og_type":"article","og_title":"ProJob 3520 STRETCH t\u00f6\u00f6p\u00fcksid - Kruze.ee","og_description":"V\u00e4ga hea painduvusega t\u00f6\u00f6p\u00fcksid. Istmiku, jalgevahe ja p\u00f5lvede piirkonnas on veniv kangas, mis tagab suurema liikumisvabaduse. M\u00f5lemal jalapoolel lukuga...","og_url":"https:\/\/kruze.ee\/et\/toode\/projob-3520-stretch-toopuksid\/","og_site_name":"Kruze.ee","article_modified_time":"2026-03-16T22:31:46+00:00","twitter_card":"summary_large_image","twitter_misc":{"Est. reading time":"1 minut"},"schema":{"@context":"https:\/\/schema.org","@graph":[{"@type":"WebPage","@id":"https:\/\/kruze.ee\/et\/toode\/projob-3520-stretch-toopuksid\/","url":"https:\/\/kruze.ee\/et\/toode\/projob-3520-stretch-toopuksid\/","name":"ProJob 3520 STRETCH t\u00f6\u00f6p\u00fcksid - Kruze.ee","isPartOf":{"@id":"https:\/\/kruze.ee\/et\/#website"},"datePublished":"2026-01-26T09:08:26+00:00","dateModified":"2026-03-16T22:31:46+00:00","breadcrumb":{"@id":"https:\/\/kruze.ee\/et\/toode\/projob-3520-stretch-toopuksid\/#breadcrumb"},"inLanguage":"et","potentialAction":[{"@type":"ReadAction","target":["https:\/\/kruze.ee\/et\/toode\/projob-3520-stretch-toopuksid\/"]}]},{"@type":"BreadcrumbList","@id":"https:\/\/kruze.ee\/et\/toode\/projob-3520-stretch-toopuksid\/#breadcrumb","itemListElement":[{"@type":"ListItem","position":1,"name":"Home","item":"https:\/\/kruze.ee\/et\/"},{"@type":"ListItem","position":2,"name":"Tooted","item":"https:\/\/kruze.ee\/et\/tooted\/"},{"@type":"ListItem","position":3,"name":"ProJob 3520 STRETCH t\u00f6\u00f6p\u00fcksid"}]},{"@type":"WebSite","@id":"https:\/\/kruze.ee\/et\/#website","url":"https:\/\/kruze.ee\/et\/","name":"Kruze.ee","description":"Reklaamkingitused, tr&uuml;kiga T-s&auml;rgid, fliisid, dressipluused, tekstiil, joped ja paljud teised logoga meened, &Auml;rikingitused sinu partnerile! Telli juba t&auml;na.","potentialAction":[{"@type":"SearchAction","target":{"@type":"EntryPoint","urlTemplate":"https:\/\/kruze.ee\/et\/?s={search_term_string}"},"query-input":{"@type":"PropertyValueSpecification","valueRequired":true,"valueName":"search_term_string"}}],"inLanguage":"et"}]}},"_links":{"self":[{"href":"https:\/\/kruze.ee\/et\/wp-json\/wp\/v2\/product\/1437551","targetHints":{"allow":["GET"]}}],"collection":[{"href":"https:\/\/kruze.ee\/et\/wp-json\/wp\/v2\/product"}],"about":[{"href":"https:\/\/kruze.ee\/et\/wp-json\/wp\/v2\/types\/product"}],"wp:attachment":[{"href":"https:\/\/kruze.ee\/et\/wp-json\/wp\/v2\/media?parent=1437551"}],"wp:term":[{"taxonomy":"product_brand","embeddable":true,"href":"https:\/\/kruze.ee\/et\/wp-json\/wp\/v2\/product_brand?post=1437551"},{"taxonomy":"product_cat","embeddable":true,"href":"https:\/\/kruze.ee\/et\/wp-json\/wp\/v2\/product_cat?post=1437551"},{"taxonomy":"product_tag","embeddable":true,"href":"https:\/\/kruze.ee\/et\/wp-json\/wp\/v2\/product_tag?post=1437551"}],"curies":[{"name":"wp","href":"https:\/\/api.w.org\/{rel}","templated":true}]}}