{"id":1437528,"date":"2026-01-25T20:53:59","date_gmt":"2026-01-25T17:53:59","guid":{"rendered":"https:\/\/kruze.ee\/product\/boska-boska-elektriline-peofonduu-komplekt-23-l-eu-f-tuupi-pistik\/"},"modified":"2026-03-17T01:30:24","modified_gmt":"2026-03-16T22:30:24","slug":"boska-boska-elektriline-peofonduu-komplekt-23-l-eu-f-tuupi-pistik","status":"publish","type":"product","link":"https:\/\/kruze.ee\/et\/toode\/boska-boska-elektriline-peofonduu-komplekt-23-l-eu-f-tuupi-pistik\/","title":{"rendered":"BOSKA elektriline fond\u00fc\u00fc komplekt \u2013 2,3 L (EU F-t\u00fc\u00fcpi pistik)"},"content":{"rendered":"<p>Elektriline fond\u00fc\u00fckomplekt Party kaubam\u00e4rgilt BOSKA \u2013 B Corporationi sertifikaadiga ettev\u00f5ttelt \u2013 on k\u00f5ik-\u00fches lahendus t\u00f5eliselt tasemel fond\u00fc\u00fc\u00f5htuks. Mahutab kuni 1,5 liitrit juustu-, \u0161okolaadi- v\u00f5i puljongifond\u00fc\u00fcd (hotpot) ning kuni 1,2 liitrit \u00f5lifond\u00fc\u00fcd (lihafond\u00fc\u00fc), tulles k\u00f5igega h\u00f5lpsalt toime. T\u00e4nu t\u00e4psele temperatuuri reguleerimisele ning PFAS- ja PTFE-vabale keraamilisele mittenakkuvale kattele p\u00fcsib fond\u00fc\u00fc ideaalselt kuumana ning puhastamine on lihtne. Kompaktne ja stiilne disain pakub ohutut kasutust.<\/p>\n","protected":false},"excerpt":{"rendered":"<p>Elektriline fond\u00fc\u00fckomplekt Party kaubam\u00e4rgilt BOSKA \u2013 B Corporationi sertifikaadiga ettev\u00f5ttelt \u2013 on k\u00f5ik-\u00fches lahendus t\u00f5eliselt tasemel fond\u00fc\u00fc\u00f5htuks. Mahutab&#8230;<\/p>\n","protected":false},"featured_media":0,"template":"","meta":[],"product_brand":[],"product_cat":[5444],"product_tag":[],"class_list":{"0":"post-1437528","1":"product","2":"type-product","3":"status-publish","5":"product_cat-muud-meened","6":"pa_gender-uniseks","9":"first","10":"instock","11":"purchasable","12":"product-type-simple"},"acf":[],"yoast_head":"<!-- This site is optimized with the Yoast SEO plugin v26.0 - https:\/\/yoast.com\/wordpress\/plugins\/seo\/ -->\n<title>BOSKA elektriline fond\u00fc\u00fc komplekt \u2013 2,3 L (EU F-t\u00fc\u00fcpi pistik) - Kruze.ee<\/title>\n<meta name=\"robots\" content=\"index, follow, max-snippet:-1, max-image-preview:large, max-video-preview:-1\" \/>\n<link rel=\"canonical\" href=\"https:\/\/kruze.ee\/et\/toode\/boska-boska-elektriline-peofonduu-komplekt-23-l-eu-f-tuupi-pistik\/\" \/>\n<meta property=\"og:locale\" content=\"et_EE\" \/>\n<meta property=\"og:type\" content=\"article\" \/>\n<meta property=\"og:title\" content=\"BOSKA elektriline fond\u00fc\u00fc komplekt \u2013 2,3 L (EU F-t\u00fc\u00fcpi pistik) - Kruze.ee\" \/>\n<meta property=\"og:description\" content=\"Elektriline fond\u00fc\u00fckomplekt Party kaubam\u00e4rgilt BOSKA \u2013 B Corporationi sertifikaadiga ettev\u00f5ttelt \u2013 on k\u00f5ik-\u00fches lahendus t\u00f5eliselt tasemel fond\u00fc\u00fc\u00f5htuks. Mahutab...\" \/>\n<meta property=\"og:url\" content=\"https:\/\/kruze.ee\/et\/toode\/boska-boska-elektriline-peofonduu-komplekt-23-l-eu-f-tuupi-pistik\/\" \/>\n<meta property=\"og:site_name\" content=\"Kruze.ee\" \/>\n<meta property=\"article:modified_time\" content=\"2026-03-16T22:30:24+00:00\" \/>\n<meta name=\"twitter:card\" content=\"summary_large_image\" \/>\n<script type=\"application\/ld+json\" class=\"yoast-schema-graph\">{\"@context\":\"https:\/\/schema.org\",\"@graph\":[{\"@type\":\"WebPage\",\"@id\":\"https:\/\/kruze.ee\/et\/toode\/boska-boska-elektriline-peofonduu-komplekt-23-l-eu-f-tuupi-pistik\/\",\"url\":\"https:\/\/kruze.ee\/et\/toode\/boska-boska-elektriline-peofonduu-komplekt-23-l-eu-f-tuupi-pistik\/\",\"name\":\"BOSKA elektriline fond\u00fc\u00fc komplekt \u2013 2,3 L (EU F-t\u00fc\u00fcpi pistik) - Kruze.ee\",\"isPartOf\":{\"@id\":\"https:\/\/kruze.ee\/et\/#website\"},\"datePublished\":\"2026-01-25T17:53:59+00:00\",\"dateModified\":\"2026-03-16T22:30:24+00:00\",\"breadcrumb\":{\"@id\":\"https:\/\/kruze.ee\/et\/toode\/boska-boska-elektriline-peofonduu-komplekt-23-l-eu-f-tuupi-pistik\/#breadcrumb\"},\"inLanguage\":\"et\",\"potentialAction\":[{\"@type\":\"ReadAction\",\"target\":[\"https:\/\/kruze.ee\/et\/toode\/boska-boska-elektriline-peofonduu-komplekt-23-l-eu-f-tuupi-pistik\/\"]}]},{\"@type\":\"BreadcrumbList\",\"@id\":\"https:\/\/kruze.ee\/et\/toode\/boska-boska-elektriline-peofonduu-komplekt-23-l-eu-f-tuupi-pistik\/#breadcrumb\",\"itemListElement\":[{\"@type\":\"ListItem\",\"position\":1,\"name\":\"Home\",\"item\":\"https:\/\/kruze.ee\/et\/\"},{\"@type\":\"ListItem\",\"position\":2,\"name\":\"Tooted\",\"item\":\"https:\/\/kruze.ee\/et\/tooted\/\"},{\"@type\":\"ListItem\",\"position\":3,\"name\":\"BOSKA elektriline fond\u00fc\u00fc komplekt \u2013 2,3 L (EU F-t\u00fc\u00fcpi pistik)\"}]},{\"@type\":\"WebSite\",\"@id\":\"https:\/\/kruze.ee\/et\/#website\",\"url\":\"https:\/\/kruze.ee\/et\/\",\"name\":\"Kruze.ee\",\"description\":\"Reklaamkingitused, tr&uuml;kiga T-s&auml;rgid, fliisid, dressipluused, tekstiil, joped ja paljud teised logoga meened, &Auml;rikingitused sinu partnerile! Telli juba t&auml;na.\",\"potentialAction\":[{\"@type\":\"SearchAction\",\"target\":{\"@type\":\"EntryPoint\",\"urlTemplate\":\"https:\/\/kruze.ee\/et\/?s={search_term_string}\"},\"query-input\":{\"@type\":\"PropertyValueSpecification\",\"valueRequired\":true,\"valueName\":\"search_term_string\"}}],\"inLanguage\":\"et\"}]}<\/script>\n<!-- \/ Yoast SEO plugin. -->","yoast_head_json":{"title":"BOSKA elektriline fond\u00fc\u00fc komplekt \u2013 2,3 L (EU F-t\u00fc\u00fcpi pistik) - Kruze.ee","robots":{"index":"index","follow":"follow","max-snippet":"max-snippet:-1","max-image-preview":"max-image-preview:large","max-video-preview":"max-video-preview:-1"},"canonical":"https:\/\/kruze.ee\/et\/toode\/boska-boska-elektriline-peofonduu-komplekt-23-l-eu-f-tuupi-pistik\/","og_locale":"et_EE","og_type":"article","og_title":"BOSKA elektriline fond\u00fc\u00fc komplekt \u2013 2,3 L (EU F-t\u00fc\u00fcpi pistik) - Kruze.ee","og_description":"Elektriline fond\u00fc\u00fckomplekt Party kaubam\u00e4rgilt BOSKA \u2013 B Corporationi sertifikaadiga ettev\u00f5ttelt \u2013 on k\u00f5ik-\u00fches lahendus t\u00f5eliselt tasemel fond\u00fc\u00fc\u00f5htuks. Mahutab...","og_url":"https:\/\/kruze.ee\/et\/toode\/boska-boska-elektriline-peofonduu-komplekt-23-l-eu-f-tuupi-pistik\/","og_site_name":"Kruze.ee","article_modified_time":"2026-03-16T22:30:24+00:00","twitter_card":"summary_large_image","schema":{"@context":"https:\/\/schema.org","@graph":[{"@type":"WebPage","@id":"https:\/\/kruze.ee\/et\/toode\/boska-boska-elektriline-peofonduu-komplekt-23-l-eu-f-tuupi-pistik\/","url":"https:\/\/kruze.ee\/et\/toode\/boska-boska-elektriline-peofonduu-komplekt-23-l-eu-f-tuupi-pistik\/","name":"BOSKA elektriline fond\u00fc\u00fc komplekt \u2013 2,3 L (EU F-t\u00fc\u00fcpi pistik) - Kruze.ee","isPartOf":{"@id":"https:\/\/kruze.ee\/et\/#website"},"datePublished":"2026-01-25T17:53:59+00:00","dateModified":"2026-03-16T22:30:24+00:00","breadcrumb":{"@id":"https:\/\/kruze.ee\/et\/toode\/boska-boska-elektriline-peofonduu-komplekt-23-l-eu-f-tuupi-pistik\/#breadcrumb"},"inLanguage":"et","potentialAction":[{"@type":"ReadAction","target":["https:\/\/kruze.ee\/et\/toode\/boska-boska-elektriline-peofonduu-komplekt-23-l-eu-f-tuupi-pistik\/"]}]},{"@type":"BreadcrumbList","@id":"https:\/\/kruze.ee\/et\/toode\/boska-boska-elektriline-peofonduu-komplekt-23-l-eu-f-tuupi-pistik\/#breadcrumb","itemListElement":[{"@type":"ListItem","position":1,"name":"Home","item":"https:\/\/kruze.ee\/et\/"},{"@type":"ListItem","position":2,"name":"Tooted","item":"https:\/\/kruze.ee\/et\/tooted\/"},{"@type":"ListItem","position":3,"name":"BOSKA elektriline fond\u00fc\u00fc komplekt \u2013 2,3 L (EU F-t\u00fc\u00fcpi pistik)"}]},{"@type":"WebSite","@id":"https:\/\/kruze.ee\/et\/#website","url":"https:\/\/kruze.ee\/et\/","name":"Kruze.ee","description":"Reklaamkingitused, tr&uuml;kiga T-s&auml;rgid, fliisid, dressipluused, tekstiil, joped ja paljud teised logoga meened, &Auml;rikingitused sinu partnerile! Telli juba t&auml;na.","potentialAction":[{"@type":"SearchAction","target":{"@type":"EntryPoint","urlTemplate":"https:\/\/kruze.ee\/et\/?s={search_term_string}"},"query-input":{"@type":"PropertyValueSpecification","valueRequired":true,"valueName":"search_term_string"}}],"inLanguage":"et"}]}},"_links":{"self":[{"href":"https:\/\/kruze.ee\/et\/wp-json\/wp\/v2\/product\/1437528","targetHints":{"allow":["GET"]}}],"collection":[{"href":"https:\/\/kruze.ee\/et\/wp-json\/wp\/v2\/product"}],"about":[{"href":"https:\/\/kruze.ee\/et\/wp-json\/wp\/v2\/types\/product"}],"wp:attachment":[{"href":"https:\/\/kruze.ee\/et\/wp-json\/wp\/v2\/media?parent=1437528"}],"wp:term":[{"taxonomy":"product_brand","embeddable":true,"href":"https:\/\/kruze.ee\/et\/wp-json\/wp\/v2\/product_brand?post=1437528"},{"taxonomy":"product_cat","embeddable":true,"href":"https:\/\/kruze.ee\/et\/wp-json\/wp\/v2\/product_cat?post=1437528"},{"taxonomy":"product_tag","embeddable":true,"href":"https:\/\/kruze.ee\/et\/wp-json\/wp\/v2\/product_tag?post=1437528"}],"curies":[{"name":"wp","href":"https:\/\/api.w.org\/{rel}","templated":true}]}}