{"id":1437526,"date":"2026-01-25T20:53:57","date_gmt":"2026-01-25T17:53:57","guid":{"rendered":"https:\/\/kruze.ee\/product\/boska-boska-juustufonduu-komplekt-party-750-ml\/"},"modified":"2026-03-17T01:30:23","modified_gmt":"2026-03-16T22:30:23","slug":"boska-boska-juustufonduu-komplekt-party-750-ml","status":"publish","type":"product","link":"https:\/\/kruze.ee\/et\/toode\/boska-boska-juustufonduu-komplekt-party-750-ml\/","title":{"rendered":"BOSKA juustufond\u00fc\u00fc komplekt Party \u2013 750 ml"},"content":{"rendered":"<p>Juustufond\u00fc\u00fc komplekt Party kaubam\u00e4rgilt BOSKA \u2013 B Corporationi sertifikaadiga ettev\u00f5ttelt \u2013 sobib 500 grammi juustufond\u00fc\u00fc v\u00f5i 750 ml sooja kastme valmistamiseks. Kuumuta see lihtsalt mikrolaineahjus ja naudi! Keraamiline fond\u00fc\u00fcpott hoiab h\u00e4sti soojust ning kolme teek\u00fc\u00fcnla abil p\u00fcsib juustufond\u00fc\u00fc m\u00f5nusalt sile ja soe. Ideaalne kahele kuni neljale inimesele. Fond\u00fc\u00fckomplekt on osaliselt n\u00f5udepesumasinas pestav \u2013 ainult fond\u00fc\u00fcpott ja fond\u00fc\u00fckahvlid on n\u00f5udepesumasinakindlad. Lisaks kehtib tootele 10-aastane garantii.<\/p>\n","protected":false},"excerpt":{"rendered":"<p>Juustufond\u00fc\u00fc komplekt Party kaubam\u00e4rgilt BOSKA \u2013 B Corporationi sertifikaadiga ettev\u00f5ttelt \u2013 sobib 500 grammi juustufond\u00fc\u00fc v\u00f5i 750 ml sooja kastme&#8230;<\/p>\n","protected":false},"featured_media":0,"template":"","meta":[],"product_brand":[],"product_cat":[5444],"product_tag":[],"class_list":{"0":"post-1437526","1":"product","2":"type-product","3":"status-publish","5":"product_cat-muud-meened","6":"pa_gender-uniseks","9":"first","10":"instock","11":"purchasable","12":"product-type-simple"},"acf":[],"yoast_head":"<!-- This site is optimized with the Yoast SEO plugin v26.0 - https:\/\/yoast.com\/wordpress\/plugins\/seo\/ -->\n<title>BOSKA juustufond\u00fc\u00fc komplekt Party \u2013 750 ml - Kruze.ee<\/title>\n<meta name=\"robots\" content=\"index, follow, max-snippet:-1, max-image-preview:large, max-video-preview:-1\" \/>\n<link rel=\"canonical\" href=\"https:\/\/kruze.ee\/et\/toode\/boska-boska-juustufonduu-komplekt-party-750-ml\/\" \/>\n<meta property=\"og:locale\" content=\"et_EE\" \/>\n<meta property=\"og:type\" content=\"article\" \/>\n<meta property=\"og:title\" content=\"BOSKA juustufond\u00fc\u00fc komplekt Party \u2013 750 ml - Kruze.ee\" \/>\n<meta property=\"og:description\" content=\"Juustufond\u00fc\u00fc komplekt Party kaubam\u00e4rgilt BOSKA \u2013 B Corporationi sertifikaadiga ettev\u00f5ttelt \u2013 sobib 500 grammi juustufond\u00fc\u00fc v\u00f5i 750 ml sooja kastme...\" \/>\n<meta property=\"og:url\" content=\"https:\/\/kruze.ee\/et\/toode\/boska-boska-juustufonduu-komplekt-party-750-ml\/\" \/>\n<meta property=\"og:site_name\" content=\"Kruze.ee\" \/>\n<meta property=\"article:modified_time\" content=\"2026-03-16T22:30:23+00:00\" \/>\n<meta name=\"twitter:card\" content=\"summary_large_image\" \/>\n<script type=\"application\/ld+json\" class=\"yoast-schema-graph\">{\"@context\":\"https:\/\/schema.org\",\"@graph\":[{\"@type\":\"WebPage\",\"@id\":\"https:\/\/kruze.ee\/et\/toode\/boska-boska-juustufonduu-komplekt-party-750-ml\/\",\"url\":\"https:\/\/kruze.ee\/et\/toode\/boska-boska-juustufonduu-komplekt-party-750-ml\/\",\"name\":\"BOSKA juustufond\u00fc\u00fc komplekt Party \u2013 750 ml - Kruze.ee\",\"isPartOf\":{\"@id\":\"https:\/\/kruze.ee\/et\/#website\"},\"datePublished\":\"2026-01-25T17:53:57+00:00\",\"dateModified\":\"2026-03-16T22:30:23+00:00\",\"breadcrumb\":{\"@id\":\"https:\/\/kruze.ee\/et\/toode\/boska-boska-juustufonduu-komplekt-party-750-ml\/#breadcrumb\"},\"inLanguage\":\"et\",\"potentialAction\":[{\"@type\":\"ReadAction\",\"target\":[\"https:\/\/kruze.ee\/et\/toode\/boska-boska-juustufonduu-komplekt-party-750-ml\/\"]}]},{\"@type\":\"BreadcrumbList\",\"@id\":\"https:\/\/kruze.ee\/et\/toode\/boska-boska-juustufonduu-komplekt-party-750-ml\/#breadcrumb\",\"itemListElement\":[{\"@type\":\"ListItem\",\"position\":1,\"name\":\"Home\",\"item\":\"https:\/\/kruze.ee\/et\/\"},{\"@type\":\"ListItem\",\"position\":2,\"name\":\"Tooted\",\"item\":\"https:\/\/kruze.ee\/et\/tooted\/\"},{\"@type\":\"ListItem\",\"position\":3,\"name\":\"BOSKA juustufond\u00fc\u00fc komplekt Party \u2013 750 ml\"}]},{\"@type\":\"WebSite\",\"@id\":\"https:\/\/kruze.ee\/et\/#website\",\"url\":\"https:\/\/kruze.ee\/et\/\",\"name\":\"Kruze.ee\",\"description\":\"Reklaamkingitused, tr&uuml;kiga T-s&auml;rgid, fliisid, dressipluused, tekstiil, joped ja paljud teised logoga meened, &Auml;rikingitused sinu partnerile! Telli juba t&auml;na.\",\"potentialAction\":[{\"@type\":\"SearchAction\",\"target\":{\"@type\":\"EntryPoint\",\"urlTemplate\":\"https:\/\/kruze.ee\/et\/?s={search_term_string}\"},\"query-input\":{\"@type\":\"PropertyValueSpecification\",\"valueRequired\":true,\"valueName\":\"search_term_string\"}}],\"inLanguage\":\"et\"}]}<\/script>\n<!-- \/ Yoast SEO plugin. -->","yoast_head_json":{"title":"BOSKA juustufond\u00fc\u00fc komplekt Party \u2013 750 ml - Kruze.ee","robots":{"index":"index","follow":"follow","max-snippet":"max-snippet:-1","max-image-preview":"max-image-preview:large","max-video-preview":"max-video-preview:-1"},"canonical":"https:\/\/kruze.ee\/et\/toode\/boska-boska-juustufonduu-komplekt-party-750-ml\/","og_locale":"et_EE","og_type":"article","og_title":"BOSKA juustufond\u00fc\u00fc komplekt Party \u2013 750 ml - Kruze.ee","og_description":"Juustufond\u00fc\u00fc komplekt Party kaubam\u00e4rgilt BOSKA \u2013 B Corporationi sertifikaadiga ettev\u00f5ttelt \u2013 sobib 500 grammi juustufond\u00fc\u00fc v\u00f5i 750 ml sooja kastme...","og_url":"https:\/\/kruze.ee\/et\/toode\/boska-boska-juustufonduu-komplekt-party-750-ml\/","og_site_name":"Kruze.ee","article_modified_time":"2026-03-16T22:30:23+00:00","twitter_card":"summary_large_image","schema":{"@context":"https:\/\/schema.org","@graph":[{"@type":"WebPage","@id":"https:\/\/kruze.ee\/et\/toode\/boska-boska-juustufonduu-komplekt-party-750-ml\/","url":"https:\/\/kruze.ee\/et\/toode\/boska-boska-juustufonduu-komplekt-party-750-ml\/","name":"BOSKA juustufond\u00fc\u00fc komplekt Party \u2013 750 ml - Kruze.ee","isPartOf":{"@id":"https:\/\/kruze.ee\/et\/#website"},"datePublished":"2026-01-25T17:53:57+00:00","dateModified":"2026-03-16T22:30:23+00:00","breadcrumb":{"@id":"https:\/\/kruze.ee\/et\/toode\/boska-boska-juustufonduu-komplekt-party-750-ml\/#breadcrumb"},"inLanguage":"et","potentialAction":[{"@type":"ReadAction","target":["https:\/\/kruze.ee\/et\/toode\/boska-boska-juustufonduu-komplekt-party-750-ml\/"]}]},{"@type":"BreadcrumbList","@id":"https:\/\/kruze.ee\/et\/toode\/boska-boska-juustufonduu-komplekt-party-750-ml\/#breadcrumb","itemListElement":[{"@type":"ListItem","position":1,"name":"Home","item":"https:\/\/kruze.ee\/et\/"},{"@type":"ListItem","position":2,"name":"Tooted","item":"https:\/\/kruze.ee\/et\/tooted\/"},{"@type":"ListItem","position":3,"name":"BOSKA juustufond\u00fc\u00fc komplekt Party \u2013 750 ml"}]},{"@type":"WebSite","@id":"https:\/\/kruze.ee\/et\/#website","url":"https:\/\/kruze.ee\/et\/","name":"Kruze.ee","description":"Reklaamkingitused, tr&uuml;kiga T-s&auml;rgid, fliisid, dressipluused, tekstiil, joped ja paljud teised logoga meened, &Auml;rikingitused sinu partnerile! Telli juba t&auml;na.","potentialAction":[{"@type":"SearchAction","target":{"@type":"EntryPoint","urlTemplate":"https:\/\/kruze.ee\/et\/?s={search_term_string}"},"query-input":{"@type":"PropertyValueSpecification","valueRequired":true,"valueName":"search_term_string"}}],"inLanguage":"et"}]}},"_links":{"self":[{"href":"https:\/\/kruze.ee\/et\/wp-json\/wp\/v2\/product\/1437526","targetHints":{"allow":["GET"]}}],"collection":[{"href":"https:\/\/kruze.ee\/et\/wp-json\/wp\/v2\/product"}],"about":[{"href":"https:\/\/kruze.ee\/et\/wp-json\/wp\/v2\/types\/product"}],"wp:attachment":[{"href":"https:\/\/kruze.ee\/et\/wp-json\/wp\/v2\/media?parent=1437526"}],"wp:term":[{"taxonomy":"product_brand","embeddable":true,"href":"https:\/\/kruze.ee\/et\/wp-json\/wp\/v2\/product_brand?post=1437526"},{"taxonomy":"product_cat","embeddable":true,"href":"https:\/\/kruze.ee\/et\/wp-json\/wp\/v2\/product_cat?post=1437526"},{"taxonomy":"product_tag","embeddable":true,"href":"https:\/\/kruze.ee\/et\/wp-json\/wp\/v2\/product_tag?post=1437526"}],"curies":[{"name":"wp","href":"https:\/\/api.w.org\/{rel}","templated":true}]}}