{"id":1437522,"date":"2026-01-25T20:53:54","date_gmt":"2026-01-25T17:53:54","guid":{"rendered":"https:\/\/kruze.ee\/product\/boska-boska-gourmet-raclette-mini-220-v-eu-f-tuupi-pistikuga\/"},"modified":"2026-03-17T01:30:22","modified_gmt":"2026-03-16T22:30:22","slug":"boska-boska-gourmet-raclette-mini-220-v-eu-f-tuupi-pistikuga","status":"publish","type":"product","link":"https:\/\/kruze.ee\/et\/toode\/boska-boska-gourmet-raclette-mini-220-v-eu-f-tuupi-pistikuga\/","title":{"rendered":"BOSKA Gourmet Raclette Mini 220 V (EU F-t\u00fc\u00fcpi pistikuga)"},"content":{"rendered":"<p>Raclette Mini 220V kaubam\u00e4rgilt BOSKA \u2013 B Corporationi sertifikaadiga ettev\u00f5ttelt \u2013 muudab iga eine hubaseks s\u00f6\u00f6gielamuseks. See kompaktne komplekt sobib ideaalselt kahele inimesele ning t\u00e4nu toitejuhtmele (230 V, Type F pistik) saad h\u00f5lpsasti sulatada juustu ja grillida k\u00f6\u00f6givilju, liha v\u00f5i isegi mini-pannkooke. Komplekti kuuluvad kaks mittenakkuva kattega panni ja spaatlid ning ruumis\u00e4\u00e4stlik disain teeb selle p\u00e4rast kasutamist lihtsasti hoiustatavaks. Igap\u00e4evaseks kasutuseks loodud raclette-komplekt \u00fchendab funktsionaalsuse ja mugavuse.<\/p>\n","protected":false},"excerpt":{"rendered":"<p>Raclette Mini 220V kaubam\u00e4rgilt BOSKA \u2013 B Corporationi sertifikaadiga ettev\u00f5ttelt \u2013 muudab iga eine hubaseks s\u00f6\u00f6gielamuseks. See kompaktne komplekt sobib&#8230;<\/p>\n","protected":false},"featured_media":0,"template":"","meta":[],"product_brand":[],"product_cat":[5444],"product_tag":[],"class_list":{"0":"post-1437522","1":"product","2":"type-product","3":"status-publish","5":"product_cat-muud-meened","6":"pa_gender-uniseks","9":"first","10":"instock","11":"purchasable","12":"product-type-simple"},"acf":[],"yoast_head":"<!-- This site is optimized with the Yoast SEO plugin v26.0 - https:\/\/yoast.com\/wordpress\/plugins\/seo\/ -->\n<title>BOSKA Gourmet Raclette Mini 220 V (EU F-t\u00fc\u00fcpi pistikuga) - Kruze.ee<\/title>\n<meta name=\"robots\" content=\"index, follow, max-snippet:-1, max-image-preview:large, max-video-preview:-1\" \/>\n<link rel=\"canonical\" href=\"https:\/\/kruze.ee\/et\/toode\/boska-boska-gourmet-raclette-mini-220-v-eu-f-tuupi-pistikuga\/\" \/>\n<meta property=\"og:locale\" content=\"et_EE\" \/>\n<meta property=\"og:type\" content=\"article\" \/>\n<meta property=\"og:title\" content=\"BOSKA Gourmet Raclette Mini 220 V (EU F-t\u00fc\u00fcpi pistikuga) - Kruze.ee\" \/>\n<meta property=\"og:description\" content=\"Raclette Mini 220V kaubam\u00e4rgilt BOSKA \u2013 B Corporationi sertifikaadiga ettev\u00f5ttelt \u2013 muudab iga eine hubaseks s\u00f6\u00f6gielamuseks. See kompaktne komplekt sobib...\" \/>\n<meta property=\"og:url\" content=\"https:\/\/kruze.ee\/et\/toode\/boska-boska-gourmet-raclette-mini-220-v-eu-f-tuupi-pistikuga\/\" \/>\n<meta property=\"og:site_name\" content=\"Kruze.ee\" \/>\n<meta property=\"article:modified_time\" content=\"2026-03-16T22:30:22+00:00\" \/>\n<meta name=\"twitter:card\" content=\"summary_large_image\" \/>\n<script type=\"application\/ld+json\" class=\"yoast-schema-graph\">{\"@context\":\"https:\/\/schema.org\",\"@graph\":[{\"@type\":\"WebPage\",\"@id\":\"https:\/\/kruze.ee\/et\/toode\/boska-boska-gourmet-raclette-mini-220-v-eu-f-tuupi-pistikuga\/\",\"url\":\"https:\/\/kruze.ee\/et\/toode\/boska-boska-gourmet-raclette-mini-220-v-eu-f-tuupi-pistikuga\/\",\"name\":\"BOSKA Gourmet Raclette Mini 220 V (EU F-t\u00fc\u00fcpi pistikuga) - Kruze.ee\",\"isPartOf\":{\"@id\":\"https:\/\/kruze.ee\/et\/#website\"},\"datePublished\":\"2026-01-25T17:53:54+00:00\",\"dateModified\":\"2026-03-16T22:30:22+00:00\",\"breadcrumb\":{\"@id\":\"https:\/\/kruze.ee\/et\/toode\/boska-boska-gourmet-raclette-mini-220-v-eu-f-tuupi-pistikuga\/#breadcrumb\"},\"inLanguage\":\"et\",\"potentialAction\":[{\"@type\":\"ReadAction\",\"target\":[\"https:\/\/kruze.ee\/et\/toode\/boska-boska-gourmet-raclette-mini-220-v-eu-f-tuupi-pistikuga\/\"]}]},{\"@type\":\"BreadcrumbList\",\"@id\":\"https:\/\/kruze.ee\/et\/toode\/boska-boska-gourmet-raclette-mini-220-v-eu-f-tuupi-pistikuga\/#breadcrumb\",\"itemListElement\":[{\"@type\":\"ListItem\",\"position\":1,\"name\":\"Home\",\"item\":\"https:\/\/kruze.ee\/et\/\"},{\"@type\":\"ListItem\",\"position\":2,\"name\":\"Tooted\",\"item\":\"https:\/\/kruze.ee\/et\/tooted\/\"},{\"@type\":\"ListItem\",\"position\":3,\"name\":\"BOSKA Gourmet Raclette Mini 220 V (EU F-t\u00fc\u00fcpi pistikuga)\"}]},{\"@type\":\"WebSite\",\"@id\":\"https:\/\/kruze.ee\/et\/#website\",\"url\":\"https:\/\/kruze.ee\/et\/\",\"name\":\"Kruze.ee\",\"description\":\"Reklaamkingitused, tr&uuml;kiga T-s&auml;rgid, fliisid, dressipluused, tekstiil, joped ja paljud teised logoga meened, &Auml;rikingitused sinu partnerile! Telli juba t&auml;na.\",\"potentialAction\":[{\"@type\":\"SearchAction\",\"target\":{\"@type\":\"EntryPoint\",\"urlTemplate\":\"https:\/\/kruze.ee\/et\/?s={search_term_string}\"},\"query-input\":{\"@type\":\"PropertyValueSpecification\",\"valueRequired\":true,\"valueName\":\"search_term_string\"}}],\"inLanguage\":\"et\"}]}<\/script>\n<!-- \/ Yoast SEO plugin. -->","yoast_head_json":{"title":"BOSKA Gourmet Raclette Mini 220 V (EU F-t\u00fc\u00fcpi pistikuga) - Kruze.ee","robots":{"index":"index","follow":"follow","max-snippet":"max-snippet:-1","max-image-preview":"max-image-preview:large","max-video-preview":"max-video-preview:-1"},"canonical":"https:\/\/kruze.ee\/et\/toode\/boska-boska-gourmet-raclette-mini-220-v-eu-f-tuupi-pistikuga\/","og_locale":"et_EE","og_type":"article","og_title":"BOSKA Gourmet Raclette Mini 220 V (EU F-t\u00fc\u00fcpi pistikuga) - Kruze.ee","og_description":"Raclette Mini 220V kaubam\u00e4rgilt BOSKA \u2013 B Corporationi sertifikaadiga ettev\u00f5ttelt \u2013 muudab iga eine hubaseks s\u00f6\u00f6gielamuseks. See kompaktne komplekt sobib...","og_url":"https:\/\/kruze.ee\/et\/toode\/boska-boska-gourmet-raclette-mini-220-v-eu-f-tuupi-pistikuga\/","og_site_name":"Kruze.ee","article_modified_time":"2026-03-16T22:30:22+00:00","twitter_card":"summary_large_image","schema":{"@context":"https:\/\/schema.org","@graph":[{"@type":"WebPage","@id":"https:\/\/kruze.ee\/et\/toode\/boska-boska-gourmet-raclette-mini-220-v-eu-f-tuupi-pistikuga\/","url":"https:\/\/kruze.ee\/et\/toode\/boska-boska-gourmet-raclette-mini-220-v-eu-f-tuupi-pistikuga\/","name":"BOSKA Gourmet Raclette Mini 220 V (EU F-t\u00fc\u00fcpi pistikuga) - Kruze.ee","isPartOf":{"@id":"https:\/\/kruze.ee\/et\/#website"},"datePublished":"2026-01-25T17:53:54+00:00","dateModified":"2026-03-16T22:30:22+00:00","breadcrumb":{"@id":"https:\/\/kruze.ee\/et\/toode\/boska-boska-gourmet-raclette-mini-220-v-eu-f-tuupi-pistikuga\/#breadcrumb"},"inLanguage":"et","potentialAction":[{"@type":"ReadAction","target":["https:\/\/kruze.ee\/et\/toode\/boska-boska-gourmet-raclette-mini-220-v-eu-f-tuupi-pistikuga\/"]}]},{"@type":"BreadcrumbList","@id":"https:\/\/kruze.ee\/et\/toode\/boska-boska-gourmet-raclette-mini-220-v-eu-f-tuupi-pistikuga\/#breadcrumb","itemListElement":[{"@type":"ListItem","position":1,"name":"Home","item":"https:\/\/kruze.ee\/et\/"},{"@type":"ListItem","position":2,"name":"Tooted","item":"https:\/\/kruze.ee\/et\/tooted\/"},{"@type":"ListItem","position":3,"name":"BOSKA Gourmet Raclette Mini 220 V (EU F-t\u00fc\u00fcpi pistikuga)"}]},{"@type":"WebSite","@id":"https:\/\/kruze.ee\/et\/#website","url":"https:\/\/kruze.ee\/et\/","name":"Kruze.ee","description":"Reklaamkingitused, tr&uuml;kiga T-s&auml;rgid, fliisid, dressipluused, tekstiil, joped ja paljud teised logoga meened, &Auml;rikingitused sinu partnerile! Telli juba t&auml;na.","potentialAction":[{"@type":"SearchAction","target":{"@type":"EntryPoint","urlTemplate":"https:\/\/kruze.ee\/et\/?s={search_term_string}"},"query-input":{"@type":"PropertyValueSpecification","valueRequired":true,"valueName":"search_term_string"}}],"inLanguage":"et"}]}},"_links":{"self":[{"href":"https:\/\/kruze.ee\/et\/wp-json\/wp\/v2\/product\/1437522","targetHints":{"allow":["GET"]}}],"collection":[{"href":"https:\/\/kruze.ee\/et\/wp-json\/wp\/v2\/product"}],"about":[{"href":"https:\/\/kruze.ee\/et\/wp-json\/wp\/v2\/types\/product"}],"wp:attachment":[{"href":"https:\/\/kruze.ee\/et\/wp-json\/wp\/v2\/media?parent=1437522"}],"wp:term":[{"taxonomy":"product_brand","embeddable":true,"href":"https:\/\/kruze.ee\/et\/wp-json\/wp\/v2\/product_brand?post=1437522"},{"taxonomy":"product_cat","embeddable":true,"href":"https:\/\/kruze.ee\/et\/wp-json\/wp\/v2\/product_cat?post=1437522"},{"taxonomy":"product_tag","embeddable":true,"href":"https:\/\/kruze.ee\/et\/wp-json\/wp\/v2\/product_tag?post=1437522"}],"curies":[{"name":"wp","href":"https:\/\/api.w.org\/{rel}","templated":true}]}}