{"id":1437520,"date":"2026-01-25T20:53:52","date_gmt":"2026-01-25T17:53:52","guid":{"rendered":"https:\/\/kruze.ee\/product\/boska-boska-juustukuller-amigo\/"},"modified":"2026-03-17T01:30:21","modified_gmt":"2026-03-16T22:30:21","slug":"boska-boska-juustukuller-amigo","status":"publish","type":"product","link":"https:\/\/kruze.ee\/et\/toode\/boska-boska-juustukuller-amigo\/","title":{"rendered":"Boska BOSKA juustukuller Amigo"},"content":{"rendered":"<p>Juustulokid on ideaalne viimane lihv sinu roogadele. Need sobivad suurep\u00e4raselt Itaalia pastale v\u00f5i v\u00e4rskele salatile ning on alati hitt ka s\u00f5pradega koosviibimistel. See on l\u00f5bus ja maitsev viis oma lemmikjuuste nautimiseks. BOSKA \u2013 B Corporationi sertifikaadiga ettev\u00f5tte \u2013 Cheese Curler Amigo on varustatud roostevabast terasest teraga ning sobib ideaalselt T\u00eate de Moine\u2019i juustu ja isegi \u0161okolaadi jaoks. Aluse \u00fcmber paiknevad viis l\u00fchikest tihvti tagavad eriti kindla haarde juustule. Proovi ise \u2013 lokid pole kunagi nii head v\u00e4lja n\u00e4inud! Juustulokikeerajat tohib pesta ainult k\u00e4sitsi ning tootel on 10-aastane garantii.<\/p>\n","protected":false},"excerpt":{"rendered":"<p>Juustulokid on ideaalne viimane lihv sinu roogadele. Need sobivad suurep\u00e4raselt Itaalia pastale v\u00f5i v\u00e4rskele salatile ning on alati hitt ka s\u00f5pradega&#8230;<\/p>\n","protected":false},"featured_media":0,"template":"","meta":[],"product_brand":[],"product_cat":[5444],"product_tag":[],"class_list":{"0":"post-1437520","1":"product","2":"type-product","3":"status-publish","5":"product_cat-muud-meened","6":"pa_gender-uniseks","9":"first","10":"instock","11":"purchasable","12":"product-type-simple"},"acf":[],"yoast_head":"<!-- This site is optimized with the Yoast SEO plugin v26.0 - https:\/\/yoast.com\/wordpress\/plugins\/seo\/ -->\n<title>Boska BOSKA juustukuller Amigo - Kruze.ee<\/title>\n<meta name=\"robots\" content=\"index, follow, max-snippet:-1, max-image-preview:large, max-video-preview:-1\" \/>\n<link rel=\"canonical\" href=\"https:\/\/kruze.ee\/et\/toode\/boska-boska-juustukuller-amigo\/\" \/>\n<meta property=\"og:locale\" content=\"et_EE\" \/>\n<meta property=\"og:type\" content=\"article\" \/>\n<meta property=\"og:title\" content=\"Boska BOSKA juustukuller Amigo - Kruze.ee\" \/>\n<meta property=\"og:description\" content=\"Juustulokid on ideaalne viimane lihv sinu roogadele. Need sobivad suurep\u00e4raselt Itaalia pastale v\u00f5i v\u00e4rskele salatile ning on alati hitt ka s\u00f5pradega...\" \/>\n<meta property=\"og:url\" content=\"https:\/\/kruze.ee\/et\/toode\/boska-boska-juustukuller-amigo\/\" \/>\n<meta property=\"og:site_name\" content=\"Kruze.ee\" \/>\n<meta property=\"article:modified_time\" content=\"2026-03-16T22:30:21+00:00\" \/>\n<meta name=\"twitter:card\" content=\"summary_large_image\" \/>\n<script type=\"application\/ld+json\" class=\"yoast-schema-graph\">{\"@context\":\"https:\/\/schema.org\",\"@graph\":[{\"@type\":\"WebPage\",\"@id\":\"https:\/\/kruze.ee\/et\/toode\/boska-boska-juustukuller-amigo\/\",\"url\":\"https:\/\/kruze.ee\/et\/toode\/boska-boska-juustukuller-amigo\/\",\"name\":\"Boska BOSKA juustukuller Amigo - Kruze.ee\",\"isPartOf\":{\"@id\":\"https:\/\/kruze.ee\/et\/#website\"},\"datePublished\":\"2026-01-25T17:53:52+00:00\",\"dateModified\":\"2026-03-16T22:30:21+00:00\",\"breadcrumb\":{\"@id\":\"https:\/\/kruze.ee\/et\/toode\/boska-boska-juustukuller-amigo\/#breadcrumb\"},\"inLanguage\":\"et\",\"potentialAction\":[{\"@type\":\"ReadAction\",\"target\":[\"https:\/\/kruze.ee\/et\/toode\/boska-boska-juustukuller-amigo\/\"]}]},{\"@type\":\"BreadcrumbList\",\"@id\":\"https:\/\/kruze.ee\/et\/toode\/boska-boska-juustukuller-amigo\/#breadcrumb\",\"itemListElement\":[{\"@type\":\"ListItem\",\"position\":1,\"name\":\"Home\",\"item\":\"https:\/\/kruze.ee\/et\/\"},{\"@type\":\"ListItem\",\"position\":2,\"name\":\"Tooted\",\"item\":\"https:\/\/kruze.ee\/et\/tooted\/\"},{\"@type\":\"ListItem\",\"position\":3,\"name\":\"Boska BOSKA juustukuller Amigo\"}]},{\"@type\":\"WebSite\",\"@id\":\"https:\/\/kruze.ee\/et\/#website\",\"url\":\"https:\/\/kruze.ee\/et\/\",\"name\":\"Kruze.ee\",\"description\":\"Reklaamkingitused, tr&uuml;kiga T-s&auml;rgid, fliisid, dressipluused, tekstiil, joped ja paljud teised logoga meened, &Auml;rikingitused sinu partnerile! Telli juba t&auml;na.\",\"potentialAction\":[{\"@type\":\"SearchAction\",\"target\":{\"@type\":\"EntryPoint\",\"urlTemplate\":\"https:\/\/kruze.ee\/et\/?s={search_term_string}\"},\"query-input\":{\"@type\":\"PropertyValueSpecification\",\"valueRequired\":true,\"valueName\":\"search_term_string\"}}],\"inLanguage\":\"et\"}]}<\/script>\n<!-- \/ Yoast SEO plugin. -->","yoast_head_json":{"title":"Boska BOSKA juustukuller Amigo - Kruze.ee","robots":{"index":"index","follow":"follow","max-snippet":"max-snippet:-1","max-image-preview":"max-image-preview:large","max-video-preview":"max-video-preview:-1"},"canonical":"https:\/\/kruze.ee\/et\/toode\/boska-boska-juustukuller-amigo\/","og_locale":"et_EE","og_type":"article","og_title":"Boska BOSKA juustukuller Amigo - Kruze.ee","og_description":"Juustulokid on ideaalne viimane lihv sinu roogadele. Need sobivad suurep\u00e4raselt Itaalia pastale v\u00f5i v\u00e4rskele salatile ning on alati hitt ka s\u00f5pradega...","og_url":"https:\/\/kruze.ee\/et\/toode\/boska-boska-juustukuller-amigo\/","og_site_name":"Kruze.ee","article_modified_time":"2026-03-16T22:30:21+00:00","twitter_card":"summary_large_image","schema":{"@context":"https:\/\/schema.org","@graph":[{"@type":"WebPage","@id":"https:\/\/kruze.ee\/et\/toode\/boska-boska-juustukuller-amigo\/","url":"https:\/\/kruze.ee\/et\/toode\/boska-boska-juustukuller-amigo\/","name":"Boska BOSKA juustukuller Amigo - Kruze.ee","isPartOf":{"@id":"https:\/\/kruze.ee\/et\/#website"},"datePublished":"2026-01-25T17:53:52+00:00","dateModified":"2026-03-16T22:30:21+00:00","breadcrumb":{"@id":"https:\/\/kruze.ee\/et\/toode\/boska-boska-juustukuller-amigo\/#breadcrumb"},"inLanguage":"et","potentialAction":[{"@type":"ReadAction","target":["https:\/\/kruze.ee\/et\/toode\/boska-boska-juustukuller-amigo\/"]}]},{"@type":"BreadcrumbList","@id":"https:\/\/kruze.ee\/et\/toode\/boska-boska-juustukuller-amigo\/#breadcrumb","itemListElement":[{"@type":"ListItem","position":1,"name":"Home","item":"https:\/\/kruze.ee\/et\/"},{"@type":"ListItem","position":2,"name":"Tooted","item":"https:\/\/kruze.ee\/et\/tooted\/"},{"@type":"ListItem","position":3,"name":"Boska BOSKA juustukuller Amigo"}]},{"@type":"WebSite","@id":"https:\/\/kruze.ee\/et\/#website","url":"https:\/\/kruze.ee\/et\/","name":"Kruze.ee","description":"Reklaamkingitused, tr&uuml;kiga T-s&auml;rgid, fliisid, dressipluused, tekstiil, joped ja paljud teised logoga meened, &Auml;rikingitused sinu partnerile! Telli juba t&auml;na.","potentialAction":[{"@type":"SearchAction","target":{"@type":"EntryPoint","urlTemplate":"https:\/\/kruze.ee\/et\/?s={search_term_string}"},"query-input":{"@type":"PropertyValueSpecification","valueRequired":true,"valueName":"search_term_string"}}],"inLanguage":"et"}]}},"_links":{"self":[{"href":"https:\/\/kruze.ee\/et\/wp-json\/wp\/v2\/product\/1437520","targetHints":{"allow":["GET"]}}],"collection":[{"href":"https:\/\/kruze.ee\/et\/wp-json\/wp\/v2\/product"}],"about":[{"href":"https:\/\/kruze.ee\/et\/wp-json\/wp\/v2\/types\/product"}],"wp:attachment":[{"href":"https:\/\/kruze.ee\/et\/wp-json\/wp\/v2\/media?parent=1437520"}],"wp:term":[{"taxonomy":"product_brand","embeddable":true,"href":"https:\/\/kruze.ee\/et\/wp-json\/wp\/v2\/product_brand?post=1437520"},{"taxonomy":"product_cat","embeddable":true,"href":"https:\/\/kruze.ee\/et\/wp-json\/wp\/v2\/product_cat?post=1437520"},{"taxonomy":"product_tag","embeddable":true,"href":"https:\/\/kruze.ee\/et\/wp-json\/wp\/v2\/product_tag?post=1437520"}],"curies":[{"name":"wp","href":"https:\/\/api.w.org\/{rel}","templated":true}]}}