{"id":1437516,"date":"2026-01-25T20:53:49","date_gmt":"2026-01-25T17:53:49","guid":{"rendered":"https:\/\/kruze.ee\/product\/boska-boska-ummargune-serveerimisalustahvel-amigo-l\/"},"modified":"2026-03-17T01:30:20","modified_gmt":"2026-03-16T22:30:20","slug":"boska-boska-ummargune-serveerimisalustahvel-amigo-l","status":"publish","type":"product","link":"https:\/\/kruze.ee\/et\/toode\/boska-boska-ummargune-serveerimisalustahvel-amigo-l\/","title":{"rendered":"Boska BOSKA \u00fcmmargune serveerimisalustahvel Amigo L"},"content":{"rendered":"<p>Kas on p\u00f5hjust t\u00e4histada v\u00f5i tulevad k\u00fclalised jooke nautima? \u00c4ra unusta kutsuda BOSKA \u2013 B Corporationi sertifikaadiga ettev\u00f5tte \u2013 Serving Board Round Amigo L. T\u00e4nu mugavale suurusele ei j\u00e4\u00e4 \u00fckski juust k\u00fclmkappi vedelema. See serveerimislaud sobib suurep\u00e4raselt ka k\u00f5ige maitsvamate tapaste esitlemiseks. Valmistatud Euroopas ning sobib ainult k\u00e4sitsi pesemiseks. Lisaks kehtib tootele 10-aastane garantii.<\/p>\n","protected":false},"excerpt":{"rendered":"<p>Kas on p\u00f5hjust t\u00e4histada v\u00f5i tulevad k\u00fclalised jooke nautima? \u00c4ra unusta kutsuda BOSKA \u2013 B Corporationi sertifikaadiga ettev\u00f5tte \u2013 Serving Board Round Amigo L&#8230;.<\/p>\n","protected":false},"featured_media":0,"template":"","meta":[],"product_brand":[],"product_cat":[5436],"product_tag":[],"class_list":{"0":"post-1437516","1":"product","2":"type-product","3":"status-publish","5":"product_cat-koogitarbed","6":"pa_gender-uniseks","9":"first","10":"instock","11":"purchasable","12":"product-type-simple"},"acf":[],"yoast_head":"<!-- This site is optimized with the Yoast SEO plugin v26.0 - https:\/\/yoast.com\/wordpress\/plugins\/seo\/ -->\n<title>Boska BOSKA \u00fcmmargune serveerimisalustahvel Amigo L - Kruze.ee<\/title>\n<meta name=\"robots\" content=\"index, follow, max-snippet:-1, max-image-preview:large, max-video-preview:-1\" \/>\n<link rel=\"canonical\" href=\"https:\/\/kruze.ee\/et\/toode\/boska-boska-ummargune-serveerimisalustahvel-amigo-l\/\" \/>\n<meta property=\"og:locale\" content=\"et_EE\" \/>\n<meta property=\"og:type\" content=\"article\" \/>\n<meta property=\"og:title\" content=\"Boska BOSKA \u00fcmmargune serveerimisalustahvel Amigo L - Kruze.ee\" \/>\n<meta property=\"og:description\" content=\"Kas on p\u00f5hjust t\u00e4histada v\u00f5i tulevad k\u00fclalised jooke nautima? \u00c4ra unusta kutsuda BOSKA \u2013 B Corporationi sertifikaadiga ettev\u00f5tte \u2013 Serving Board Round Amigo L....\" \/>\n<meta property=\"og:url\" content=\"https:\/\/kruze.ee\/et\/toode\/boska-boska-ummargune-serveerimisalustahvel-amigo-l\/\" \/>\n<meta property=\"og:site_name\" content=\"Kruze.ee\" \/>\n<meta property=\"article:modified_time\" content=\"2026-03-16T22:30:20+00:00\" \/>\n<meta name=\"twitter:card\" content=\"summary_large_image\" \/>\n<script type=\"application\/ld+json\" class=\"yoast-schema-graph\">{\"@context\":\"https:\/\/schema.org\",\"@graph\":[{\"@type\":\"WebPage\",\"@id\":\"https:\/\/kruze.ee\/et\/toode\/boska-boska-ummargune-serveerimisalustahvel-amigo-l\/\",\"url\":\"https:\/\/kruze.ee\/et\/toode\/boska-boska-ummargune-serveerimisalustahvel-amigo-l\/\",\"name\":\"Boska BOSKA \u00fcmmargune serveerimisalustahvel Amigo L - Kruze.ee\",\"isPartOf\":{\"@id\":\"https:\/\/kruze.ee\/et\/#website\"},\"datePublished\":\"2026-01-25T17:53:49+00:00\",\"dateModified\":\"2026-03-16T22:30:20+00:00\",\"breadcrumb\":{\"@id\":\"https:\/\/kruze.ee\/et\/toode\/boska-boska-ummargune-serveerimisalustahvel-amigo-l\/#breadcrumb\"},\"inLanguage\":\"et\",\"potentialAction\":[{\"@type\":\"ReadAction\",\"target\":[\"https:\/\/kruze.ee\/et\/toode\/boska-boska-ummargune-serveerimisalustahvel-amigo-l\/\"]}]},{\"@type\":\"BreadcrumbList\",\"@id\":\"https:\/\/kruze.ee\/et\/toode\/boska-boska-ummargune-serveerimisalustahvel-amigo-l\/#breadcrumb\",\"itemListElement\":[{\"@type\":\"ListItem\",\"position\":1,\"name\":\"Home\",\"item\":\"https:\/\/kruze.ee\/et\/\"},{\"@type\":\"ListItem\",\"position\":2,\"name\":\"Tooted\",\"item\":\"https:\/\/kruze.ee\/et\/tooted\/\"},{\"@type\":\"ListItem\",\"position\":3,\"name\":\"Boska BOSKA \u00fcmmargune serveerimisalustahvel Amigo L\"}]},{\"@type\":\"WebSite\",\"@id\":\"https:\/\/kruze.ee\/et\/#website\",\"url\":\"https:\/\/kruze.ee\/et\/\",\"name\":\"Kruze.ee\",\"description\":\"Reklaamkingitused, tr&uuml;kiga T-s&auml;rgid, fliisid, dressipluused, tekstiil, joped ja paljud teised logoga meened, &Auml;rikingitused sinu partnerile! Telli juba t&auml;na.\",\"potentialAction\":[{\"@type\":\"SearchAction\",\"target\":{\"@type\":\"EntryPoint\",\"urlTemplate\":\"https:\/\/kruze.ee\/et\/?s={search_term_string}\"},\"query-input\":{\"@type\":\"PropertyValueSpecification\",\"valueRequired\":true,\"valueName\":\"search_term_string\"}}],\"inLanguage\":\"et\"}]}<\/script>\n<!-- \/ Yoast SEO plugin. -->","yoast_head_json":{"title":"Boska BOSKA \u00fcmmargune serveerimisalustahvel Amigo L - Kruze.ee","robots":{"index":"index","follow":"follow","max-snippet":"max-snippet:-1","max-image-preview":"max-image-preview:large","max-video-preview":"max-video-preview:-1"},"canonical":"https:\/\/kruze.ee\/et\/toode\/boska-boska-ummargune-serveerimisalustahvel-amigo-l\/","og_locale":"et_EE","og_type":"article","og_title":"Boska BOSKA \u00fcmmargune serveerimisalustahvel Amigo L - Kruze.ee","og_description":"Kas on p\u00f5hjust t\u00e4histada v\u00f5i tulevad k\u00fclalised jooke nautima? \u00c4ra unusta kutsuda BOSKA \u2013 B Corporationi sertifikaadiga ettev\u00f5tte \u2013 Serving Board Round Amigo L....","og_url":"https:\/\/kruze.ee\/et\/toode\/boska-boska-ummargune-serveerimisalustahvel-amigo-l\/","og_site_name":"Kruze.ee","article_modified_time":"2026-03-16T22:30:20+00:00","twitter_card":"summary_large_image","schema":{"@context":"https:\/\/schema.org","@graph":[{"@type":"WebPage","@id":"https:\/\/kruze.ee\/et\/toode\/boska-boska-ummargune-serveerimisalustahvel-amigo-l\/","url":"https:\/\/kruze.ee\/et\/toode\/boska-boska-ummargune-serveerimisalustahvel-amigo-l\/","name":"Boska BOSKA \u00fcmmargune serveerimisalustahvel Amigo L - Kruze.ee","isPartOf":{"@id":"https:\/\/kruze.ee\/et\/#website"},"datePublished":"2026-01-25T17:53:49+00:00","dateModified":"2026-03-16T22:30:20+00:00","breadcrumb":{"@id":"https:\/\/kruze.ee\/et\/toode\/boska-boska-ummargune-serveerimisalustahvel-amigo-l\/#breadcrumb"},"inLanguage":"et","potentialAction":[{"@type":"ReadAction","target":["https:\/\/kruze.ee\/et\/toode\/boska-boska-ummargune-serveerimisalustahvel-amigo-l\/"]}]},{"@type":"BreadcrumbList","@id":"https:\/\/kruze.ee\/et\/toode\/boska-boska-ummargune-serveerimisalustahvel-amigo-l\/#breadcrumb","itemListElement":[{"@type":"ListItem","position":1,"name":"Home","item":"https:\/\/kruze.ee\/et\/"},{"@type":"ListItem","position":2,"name":"Tooted","item":"https:\/\/kruze.ee\/et\/tooted\/"},{"@type":"ListItem","position":3,"name":"Boska BOSKA \u00fcmmargune serveerimisalustahvel Amigo L"}]},{"@type":"WebSite","@id":"https:\/\/kruze.ee\/et\/#website","url":"https:\/\/kruze.ee\/et\/","name":"Kruze.ee","description":"Reklaamkingitused, tr&uuml;kiga T-s&auml;rgid, fliisid, dressipluused, tekstiil, joped ja paljud teised logoga meened, &Auml;rikingitused sinu partnerile! Telli juba t&auml;na.","potentialAction":[{"@type":"SearchAction","target":{"@type":"EntryPoint","urlTemplate":"https:\/\/kruze.ee\/et\/?s={search_term_string}"},"query-input":{"@type":"PropertyValueSpecification","valueRequired":true,"valueName":"search_term_string"}}],"inLanguage":"et"}]}},"_links":{"self":[{"href":"https:\/\/kruze.ee\/et\/wp-json\/wp\/v2\/product\/1437516","targetHints":{"allow":["GET"]}}],"collection":[{"href":"https:\/\/kruze.ee\/et\/wp-json\/wp\/v2\/product"}],"about":[{"href":"https:\/\/kruze.ee\/et\/wp-json\/wp\/v2\/types\/product"}],"wp:attachment":[{"href":"https:\/\/kruze.ee\/et\/wp-json\/wp\/v2\/media?parent=1437516"}],"wp:term":[{"taxonomy":"product_brand","embeddable":true,"href":"https:\/\/kruze.ee\/et\/wp-json\/wp\/v2\/product_brand?post=1437516"},{"taxonomy":"product_cat","embeddable":true,"href":"https:\/\/kruze.ee\/et\/wp-json\/wp\/v2\/product_cat?post=1437516"},{"taxonomy":"product_tag","embeddable":true,"href":"https:\/\/kruze.ee\/et\/wp-json\/wp\/v2\/product_tag?post=1437516"}],"curies":[{"name":"wp","href":"https:\/\/api.w.org\/{rel}","templated":true}]}}