{"id":1437514,"date":"2026-01-25T20:53:47","date_gmt":"2026-01-25T17:53:47","guid":{"rendered":"https:\/\/kruze.ee\/product\/boska-boska-kooginoad-copenhagen-komplekt-3-osa\/"},"modified":"2026-03-17T01:30:20","modified_gmt":"2026-03-16T22:30:20","slug":"boska-boska-kooginoad-copenhagen-komplekt-3-osa","status":"publish","type":"product","link":"https:\/\/kruze.ee\/et\/toode\/boska-boska-kooginoad-copenhagen-komplekt-3-osa\/","title":{"rendered":"Boska BOSKA k\u00f6\u00f6ginoad Copenhagen, komplekt 3-osa"},"content":{"rendered":"<p>L\u00f5ika igasugust toitu h\u00f5lpsalt BOSKA \u2013 B Corporationi sertifikaadiga ettev\u00f5tte \u2013 Kitchen Knives Copenhagen k\u00f6\u00f6ginugadega. See kolmest teravast ja h\u00e4davajalikust noast koosnev komplekt on ainulaadse disainiga ning valmistatud t\u00e4ielikult roostevabast terasest. Kerged, n\u00f5udepesumasinas pestavad ja ergonoomilise k\u00e4epidemega, mis on kohandatud erinevate l\u00f5iketehnikate ja toiduainete jaoks. Loodud kestma terve elu!<\/p>\n","protected":false},"excerpt":{"rendered":"<p>L\u00f5ika igasugust toitu h\u00f5lpsalt BOSKA \u2013 B Corporationi sertifikaadiga ettev\u00f5tte \u2013 Kitchen Knives Copenhagen k\u00f6\u00f6ginugadega. See kolmest teravast ja&#8230;<\/p>\n","protected":false},"featured_media":0,"template":"","meta":[],"product_brand":[],"product_cat":[5436],"product_tag":[],"class_list":{"0":"post-1437514","1":"product","2":"type-product","3":"status-publish","5":"product_cat-koogitarbed","6":"pa_gender-uniseks","9":"first","10":"instock","11":"purchasable","12":"product-type-simple"},"acf":[],"yoast_head":"<!-- This site is optimized with the Yoast SEO plugin v26.0 - https:\/\/yoast.com\/wordpress\/plugins\/seo\/ -->\n<title>Boska BOSKA k\u00f6\u00f6ginoad Copenhagen, komplekt 3-osa - Kruze.ee<\/title>\n<meta name=\"robots\" content=\"index, follow, max-snippet:-1, max-image-preview:large, max-video-preview:-1\" \/>\n<link rel=\"canonical\" href=\"https:\/\/kruze.ee\/et\/toode\/boska-boska-kooginoad-copenhagen-komplekt-3-osa\/\" \/>\n<meta property=\"og:locale\" content=\"et_EE\" \/>\n<meta property=\"og:type\" content=\"article\" \/>\n<meta property=\"og:title\" content=\"Boska BOSKA k\u00f6\u00f6ginoad Copenhagen, komplekt 3-osa - Kruze.ee\" \/>\n<meta property=\"og:description\" content=\"L\u00f5ika igasugust toitu h\u00f5lpsalt BOSKA \u2013 B Corporationi sertifikaadiga ettev\u00f5tte \u2013 Kitchen Knives Copenhagen k\u00f6\u00f6ginugadega. See kolmest teravast ja...\" \/>\n<meta property=\"og:url\" content=\"https:\/\/kruze.ee\/et\/toode\/boska-boska-kooginoad-copenhagen-komplekt-3-osa\/\" \/>\n<meta property=\"og:site_name\" content=\"Kruze.ee\" \/>\n<meta property=\"article:modified_time\" content=\"2026-03-16T22:30:20+00:00\" \/>\n<meta name=\"twitter:card\" content=\"summary_large_image\" \/>\n<script type=\"application\/ld+json\" class=\"yoast-schema-graph\">{\"@context\":\"https:\/\/schema.org\",\"@graph\":[{\"@type\":\"WebPage\",\"@id\":\"https:\/\/kruze.ee\/et\/toode\/boska-boska-kooginoad-copenhagen-komplekt-3-osa\/\",\"url\":\"https:\/\/kruze.ee\/et\/toode\/boska-boska-kooginoad-copenhagen-komplekt-3-osa\/\",\"name\":\"Boska BOSKA k\u00f6\u00f6ginoad Copenhagen, komplekt 3-osa - Kruze.ee\",\"isPartOf\":{\"@id\":\"https:\/\/kruze.ee\/et\/#website\"},\"datePublished\":\"2026-01-25T17:53:47+00:00\",\"dateModified\":\"2026-03-16T22:30:20+00:00\",\"breadcrumb\":{\"@id\":\"https:\/\/kruze.ee\/et\/toode\/boska-boska-kooginoad-copenhagen-komplekt-3-osa\/#breadcrumb\"},\"inLanguage\":\"et\",\"potentialAction\":[{\"@type\":\"ReadAction\",\"target\":[\"https:\/\/kruze.ee\/et\/toode\/boska-boska-kooginoad-copenhagen-komplekt-3-osa\/\"]}]},{\"@type\":\"BreadcrumbList\",\"@id\":\"https:\/\/kruze.ee\/et\/toode\/boska-boska-kooginoad-copenhagen-komplekt-3-osa\/#breadcrumb\",\"itemListElement\":[{\"@type\":\"ListItem\",\"position\":1,\"name\":\"Home\",\"item\":\"https:\/\/kruze.ee\/et\/\"},{\"@type\":\"ListItem\",\"position\":2,\"name\":\"Tooted\",\"item\":\"https:\/\/kruze.ee\/et\/tooted\/\"},{\"@type\":\"ListItem\",\"position\":3,\"name\":\"Boska BOSKA k\u00f6\u00f6ginoad Copenhagen, komplekt 3-osa\"}]},{\"@type\":\"WebSite\",\"@id\":\"https:\/\/kruze.ee\/et\/#website\",\"url\":\"https:\/\/kruze.ee\/et\/\",\"name\":\"Kruze.ee\",\"description\":\"Reklaamkingitused, tr&uuml;kiga T-s&auml;rgid, fliisid, dressipluused, tekstiil, joped ja paljud teised logoga meened, &Auml;rikingitused sinu partnerile! Telli juba t&auml;na.\",\"potentialAction\":[{\"@type\":\"SearchAction\",\"target\":{\"@type\":\"EntryPoint\",\"urlTemplate\":\"https:\/\/kruze.ee\/et\/?s={search_term_string}\"},\"query-input\":{\"@type\":\"PropertyValueSpecification\",\"valueRequired\":true,\"valueName\":\"search_term_string\"}}],\"inLanguage\":\"et\"}]}<\/script>\n<!-- \/ Yoast SEO plugin. -->","yoast_head_json":{"title":"Boska BOSKA k\u00f6\u00f6ginoad Copenhagen, komplekt 3-osa - Kruze.ee","robots":{"index":"index","follow":"follow","max-snippet":"max-snippet:-1","max-image-preview":"max-image-preview:large","max-video-preview":"max-video-preview:-1"},"canonical":"https:\/\/kruze.ee\/et\/toode\/boska-boska-kooginoad-copenhagen-komplekt-3-osa\/","og_locale":"et_EE","og_type":"article","og_title":"Boska BOSKA k\u00f6\u00f6ginoad Copenhagen, komplekt 3-osa - Kruze.ee","og_description":"L\u00f5ika igasugust toitu h\u00f5lpsalt BOSKA \u2013 B Corporationi sertifikaadiga ettev\u00f5tte \u2013 Kitchen Knives Copenhagen k\u00f6\u00f6ginugadega. See kolmest teravast ja...","og_url":"https:\/\/kruze.ee\/et\/toode\/boska-boska-kooginoad-copenhagen-komplekt-3-osa\/","og_site_name":"Kruze.ee","article_modified_time":"2026-03-16T22:30:20+00:00","twitter_card":"summary_large_image","schema":{"@context":"https:\/\/schema.org","@graph":[{"@type":"WebPage","@id":"https:\/\/kruze.ee\/et\/toode\/boska-boska-kooginoad-copenhagen-komplekt-3-osa\/","url":"https:\/\/kruze.ee\/et\/toode\/boska-boska-kooginoad-copenhagen-komplekt-3-osa\/","name":"Boska BOSKA k\u00f6\u00f6ginoad Copenhagen, komplekt 3-osa - Kruze.ee","isPartOf":{"@id":"https:\/\/kruze.ee\/et\/#website"},"datePublished":"2026-01-25T17:53:47+00:00","dateModified":"2026-03-16T22:30:20+00:00","breadcrumb":{"@id":"https:\/\/kruze.ee\/et\/toode\/boska-boska-kooginoad-copenhagen-komplekt-3-osa\/#breadcrumb"},"inLanguage":"et","potentialAction":[{"@type":"ReadAction","target":["https:\/\/kruze.ee\/et\/toode\/boska-boska-kooginoad-copenhagen-komplekt-3-osa\/"]}]},{"@type":"BreadcrumbList","@id":"https:\/\/kruze.ee\/et\/toode\/boska-boska-kooginoad-copenhagen-komplekt-3-osa\/#breadcrumb","itemListElement":[{"@type":"ListItem","position":1,"name":"Home","item":"https:\/\/kruze.ee\/et\/"},{"@type":"ListItem","position":2,"name":"Tooted","item":"https:\/\/kruze.ee\/et\/tooted\/"},{"@type":"ListItem","position":3,"name":"Boska BOSKA k\u00f6\u00f6ginoad Copenhagen, komplekt 3-osa"}]},{"@type":"WebSite","@id":"https:\/\/kruze.ee\/et\/#website","url":"https:\/\/kruze.ee\/et\/","name":"Kruze.ee","description":"Reklaamkingitused, tr&uuml;kiga T-s&auml;rgid, fliisid, dressipluused, tekstiil, joped ja paljud teised logoga meened, &Auml;rikingitused sinu partnerile! Telli juba t&auml;na.","potentialAction":[{"@type":"SearchAction","target":{"@type":"EntryPoint","urlTemplate":"https:\/\/kruze.ee\/et\/?s={search_term_string}"},"query-input":{"@type":"PropertyValueSpecification","valueRequired":true,"valueName":"search_term_string"}}],"inLanguage":"et"}]}},"_links":{"self":[{"href":"https:\/\/kruze.ee\/et\/wp-json\/wp\/v2\/product\/1437514","targetHints":{"allow":["GET"]}}],"collection":[{"href":"https:\/\/kruze.ee\/et\/wp-json\/wp\/v2\/product"}],"about":[{"href":"https:\/\/kruze.ee\/et\/wp-json\/wp\/v2\/types\/product"}],"wp:attachment":[{"href":"https:\/\/kruze.ee\/et\/wp-json\/wp\/v2\/media?parent=1437514"}],"wp:term":[{"taxonomy":"product_brand","embeddable":true,"href":"https:\/\/kruze.ee\/et\/wp-json\/wp\/v2\/product_brand?post=1437514"},{"taxonomy":"product_cat","embeddable":true,"href":"https:\/\/kruze.ee\/et\/wp-json\/wp\/v2\/product_cat?post=1437514"},{"taxonomy":"product_tag","embeddable":true,"href":"https:\/\/kruze.ee\/et\/wp-json\/wp\/v2\/product_tag?post=1437514"}],"curies":[{"name":"wp","href":"https:\/\/api.w.org\/{rel}","templated":true}]}}