{"id":1437512,"date":"2026-01-25T20:53:45","date_gmt":"2026-01-25T17:53:45","guid":{"rendered":"https:\/\/kruze.ee\/product\/boska-boska-mini-juustunugade-komplekt-copenhagen\/"},"modified":"2026-03-17T01:30:19","modified_gmt":"2026-03-16T22:30:19","slug":"boska-boska-mini-juustunugade-komplekt-copenhagen","status":"publish","type":"product","link":"https:\/\/kruze.ee\/et\/toode\/boska-boska-mini-juustunugade-komplekt-copenhagen\/","title":{"rendered":"Boska BOSKA mini-juustunugade komplekt Copenhagen"},"content":{"rendered":"<p>Kas oled juustuhull? Siis vajad BOSKA \u2013 B Corporationi sertifikaadiga ettev\u00f5tte \u2013 Cheese Knife Set Mini Copenhagenit! Selle kerge komplektiga saad h\u00f5lpsasti hakkama nii k\u00f5vade, pehmete kui ka m\u00e4\u00e4ritavate juustudega. Komplekt koosneb neljast stiilsest roostevabast terasest noast. Nende nugade abil saad oma juustulauale midagi iga\u00fchele. Komplekt on n\u00f5udepesumasinas ja k\u00fclmkapis kasutamiseks sobiv ning sellel on eluaegne garantii.<\/p>\n","protected":false},"excerpt":{"rendered":"<p>Kas oled juustuhull? Siis vajad BOSKA \u2013 B Corporationi sertifikaadiga ettev\u00f5tte \u2013 Cheese Knife Set Mini Copenhagenit! Selle kerge komplektiga saad h\u00f5lpsasti&#8230;<\/p>\n","protected":false},"featured_media":0,"template":"","meta":[],"product_brand":[],"product_cat":[5444],"product_tag":[],"class_list":{"0":"post-1437512","1":"product","2":"type-product","3":"status-publish","5":"product_cat-muud-meened","6":"pa_gender-uniseks","9":"first","10":"instock","11":"purchasable","12":"product-type-simple"},"acf":[],"yoast_head":"<!-- This site is optimized with the Yoast SEO plugin v26.0 - https:\/\/yoast.com\/wordpress\/plugins\/seo\/ -->\n<title>Boska BOSKA mini-juustunugade komplekt Copenhagen - Kruze.ee<\/title>\n<meta name=\"robots\" content=\"index, follow, max-snippet:-1, max-image-preview:large, max-video-preview:-1\" \/>\n<link rel=\"canonical\" href=\"https:\/\/kruze.ee\/et\/toode\/boska-boska-mini-juustunugade-komplekt-copenhagen\/\" \/>\n<meta property=\"og:locale\" content=\"et_EE\" \/>\n<meta property=\"og:type\" content=\"article\" \/>\n<meta property=\"og:title\" content=\"Boska BOSKA mini-juustunugade komplekt Copenhagen - Kruze.ee\" \/>\n<meta property=\"og:description\" content=\"Kas oled juustuhull? Siis vajad BOSKA \u2013 B Corporationi sertifikaadiga ettev\u00f5tte \u2013 Cheese Knife Set Mini Copenhagenit! Selle kerge komplektiga saad h\u00f5lpsasti...\" \/>\n<meta property=\"og:url\" content=\"https:\/\/kruze.ee\/et\/toode\/boska-boska-mini-juustunugade-komplekt-copenhagen\/\" \/>\n<meta property=\"og:site_name\" content=\"Kruze.ee\" \/>\n<meta property=\"article:modified_time\" content=\"2026-03-16T22:30:19+00:00\" \/>\n<meta name=\"twitter:card\" content=\"summary_large_image\" \/>\n<script type=\"application\/ld+json\" class=\"yoast-schema-graph\">{\"@context\":\"https:\/\/schema.org\",\"@graph\":[{\"@type\":\"WebPage\",\"@id\":\"https:\/\/kruze.ee\/et\/toode\/boska-boska-mini-juustunugade-komplekt-copenhagen\/\",\"url\":\"https:\/\/kruze.ee\/et\/toode\/boska-boska-mini-juustunugade-komplekt-copenhagen\/\",\"name\":\"Boska BOSKA mini-juustunugade komplekt Copenhagen - Kruze.ee\",\"isPartOf\":{\"@id\":\"https:\/\/kruze.ee\/et\/#website\"},\"datePublished\":\"2026-01-25T17:53:45+00:00\",\"dateModified\":\"2026-03-16T22:30:19+00:00\",\"breadcrumb\":{\"@id\":\"https:\/\/kruze.ee\/et\/toode\/boska-boska-mini-juustunugade-komplekt-copenhagen\/#breadcrumb\"},\"inLanguage\":\"et\",\"potentialAction\":[{\"@type\":\"ReadAction\",\"target\":[\"https:\/\/kruze.ee\/et\/toode\/boska-boska-mini-juustunugade-komplekt-copenhagen\/\"]}]},{\"@type\":\"BreadcrumbList\",\"@id\":\"https:\/\/kruze.ee\/et\/toode\/boska-boska-mini-juustunugade-komplekt-copenhagen\/#breadcrumb\",\"itemListElement\":[{\"@type\":\"ListItem\",\"position\":1,\"name\":\"Home\",\"item\":\"https:\/\/kruze.ee\/et\/\"},{\"@type\":\"ListItem\",\"position\":2,\"name\":\"Tooted\",\"item\":\"https:\/\/kruze.ee\/et\/tooted\/\"},{\"@type\":\"ListItem\",\"position\":3,\"name\":\"Boska BOSKA mini-juustunugade komplekt Copenhagen\"}]},{\"@type\":\"WebSite\",\"@id\":\"https:\/\/kruze.ee\/et\/#website\",\"url\":\"https:\/\/kruze.ee\/et\/\",\"name\":\"Kruze.ee\",\"description\":\"Reklaamkingitused, tr&uuml;kiga T-s&auml;rgid, fliisid, dressipluused, tekstiil, joped ja paljud teised logoga meened, &Auml;rikingitused sinu partnerile! Telli juba t&auml;na.\",\"potentialAction\":[{\"@type\":\"SearchAction\",\"target\":{\"@type\":\"EntryPoint\",\"urlTemplate\":\"https:\/\/kruze.ee\/et\/?s={search_term_string}\"},\"query-input\":{\"@type\":\"PropertyValueSpecification\",\"valueRequired\":true,\"valueName\":\"search_term_string\"}}],\"inLanguage\":\"et\"}]}<\/script>\n<!-- \/ Yoast SEO plugin. -->","yoast_head_json":{"title":"Boska BOSKA mini-juustunugade komplekt Copenhagen - Kruze.ee","robots":{"index":"index","follow":"follow","max-snippet":"max-snippet:-1","max-image-preview":"max-image-preview:large","max-video-preview":"max-video-preview:-1"},"canonical":"https:\/\/kruze.ee\/et\/toode\/boska-boska-mini-juustunugade-komplekt-copenhagen\/","og_locale":"et_EE","og_type":"article","og_title":"Boska BOSKA mini-juustunugade komplekt Copenhagen - Kruze.ee","og_description":"Kas oled juustuhull? Siis vajad BOSKA \u2013 B Corporationi sertifikaadiga ettev\u00f5tte \u2013 Cheese Knife Set Mini Copenhagenit! Selle kerge komplektiga saad h\u00f5lpsasti...","og_url":"https:\/\/kruze.ee\/et\/toode\/boska-boska-mini-juustunugade-komplekt-copenhagen\/","og_site_name":"Kruze.ee","article_modified_time":"2026-03-16T22:30:19+00:00","twitter_card":"summary_large_image","schema":{"@context":"https:\/\/schema.org","@graph":[{"@type":"WebPage","@id":"https:\/\/kruze.ee\/et\/toode\/boska-boska-mini-juustunugade-komplekt-copenhagen\/","url":"https:\/\/kruze.ee\/et\/toode\/boska-boska-mini-juustunugade-komplekt-copenhagen\/","name":"Boska BOSKA mini-juustunugade komplekt Copenhagen - Kruze.ee","isPartOf":{"@id":"https:\/\/kruze.ee\/et\/#website"},"datePublished":"2026-01-25T17:53:45+00:00","dateModified":"2026-03-16T22:30:19+00:00","breadcrumb":{"@id":"https:\/\/kruze.ee\/et\/toode\/boska-boska-mini-juustunugade-komplekt-copenhagen\/#breadcrumb"},"inLanguage":"et","potentialAction":[{"@type":"ReadAction","target":["https:\/\/kruze.ee\/et\/toode\/boska-boska-mini-juustunugade-komplekt-copenhagen\/"]}]},{"@type":"BreadcrumbList","@id":"https:\/\/kruze.ee\/et\/toode\/boska-boska-mini-juustunugade-komplekt-copenhagen\/#breadcrumb","itemListElement":[{"@type":"ListItem","position":1,"name":"Home","item":"https:\/\/kruze.ee\/et\/"},{"@type":"ListItem","position":2,"name":"Tooted","item":"https:\/\/kruze.ee\/et\/tooted\/"},{"@type":"ListItem","position":3,"name":"Boska BOSKA mini-juustunugade komplekt Copenhagen"}]},{"@type":"WebSite","@id":"https:\/\/kruze.ee\/et\/#website","url":"https:\/\/kruze.ee\/et\/","name":"Kruze.ee","description":"Reklaamkingitused, tr&uuml;kiga T-s&auml;rgid, fliisid, dressipluused, tekstiil, joped ja paljud teised logoga meened, &Auml;rikingitused sinu partnerile! Telli juba t&auml;na.","potentialAction":[{"@type":"SearchAction","target":{"@type":"EntryPoint","urlTemplate":"https:\/\/kruze.ee\/et\/?s={search_term_string}"},"query-input":{"@type":"PropertyValueSpecification","valueRequired":true,"valueName":"search_term_string"}}],"inLanguage":"et"}]}},"_links":{"self":[{"href":"https:\/\/kruze.ee\/et\/wp-json\/wp\/v2\/product\/1437512","targetHints":{"allow":["GET"]}}],"collection":[{"href":"https:\/\/kruze.ee\/et\/wp-json\/wp\/v2\/product"}],"about":[{"href":"https:\/\/kruze.ee\/et\/wp-json\/wp\/v2\/types\/product"}],"wp:attachment":[{"href":"https:\/\/kruze.ee\/et\/wp-json\/wp\/v2\/media?parent=1437512"}],"wp:term":[{"taxonomy":"product_brand","embeddable":true,"href":"https:\/\/kruze.ee\/et\/wp-json\/wp\/v2\/product_brand?post=1437512"},{"taxonomy":"product_cat","embeddable":true,"href":"https:\/\/kruze.ee\/et\/wp-json\/wp\/v2\/product_cat?post=1437512"},{"taxonomy":"product_tag","embeddable":true,"href":"https:\/\/kruze.ee\/et\/wp-json\/wp\/v2\/product_tag?post=1437512"}],"curies":[{"name":"wp","href":"https:\/\/api.w.org\/{rel}","templated":true}]}}