{"id":1437508,"date":"2026-01-25T20:53:39","date_gmt":"2026-01-25T17:53:39","guid":{"rendered":"https:\/\/kruze.ee\/product\/boska-boska-pizza-ratas-copenhagen\/"},"modified":"2026-03-17T01:08:05","modified_gmt":"2026-03-16T22:08:05","slug":"boska-boska-pizza-ratas-copenhagen","status":"publish","type":"product","link":"https:\/\/kruze.ee\/et\/toode\/boska-boska-pizza-ratas-copenhagen\/","title":{"rendered":"Boska BOSKA pizza ratas Copenhagen"},"content":{"rendered":"<p>L\u00f5ika oma pitsa t\u00e4iuslikeks viiludeks BOSKA \u2013 B Corporationi sertifikaadiga ettev\u00f5tte \u2013 Pizza Wheel Copenhageniga. T\u00e4ielikult roostevabast terasest valmistatud pitsaratas on n\u00f5udepesumasinas ja k\u00fclmkapis kasutamiseks sobiv. T\u00f6\u00f6riist on kerge, kuid v\u00e4ga vastupidav ning ei logise l\u00f5ikamisel. Eluaegse garantiiga \u2013 mida enamat veel tahta?<\/p>\n","protected":false},"excerpt":{"rendered":"<p>L\u00f5ika oma pitsa t\u00e4iuslikeks viiludeks BOSKA \u2013 B Corporationi sertifikaadiga ettev\u00f5tte \u2013 Pizza Wheel Copenhageniga. T\u00e4ielikult roostevabast terasest valmistatud&#8230;<\/p>\n","protected":false},"featured_media":0,"template":"","meta":[],"product_brand":[],"product_cat":[5436],"product_tag":[],"class_list":{"0":"post-1437508","1":"product","2":"type-product","3":"status-publish","5":"product_cat-koogitarbed","6":"pa_gender-uniseks","9":"first","10":"instock","11":"purchasable","12":"product-type-simple"},"acf":[],"yoast_head":"<!-- This site is optimized with the Yoast SEO plugin v26.0 - https:\/\/yoast.com\/wordpress\/plugins\/seo\/ -->\n<title>Boska BOSKA pizza ratas Copenhagen - Kruze.ee<\/title>\n<meta name=\"robots\" content=\"index, follow, max-snippet:-1, max-image-preview:large, max-video-preview:-1\" \/>\n<link rel=\"canonical\" href=\"https:\/\/kruze.ee\/et\/toode\/boska-boska-pizza-ratas-copenhagen\/\" \/>\n<meta property=\"og:locale\" content=\"et_EE\" \/>\n<meta property=\"og:type\" content=\"article\" \/>\n<meta property=\"og:title\" content=\"Boska BOSKA pizza ratas Copenhagen - Kruze.ee\" \/>\n<meta property=\"og:description\" content=\"L\u00f5ika oma pitsa t\u00e4iuslikeks viiludeks BOSKA \u2013 B Corporationi sertifikaadiga ettev\u00f5tte \u2013 Pizza Wheel Copenhageniga. T\u00e4ielikult roostevabast terasest valmistatud...\" \/>\n<meta property=\"og:url\" content=\"https:\/\/kruze.ee\/et\/toode\/boska-boska-pizza-ratas-copenhagen\/\" \/>\n<meta property=\"og:site_name\" content=\"Kruze.ee\" \/>\n<meta property=\"article:modified_time\" content=\"2026-03-16T22:08:05+00:00\" \/>\n<meta name=\"twitter:card\" content=\"summary_large_image\" \/>\n<script type=\"application\/ld+json\" class=\"yoast-schema-graph\">{\"@context\":\"https:\/\/schema.org\",\"@graph\":[{\"@type\":\"WebPage\",\"@id\":\"https:\/\/kruze.ee\/et\/toode\/boska-boska-pizza-ratas-copenhagen\/\",\"url\":\"https:\/\/kruze.ee\/et\/toode\/boska-boska-pizza-ratas-copenhagen\/\",\"name\":\"Boska BOSKA pizza ratas Copenhagen - Kruze.ee\",\"isPartOf\":{\"@id\":\"https:\/\/kruze.ee\/et\/#website\"},\"datePublished\":\"2026-01-25T17:53:39+00:00\",\"dateModified\":\"2026-03-16T22:08:05+00:00\",\"breadcrumb\":{\"@id\":\"https:\/\/kruze.ee\/et\/toode\/boska-boska-pizza-ratas-copenhagen\/#breadcrumb\"},\"inLanguage\":\"et\",\"potentialAction\":[{\"@type\":\"ReadAction\",\"target\":[\"https:\/\/kruze.ee\/et\/toode\/boska-boska-pizza-ratas-copenhagen\/\"]}]},{\"@type\":\"BreadcrumbList\",\"@id\":\"https:\/\/kruze.ee\/et\/toode\/boska-boska-pizza-ratas-copenhagen\/#breadcrumb\",\"itemListElement\":[{\"@type\":\"ListItem\",\"position\":1,\"name\":\"Home\",\"item\":\"https:\/\/kruze.ee\/et\/\"},{\"@type\":\"ListItem\",\"position\":2,\"name\":\"Tooted\",\"item\":\"https:\/\/kruze.ee\/et\/tooted\/\"},{\"@type\":\"ListItem\",\"position\":3,\"name\":\"Boska BOSKA pizza ratas Copenhagen\"}]},{\"@type\":\"WebSite\",\"@id\":\"https:\/\/kruze.ee\/et\/#website\",\"url\":\"https:\/\/kruze.ee\/et\/\",\"name\":\"Kruze.ee\",\"description\":\"Reklaamkingitused, tr&uuml;kiga T-s&auml;rgid, fliisid, dressipluused, tekstiil, joped ja paljud teised logoga meened, &Auml;rikingitused sinu partnerile! Telli juba t&auml;na.\",\"potentialAction\":[{\"@type\":\"SearchAction\",\"target\":{\"@type\":\"EntryPoint\",\"urlTemplate\":\"https:\/\/kruze.ee\/et\/?s={search_term_string}\"},\"query-input\":{\"@type\":\"PropertyValueSpecification\",\"valueRequired\":true,\"valueName\":\"search_term_string\"}}],\"inLanguage\":\"et\"}]}<\/script>\n<!-- \/ Yoast SEO plugin. -->","yoast_head_json":{"title":"Boska BOSKA pizza ratas Copenhagen - Kruze.ee","robots":{"index":"index","follow":"follow","max-snippet":"max-snippet:-1","max-image-preview":"max-image-preview:large","max-video-preview":"max-video-preview:-1"},"canonical":"https:\/\/kruze.ee\/et\/toode\/boska-boska-pizza-ratas-copenhagen\/","og_locale":"et_EE","og_type":"article","og_title":"Boska BOSKA pizza ratas Copenhagen - Kruze.ee","og_description":"L\u00f5ika oma pitsa t\u00e4iuslikeks viiludeks BOSKA \u2013 B Corporationi sertifikaadiga ettev\u00f5tte \u2013 Pizza Wheel Copenhageniga. T\u00e4ielikult roostevabast terasest valmistatud...","og_url":"https:\/\/kruze.ee\/et\/toode\/boska-boska-pizza-ratas-copenhagen\/","og_site_name":"Kruze.ee","article_modified_time":"2026-03-16T22:08:05+00:00","twitter_card":"summary_large_image","schema":{"@context":"https:\/\/schema.org","@graph":[{"@type":"WebPage","@id":"https:\/\/kruze.ee\/et\/toode\/boska-boska-pizza-ratas-copenhagen\/","url":"https:\/\/kruze.ee\/et\/toode\/boska-boska-pizza-ratas-copenhagen\/","name":"Boska BOSKA pizza ratas Copenhagen - Kruze.ee","isPartOf":{"@id":"https:\/\/kruze.ee\/et\/#website"},"datePublished":"2026-01-25T17:53:39+00:00","dateModified":"2026-03-16T22:08:05+00:00","breadcrumb":{"@id":"https:\/\/kruze.ee\/et\/toode\/boska-boska-pizza-ratas-copenhagen\/#breadcrumb"},"inLanguage":"et","potentialAction":[{"@type":"ReadAction","target":["https:\/\/kruze.ee\/et\/toode\/boska-boska-pizza-ratas-copenhagen\/"]}]},{"@type":"BreadcrumbList","@id":"https:\/\/kruze.ee\/et\/toode\/boska-boska-pizza-ratas-copenhagen\/#breadcrumb","itemListElement":[{"@type":"ListItem","position":1,"name":"Home","item":"https:\/\/kruze.ee\/et\/"},{"@type":"ListItem","position":2,"name":"Tooted","item":"https:\/\/kruze.ee\/et\/tooted\/"},{"@type":"ListItem","position":3,"name":"Boska BOSKA pizza ratas Copenhagen"}]},{"@type":"WebSite","@id":"https:\/\/kruze.ee\/et\/#website","url":"https:\/\/kruze.ee\/et\/","name":"Kruze.ee","description":"Reklaamkingitused, tr&uuml;kiga T-s&auml;rgid, fliisid, dressipluused, tekstiil, joped ja paljud teised logoga meened, &Auml;rikingitused sinu partnerile! Telli juba t&auml;na.","potentialAction":[{"@type":"SearchAction","target":{"@type":"EntryPoint","urlTemplate":"https:\/\/kruze.ee\/et\/?s={search_term_string}"},"query-input":{"@type":"PropertyValueSpecification","valueRequired":true,"valueName":"search_term_string"}}],"inLanguage":"et"}]}},"_links":{"self":[{"href":"https:\/\/kruze.ee\/et\/wp-json\/wp\/v2\/product\/1437508","targetHints":{"allow":["GET"]}}],"collection":[{"href":"https:\/\/kruze.ee\/et\/wp-json\/wp\/v2\/product"}],"about":[{"href":"https:\/\/kruze.ee\/et\/wp-json\/wp\/v2\/types\/product"}],"wp:attachment":[{"href":"https:\/\/kruze.ee\/et\/wp-json\/wp\/v2\/media?parent=1437508"}],"wp:term":[{"taxonomy":"product_brand","embeddable":true,"href":"https:\/\/kruze.ee\/et\/wp-json\/wp\/v2\/product_brand?post=1437508"},{"taxonomy":"product_cat","embeddable":true,"href":"https:\/\/kruze.ee\/et\/wp-json\/wp\/v2\/product_cat?post=1437508"},{"taxonomy":"product_tag","embeddable":true,"href":"https:\/\/kruze.ee\/et\/wp-json\/wp\/v2\/product_tag?post=1437508"}],"curies":[{"name":"wp","href":"https:\/\/api.w.org\/{rel}","templated":true}]}}