{"id":1437506,"date":"2026-01-25T20:53:37","date_gmt":"2026-01-25T17:53:37","guid":{"rendered":"https:\/\/kruze.ee\/product\/boska-boska-pro-pellet-pizzaahi\/"},"modified":"2026-03-17T01:08:05","modified_gmt":"2026-03-16T22:08:05","slug":"boska-boska-pro-pellet-pizzaahi","status":"publish","type":"product","link":"https:\/\/kruze.ee\/et\/toode\/boska-boska-pro-pellet-pizzaahi\/","title":{"rendered":"Boska BOSKA Pro pellet-pizzaahi"},"content":{"rendered":"<p>Soovid valmistada kodus ehtsat kiviahju stiilis pitsat? BOSKA \u2013 B Corporationi sertifikaadiga ettev\u00f5tte \u2013 Pizza Oven Pro Pellet toob autentse maitse ja tekstuuri otse sinu hoovi. Kuni 400 \u00b0C kuumenev ahi tagab ideaalse tasakaalu k\u00f5rge temperatuuri ja puuk\u00fctte maitse vahel \u2013 kr\u00f5be p\u00f5hi v\u00e4ljast, seest pehme ja \u00f5huline. Pitsakivi ja \u00f5hukamber on t\u00e4pselt tasakaalustatud, et j\u00e4ljendada traditsioonilist kiviahju, samal ajal kui teisese p\u00f5lemise tehnoloogia suurendab leegi v\u00f5imsust ja soojusefektiivsust, p\u00f5letades puugaase lisatud hapniku abil. See kompaktne pitsaahi sobib kuni 30 cm l\u00e4bim\u00f5\u00f5duga pitsadele ning on varustatud multifunktsionaalse k\u00e4epideme ja lihtsa pelletite lisamise s\u00fcsteemiga \u2013 \u00fchest kulbit\u00e4iest piisab kahe pitsa jaoks. K\u00f5ik eemaldatavad osad saab mugavalt hoiustada p\u00f5lemiskambris, mis teeb hoiustamise lihtsaks. Ole valmis ehtsaks puuk\u00fctte pitsaks \u2013 kiiresti, t\u00f5husalt ja t\u00e4is maitset. Pitsaahi on m\u00f5eldud ainult k\u00e4sitsi pesemiseks ning sellele kehtib eluaegne garantii.<\/p>\n","protected":false},"excerpt":{"rendered":"<p>Soovid valmistada kodus ehtsat kiviahju stiilis pitsat? BOSKA \u2013 B Corporationi sertifikaadiga ettev\u00f5tte \u2013 Pizza Oven Pro Pellet toob autentse maitse ja&#8230;<\/p>\n","protected":false},"featured_media":0,"template":"","meta":[],"product_brand":[],"product_cat":[5436],"product_tag":[],"class_list":{"0":"post-1437506","1":"product","2":"type-product","3":"status-publish","5":"product_cat-koogitarbed","6":"pa_gender-uniseks","9":"first","10":"instock","11":"purchasable","12":"product-type-simple"},"acf":[],"yoast_head":"<!-- This site is optimized with the Yoast SEO plugin v26.0 - https:\/\/yoast.com\/wordpress\/plugins\/seo\/ -->\n<title>Boska BOSKA Pro pellet-pizzaahi - Kruze.ee<\/title>\n<meta name=\"robots\" content=\"index, follow, max-snippet:-1, max-image-preview:large, max-video-preview:-1\" \/>\n<link rel=\"canonical\" href=\"https:\/\/kruze.ee\/et\/toode\/boska-boska-pro-pellet-pizzaahi\/\" \/>\n<meta property=\"og:locale\" content=\"et_EE\" \/>\n<meta property=\"og:type\" content=\"article\" \/>\n<meta property=\"og:title\" content=\"Boska BOSKA Pro pellet-pizzaahi - Kruze.ee\" \/>\n<meta property=\"og:description\" content=\"Soovid valmistada kodus ehtsat kiviahju stiilis pitsat? BOSKA \u2013 B Corporationi sertifikaadiga ettev\u00f5tte \u2013 Pizza Oven Pro Pellet toob autentse maitse ja...\" \/>\n<meta property=\"og:url\" content=\"https:\/\/kruze.ee\/et\/toode\/boska-boska-pro-pellet-pizzaahi\/\" \/>\n<meta property=\"og:site_name\" content=\"Kruze.ee\" \/>\n<meta property=\"article:modified_time\" content=\"2026-03-16T22:08:05+00:00\" \/>\n<meta name=\"twitter:card\" content=\"summary_large_image\" \/>\n<meta name=\"twitter:label1\" content=\"Est. reading time\" \/>\n\t<meta name=\"twitter:data1\" content=\"1 minut\" \/>\n<script type=\"application\/ld+json\" class=\"yoast-schema-graph\">{\"@context\":\"https:\/\/schema.org\",\"@graph\":[{\"@type\":\"WebPage\",\"@id\":\"https:\/\/kruze.ee\/et\/toode\/boska-boska-pro-pellet-pizzaahi\/\",\"url\":\"https:\/\/kruze.ee\/et\/toode\/boska-boska-pro-pellet-pizzaahi\/\",\"name\":\"Boska BOSKA Pro pellet-pizzaahi - Kruze.ee\",\"isPartOf\":{\"@id\":\"https:\/\/kruze.ee\/et\/#website\"},\"datePublished\":\"2026-01-25T17:53:37+00:00\",\"dateModified\":\"2026-03-16T22:08:05+00:00\",\"breadcrumb\":{\"@id\":\"https:\/\/kruze.ee\/et\/toode\/boska-boska-pro-pellet-pizzaahi\/#breadcrumb\"},\"inLanguage\":\"et\",\"potentialAction\":[{\"@type\":\"ReadAction\",\"target\":[\"https:\/\/kruze.ee\/et\/toode\/boska-boska-pro-pellet-pizzaahi\/\"]}]},{\"@type\":\"BreadcrumbList\",\"@id\":\"https:\/\/kruze.ee\/et\/toode\/boska-boska-pro-pellet-pizzaahi\/#breadcrumb\",\"itemListElement\":[{\"@type\":\"ListItem\",\"position\":1,\"name\":\"Home\",\"item\":\"https:\/\/kruze.ee\/et\/\"},{\"@type\":\"ListItem\",\"position\":2,\"name\":\"Tooted\",\"item\":\"https:\/\/kruze.ee\/et\/tooted\/\"},{\"@type\":\"ListItem\",\"position\":3,\"name\":\"Boska BOSKA Pro pellet-pizzaahi\"}]},{\"@type\":\"WebSite\",\"@id\":\"https:\/\/kruze.ee\/et\/#website\",\"url\":\"https:\/\/kruze.ee\/et\/\",\"name\":\"Kruze.ee\",\"description\":\"Reklaamkingitused, tr&uuml;kiga T-s&auml;rgid, fliisid, dressipluused, tekstiil, joped ja paljud teised logoga meened, &Auml;rikingitused sinu partnerile! Telli juba t&auml;na.\",\"potentialAction\":[{\"@type\":\"SearchAction\",\"target\":{\"@type\":\"EntryPoint\",\"urlTemplate\":\"https:\/\/kruze.ee\/et\/?s={search_term_string}\"},\"query-input\":{\"@type\":\"PropertyValueSpecification\",\"valueRequired\":true,\"valueName\":\"search_term_string\"}}],\"inLanguage\":\"et\"}]}<\/script>\n<!-- \/ Yoast SEO plugin. -->","yoast_head_json":{"title":"Boska BOSKA Pro pellet-pizzaahi - Kruze.ee","robots":{"index":"index","follow":"follow","max-snippet":"max-snippet:-1","max-image-preview":"max-image-preview:large","max-video-preview":"max-video-preview:-1"},"canonical":"https:\/\/kruze.ee\/et\/toode\/boska-boska-pro-pellet-pizzaahi\/","og_locale":"et_EE","og_type":"article","og_title":"Boska BOSKA Pro pellet-pizzaahi - Kruze.ee","og_description":"Soovid valmistada kodus ehtsat kiviahju stiilis pitsat? BOSKA \u2013 B Corporationi sertifikaadiga ettev\u00f5tte \u2013 Pizza Oven Pro Pellet toob autentse maitse ja...","og_url":"https:\/\/kruze.ee\/et\/toode\/boska-boska-pro-pellet-pizzaahi\/","og_site_name":"Kruze.ee","article_modified_time":"2026-03-16T22:08:05+00:00","twitter_card":"summary_large_image","twitter_misc":{"Est. reading time":"1 minut"},"schema":{"@context":"https:\/\/schema.org","@graph":[{"@type":"WebPage","@id":"https:\/\/kruze.ee\/et\/toode\/boska-boska-pro-pellet-pizzaahi\/","url":"https:\/\/kruze.ee\/et\/toode\/boska-boska-pro-pellet-pizzaahi\/","name":"Boska BOSKA Pro pellet-pizzaahi - Kruze.ee","isPartOf":{"@id":"https:\/\/kruze.ee\/et\/#website"},"datePublished":"2026-01-25T17:53:37+00:00","dateModified":"2026-03-16T22:08:05+00:00","breadcrumb":{"@id":"https:\/\/kruze.ee\/et\/toode\/boska-boska-pro-pellet-pizzaahi\/#breadcrumb"},"inLanguage":"et","potentialAction":[{"@type":"ReadAction","target":["https:\/\/kruze.ee\/et\/toode\/boska-boska-pro-pellet-pizzaahi\/"]}]},{"@type":"BreadcrumbList","@id":"https:\/\/kruze.ee\/et\/toode\/boska-boska-pro-pellet-pizzaahi\/#breadcrumb","itemListElement":[{"@type":"ListItem","position":1,"name":"Home","item":"https:\/\/kruze.ee\/et\/"},{"@type":"ListItem","position":2,"name":"Tooted","item":"https:\/\/kruze.ee\/et\/tooted\/"},{"@type":"ListItem","position":3,"name":"Boska BOSKA Pro pellet-pizzaahi"}]},{"@type":"WebSite","@id":"https:\/\/kruze.ee\/et\/#website","url":"https:\/\/kruze.ee\/et\/","name":"Kruze.ee","description":"Reklaamkingitused, tr&uuml;kiga T-s&auml;rgid, fliisid, dressipluused, tekstiil, joped ja paljud teised logoga meened, &Auml;rikingitused sinu partnerile! Telli juba t&auml;na.","potentialAction":[{"@type":"SearchAction","target":{"@type":"EntryPoint","urlTemplate":"https:\/\/kruze.ee\/et\/?s={search_term_string}"},"query-input":{"@type":"PropertyValueSpecification","valueRequired":true,"valueName":"search_term_string"}}],"inLanguage":"et"}]}},"_links":{"self":[{"href":"https:\/\/kruze.ee\/et\/wp-json\/wp\/v2\/product\/1437506","targetHints":{"allow":["GET"]}}],"collection":[{"href":"https:\/\/kruze.ee\/et\/wp-json\/wp\/v2\/product"}],"about":[{"href":"https:\/\/kruze.ee\/et\/wp-json\/wp\/v2\/types\/product"}],"wp:attachment":[{"href":"https:\/\/kruze.ee\/et\/wp-json\/wp\/v2\/media?parent=1437506"}],"wp:term":[{"taxonomy":"product_brand","embeddable":true,"href":"https:\/\/kruze.ee\/et\/wp-json\/wp\/v2\/product_brand?post=1437506"},{"taxonomy":"product_cat","embeddable":true,"href":"https:\/\/kruze.ee\/et\/wp-json\/wp\/v2\/product_cat?post=1437506"},{"taxonomy":"product_tag","embeddable":true,"href":"https:\/\/kruze.ee\/et\/wp-json\/wp\/v2\/product_tag?post=1437506"}],"curies":[{"name":"wp","href":"https:\/\/api.w.org\/{rel}","templated":true}]}}