{"id":1437504,"date":"2026-01-25T20:53:36","date_gmt":"2026-01-25T17:53:36","guid":{"rendered":"https:\/\/kruze.ee\/product\/boska-boska-juustuloikur-milano\/"},"modified":"2026-03-17T01:08:04","modified_gmt":"2026-03-16T22:08:04","slug":"boska-boska-juustuloikur-milano","status":"publish","type":"product","link":"https:\/\/kruze.ee\/et\/toode\/boska-boska-juustuloikur-milano\/","title":{"rendered":"Boska BOSKA juustul\u00f5ikur Milano+"},"content":{"rendered":"<p>BOSKA \u2013 B Corporationi sertifikaadiga ettev\u00f5tte \u2013 Cheese Slicer Milano+ abil m\u00e4\u00e4rad ise oma juustuviilude paksuse! See juustul\u00f5ikur on eriti mittenakkuv, taskukohane ning sobib kasutamiseks nii n\u00f5udepesumasinas kui ka k\u00fclmkapis. \u00dche sujuva liigutusega saad valmistada maitsvaid viile poolk\u00f5vadest ja k\u00f5vadest juustudest. L\u00f5ikur sobib ka kurgi, spargli ja teiste k\u00f6\u00f6giviljade viilutamiseks ning sellele kehtib 10-aastane garantii.<\/p>\n","protected":false},"excerpt":{"rendered":"<p>BOSKA \u2013 B Corporationi sertifikaadiga ettev\u00f5tte \u2013 Cheese Slicer Milano+ abil m\u00e4\u00e4rad ise oma juustuviilude paksuse! See juustul\u00f5ikur on eriti mittenakkuv,&#8230;<\/p>\n","protected":false},"featured_media":0,"template":"","meta":[],"product_brand":[],"product_cat":[5436],"product_tag":[],"class_list":{"0":"post-1437504","1":"product","2":"type-product","3":"status-publish","5":"product_cat-koogitarbed","6":"pa_gender-uniseks","9":"first","10":"instock","11":"purchasable","12":"product-type-simple"},"acf":[],"yoast_head":"<!-- This site is optimized with the Yoast SEO plugin v26.0 - https:\/\/yoast.com\/wordpress\/plugins\/seo\/ -->\n<title>Boska BOSKA juustul\u00f5ikur Milano+ - Kruze.ee<\/title>\n<meta name=\"robots\" content=\"index, follow, max-snippet:-1, max-image-preview:large, max-video-preview:-1\" \/>\n<link rel=\"canonical\" href=\"https:\/\/kruze.ee\/et\/toode\/boska-boska-juustuloikur-milano\/\" \/>\n<meta property=\"og:locale\" content=\"et_EE\" \/>\n<meta property=\"og:type\" content=\"article\" \/>\n<meta property=\"og:title\" content=\"Boska BOSKA juustul\u00f5ikur Milano+ - Kruze.ee\" \/>\n<meta property=\"og:description\" content=\"BOSKA \u2013 B Corporationi sertifikaadiga ettev\u00f5tte \u2013 Cheese Slicer Milano+ abil m\u00e4\u00e4rad ise oma juustuviilude paksuse! See juustul\u00f5ikur on eriti mittenakkuv,...\" \/>\n<meta property=\"og:url\" content=\"https:\/\/kruze.ee\/et\/toode\/boska-boska-juustuloikur-milano\/\" \/>\n<meta property=\"og:site_name\" content=\"Kruze.ee\" \/>\n<meta property=\"article:modified_time\" content=\"2026-03-16T22:08:04+00:00\" \/>\n<meta name=\"twitter:card\" content=\"summary_large_image\" \/>\n<script type=\"application\/ld+json\" class=\"yoast-schema-graph\">{\"@context\":\"https:\/\/schema.org\",\"@graph\":[{\"@type\":\"WebPage\",\"@id\":\"https:\/\/kruze.ee\/et\/toode\/boska-boska-juustuloikur-milano\/\",\"url\":\"https:\/\/kruze.ee\/et\/toode\/boska-boska-juustuloikur-milano\/\",\"name\":\"Boska BOSKA juustul\u00f5ikur Milano+ - Kruze.ee\",\"isPartOf\":{\"@id\":\"https:\/\/kruze.ee\/et\/#website\"},\"datePublished\":\"2026-01-25T17:53:36+00:00\",\"dateModified\":\"2026-03-16T22:08:04+00:00\",\"breadcrumb\":{\"@id\":\"https:\/\/kruze.ee\/et\/toode\/boska-boska-juustuloikur-milano\/#breadcrumb\"},\"inLanguage\":\"et\",\"potentialAction\":[{\"@type\":\"ReadAction\",\"target\":[\"https:\/\/kruze.ee\/et\/toode\/boska-boska-juustuloikur-milano\/\"]}]},{\"@type\":\"BreadcrumbList\",\"@id\":\"https:\/\/kruze.ee\/et\/toode\/boska-boska-juustuloikur-milano\/#breadcrumb\",\"itemListElement\":[{\"@type\":\"ListItem\",\"position\":1,\"name\":\"Home\",\"item\":\"https:\/\/kruze.ee\/et\/\"},{\"@type\":\"ListItem\",\"position\":2,\"name\":\"Tooted\",\"item\":\"https:\/\/kruze.ee\/et\/tooted\/\"},{\"@type\":\"ListItem\",\"position\":3,\"name\":\"Boska BOSKA juustul\u00f5ikur Milano+\"}]},{\"@type\":\"WebSite\",\"@id\":\"https:\/\/kruze.ee\/et\/#website\",\"url\":\"https:\/\/kruze.ee\/et\/\",\"name\":\"Kruze.ee\",\"description\":\"Reklaamkingitused, tr&uuml;kiga T-s&auml;rgid, fliisid, dressipluused, tekstiil, joped ja paljud teised logoga meened, &Auml;rikingitused sinu partnerile! Telli juba t&auml;na.\",\"potentialAction\":[{\"@type\":\"SearchAction\",\"target\":{\"@type\":\"EntryPoint\",\"urlTemplate\":\"https:\/\/kruze.ee\/et\/?s={search_term_string}\"},\"query-input\":{\"@type\":\"PropertyValueSpecification\",\"valueRequired\":true,\"valueName\":\"search_term_string\"}}],\"inLanguage\":\"et\"}]}<\/script>\n<!-- \/ Yoast SEO plugin. -->","yoast_head_json":{"title":"Boska BOSKA juustul\u00f5ikur Milano+ - Kruze.ee","robots":{"index":"index","follow":"follow","max-snippet":"max-snippet:-1","max-image-preview":"max-image-preview:large","max-video-preview":"max-video-preview:-1"},"canonical":"https:\/\/kruze.ee\/et\/toode\/boska-boska-juustuloikur-milano\/","og_locale":"et_EE","og_type":"article","og_title":"Boska BOSKA juustul\u00f5ikur Milano+ - Kruze.ee","og_description":"BOSKA \u2013 B Corporationi sertifikaadiga ettev\u00f5tte \u2013 Cheese Slicer Milano+ abil m\u00e4\u00e4rad ise oma juustuviilude paksuse! See juustul\u00f5ikur on eriti mittenakkuv,...","og_url":"https:\/\/kruze.ee\/et\/toode\/boska-boska-juustuloikur-milano\/","og_site_name":"Kruze.ee","article_modified_time":"2026-03-16T22:08:04+00:00","twitter_card":"summary_large_image","schema":{"@context":"https:\/\/schema.org","@graph":[{"@type":"WebPage","@id":"https:\/\/kruze.ee\/et\/toode\/boska-boska-juustuloikur-milano\/","url":"https:\/\/kruze.ee\/et\/toode\/boska-boska-juustuloikur-milano\/","name":"Boska BOSKA juustul\u00f5ikur Milano+ - Kruze.ee","isPartOf":{"@id":"https:\/\/kruze.ee\/et\/#website"},"datePublished":"2026-01-25T17:53:36+00:00","dateModified":"2026-03-16T22:08:04+00:00","breadcrumb":{"@id":"https:\/\/kruze.ee\/et\/toode\/boska-boska-juustuloikur-milano\/#breadcrumb"},"inLanguage":"et","potentialAction":[{"@type":"ReadAction","target":["https:\/\/kruze.ee\/et\/toode\/boska-boska-juustuloikur-milano\/"]}]},{"@type":"BreadcrumbList","@id":"https:\/\/kruze.ee\/et\/toode\/boska-boska-juustuloikur-milano\/#breadcrumb","itemListElement":[{"@type":"ListItem","position":1,"name":"Home","item":"https:\/\/kruze.ee\/et\/"},{"@type":"ListItem","position":2,"name":"Tooted","item":"https:\/\/kruze.ee\/et\/tooted\/"},{"@type":"ListItem","position":3,"name":"Boska BOSKA juustul\u00f5ikur Milano+"}]},{"@type":"WebSite","@id":"https:\/\/kruze.ee\/et\/#website","url":"https:\/\/kruze.ee\/et\/","name":"Kruze.ee","description":"Reklaamkingitused, tr&uuml;kiga T-s&auml;rgid, fliisid, dressipluused, tekstiil, joped ja paljud teised logoga meened, &Auml;rikingitused sinu partnerile! Telli juba t&auml;na.","potentialAction":[{"@type":"SearchAction","target":{"@type":"EntryPoint","urlTemplate":"https:\/\/kruze.ee\/et\/?s={search_term_string}"},"query-input":{"@type":"PropertyValueSpecification","valueRequired":true,"valueName":"search_term_string"}}],"inLanguage":"et"}]}},"_links":{"self":[{"href":"https:\/\/kruze.ee\/et\/wp-json\/wp\/v2\/product\/1437504","targetHints":{"allow":["GET"]}}],"collection":[{"href":"https:\/\/kruze.ee\/et\/wp-json\/wp\/v2\/product"}],"about":[{"href":"https:\/\/kruze.ee\/et\/wp-json\/wp\/v2\/types\/product"}],"wp:attachment":[{"href":"https:\/\/kruze.ee\/et\/wp-json\/wp\/v2\/media?parent=1437504"}],"wp:term":[{"taxonomy":"product_brand","embeddable":true,"href":"https:\/\/kruze.ee\/et\/wp-json\/wp\/v2\/product_brand?post=1437504"},{"taxonomy":"product_cat","embeddable":true,"href":"https:\/\/kruze.ee\/et\/wp-json\/wp\/v2\/product_cat?post=1437504"},{"taxonomy":"product_tag","embeddable":true,"href":"https:\/\/kruze.ee\/et\/wp-json\/wp\/v2\/product_tag?post=1437504"}],"curies":[{"name":"wp","href":"https:\/\/api.w.org\/{rel}","templated":true}]}}