{"id":1437500,"date":"2026-01-25T20:53:32","date_gmt":"2026-01-25T17:53:32","guid":{"rendered":"https:\/\/kruze.ee\/product\/boska-boska-monaco-must-juustunugade-komplekt\/"},"modified":"2026-03-17T01:08:03","modified_gmt":"2026-03-16T22:08:03","slug":"boska-boska-monaco-must-juustunugade-komplekt","status":"publish","type":"product","link":"https:\/\/kruze.ee\/et\/toode\/boska-boska-monaco-must-juustunugade-komplekt\/","title":{"rendered":"Boska BOSKA Monaco+ must juustunugade komplekt"},"content":{"rendered":"<p>Pehmest Brie&#8217;st kuni k\u00f5va Parmesanini \u2013 BOSKA \u2013 B Corporationi sertifikaadiga ettev\u00f5tte \u2013 Cheese Knife Set Monaco+ Black pakub ideaalset l\u00f5ikelahendust igat t\u00fc\u00fcpi juustude jaoks. Need ainulaadsed roostevabast terasest mittenakkuvad noad koos ehtsa nahast \u00fcmbrisega on ideaalne ja stiilne kingitus t\u00f5elistele juustus\u00f5pradele ja kokandushuvilistele. Komplekt sobib k\u00fclmkapis kasutamiseks, on m\u00f5eldud ainult k\u00e4sitsi pesemiseks ning sellele kehtib 10-aastane garantii.<\/p>\n","protected":false},"excerpt":{"rendered":"<p>Pehmest Brie&#8217;st kuni k\u00f5va Parmesanini \u2013 BOSKA \u2013 B Corporationi sertifikaadiga ettev\u00f5tte \u2013 Cheese Knife Set Monaco+ Black pakub ideaalset l\u00f5ikelahendust igat&#8230;<\/p>\n","protected":false},"featured_media":0,"template":"","meta":[],"product_brand":[],"product_cat":[5436],"product_tag":[],"class_list":{"0":"post-1437500","1":"product","2":"type-product","3":"status-publish","5":"product_cat-koogitarbed","6":"pa_gender-uniseks","9":"first","10":"instock","11":"purchasable","12":"product-type-simple"},"acf":[],"yoast_head":"<!-- This site is optimized with the Yoast SEO plugin v26.0 - https:\/\/yoast.com\/wordpress\/plugins\/seo\/ -->\n<title>Boska BOSKA Monaco+ must juustunugade komplekt - Kruze.ee<\/title>\n<meta name=\"robots\" content=\"index, follow, max-snippet:-1, max-image-preview:large, max-video-preview:-1\" \/>\n<link rel=\"canonical\" href=\"https:\/\/kruze.ee\/et\/toode\/boska-boska-monaco-must-juustunugade-komplekt\/\" \/>\n<meta property=\"og:locale\" content=\"et_EE\" \/>\n<meta property=\"og:type\" content=\"article\" \/>\n<meta property=\"og:title\" content=\"Boska BOSKA Monaco+ must juustunugade komplekt - Kruze.ee\" \/>\n<meta property=\"og:description\" content=\"Pehmest Brie&#039;st kuni k\u00f5va Parmesanini \u2013 BOSKA \u2013 B Corporationi sertifikaadiga ettev\u00f5tte \u2013 Cheese Knife Set Monaco+ Black pakub ideaalset l\u00f5ikelahendust igat...\" \/>\n<meta property=\"og:url\" content=\"https:\/\/kruze.ee\/et\/toode\/boska-boska-monaco-must-juustunugade-komplekt\/\" \/>\n<meta property=\"og:site_name\" content=\"Kruze.ee\" \/>\n<meta property=\"article:modified_time\" content=\"2026-03-16T22:08:03+00:00\" \/>\n<meta name=\"twitter:card\" content=\"summary_large_image\" \/>\n<meta name=\"twitter:label1\" content=\"Est. reading time\" \/>\n\t<meta name=\"twitter:data1\" content=\"1 minut\" \/>\n<script type=\"application\/ld+json\" class=\"yoast-schema-graph\">{\"@context\":\"https:\/\/schema.org\",\"@graph\":[{\"@type\":\"WebPage\",\"@id\":\"https:\/\/kruze.ee\/et\/toode\/boska-boska-monaco-must-juustunugade-komplekt\/\",\"url\":\"https:\/\/kruze.ee\/et\/toode\/boska-boska-monaco-must-juustunugade-komplekt\/\",\"name\":\"Boska BOSKA Monaco+ must juustunugade komplekt - Kruze.ee\",\"isPartOf\":{\"@id\":\"https:\/\/kruze.ee\/et\/#website\"},\"datePublished\":\"2026-01-25T17:53:32+00:00\",\"dateModified\":\"2026-03-16T22:08:03+00:00\",\"breadcrumb\":{\"@id\":\"https:\/\/kruze.ee\/et\/toode\/boska-boska-monaco-must-juustunugade-komplekt\/#breadcrumb\"},\"inLanguage\":\"et\",\"potentialAction\":[{\"@type\":\"ReadAction\",\"target\":[\"https:\/\/kruze.ee\/et\/toode\/boska-boska-monaco-must-juustunugade-komplekt\/\"]}]},{\"@type\":\"BreadcrumbList\",\"@id\":\"https:\/\/kruze.ee\/et\/toode\/boska-boska-monaco-must-juustunugade-komplekt\/#breadcrumb\",\"itemListElement\":[{\"@type\":\"ListItem\",\"position\":1,\"name\":\"Home\",\"item\":\"https:\/\/kruze.ee\/et\/\"},{\"@type\":\"ListItem\",\"position\":2,\"name\":\"Tooted\",\"item\":\"https:\/\/kruze.ee\/et\/tooted\/\"},{\"@type\":\"ListItem\",\"position\":3,\"name\":\"Boska BOSKA Monaco+ must juustunugade komplekt\"}]},{\"@type\":\"WebSite\",\"@id\":\"https:\/\/kruze.ee\/et\/#website\",\"url\":\"https:\/\/kruze.ee\/et\/\",\"name\":\"Kruze.ee\",\"description\":\"Reklaamkingitused, tr&uuml;kiga T-s&auml;rgid, fliisid, dressipluused, tekstiil, joped ja paljud teised logoga meened, &Auml;rikingitused sinu partnerile! Telli juba t&auml;na.\",\"potentialAction\":[{\"@type\":\"SearchAction\",\"target\":{\"@type\":\"EntryPoint\",\"urlTemplate\":\"https:\/\/kruze.ee\/et\/?s={search_term_string}\"},\"query-input\":{\"@type\":\"PropertyValueSpecification\",\"valueRequired\":true,\"valueName\":\"search_term_string\"}}],\"inLanguage\":\"et\"}]}<\/script>\n<!-- \/ Yoast SEO plugin. -->","yoast_head_json":{"title":"Boska BOSKA Monaco+ must juustunugade komplekt - Kruze.ee","robots":{"index":"index","follow":"follow","max-snippet":"max-snippet:-1","max-image-preview":"max-image-preview:large","max-video-preview":"max-video-preview:-1"},"canonical":"https:\/\/kruze.ee\/et\/toode\/boska-boska-monaco-must-juustunugade-komplekt\/","og_locale":"et_EE","og_type":"article","og_title":"Boska BOSKA Monaco+ must juustunugade komplekt - Kruze.ee","og_description":"Pehmest Brie'st kuni k\u00f5va Parmesanini \u2013 BOSKA \u2013 B Corporationi sertifikaadiga ettev\u00f5tte \u2013 Cheese Knife Set Monaco+ Black pakub ideaalset l\u00f5ikelahendust igat...","og_url":"https:\/\/kruze.ee\/et\/toode\/boska-boska-monaco-must-juustunugade-komplekt\/","og_site_name":"Kruze.ee","article_modified_time":"2026-03-16T22:08:03+00:00","twitter_card":"summary_large_image","twitter_misc":{"Est. reading time":"1 minut"},"schema":{"@context":"https:\/\/schema.org","@graph":[{"@type":"WebPage","@id":"https:\/\/kruze.ee\/et\/toode\/boska-boska-monaco-must-juustunugade-komplekt\/","url":"https:\/\/kruze.ee\/et\/toode\/boska-boska-monaco-must-juustunugade-komplekt\/","name":"Boska BOSKA Monaco+ must juustunugade komplekt - Kruze.ee","isPartOf":{"@id":"https:\/\/kruze.ee\/et\/#website"},"datePublished":"2026-01-25T17:53:32+00:00","dateModified":"2026-03-16T22:08:03+00:00","breadcrumb":{"@id":"https:\/\/kruze.ee\/et\/toode\/boska-boska-monaco-must-juustunugade-komplekt\/#breadcrumb"},"inLanguage":"et","potentialAction":[{"@type":"ReadAction","target":["https:\/\/kruze.ee\/et\/toode\/boska-boska-monaco-must-juustunugade-komplekt\/"]}]},{"@type":"BreadcrumbList","@id":"https:\/\/kruze.ee\/et\/toode\/boska-boska-monaco-must-juustunugade-komplekt\/#breadcrumb","itemListElement":[{"@type":"ListItem","position":1,"name":"Home","item":"https:\/\/kruze.ee\/et\/"},{"@type":"ListItem","position":2,"name":"Tooted","item":"https:\/\/kruze.ee\/et\/tooted\/"},{"@type":"ListItem","position":3,"name":"Boska BOSKA Monaco+ must juustunugade komplekt"}]},{"@type":"WebSite","@id":"https:\/\/kruze.ee\/et\/#website","url":"https:\/\/kruze.ee\/et\/","name":"Kruze.ee","description":"Reklaamkingitused, tr&uuml;kiga T-s&auml;rgid, fliisid, dressipluused, tekstiil, joped ja paljud teised logoga meened, &Auml;rikingitused sinu partnerile! Telli juba t&auml;na.","potentialAction":[{"@type":"SearchAction","target":{"@type":"EntryPoint","urlTemplate":"https:\/\/kruze.ee\/et\/?s={search_term_string}"},"query-input":{"@type":"PropertyValueSpecification","valueRequired":true,"valueName":"search_term_string"}}],"inLanguage":"et"}]}},"_links":{"self":[{"href":"https:\/\/kruze.ee\/et\/wp-json\/wp\/v2\/product\/1437500","targetHints":{"allow":["GET"]}}],"collection":[{"href":"https:\/\/kruze.ee\/et\/wp-json\/wp\/v2\/product"}],"about":[{"href":"https:\/\/kruze.ee\/et\/wp-json\/wp\/v2\/types\/product"}],"wp:attachment":[{"href":"https:\/\/kruze.ee\/et\/wp-json\/wp\/v2\/media?parent=1437500"}],"wp:term":[{"taxonomy":"product_brand","embeddable":true,"href":"https:\/\/kruze.ee\/et\/wp-json\/wp\/v2\/product_brand?post=1437500"},{"taxonomy":"product_cat","embeddable":true,"href":"https:\/\/kruze.ee\/et\/wp-json\/wp\/v2\/product_cat?post=1437500"},{"taxonomy":"product_tag","embeddable":true,"href":"https:\/\/kruze.ee\/et\/wp-json\/wp\/v2\/product_tag?post=1437500"}],"curies":[{"name":"wp","href":"https:\/\/api.w.org\/{rel}","templated":true}]}}