{"id":1437496,"date":"2026-01-25T20:39:30","date_gmt":"2026-01-25T17:39:30","guid":{"rendered":"https:\/\/kruze.ee\/product\/boska-boska-juustupott-500-ml\/"},"modified":"2026-03-17T01:00:03","modified_gmt":"2026-03-16T22:00:03","slug":"boska-boska-juustupott-500-ml","status":"publish","type":"product","link":"https:\/\/kruze.ee\/et\/toode\/boska-boska-juustupott-500-ml\/","title":{"rendered":"Boska BOSKA juustupott \u2013 500 ml"},"content":{"rendered":"<p>Soovid nautida maitsvat ahjus k\u00fcpsetatud Camembert\u2019i? BOSKA \u2013 B Corporationi sertifikaadiga ettev\u00f5tte \u2013 Cheese Bakeriga on see imelihtne! See v\u00e4ike ahjuvorm koos sobiva kaanega on ideaalse suurusega Camembert\u2019i jaoks. Sobib suurep\u00e4raselt ka fond\u00fc\u00fc, hautiste v\u00f5i muude roogade valmistamiseks, v\u00f5imaldades kiirelt valmis teha maitsva eelroa v\u00f5i sn\u00e4ki. Cheese Baker sobib kasutamiseks k\u00fclmkapis ning on osaliselt n\u00f5udepesumasinas pestav \u2013 ainult ahjuvorm on n\u00f5udepesumasinakindel. Lisaks kehtib tootele 10-aastane garantii.<\/p>\n","protected":false},"excerpt":{"rendered":"<p>Soovid nautida maitsvat ahjus k\u00fcpsetatud Camembert\u2019i? BOSKA \u2013 B Corporationi sertifikaadiga ettev\u00f5tte \u2013 Cheese Bakeriga on see imelihtne! See v\u00e4ike ahjuvorm&#8230;<\/p>\n","protected":false},"featured_media":0,"template":"","meta":[],"product_brand":[],"product_cat":[5444],"product_tag":[],"class_list":{"0":"post-1437496","1":"product","2":"type-product","3":"status-publish","5":"product_cat-muud-meened","6":"pa_gender-uniseks","9":"first","10":"instock","11":"purchasable","12":"product-type-simple"},"acf":[],"yoast_head":"<!-- This site is optimized with the Yoast SEO plugin v26.0 - https:\/\/yoast.com\/wordpress\/plugins\/seo\/ -->\n<title>Boska BOSKA juustupott \u2013 500 ml - Kruze.ee<\/title>\n<meta name=\"robots\" content=\"index, follow, max-snippet:-1, max-image-preview:large, max-video-preview:-1\" \/>\n<link rel=\"canonical\" href=\"https:\/\/kruze.ee\/et\/toode\/boska-boska-juustupott-500-ml\/\" \/>\n<meta property=\"og:locale\" content=\"et_EE\" \/>\n<meta property=\"og:type\" content=\"article\" \/>\n<meta property=\"og:title\" content=\"Boska BOSKA juustupott \u2013 500 ml - Kruze.ee\" \/>\n<meta property=\"og:description\" content=\"Soovid nautida maitsvat ahjus k\u00fcpsetatud Camembert\u2019i? BOSKA \u2013 B Corporationi sertifikaadiga ettev\u00f5tte \u2013 Cheese Bakeriga on see imelihtne! See v\u00e4ike ahjuvorm...\" \/>\n<meta property=\"og:url\" content=\"https:\/\/kruze.ee\/et\/toode\/boska-boska-juustupott-500-ml\/\" \/>\n<meta property=\"og:site_name\" content=\"Kruze.ee\" \/>\n<meta property=\"article:modified_time\" content=\"2026-03-16T22:00:03+00:00\" \/>\n<meta name=\"twitter:card\" content=\"summary_large_image\" \/>\n<script type=\"application\/ld+json\" class=\"yoast-schema-graph\">{\"@context\":\"https:\/\/schema.org\",\"@graph\":[{\"@type\":\"WebPage\",\"@id\":\"https:\/\/kruze.ee\/et\/toode\/boska-boska-juustupott-500-ml\/\",\"url\":\"https:\/\/kruze.ee\/et\/toode\/boska-boska-juustupott-500-ml\/\",\"name\":\"Boska BOSKA juustupott \u2013 500 ml - Kruze.ee\",\"isPartOf\":{\"@id\":\"https:\/\/kruze.ee\/et\/#website\"},\"datePublished\":\"2026-01-25T17:39:30+00:00\",\"dateModified\":\"2026-03-16T22:00:03+00:00\",\"breadcrumb\":{\"@id\":\"https:\/\/kruze.ee\/et\/toode\/boska-boska-juustupott-500-ml\/#breadcrumb\"},\"inLanguage\":\"et\",\"potentialAction\":[{\"@type\":\"ReadAction\",\"target\":[\"https:\/\/kruze.ee\/et\/toode\/boska-boska-juustupott-500-ml\/\"]}]},{\"@type\":\"BreadcrumbList\",\"@id\":\"https:\/\/kruze.ee\/et\/toode\/boska-boska-juustupott-500-ml\/#breadcrumb\",\"itemListElement\":[{\"@type\":\"ListItem\",\"position\":1,\"name\":\"Home\",\"item\":\"https:\/\/kruze.ee\/et\/\"},{\"@type\":\"ListItem\",\"position\":2,\"name\":\"Tooted\",\"item\":\"https:\/\/kruze.ee\/et\/tooted\/\"},{\"@type\":\"ListItem\",\"position\":3,\"name\":\"Boska BOSKA juustupott \u2013 500 ml\"}]},{\"@type\":\"WebSite\",\"@id\":\"https:\/\/kruze.ee\/et\/#website\",\"url\":\"https:\/\/kruze.ee\/et\/\",\"name\":\"Kruze.ee\",\"description\":\"Reklaamkingitused, tr&uuml;kiga T-s&auml;rgid, fliisid, dressipluused, tekstiil, joped ja paljud teised logoga meened, &Auml;rikingitused sinu partnerile! Telli juba t&auml;na.\",\"potentialAction\":[{\"@type\":\"SearchAction\",\"target\":{\"@type\":\"EntryPoint\",\"urlTemplate\":\"https:\/\/kruze.ee\/et\/?s={search_term_string}\"},\"query-input\":{\"@type\":\"PropertyValueSpecification\",\"valueRequired\":true,\"valueName\":\"search_term_string\"}}],\"inLanguage\":\"et\"}]}<\/script>\n<!-- \/ Yoast SEO plugin. -->","yoast_head_json":{"title":"Boska BOSKA juustupott \u2013 500 ml - Kruze.ee","robots":{"index":"index","follow":"follow","max-snippet":"max-snippet:-1","max-image-preview":"max-image-preview:large","max-video-preview":"max-video-preview:-1"},"canonical":"https:\/\/kruze.ee\/et\/toode\/boska-boska-juustupott-500-ml\/","og_locale":"et_EE","og_type":"article","og_title":"Boska BOSKA juustupott \u2013 500 ml - Kruze.ee","og_description":"Soovid nautida maitsvat ahjus k\u00fcpsetatud Camembert\u2019i? BOSKA \u2013 B Corporationi sertifikaadiga ettev\u00f5tte \u2013 Cheese Bakeriga on see imelihtne! See v\u00e4ike ahjuvorm...","og_url":"https:\/\/kruze.ee\/et\/toode\/boska-boska-juustupott-500-ml\/","og_site_name":"Kruze.ee","article_modified_time":"2026-03-16T22:00:03+00:00","twitter_card":"summary_large_image","schema":{"@context":"https:\/\/schema.org","@graph":[{"@type":"WebPage","@id":"https:\/\/kruze.ee\/et\/toode\/boska-boska-juustupott-500-ml\/","url":"https:\/\/kruze.ee\/et\/toode\/boska-boska-juustupott-500-ml\/","name":"Boska BOSKA juustupott \u2013 500 ml - Kruze.ee","isPartOf":{"@id":"https:\/\/kruze.ee\/et\/#website"},"datePublished":"2026-01-25T17:39:30+00:00","dateModified":"2026-03-16T22:00:03+00:00","breadcrumb":{"@id":"https:\/\/kruze.ee\/et\/toode\/boska-boska-juustupott-500-ml\/#breadcrumb"},"inLanguage":"et","potentialAction":[{"@type":"ReadAction","target":["https:\/\/kruze.ee\/et\/toode\/boska-boska-juustupott-500-ml\/"]}]},{"@type":"BreadcrumbList","@id":"https:\/\/kruze.ee\/et\/toode\/boska-boska-juustupott-500-ml\/#breadcrumb","itemListElement":[{"@type":"ListItem","position":1,"name":"Home","item":"https:\/\/kruze.ee\/et\/"},{"@type":"ListItem","position":2,"name":"Tooted","item":"https:\/\/kruze.ee\/et\/tooted\/"},{"@type":"ListItem","position":3,"name":"Boska BOSKA juustupott \u2013 500 ml"}]},{"@type":"WebSite","@id":"https:\/\/kruze.ee\/et\/#website","url":"https:\/\/kruze.ee\/et\/","name":"Kruze.ee","description":"Reklaamkingitused, tr&uuml;kiga T-s&auml;rgid, fliisid, dressipluused, tekstiil, joped ja paljud teised logoga meened, &Auml;rikingitused sinu partnerile! Telli juba t&auml;na.","potentialAction":[{"@type":"SearchAction","target":{"@type":"EntryPoint","urlTemplate":"https:\/\/kruze.ee\/et\/?s={search_term_string}"},"query-input":{"@type":"PropertyValueSpecification","valueRequired":true,"valueName":"search_term_string"}}],"inLanguage":"et"}]}},"_links":{"self":[{"href":"https:\/\/kruze.ee\/et\/wp-json\/wp\/v2\/product\/1437496","targetHints":{"allow":["GET"]}}],"collection":[{"href":"https:\/\/kruze.ee\/et\/wp-json\/wp\/v2\/product"}],"about":[{"href":"https:\/\/kruze.ee\/et\/wp-json\/wp\/v2\/types\/product"}],"wp:attachment":[{"href":"https:\/\/kruze.ee\/et\/wp-json\/wp\/v2\/media?parent=1437496"}],"wp:term":[{"taxonomy":"product_brand","embeddable":true,"href":"https:\/\/kruze.ee\/et\/wp-json\/wp\/v2\/product_brand?post=1437496"},{"taxonomy":"product_cat","embeddable":true,"href":"https:\/\/kruze.ee\/et\/wp-json\/wp\/v2\/product_cat?post=1437496"},{"taxonomy":"product_tag","embeddable":true,"href":"https:\/\/kruze.ee\/et\/wp-json\/wp\/v2\/product_tag?post=1437496"}],"curies":[{"name":"wp","href":"https:\/\/api.w.org\/{rel}","templated":true}]}}