{"id":1437284,"date":"2026-01-25T19:08:17","date_gmt":"2026-01-25T16:08:17","guid":{"rendered":"https:\/\/kruze.ee\/product\/craft-adv-explore-meeste-fliisist\/"},"modified":"2026-03-17T01:29:54","modified_gmt":"2026-03-16T22:29:54","slug":"craft-adv-explore-meeste-fliisist","status":"publish","type":"product","link":"https:\/\/kruze.ee\/et\/toode\/craft-adv-explore-meeste-fliisist\/","title":{"rendered":"Craft ADV Explore meeste fliisist"},"content":{"rendered":"<p>ADV Explore Fleece Midlayer on tehniliselt arenenud vahekiht-jakk, mis on m\u00f5eldud matkamiseks, m\u00e4esuusatamiseks, suusamatkadeks ja sarnasteks v\u00e4litegevusteks. Jakk on valmistatud pehmest, harjatud fliisist, mis on toodetud taaskasutatud pol\u00fcestrist, ning sellel on sportlik l\u00f5ige, mis tagab optimaalse istuvuse ja liikumisvabaduse. Varrukaotstes olevad p\u00f6idlaavad lisavad kandmismugavust. Pehme harjatud fliiskangas taaskasutatud pol\u00fcestrist. Sportlik disain. P\u00f6idlaavad varrukaotstes. Lukuga k\u00fcljetaskud. Helkurdetaile. Regular fit.<\/p>\n","protected":false},"excerpt":{"rendered":"<p>ADV Explore Fleece Midlayer on tehniliselt arenenud vahekiht-jakk, mis on m\u00f5eldud matkamiseks, m\u00e4esuusatamiseks, suusamatkadeks ja sarnasteks v\u00e4litegevusteks&#8230;.<\/p>\n","protected":false},"featured_media":0,"template":"","meta":[],"product_brand":[],"product_cat":[5380],"product_tag":[],"class_list":{"0":"post-1437284","1":"product","2":"type-product","3":"status-publish","5":"product_cat-fliisid-tikandiga","6":"pa_brand-craft","7":"pa_color-blaze","8":"pa_color-graniithall","9":"pa_color-hein","10":"pa_color-must-graniit","11":"pa_color-rift","12":"pa_gender-mehed","13":"pa_gender-men","14":"pa_material-100-polyester-recycled","15":"pa_size-s","16":"pa_size-m","17":"pa_size-l","18":"pa_size-xl","19":"pa_size-2xl","20":"pa_size-3xl","21":"pa_size-4xl","23":"first","24":"instock","25":"taxable","26":"shipping-taxable","27":"purchasable","28":"product-type-variable"},"acf":[],"yoast_head":"<!-- This site is optimized with the Yoast SEO plugin v26.0 - https:\/\/yoast.com\/wordpress\/plugins\/seo\/ -->\n<title>Craft ADV Explore meeste fliisist - Kruze.ee<\/title>\n<meta name=\"robots\" content=\"index, follow, max-snippet:-1, max-image-preview:large, max-video-preview:-1\" \/>\n<link rel=\"canonical\" href=\"https:\/\/kruze.ee\/et\/toode\/craft-adv-explore-meeste-fliisist\/\" \/>\n<meta property=\"og:locale\" content=\"et_EE\" \/>\n<meta property=\"og:type\" content=\"article\" \/>\n<meta property=\"og:title\" content=\"Craft ADV Explore meeste fliisist - Kruze.ee\" \/>\n<meta property=\"og:description\" content=\"ADV Explore Fleece Midlayer on tehniliselt arenenud vahekiht-jakk, mis on m\u00f5eldud matkamiseks, m\u00e4esuusatamiseks, suusamatkadeks ja sarnasteks v\u00e4litegevusteks....\" \/>\n<meta property=\"og:url\" content=\"https:\/\/kruze.ee\/et\/toode\/craft-adv-explore-meeste-fliisist\/\" \/>\n<meta property=\"og:site_name\" content=\"Kruze.ee\" \/>\n<meta property=\"article:modified_time\" content=\"2026-03-16T22:29:54+00:00\" \/>\n<meta name=\"twitter:card\" content=\"summary_large_image\" \/>\n<meta name=\"twitter:label1\" content=\"Est. reading time\" \/>\n\t<meta name=\"twitter:data1\" content=\"1 minut\" \/>\n<script type=\"application\/ld+json\" class=\"yoast-schema-graph\">{\"@context\":\"https:\/\/schema.org\",\"@graph\":[{\"@type\":\"WebPage\",\"@id\":\"https:\/\/kruze.ee\/et\/toode\/craft-adv-explore-meeste-fliisist\/\",\"url\":\"https:\/\/kruze.ee\/et\/toode\/craft-adv-explore-meeste-fliisist\/\",\"name\":\"Craft ADV Explore meeste fliisist - Kruze.ee\",\"isPartOf\":{\"@id\":\"https:\/\/kruze.ee\/et\/#website\"},\"datePublished\":\"2026-01-25T16:08:17+00:00\",\"dateModified\":\"2026-03-16T22:29:54+00:00\",\"breadcrumb\":{\"@id\":\"https:\/\/kruze.ee\/et\/toode\/craft-adv-explore-meeste-fliisist\/#breadcrumb\"},\"inLanguage\":\"et\",\"potentialAction\":[{\"@type\":\"ReadAction\",\"target\":[\"https:\/\/kruze.ee\/et\/toode\/craft-adv-explore-meeste-fliisist\/\"]}]},{\"@type\":\"BreadcrumbList\",\"@id\":\"https:\/\/kruze.ee\/et\/toode\/craft-adv-explore-meeste-fliisist\/#breadcrumb\",\"itemListElement\":[{\"@type\":\"ListItem\",\"position\":1,\"name\":\"Home\",\"item\":\"https:\/\/kruze.ee\/et\/\"},{\"@type\":\"ListItem\",\"position\":2,\"name\":\"Tooted\",\"item\":\"https:\/\/kruze.ee\/et\/tooted\/\"},{\"@type\":\"ListItem\",\"position\":3,\"name\":\"Craft ADV Explore meeste fliisist\"}]},{\"@type\":\"WebSite\",\"@id\":\"https:\/\/kruze.ee\/et\/#website\",\"url\":\"https:\/\/kruze.ee\/et\/\",\"name\":\"Kruze.ee\",\"description\":\"Reklaamkingitused, tr&uuml;kiga T-s&auml;rgid, fliisid, dressipluused, tekstiil, joped ja paljud teised logoga meened, &Auml;rikingitused sinu partnerile! Telli juba t&auml;na.\",\"potentialAction\":[{\"@type\":\"SearchAction\",\"target\":{\"@type\":\"EntryPoint\",\"urlTemplate\":\"https:\/\/kruze.ee\/et\/?s={search_term_string}\"},\"query-input\":{\"@type\":\"PropertyValueSpecification\",\"valueRequired\":true,\"valueName\":\"search_term_string\"}}],\"inLanguage\":\"et\"}]}<\/script>\n<!-- \/ Yoast SEO plugin. -->","yoast_head_json":{"title":"Craft ADV Explore meeste fliisist - Kruze.ee","robots":{"index":"index","follow":"follow","max-snippet":"max-snippet:-1","max-image-preview":"max-image-preview:large","max-video-preview":"max-video-preview:-1"},"canonical":"https:\/\/kruze.ee\/et\/toode\/craft-adv-explore-meeste-fliisist\/","og_locale":"et_EE","og_type":"article","og_title":"Craft ADV Explore meeste fliisist - Kruze.ee","og_description":"ADV Explore Fleece Midlayer on tehniliselt arenenud vahekiht-jakk, mis on m\u00f5eldud matkamiseks, m\u00e4esuusatamiseks, suusamatkadeks ja sarnasteks v\u00e4litegevusteks....","og_url":"https:\/\/kruze.ee\/et\/toode\/craft-adv-explore-meeste-fliisist\/","og_site_name":"Kruze.ee","article_modified_time":"2026-03-16T22:29:54+00:00","twitter_card":"summary_large_image","twitter_misc":{"Est. reading time":"1 minut"},"schema":{"@context":"https:\/\/schema.org","@graph":[{"@type":"WebPage","@id":"https:\/\/kruze.ee\/et\/toode\/craft-adv-explore-meeste-fliisist\/","url":"https:\/\/kruze.ee\/et\/toode\/craft-adv-explore-meeste-fliisist\/","name":"Craft ADV Explore meeste fliisist - Kruze.ee","isPartOf":{"@id":"https:\/\/kruze.ee\/et\/#website"},"datePublished":"2026-01-25T16:08:17+00:00","dateModified":"2026-03-16T22:29:54+00:00","breadcrumb":{"@id":"https:\/\/kruze.ee\/et\/toode\/craft-adv-explore-meeste-fliisist\/#breadcrumb"},"inLanguage":"et","potentialAction":[{"@type":"ReadAction","target":["https:\/\/kruze.ee\/et\/toode\/craft-adv-explore-meeste-fliisist\/"]}]},{"@type":"BreadcrumbList","@id":"https:\/\/kruze.ee\/et\/toode\/craft-adv-explore-meeste-fliisist\/#breadcrumb","itemListElement":[{"@type":"ListItem","position":1,"name":"Home","item":"https:\/\/kruze.ee\/et\/"},{"@type":"ListItem","position":2,"name":"Tooted","item":"https:\/\/kruze.ee\/et\/tooted\/"},{"@type":"ListItem","position":3,"name":"Craft ADV Explore meeste fliisist"}]},{"@type":"WebSite","@id":"https:\/\/kruze.ee\/et\/#website","url":"https:\/\/kruze.ee\/et\/","name":"Kruze.ee","description":"Reklaamkingitused, tr&uuml;kiga T-s&auml;rgid, fliisid, dressipluused, tekstiil, joped ja paljud teised logoga meened, &Auml;rikingitused sinu partnerile! Telli juba t&auml;na.","potentialAction":[{"@type":"SearchAction","target":{"@type":"EntryPoint","urlTemplate":"https:\/\/kruze.ee\/et\/?s={search_term_string}"},"query-input":{"@type":"PropertyValueSpecification","valueRequired":true,"valueName":"search_term_string"}}],"inLanguage":"et"}]}},"_links":{"self":[{"href":"https:\/\/kruze.ee\/et\/wp-json\/wp\/v2\/product\/1437284","targetHints":{"allow":["GET"]}}],"collection":[{"href":"https:\/\/kruze.ee\/et\/wp-json\/wp\/v2\/product"}],"about":[{"href":"https:\/\/kruze.ee\/et\/wp-json\/wp\/v2\/types\/product"}],"wp:attachment":[{"href":"https:\/\/kruze.ee\/et\/wp-json\/wp\/v2\/media?parent=1437284"}],"wp:term":[{"taxonomy":"product_brand","embeddable":true,"href":"https:\/\/kruze.ee\/et\/wp-json\/wp\/v2\/product_brand?post=1437284"},{"taxonomy":"product_cat","embeddable":true,"href":"https:\/\/kruze.ee\/et\/wp-json\/wp\/v2\/product_cat?post=1437284"},{"taxonomy":"product_tag","embeddable":true,"href":"https:\/\/kruze.ee\/et\/wp-json\/wp\/v2\/product_tag?post=1437284"}],"curies":[{"name":"wp","href":"https:\/\/api.w.org\/{rel}","templated":true}]}}