{"id":1436390,"date":"2026-01-25T15:56:49","date_gmt":"2026-01-25T12:56:49","guid":{"rendered":"https:\/\/kruze.ee\/product\/standardne-alumiiniumist-rfid-kaitsega-kaardihoidja-pu-rahakotiga\/"},"modified":"2026-03-17T01:07:45","modified_gmt":"2026-03-16T22:07:45","slug":"standardne-alumiiniumist-rfid-kaitsega-kaardihoidja-pu-rahakotiga","status":"publish","type":"product","link":"https:\/\/kruze.ee\/et\/toode\/standardne-alumiiniumist-rfid-kaitsega-kaardihoidja-pu-rahakotiga\/","title":{"rendered":"Standardne alumiiniumist RFID-kaitsega kaardihoidja PU-rahakotiga"},"content":{"rendered":"<p>See vastupidav alumiiniumist kaardihoidja PU-rahakotiga kaitseb sinu k\u00f5ige olulisemaid kaarte elektroonilise taskuvarguse eest. Enam ei mingeid katkiseid ega k\u00f5verdunud kaarte! Kaardihoidja mahutab kuni 10 kaarti v\u00f5i 6 reljeefset (embossed) kaarti. Mugav k\u00fclgmine liugur l\u00fckkab kaardid sujuvalt \u00fcles. NFC-blokeering (13,56 MHz).<\/p>\n","protected":false},"excerpt":{"rendered":"<p>See vastupidav alumiiniumist kaardihoidja PU-rahakotiga kaitseb sinu k\u00f5ige olulisemaid kaarte elektroonilise taskuvarguse eest. Enam ei mingeid katkiseid ega&#8230;<\/p>\n","protected":false},"featured_media":0,"template":"","meta":[],"product_brand":[],"product_cat":[5402],"product_tag":[],"class_list":{"0":"post-1436390","1":"product","2":"type-product","3":"status-publish","5":"product_cat-rahakotid","6":"pa_gender-uniseks","7":"pa_gender-unisex","11":"first","12":"instock","13":"purchasable","14":"product-type-simple"},"acf":[],"yoast_head":"<!-- This site is optimized with the Yoast SEO plugin v26.0 - https:\/\/yoast.com\/wordpress\/plugins\/seo\/ -->\n<title>Standardne alumiiniumist RFID-kaitsega kaardihoidja PU-rahakotiga - Kruze.ee<\/title>\n<meta name=\"robots\" content=\"index, follow, max-snippet:-1, max-image-preview:large, max-video-preview:-1\" \/>\n<link rel=\"canonical\" href=\"https:\/\/kruze.ee\/et\/toode\/standardne-alumiiniumist-rfid-kaitsega-kaardihoidja-pu-rahakotiga\/\" \/>\n<meta property=\"og:locale\" content=\"et_EE\" \/>\n<meta property=\"og:type\" content=\"article\" \/>\n<meta property=\"og:title\" content=\"Standardne alumiiniumist RFID-kaitsega kaardihoidja PU-rahakotiga - Kruze.ee\" \/>\n<meta property=\"og:description\" content=\"See vastupidav alumiiniumist kaardihoidja PU-rahakotiga kaitseb sinu k\u00f5ige olulisemaid kaarte elektroonilise taskuvarguse eest. Enam ei mingeid katkiseid ega...\" \/>\n<meta property=\"og:url\" content=\"https:\/\/kruze.ee\/et\/toode\/standardne-alumiiniumist-rfid-kaitsega-kaardihoidja-pu-rahakotiga\/\" \/>\n<meta property=\"og:site_name\" content=\"Kruze.ee\" \/>\n<meta property=\"article:modified_time\" content=\"2026-03-16T22:07:45+00:00\" \/>\n<meta name=\"twitter:card\" content=\"summary_large_image\" \/>\n<script type=\"application\/ld+json\" class=\"yoast-schema-graph\">{\"@context\":\"https:\/\/schema.org\",\"@graph\":[{\"@type\":\"WebPage\",\"@id\":\"https:\/\/kruze.ee\/et\/toode\/standardne-alumiiniumist-rfid-kaitsega-kaardihoidja-pu-rahakotiga\/\",\"url\":\"https:\/\/kruze.ee\/et\/toode\/standardne-alumiiniumist-rfid-kaitsega-kaardihoidja-pu-rahakotiga\/\",\"name\":\"Standardne alumiiniumist RFID-kaitsega kaardihoidja PU-rahakotiga - Kruze.ee\",\"isPartOf\":{\"@id\":\"https:\/\/kruze.ee\/et\/#website\"},\"datePublished\":\"2026-01-25T12:56:49+00:00\",\"dateModified\":\"2026-03-16T22:07:45+00:00\",\"breadcrumb\":{\"@id\":\"https:\/\/kruze.ee\/et\/toode\/standardne-alumiiniumist-rfid-kaitsega-kaardihoidja-pu-rahakotiga\/#breadcrumb\"},\"inLanguage\":\"et\",\"potentialAction\":[{\"@type\":\"ReadAction\",\"target\":[\"https:\/\/kruze.ee\/et\/toode\/standardne-alumiiniumist-rfid-kaitsega-kaardihoidja-pu-rahakotiga\/\"]}]},{\"@type\":\"BreadcrumbList\",\"@id\":\"https:\/\/kruze.ee\/et\/toode\/standardne-alumiiniumist-rfid-kaitsega-kaardihoidja-pu-rahakotiga\/#breadcrumb\",\"itemListElement\":[{\"@type\":\"ListItem\",\"position\":1,\"name\":\"Home\",\"item\":\"https:\/\/kruze.ee\/et\/\"},{\"@type\":\"ListItem\",\"position\":2,\"name\":\"Tooted\",\"item\":\"https:\/\/kruze.ee\/et\/tooted\/\"},{\"@type\":\"ListItem\",\"position\":3,\"name\":\"Standardne alumiiniumist RFID-kaitsega kaardihoidja PU-rahakotiga\"}]},{\"@type\":\"WebSite\",\"@id\":\"https:\/\/kruze.ee\/et\/#website\",\"url\":\"https:\/\/kruze.ee\/et\/\",\"name\":\"Kruze.ee\",\"description\":\"Reklaamkingitused, tr&uuml;kiga T-s&auml;rgid, fliisid, dressipluused, tekstiil, joped ja paljud teised logoga meened, &Auml;rikingitused sinu partnerile! Telli juba t&auml;na.\",\"potentialAction\":[{\"@type\":\"SearchAction\",\"target\":{\"@type\":\"EntryPoint\",\"urlTemplate\":\"https:\/\/kruze.ee\/et\/?s={search_term_string}\"},\"query-input\":{\"@type\":\"PropertyValueSpecification\",\"valueRequired\":true,\"valueName\":\"search_term_string\"}}],\"inLanguage\":\"et\"}]}<\/script>\n<!-- \/ Yoast SEO plugin. -->","yoast_head_json":{"title":"Standardne alumiiniumist RFID-kaitsega kaardihoidja PU-rahakotiga - Kruze.ee","robots":{"index":"index","follow":"follow","max-snippet":"max-snippet:-1","max-image-preview":"max-image-preview:large","max-video-preview":"max-video-preview:-1"},"canonical":"https:\/\/kruze.ee\/et\/toode\/standardne-alumiiniumist-rfid-kaitsega-kaardihoidja-pu-rahakotiga\/","og_locale":"et_EE","og_type":"article","og_title":"Standardne alumiiniumist RFID-kaitsega kaardihoidja PU-rahakotiga - Kruze.ee","og_description":"See vastupidav alumiiniumist kaardihoidja PU-rahakotiga kaitseb sinu k\u00f5ige olulisemaid kaarte elektroonilise taskuvarguse eest. Enam ei mingeid katkiseid ega...","og_url":"https:\/\/kruze.ee\/et\/toode\/standardne-alumiiniumist-rfid-kaitsega-kaardihoidja-pu-rahakotiga\/","og_site_name":"Kruze.ee","article_modified_time":"2026-03-16T22:07:45+00:00","twitter_card":"summary_large_image","schema":{"@context":"https:\/\/schema.org","@graph":[{"@type":"WebPage","@id":"https:\/\/kruze.ee\/et\/toode\/standardne-alumiiniumist-rfid-kaitsega-kaardihoidja-pu-rahakotiga\/","url":"https:\/\/kruze.ee\/et\/toode\/standardne-alumiiniumist-rfid-kaitsega-kaardihoidja-pu-rahakotiga\/","name":"Standardne alumiiniumist RFID-kaitsega kaardihoidja PU-rahakotiga - Kruze.ee","isPartOf":{"@id":"https:\/\/kruze.ee\/et\/#website"},"datePublished":"2026-01-25T12:56:49+00:00","dateModified":"2026-03-16T22:07:45+00:00","breadcrumb":{"@id":"https:\/\/kruze.ee\/et\/toode\/standardne-alumiiniumist-rfid-kaitsega-kaardihoidja-pu-rahakotiga\/#breadcrumb"},"inLanguage":"et","potentialAction":[{"@type":"ReadAction","target":["https:\/\/kruze.ee\/et\/toode\/standardne-alumiiniumist-rfid-kaitsega-kaardihoidja-pu-rahakotiga\/"]}]},{"@type":"BreadcrumbList","@id":"https:\/\/kruze.ee\/et\/toode\/standardne-alumiiniumist-rfid-kaitsega-kaardihoidja-pu-rahakotiga\/#breadcrumb","itemListElement":[{"@type":"ListItem","position":1,"name":"Home","item":"https:\/\/kruze.ee\/et\/"},{"@type":"ListItem","position":2,"name":"Tooted","item":"https:\/\/kruze.ee\/et\/tooted\/"},{"@type":"ListItem","position":3,"name":"Standardne alumiiniumist RFID-kaitsega kaardihoidja PU-rahakotiga"}]},{"@type":"WebSite","@id":"https:\/\/kruze.ee\/et\/#website","url":"https:\/\/kruze.ee\/et\/","name":"Kruze.ee","description":"Reklaamkingitused, tr&uuml;kiga T-s&auml;rgid, fliisid, dressipluused, tekstiil, joped ja paljud teised logoga meened, &Auml;rikingitused sinu partnerile! Telli juba t&auml;na.","potentialAction":[{"@type":"SearchAction","target":{"@type":"EntryPoint","urlTemplate":"https:\/\/kruze.ee\/et\/?s={search_term_string}"},"query-input":{"@type":"PropertyValueSpecification","valueRequired":true,"valueName":"search_term_string"}}],"inLanguage":"et"}]}},"_links":{"self":[{"href":"https:\/\/kruze.ee\/et\/wp-json\/wp\/v2\/product\/1436390","targetHints":{"allow":["GET"]}}],"collection":[{"href":"https:\/\/kruze.ee\/et\/wp-json\/wp\/v2\/product"}],"about":[{"href":"https:\/\/kruze.ee\/et\/wp-json\/wp\/v2\/types\/product"}],"wp:attachment":[{"href":"https:\/\/kruze.ee\/et\/wp-json\/wp\/v2\/media?parent=1436390"}],"wp:term":[{"taxonomy":"product_brand","embeddable":true,"href":"https:\/\/kruze.ee\/et\/wp-json\/wp\/v2\/product_brand?post=1436390"},{"taxonomy":"product_cat","embeddable":true,"href":"https:\/\/kruze.ee\/et\/wp-json\/wp\/v2\/product_cat?post=1436390"},{"taxonomy":"product_tag","embeddable":true,"href":"https:\/\/kruze.ee\/et\/wp-json\/wp\/v2\/product_tag?post=1436390"}],"curies":[{"name":"wp","href":"https:\/\/api.w.org\/{rel}","templated":true}]}}