{"id":1436382,"date":"2026-01-25T15:56:41","date_gmt":"2026-01-25T12:56:41","guid":{"rendered":"https:\/\/kruze.ee\/product\/swiss-peak-magstand-rcs-taaskasutatud-pu-magnetiline-telefoni-rahakott-koos-alusega\/"},"modified":"2026-03-17T00:50:15","modified_gmt":"2026-03-16T21:50:15","slug":"swiss-peak-magstand-rcs-taaskasutatud-pu-magnetiline-telefoni-rahakott-koos-alusega","status":"publish","type":"product","link":"https:\/\/kruze.ee\/et\/toode\/swiss-peak-magstand-rcs-taaskasutatud-pu-magnetiline-telefoni-rahakott-koos-alusega\/","title":{"rendered":"Swiss Peak Magstand RCS taaskasutatud PU magnetiline telefoni rahakott koos alusega"},"content":{"rendered":"<p>Nutikas ja stiilne magnetiline telefoni rahakott koos alusega, mis hoiab kaardid ja telefoni alati k\u00e4ep\u00e4rast. Valmistatud RCS-sertifikaadiga taaskasutatud PU-st, sobib magnettoega telefonidele. Mahutab 2 kaarti ning minimalistlik disain s\u00e4ilitab elegantse v\u00e4limuse. Rahakoti saab lihtsalt aluseks p\u00f6\u00f6rata, et tagada mugav k\u00e4ed-vaba vaatamine. Taaskasutatud sisu 5% kogu toote kaalust; RCS-sertifikaat kinnitab sertifitseeritud tarneahela.<\/p>\n","protected":false},"excerpt":{"rendered":"<p>Nutikas ja stiilne magnetiline telefoni rahakott koos alusega, mis hoiab kaardid ja telefoni alati k\u00e4ep\u00e4rast. Valmistatud RCS-sertifikaadiga taaskasutatud&#8230;<\/p>\n","protected":false},"featured_media":0,"template":"","meta":[],"product_brand":[],"product_cat":[5418],"product_tag":[],"class_list":{"0":"post-1436382","1":"product","2":"type-product","3":"status-publish","5":"product_cat-nutiseadmete-lisatarvikud","6":"pa_gender-uniseks","7":"pa_gender-unisex","11":"first","12":"instock","13":"purchasable","14":"product-type-simple"},"acf":[],"yoast_head":"<!-- This site is optimized with the Yoast SEO plugin v26.0 - https:\/\/yoast.com\/wordpress\/plugins\/seo\/ -->\n<title>Swiss Peak Magstand RCS taaskasutatud PU magnetiline telefoni rahakott koos alusega - Kruze.ee<\/title>\n<meta name=\"robots\" content=\"index, follow, max-snippet:-1, max-image-preview:large, max-video-preview:-1\" \/>\n<link rel=\"canonical\" href=\"https:\/\/kruze.ee\/et\/toode\/swiss-peak-magstand-rcs-taaskasutatud-pu-magnetiline-telefoni-rahakott-koos-alusega\/\" \/>\n<meta property=\"og:locale\" content=\"et_EE\" \/>\n<meta property=\"og:type\" content=\"article\" \/>\n<meta property=\"og:title\" content=\"Swiss Peak Magstand RCS taaskasutatud PU magnetiline telefoni rahakott koos alusega - Kruze.ee\" \/>\n<meta property=\"og:description\" content=\"Nutikas ja stiilne magnetiline telefoni rahakott koos alusega, mis hoiab kaardid ja telefoni alati k\u00e4ep\u00e4rast. Valmistatud RCS-sertifikaadiga taaskasutatud...\" \/>\n<meta property=\"og:url\" content=\"https:\/\/kruze.ee\/et\/toode\/swiss-peak-magstand-rcs-taaskasutatud-pu-magnetiline-telefoni-rahakott-koos-alusega\/\" \/>\n<meta property=\"og:site_name\" content=\"Kruze.ee\" \/>\n<meta property=\"article:modified_time\" content=\"2026-03-16T21:50:15+00:00\" \/>\n<meta name=\"twitter:card\" content=\"summary_large_image\" \/>\n<script type=\"application\/ld+json\" class=\"yoast-schema-graph\">{\"@context\":\"https:\/\/schema.org\",\"@graph\":[{\"@type\":\"WebPage\",\"@id\":\"https:\/\/kruze.ee\/et\/toode\/swiss-peak-magstand-rcs-taaskasutatud-pu-magnetiline-telefoni-rahakott-koos-alusega\/\",\"url\":\"https:\/\/kruze.ee\/et\/toode\/swiss-peak-magstand-rcs-taaskasutatud-pu-magnetiline-telefoni-rahakott-koos-alusega\/\",\"name\":\"Swiss Peak Magstand RCS taaskasutatud PU magnetiline telefoni rahakott koos alusega - Kruze.ee\",\"isPartOf\":{\"@id\":\"https:\/\/kruze.ee\/et\/#website\"},\"datePublished\":\"2026-01-25T12:56:41+00:00\",\"dateModified\":\"2026-03-16T21:50:15+00:00\",\"breadcrumb\":{\"@id\":\"https:\/\/kruze.ee\/et\/toode\/swiss-peak-magstand-rcs-taaskasutatud-pu-magnetiline-telefoni-rahakott-koos-alusega\/#breadcrumb\"},\"inLanguage\":\"et\",\"potentialAction\":[{\"@type\":\"ReadAction\",\"target\":[\"https:\/\/kruze.ee\/et\/toode\/swiss-peak-magstand-rcs-taaskasutatud-pu-magnetiline-telefoni-rahakott-koos-alusega\/\"]}]},{\"@type\":\"BreadcrumbList\",\"@id\":\"https:\/\/kruze.ee\/et\/toode\/swiss-peak-magstand-rcs-taaskasutatud-pu-magnetiline-telefoni-rahakott-koos-alusega\/#breadcrumb\",\"itemListElement\":[{\"@type\":\"ListItem\",\"position\":1,\"name\":\"Home\",\"item\":\"https:\/\/kruze.ee\/et\/\"},{\"@type\":\"ListItem\",\"position\":2,\"name\":\"Tooted\",\"item\":\"https:\/\/kruze.ee\/et\/tooted\/\"},{\"@type\":\"ListItem\",\"position\":3,\"name\":\"Swiss Peak Magstand RCS taaskasutatud PU magnetiline telefoni rahakott koos alusega\"}]},{\"@type\":\"WebSite\",\"@id\":\"https:\/\/kruze.ee\/et\/#website\",\"url\":\"https:\/\/kruze.ee\/et\/\",\"name\":\"Kruze.ee\",\"description\":\"Reklaamkingitused, tr&uuml;kiga T-s&auml;rgid, fliisid, dressipluused, tekstiil, joped ja paljud teised logoga meened, &Auml;rikingitused sinu partnerile! Telli juba t&auml;na.\",\"potentialAction\":[{\"@type\":\"SearchAction\",\"target\":{\"@type\":\"EntryPoint\",\"urlTemplate\":\"https:\/\/kruze.ee\/et\/?s={search_term_string}\"},\"query-input\":{\"@type\":\"PropertyValueSpecification\",\"valueRequired\":true,\"valueName\":\"search_term_string\"}}],\"inLanguage\":\"et\"}]}<\/script>\n<!-- \/ Yoast SEO plugin. -->","yoast_head_json":{"title":"Swiss Peak Magstand RCS taaskasutatud PU magnetiline telefoni rahakott koos alusega - Kruze.ee","robots":{"index":"index","follow":"follow","max-snippet":"max-snippet:-1","max-image-preview":"max-image-preview:large","max-video-preview":"max-video-preview:-1"},"canonical":"https:\/\/kruze.ee\/et\/toode\/swiss-peak-magstand-rcs-taaskasutatud-pu-magnetiline-telefoni-rahakott-koos-alusega\/","og_locale":"et_EE","og_type":"article","og_title":"Swiss Peak Magstand RCS taaskasutatud PU magnetiline telefoni rahakott koos alusega - Kruze.ee","og_description":"Nutikas ja stiilne magnetiline telefoni rahakott koos alusega, mis hoiab kaardid ja telefoni alati k\u00e4ep\u00e4rast. Valmistatud RCS-sertifikaadiga taaskasutatud...","og_url":"https:\/\/kruze.ee\/et\/toode\/swiss-peak-magstand-rcs-taaskasutatud-pu-magnetiline-telefoni-rahakott-koos-alusega\/","og_site_name":"Kruze.ee","article_modified_time":"2026-03-16T21:50:15+00:00","twitter_card":"summary_large_image","schema":{"@context":"https:\/\/schema.org","@graph":[{"@type":"WebPage","@id":"https:\/\/kruze.ee\/et\/toode\/swiss-peak-magstand-rcs-taaskasutatud-pu-magnetiline-telefoni-rahakott-koos-alusega\/","url":"https:\/\/kruze.ee\/et\/toode\/swiss-peak-magstand-rcs-taaskasutatud-pu-magnetiline-telefoni-rahakott-koos-alusega\/","name":"Swiss Peak Magstand RCS taaskasutatud PU magnetiline telefoni rahakott koos alusega - Kruze.ee","isPartOf":{"@id":"https:\/\/kruze.ee\/et\/#website"},"datePublished":"2026-01-25T12:56:41+00:00","dateModified":"2026-03-16T21:50:15+00:00","breadcrumb":{"@id":"https:\/\/kruze.ee\/et\/toode\/swiss-peak-magstand-rcs-taaskasutatud-pu-magnetiline-telefoni-rahakott-koos-alusega\/#breadcrumb"},"inLanguage":"et","potentialAction":[{"@type":"ReadAction","target":["https:\/\/kruze.ee\/et\/toode\/swiss-peak-magstand-rcs-taaskasutatud-pu-magnetiline-telefoni-rahakott-koos-alusega\/"]}]},{"@type":"BreadcrumbList","@id":"https:\/\/kruze.ee\/et\/toode\/swiss-peak-magstand-rcs-taaskasutatud-pu-magnetiline-telefoni-rahakott-koos-alusega\/#breadcrumb","itemListElement":[{"@type":"ListItem","position":1,"name":"Home","item":"https:\/\/kruze.ee\/et\/"},{"@type":"ListItem","position":2,"name":"Tooted","item":"https:\/\/kruze.ee\/et\/tooted\/"},{"@type":"ListItem","position":3,"name":"Swiss Peak Magstand RCS taaskasutatud PU magnetiline telefoni rahakott koos alusega"}]},{"@type":"WebSite","@id":"https:\/\/kruze.ee\/et\/#website","url":"https:\/\/kruze.ee\/et\/","name":"Kruze.ee","description":"Reklaamkingitused, tr&uuml;kiga T-s&auml;rgid, fliisid, dressipluused, tekstiil, joped ja paljud teised logoga meened, &Auml;rikingitused sinu partnerile! Telli juba t&auml;na.","potentialAction":[{"@type":"SearchAction","target":{"@type":"EntryPoint","urlTemplate":"https:\/\/kruze.ee\/et\/?s={search_term_string}"},"query-input":{"@type":"PropertyValueSpecification","valueRequired":true,"valueName":"search_term_string"}}],"inLanguage":"et"}]}},"_links":{"self":[{"href":"https:\/\/kruze.ee\/et\/wp-json\/wp\/v2\/product\/1436382","targetHints":{"allow":["GET"]}}],"collection":[{"href":"https:\/\/kruze.ee\/et\/wp-json\/wp\/v2\/product"}],"about":[{"href":"https:\/\/kruze.ee\/et\/wp-json\/wp\/v2\/types\/product"}],"wp:attachment":[{"href":"https:\/\/kruze.ee\/et\/wp-json\/wp\/v2\/media?parent=1436382"}],"wp:term":[{"taxonomy":"product_brand","embeddable":true,"href":"https:\/\/kruze.ee\/et\/wp-json\/wp\/v2\/product_brand?post=1436382"},{"taxonomy":"product_cat","embeddable":true,"href":"https:\/\/kruze.ee\/et\/wp-json\/wp\/v2\/product_cat?post=1436382"},{"taxonomy":"product_tag","embeddable":true,"href":"https:\/\/kruze.ee\/et\/wp-json\/wp\/v2\/product_tag?post=1436382"}],"curies":[{"name":"wp","href":"https:\/\/api.w.org\/{rel}","templated":true}]}}