{"id":1436380,"date":"2026-01-25T15:56:39","date_gmt":"2026-01-25T12:56:39","guid":{"rendered":"https:\/\/kruze.ee\/product\/xd-collection-seekcard-rcs-taaskasutatud-poluestrist-kaardi-rahakott-ulemaailmse-asukoha-jalgimisega\/"},"modified":"2026-03-17T00:50:11","modified_gmt":"2026-03-16T21:50:11","slug":"xd-collection-seekcard-rcs-taaskasutatud-poluestrist-kaardi-rahakott-ulemaailmse-asukoha-jalgimisega","status":"publish","type":"product","link":"https:\/\/kruze.ee\/et\/toode\/xd-collection-seekcard-rcs-taaskasutatud-poluestrist-kaardi-rahakott-ulemaailmse-asukoha-jalgimisega\/","title":{"rendered":"XD Collection Seekcard RCS taaskasutatud pol\u00fcestrist kaardi-rahakott \u00fclemaailmse asukoha j\u00e4lgimisega"},"content":{"rendered":"<p>\u00c4ra kaota oma rahakotti enam kunagi! Seekcard \u00fchendub Apple\u2019i Find My rakendusega ja saadab teavituse, kui rahakott j\u00e4\u00e4b maha. T\u00e4ieliku kadumise korral leia see k\u00f5ikjal maailmas Find My v\u00f5rgustiku abil ning l\u00e4heduses olles aktiveeri heli t\u00e4pse asukoha leidmiseks. Laetav aku kestab kuni 6 kuud ja laeb juhtmevabalt 1 tunniga \u2013 patareisid pole vaja vahetada. Metallist kaardihoidja mahutab kuni 3 kaarti, lisakaartidele on ruumi k\u00f5rvaltaskus. Valmistatud RCS-sertifikaadiga taaskasutatud pol\u00fcestrist ja alumiiniumist; taaskasutatud sisu 6% kogu toote kaalust.<\/p>\n","protected":false},"excerpt":{"rendered":"<p>\u00c4ra kaota oma rahakotti enam kunagi! Seekcard \u00fchendub Apple\u2019i Find My rakendusega ja saadab teavituse, kui rahakott j\u00e4\u00e4b maha. T\u00e4ieliku kadumise korral leia&#8230;<\/p>\n","protected":false},"featured_media":0,"template":"","meta":[],"product_brand":[],"product_cat":[5418],"product_tag":[],"class_list":{"0":"post-1436380","1":"product","2":"type-product","3":"status-publish","5":"product_cat-nutiseadmete-lisatarvikud","6":"pa_gender-uniseks","7":"pa_gender-unisex","11":"first","12":"instock","13":"purchasable","14":"product-type-simple"},"acf":[],"yoast_head":"<!-- This site is optimized with the Yoast SEO plugin v26.0 - https:\/\/yoast.com\/wordpress\/plugins\/seo\/ -->\n<title>XD Collection Seekcard RCS taaskasutatud pol\u00fcestrist kaardi-rahakott \u00fclemaailmse asukoha j\u00e4lgimisega - Kruze.ee<\/title>\n<meta name=\"robots\" content=\"index, follow, max-snippet:-1, max-image-preview:large, max-video-preview:-1\" \/>\n<link rel=\"canonical\" href=\"https:\/\/kruze.ee\/et\/toode\/xd-collection-seekcard-rcs-taaskasutatud-poluestrist-kaardi-rahakott-ulemaailmse-asukoha-jalgimisega\/\" \/>\n<meta property=\"og:locale\" content=\"et_EE\" \/>\n<meta property=\"og:type\" content=\"article\" \/>\n<meta property=\"og:title\" content=\"XD Collection Seekcard RCS taaskasutatud pol\u00fcestrist kaardi-rahakott \u00fclemaailmse asukoha j\u00e4lgimisega - Kruze.ee\" \/>\n<meta property=\"og:description\" content=\"\u00c4ra kaota oma rahakotti enam kunagi! Seekcard \u00fchendub Apple\u2019i Find My rakendusega ja saadab teavituse, kui rahakott j\u00e4\u00e4b maha. T\u00e4ieliku kadumise korral leia...\" \/>\n<meta property=\"og:url\" content=\"https:\/\/kruze.ee\/et\/toode\/xd-collection-seekcard-rcs-taaskasutatud-poluestrist-kaardi-rahakott-ulemaailmse-asukoha-jalgimisega\/\" \/>\n<meta property=\"og:site_name\" content=\"Kruze.ee\" \/>\n<meta property=\"article:modified_time\" content=\"2026-03-16T21:50:11+00:00\" \/>\n<meta name=\"twitter:card\" content=\"summary_large_image\" \/>\n<script type=\"application\/ld+json\" class=\"yoast-schema-graph\">{\"@context\":\"https:\/\/schema.org\",\"@graph\":[{\"@type\":\"WebPage\",\"@id\":\"https:\/\/kruze.ee\/et\/toode\/xd-collection-seekcard-rcs-taaskasutatud-poluestrist-kaardi-rahakott-ulemaailmse-asukoha-jalgimisega\/\",\"url\":\"https:\/\/kruze.ee\/et\/toode\/xd-collection-seekcard-rcs-taaskasutatud-poluestrist-kaardi-rahakott-ulemaailmse-asukoha-jalgimisega\/\",\"name\":\"XD Collection Seekcard RCS taaskasutatud pol\u00fcestrist kaardi-rahakott \u00fclemaailmse asukoha j\u00e4lgimisega - Kruze.ee\",\"isPartOf\":{\"@id\":\"https:\/\/kruze.ee\/et\/#website\"},\"datePublished\":\"2026-01-25T12:56:39+00:00\",\"dateModified\":\"2026-03-16T21:50:11+00:00\",\"breadcrumb\":{\"@id\":\"https:\/\/kruze.ee\/et\/toode\/xd-collection-seekcard-rcs-taaskasutatud-poluestrist-kaardi-rahakott-ulemaailmse-asukoha-jalgimisega\/#breadcrumb\"},\"inLanguage\":\"et\",\"potentialAction\":[{\"@type\":\"ReadAction\",\"target\":[\"https:\/\/kruze.ee\/et\/toode\/xd-collection-seekcard-rcs-taaskasutatud-poluestrist-kaardi-rahakott-ulemaailmse-asukoha-jalgimisega\/\"]}]},{\"@type\":\"BreadcrumbList\",\"@id\":\"https:\/\/kruze.ee\/et\/toode\/xd-collection-seekcard-rcs-taaskasutatud-poluestrist-kaardi-rahakott-ulemaailmse-asukoha-jalgimisega\/#breadcrumb\",\"itemListElement\":[{\"@type\":\"ListItem\",\"position\":1,\"name\":\"Home\",\"item\":\"https:\/\/kruze.ee\/et\/\"},{\"@type\":\"ListItem\",\"position\":2,\"name\":\"Tooted\",\"item\":\"https:\/\/kruze.ee\/et\/tooted\/\"},{\"@type\":\"ListItem\",\"position\":3,\"name\":\"XD Collection Seekcard RCS taaskasutatud pol\u00fcestrist kaardi-rahakott \u00fclemaailmse asukoha j\u00e4lgimisega\"}]},{\"@type\":\"WebSite\",\"@id\":\"https:\/\/kruze.ee\/et\/#website\",\"url\":\"https:\/\/kruze.ee\/et\/\",\"name\":\"Kruze.ee\",\"description\":\"Reklaamkingitused, tr&uuml;kiga T-s&auml;rgid, fliisid, dressipluused, tekstiil, joped ja paljud teised logoga meened, &Auml;rikingitused sinu partnerile! Telli juba t&auml;na.\",\"potentialAction\":[{\"@type\":\"SearchAction\",\"target\":{\"@type\":\"EntryPoint\",\"urlTemplate\":\"https:\/\/kruze.ee\/et\/?s={search_term_string}\"},\"query-input\":{\"@type\":\"PropertyValueSpecification\",\"valueRequired\":true,\"valueName\":\"search_term_string\"}}],\"inLanguage\":\"et\"}]}<\/script>\n<!-- \/ Yoast SEO plugin. -->","yoast_head_json":{"title":"XD Collection Seekcard RCS taaskasutatud pol\u00fcestrist kaardi-rahakott \u00fclemaailmse asukoha j\u00e4lgimisega - Kruze.ee","robots":{"index":"index","follow":"follow","max-snippet":"max-snippet:-1","max-image-preview":"max-image-preview:large","max-video-preview":"max-video-preview:-1"},"canonical":"https:\/\/kruze.ee\/et\/toode\/xd-collection-seekcard-rcs-taaskasutatud-poluestrist-kaardi-rahakott-ulemaailmse-asukoha-jalgimisega\/","og_locale":"et_EE","og_type":"article","og_title":"XD Collection Seekcard RCS taaskasutatud pol\u00fcestrist kaardi-rahakott \u00fclemaailmse asukoha j\u00e4lgimisega - Kruze.ee","og_description":"\u00c4ra kaota oma rahakotti enam kunagi! Seekcard \u00fchendub Apple\u2019i Find My rakendusega ja saadab teavituse, kui rahakott j\u00e4\u00e4b maha. T\u00e4ieliku kadumise korral leia...","og_url":"https:\/\/kruze.ee\/et\/toode\/xd-collection-seekcard-rcs-taaskasutatud-poluestrist-kaardi-rahakott-ulemaailmse-asukoha-jalgimisega\/","og_site_name":"Kruze.ee","article_modified_time":"2026-03-16T21:50:11+00:00","twitter_card":"summary_large_image","schema":{"@context":"https:\/\/schema.org","@graph":[{"@type":"WebPage","@id":"https:\/\/kruze.ee\/et\/toode\/xd-collection-seekcard-rcs-taaskasutatud-poluestrist-kaardi-rahakott-ulemaailmse-asukoha-jalgimisega\/","url":"https:\/\/kruze.ee\/et\/toode\/xd-collection-seekcard-rcs-taaskasutatud-poluestrist-kaardi-rahakott-ulemaailmse-asukoha-jalgimisega\/","name":"XD Collection Seekcard RCS taaskasutatud pol\u00fcestrist kaardi-rahakott \u00fclemaailmse asukoha j\u00e4lgimisega - Kruze.ee","isPartOf":{"@id":"https:\/\/kruze.ee\/et\/#website"},"datePublished":"2026-01-25T12:56:39+00:00","dateModified":"2026-03-16T21:50:11+00:00","breadcrumb":{"@id":"https:\/\/kruze.ee\/et\/toode\/xd-collection-seekcard-rcs-taaskasutatud-poluestrist-kaardi-rahakott-ulemaailmse-asukoha-jalgimisega\/#breadcrumb"},"inLanguage":"et","potentialAction":[{"@type":"ReadAction","target":["https:\/\/kruze.ee\/et\/toode\/xd-collection-seekcard-rcs-taaskasutatud-poluestrist-kaardi-rahakott-ulemaailmse-asukoha-jalgimisega\/"]}]},{"@type":"BreadcrumbList","@id":"https:\/\/kruze.ee\/et\/toode\/xd-collection-seekcard-rcs-taaskasutatud-poluestrist-kaardi-rahakott-ulemaailmse-asukoha-jalgimisega\/#breadcrumb","itemListElement":[{"@type":"ListItem","position":1,"name":"Home","item":"https:\/\/kruze.ee\/et\/"},{"@type":"ListItem","position":2,"name":"Tooted","item":"https:\/\/kruze.ee\/et\/tooted\/"},{"@type":"ListItem","position":3,"name":"XD Collection Seekcard RCS taaskasutatud pol\u00fcestrist kaardi-rahakott \u00fclemaailmse asukoha j\u00e4lgimisega"}]},{"@type":"WebSite","@id":"https:\/\/kruze.ee\/et\/#website","url":"https:\/\/kruze.ee\/et\/","name":"Kruze.ee","description":"Reklaamkingitused, tr&uuml;kiga T-s&auml;rgid, fliisid, dressipluused, tekstiil, joped ja paljud teised logoga meened, &Auml;rikingitused sinu partnerile! Telli juba t&auml;na.","potentialAction":[{"@type":"SearchAction","target":{"@type":"EntryPoint","urlTemplate":"https:\/\/kruze.ee\/et\/?s={search_term_string}"},"query-input":{"@type":"PropertyValueSpecification","valueRequired":true,"valueName":"search_term_string"}}],"inLanguage":"et"}]}},"_links":{"self":[{"href":"https:\/\/kruze.ee\/et\/wp-json\/wp\/v2\/product\/1436380","targetHints":{"allow":["GET"]}}],"collection":[{"href":"https:\/\/kruze.ee\/et\/wp-json\/wp\/v2\/product"}],"about":[{"href":"https:\/\/kruze.ee\/et\/wp-json\/wp\/v2\/types\/product"}],"wp:attachment":[{"href":"https:\/\/kruze.ee\/et\/wp-json\/wp\/v2\/media?parent=1436380"}],"wp:term":[{"taxonomy":"product_brand","embeddable":true,"href":"https:\/\/kruze.ee\/et\/wp-json\/wp\/v2\/product_brand?post=1436380"},{"taxonomy":"product_cat","embeddable":true,"href":"https:\/\/kruze.ee\/et\/wp-json\/wp\/v2\/product_cat?post=1436380"},{"taxonomy":"product_tag","embeddable":true,"href":"https:\/\/kruze.ee\/et\/wp-json\/wp\/v2\/product_tag?post=1436380"}],"curies":[{"name":"wp","href":"https:\/\/api.w.org\/{rel}","templated":true}]}}