{"id":1436376,"date":"2026-01-25T15:35:23","date_gmt":"2026-01-25T12:35:23","guid":{"rendered":"https:\/\/kruze.ee\/product\/xd-collection-vabaaja-seljakott-pvc-vaba\/"},"modified":"2026-03-17T01:28:44","modified_gmt":"2026-03-16T22:28:44","slug":"xd-collection-vabaaja-seljakott-pvc-vaba","status":"publish","type":"product","link":"https:\/\/kruze.ee\/et\/toode\/xd-collection-vabaaja-seljakott-pvc-vaba\/","title":{"rendered":"XD Collection vabaaja seljakott (PVC-vaba)"},"content":{"rendered":"<p>Lihtne ja praktiline vabaaja seljakott igap\u00e4evaseks kasutamiseks. Valmistatud vastupidavast pol\u00fcestrist ning puhta joonega disainiga. Avar p\u00f5hisahtel igap\u00e4evaste esemete jaoks, eraldi eesmine lukuga tasku v\u00e4iksematele asjadele ning kaks k\u00fcljetaskut joogipudeli ja vihmavarju jaoks. PVC-vaba.<\/p>\n","protected":false},"excerpt":{"rendered":"<p>Lihtne ja praktiline vabaaja seljakott igap\u00e4evaseks kasutamiseks. Valmistatud vastupidavast pol\u00fcestrist ning puhta joonega disainiga. Avar p\u00f5hisahtel&#8230;<\/p>\n","protected":false},"featured_media":0,"template":"","meta":[],"product_brand":[],"product_cat":[5392],"product_tag":[],"class_list":{"0":"post-1436376","1":"product","2":"type-product","3":"status-publish","5":"product_cat-logoga-seljakotid","6":"pa_gender-uniseks","7":"pa_gender-unisex","11":"first","12":"instock","13":"purchasable","14":"product-type-simple"},"acf":[],"yoast_head":"<!-- This site is optimized with the Yoast SEO plugin v26.0 - https:\/\/yoast.com\/wordpress\/plugins\/seo\/ -->\n<title>XD Collection vabaaja seljakott (PVC-vaba) - Kruze.ee<\/title>\n<meta name=\"robots\" content=\"index, follow, max-snippet:-1, max-image-preview:large, max-video-preview:-1\" \/>\n<link rel=\"canonical\" href=\"https:\/\/kruze.ee\/et\/toode\/xd-collection-vabaaja-seljakott-pvc-vaba\/\" \/>\n<meta property=\"og:locale\" content=\"et_EE\" \/>\n<meta property=\"og:type\" content=\"article\" \/>\n<meta property=\"og:title\" content=\"XD Collection vabaaja seljakott (PVC-vaba) - Kruze.ee\" \/>\n<meta property=\"og:description\" content=\"Lihtne ja praktiline vabaaja seljakott igap\u00e4evaseks kasutamiseks. Valmistatud vastupidavast pol\u00fcestrist ning puhta joonega disainiga. Avar p\u00f5hisahtel...\" \/>\n<meta property=\"og:url\" content=\"https:\/\/kruze.ee\/et\/toode\/xd-collection-vabaaja-seljakott-pvc-vaba\/\" \/>\n<meta property=\"og:site_name\" content=\"Kruze.ee\" \/>\n<meta property=\"article:modified_time\" content=\"2026-03-16T22:28:44+00:00\" \/>\n<meta name=\"twitter:card\" content=\"summary_large_image\" \/>\n<script type=\"application\/ld+json\" class=\"yoast-schema-graph\">{\"@context\":\"https:\/\/schema.org\",\"@graph\":[{\"@type\":\"WebPage\",\"@id\":\"https:\/\/kruze.ee\/et\/toode\/xd-collection-vabaaja-seljakott-pvc-vaba\/\",\"url\":\"https:\/\/kruze.ee\/et\/toode\/xd-collection-vabaaja-seljakott-pvc-vaba\/\",\"name\":\"XD Collection vabaaja seljakott (PVC-vaba) - Kruze.ee\",\"isPartOf\":{\"@id\":\"https:\/\/kruze.ee\/et\/#website\"},\"datePublished\":\"2026-01-25T12:35:23+00:00\",\"dateModified\":\"2026-03-16T22:28:44+00:00\",\"breadcrumb\":{\"@id\":\"https:\/\/kruze.ee\/et\/toode\/xd-collection-vabaaja-seljakott-pvc-vaba\/#breadcrumb\"},\"inLanguage\":\"et\",\"potentialAction\":[{\"@type\":\"ReadAction\",\"target\":[\"https:\/\/kruze.ee\/et\/toode\/xd-collection-vabaaja-seljakott-pvc-vaba\/\"]}]},{\"@type\":\"BreadcrumbList\",\"@id\":\"https:\/\/kruze.ee\/et\/toode\/xd-collection-vabaaja-seljakott-pvc-vaba\/#breadcrumb\",\"itemListElement\":[{\"@type\":\"ListItem\",\"position\":1,\"name\":\"Home\",\"item\":\"https:\/\/kruze.ee\/et\/\"},{\"@type\":\"ListItem\",\"position\":2,\"name\":\"Tooted\",\"item\":\"https:\/\/kruze.ee\/et\/tooted\/\"},{\"@type\":\"ListItem\",\"position\":3,\"name\":\"XD Collection vabaaja seljakott (PVC-vaba)\"}]},{\"@type\":\"WebSite\",\"@id\":\"https:\/\/kruze.ee\/et\/#website\",\"url\":\"https:\/\/kruze.ee\/et\/\",\"name\":\"Kruze.ee\",\"description\":\"Reklaamkingitused, tr&uuml;kiga T-s&auml;rgid, fliisid, dressipluused, tekstiil, joped ja paljud teised logoga meened, &Auml;rikingitused sinu partnerile! Telli juba t&auml;na.\",\"potentialAction\":[{\"@type\":\"SearchAction\",\"target\":{\"@type\":\"EntryPoint\",\"urlTemplate\":\"https:\/\/kruze.ee\/et\/?s={search_term_string}\"},\"query-input\":{\"@type\":\"PropertyValueSpecification\",\"valueRequired\":true,\"valueName\":\"search_term_string\"}}],\"inLanguage\":\"et\"}]}<\/script>\n<!-- \/ Yoast SEO plugin. -->","yoast_head_json":{"title":"XD Collection vabaaja seljakott (PVC-vaba) - Kruze.ee","robots":{"index":"index","follow":"follow","max-snippet":"max-snippet:-1","max-image-preview":"max-image-preview:large","max-video-preview":"max-video-preview:-1"},"canonical":"https:\/\/kruze.ee\/et\/toode\/xd-collection-vabaaja-seljakott-pvc-vaba\/","og_locale":"et_EE","og_type":"article","og_title":"XD Collection vabaaja seljakott (PVC-vaba) - Kruze.ee","og_description":"Lihtne ja praktiline vabaaja seljakott igap\u00e4evaseks kasutamiseks. Valmistatud vastupidavast pol\u00fcestrist ning puhta joonega disainiga. Avar p\u00f5hisahtel...","og_url":"https:\/\/kruze.ee\/et\/toode\/xd-collection-vabaaja-seljakott-pvc-vaba\/","og_site_name":"Kruze.ee","article_modified_time":"2026-03-16T22:28:44+00:00","twitter_card":"summary_large_image","schema":{"@context":"https:\/\/schema.org","@graph":[{"@type":"WebPage","@id":"https:\/\/kruze.ee\/et\/toode\/xd-collection-vabaaja-seljakott-pvc-vaba\/","url":"https:\/\/kruze.ee\/et\/toode\/xd-collection-vabaaja-seljakott-pvc-vaba\/","name":"XD Collection vabaaja seljakott (PVC-vaba) - Kruze.ee","isPartOf":{"@id":"https:\/\/kruze.ee\/et\/#website"},"datePublished":"2026-01-25T12:35:23+00:00","dateModified":"2026-03-16T22:28:44+00:00","breadcrumb":{"@id":"https:\/\/kruze.ee\/et\/toode\/xd-collection-vabaaja-seljakott-pvc-vaba\/#breadcrumb"},"inLanguage":"et","potentialAction":[{"@type":"ReadAction","target":["https:\/\/kruze.ee\/et\/toode\/xd-collection-vabaaja-seljakott-pvc-vaba\/"]}]},{"@type":"BreadcrumbList","@id":"https:\/\/kruze.ee\/et\/toode\/xd-collection-vabaaja-seljakott-pvc-vaba\/#breadcrumb","itemListElement":[{"@type":"ListItem","position":1,"name":"Home","item":"https:\/\/kruze.ee\/et\/"},{"@type":"ListItem","position":2,"name":"Tooted","item":"https:\/\/kruze.ee\/et\/tooted\/"},{"@type":"ListItem","position":3,"name":"XD Collection vabaaja seljakott (PVC-vaba)"}]},{"@type":"WebSite","@id":"https:\/\/kruze.ee\/et\/#website","url":"https:\/\/kruze.ee\/et\/","name":"Kruze.ee","description":"Reklaamkingitused, tr&uuml;kiga T-s&auml;rgid, fliisid, dressipluused, tekstiil, joped ja paljud teised logoga meened, &Auml;rikingitused sinu partnerile! Telli juba t&auml;na.","potentialAction":[{"@type":"SearchAction","target":{"@type":"EntryPoint","urlTemplate":"https:\/\/kruze.ee\/et\/?s={search_term_string}"},"query-input":{"@type":"PropertyValueSpecification","valueRequired":true,"valueName":"search_term_string"}}],"inLanguage":"et"}]}},"_links":{"self":[{"href":"https:\/\/kruze.ee\/et\/wp-json\/wp\/v2\/product\/1436376","targetHints":{"allow":["GET"]}}],"collection":[{"href":"https:\/\/kruze.ee\/et\/wp-json\/wp\/v2\/product"}],"about":[{"href":"https:\/\/kruze.ee\/et\/wp-json\/wp\/v2\/types\/product"}],"wp:attachment":[{"href":"https:\/\/kruze.ee\/et\/wp-json\/wp\/v2\/media?parent=1436376"}],"wp:term":[{"taxonomy":"product_brand","embeddable":true,"href":"https:\/\/kruze.ee\/et\/wp-json\/wp\/v2\/product_brand?post=1436376"},{"taxonomy":"product_cat","embeddable":true,"href":"https:\/\/kruze.ee\/et\/wp-json\/wp\/v2\/product_cat?post=1436376"},{"taxonomy":"product_tag","embeddable":true,"href":"https:\/\/kruze.ee\/et\/wp-json\/wp\/v2\/product_tag?post=1436376"}],"curies":[{"name":"wp","href":"https:\/\/api.w.org\/{rel}","templated":true}]}}