{"id":1436368,"date":"2026-01-25T15:35:20","date_gmt":"2026-01-25T12:35:20","guid":{"rendered":"https:\/\/kruze.ee\/product\/vinga-baltimore-rcs-matkaja-seljakott\/"},"modified":"2026-03-17T01:28:43","modified_gmt":"2026-03-16T22:28:43","slug":"vinga-baltimore-rcs-matkaja-seljakott","status":"publish","type":"product","link":"https:\/\/kruze.ee\/et\/toode\/vinga-baltimore-rcs-matkaja-seljakott\/","title":{"rendered":"VINGA Baltimore RCS matkaja seljakott"},"content":{"rendered":"<p>Ideaalne kaaslane seiklusteks ja igap\u00e4evaseks liikumiseks. Seljakott on valmistatud osaliselt RCS-sertifikaadiga taaskasutatud pol\u00fcestrist ning viimistletud stiilse PU-pinnaga. V\u00f5rkkattega polsterdus \u00f5larihmadel ja seljal tagab maksimaalse kandmismugavuse. Kott avaneb t\u00e4ielikult mugavaks ligip\u00e4\u00e4suks ning sisaldab s\u00fclearvutitaskut, kahte v\u00e4listaskut ja avarat sisemist v\u00f5rktaskut varustuse korrastamiseks. Tugev pealtkandesang, karabiin v\u00e4iksemate esemete kinnitamiseks ja kohvririhm lihtsaks kinnitamiseks reisikohvri k\u00fclge. K\u00fcljelukk v\u00f5imaldab kiiret ligip\u00e4\u00e4su p\u00f5hisahtlile. 16% RCS-sertifikaadiga taaskasutatud materjali kogu toote kaalust.<\/p>\n","protected":false},"excerpt":{"rendered":"<p>Ideaalne kaaslane seiklusteks ja igap\u00e4evaseks liikumiseks. Seljakott on valmistatud osaliselt RCS-sertifikaadiga taaskasutatud pol\u00fcestrist ning viimistletud&#8230;<\/p>\n","protected":false},"featured_media":0,"template":"","meta":[],"product_brand":[],"product_cat":[5392],"product_tag":[],"class_list":{"0":"post-1436368","1":"product","2":"type-product","3":"status-publish","5":"product_cat-logoga-seljakotid","6":"pa_brand-vinga-2","7":"pa_color-hallikasbeez","8":"pa_color-black-2","9":"pa_color-roheline","10":"pa_color-tumesinine","11":"pa_gender-uniseks","12":"pa_gender-unisex","15":"pa_material-polyesterpolyurethane","17":"first","18":"instock","19":"taxable","20":"shipping-taxable","21":"purchasable","22":"product-type-variable"},"acf":[],"yoast_head":"<!-- This site is optimized with the Yoast SEO plugin v26.0 - https:\/\/yoast.com\/wordpress\/plugins\/seo\/ -->\n<title>VINGA Baltimore RCS matkaja seljakott - Kruze.ee<\/title>\n<meta name=\"robots\" content=\"index, follow, max-snippet:-1, max-image-preview:large, max-video-preview:-1\" \/>\n<link rel=\"canonical\" href=\"https:\/\/kruze.ee\/et\/toode\/vinga-baltimore-rcs-matkaja-seljakott\/\" \/>\n<meta property=\"og:locale\" content=\"et_EE\" \/>\n<meta property=\"og:type\" content=\"article\" \/>\n<meta property=\"og:title\" content=\"VINGA Baltimore RCS matkaja seljakott - Kruze.ee\" \/>\n<meta property=\"og:description\" content=\"Ideaalne kaaslane seiklusteks ja igap\u00e4evaseks liikumiseks. Seljakott on valmistatud osaliselt RCS-sertifikaadiga taaskasutatud pol\u00fcestrist ning viimistletud...\" \/>\n<meta property=\"og:url\" content=\"https:\/\/kruze.ee\/et\/toode\/vinga-baltimore-rcs-matkaja-seljakott\/\" \/>\n<meta property=\"og:site_name\" content=\"Kruze.ee\" \/>\n<meta property=\"article:modified_time\" content=\"2026-03-16T22:28:43+00:00\" \/>\n<meta name=\"twitter:card\" content=\"summary_large_image\" \/>\n<script type=\"application\/ld+json\" class=\"yoast-schema-graph\">{\"@context\":\"https:\/\/schema.org\",\"@graph\":[{\"@type\":\"WebPage\",\"@id\":\"https:\/\/kruze.ee\/et\/toode\/vinga-baltimore-rcs-matkaja-seljakott\/\",\"url\":\"https:\/\/kruze.ee\/et\/toode\/vinga-baltimore-rcs-matkaja-seljakott\/\",\"name\":\"VINGA Baltimore RCS matkaja seljakott - Kruze.ee\",\"isPartOf\":{\"@id\":\"https:\/\/kruze.ee\/et\/#website\"},\"datePublished\":\"2026-01-25T12:35:20+00:00\",\"dateModified\":\"2026-03-16T22:28:43+00:00\",\"breadcrumb\":{\"@id\":\"https:\/\/kruze.ee\/et\/toode\/vinga-baltimore-rcs-matkaja-seljakott\/#breadcrumb\"},\"inLanguage\":\"et\",\"potentialAction\":[{\"@type\":\"ReadAction\",\"target\":[\"https:\/\/kruze.ee\/et\/toode\/vinga-baltimore-rcs-matkaja-seljakott\/\"]}]},{\"@type\":\"BreadcrumbList\",\"@id\":\"https:\/\/kruze.ee\/et\/toode\/vinga-baltimore-rcs-matkaja-seljakott\/#breadcrumb\",\"itemListElement\":[{\"@type\":\"ListItem\",\"position\":1,\"name\":\"Home\",\"item\":\"https:\/\/kruze.ee\/et\/\"},{\"@type\":\"ListItem\",\"position\":2,\"name\":\"Tooted\",\"item\":\"https:\/\/kruze.ee\/et\/tooted\/\"},{\"@type\":\"ListItem\",\"position\":3,\"name\":\"VINGA Baltimore RCS matkaja seljakott\"}]},{\"@type\":\"WebSite\",\"@id\":\"https:\/\/kruze.ee\/et\/#website\",\"url\":\"https:\/\/kruze.ee\/et\/\",\"name\":\"Kruze.ee\",\"description\":\"Reklaamkingitused, tr&uuml;kiga T-s&auml;rgid, fliisid, dressipluused, tekstiil, joped ja paljud teised logoga meened, &Auml;rikingitused sinu partnerile! Telli juba t&auml;na.\",\"potentialAction\":[{\"@type\":\"SearchAction\",\"target\":{\"@type\":\"EntryPoint\",\"urlTemplate\":\"https:\/\/kruze.ee\/et\/?s={search_term_string}\"},\"query-input\":{\"@type\":\"PropertyValueSpecification\",\"valueRequired\":true,\"valueName\":\"search_term_string\"}}],\"inLanguage\":\"et\"}]}<\/script>\n<!-- \/ Yoast SEO plugin. -->","yoast_head_json":{"title":"VINGA Baltimore RCS matkaja seljakott - Kruze.ee","robots":{"index":"index","follow":"follow","max-snippet":"max-snippet:-1","max-image-preview":"max-image-preview:large","max-video-preview":"max-video-preview:-1"},"canonical":"https:\/\/kruze.ee\/et\/toode\/vinga-baltimore-rcs-matkaja-seljakott\/","og_locale":"et_EE","og_type":"article","og_title":"VINGA Baltimore RCS matkaja seljakott - Kruze.ee","og_description":"Ideaalne kaaslane seiklusteks ja igap\u00e4evaseks liikumiseks. Seljakott on valmistatud osaliselt RCS-sertifikaadiga taaskasutatud pol\u00fcestrist ning viimistletud...","og_url":"https:\/\/kruze.ee\/et\/toode\/vinga-baltimore-rcs-matkaja-seljakott\/","og_site_name":"Kruze.ee","article_modified_time":"2026-03-16T22:28:43+00:00","twitter_card":"summary_large_image","schema":{"@context":"https:\/\/schema.org","@graph":[{"@type":"WebPage","@id":"https:\/\/kruze.ee\/et\/toode\/vinga-baltimore-rcs-matkaja-seljakott\/","url":"https:\/\/kruze.ee\/et\/toode\/vinga-baltimore-rcs-matkaja-seljakott\/","name":"VINGA Baltimore RCS matkaja seljakott - Kruze.ee","isPartOf":{"@id":"https:\/\/kruze.ee\/et\/#website"},"datePublished":"2026-01-25T12:35:20+00:00","dateModified":"2026-03-16T22:28:43+00:00","breadcrumb":{"@id":"https:\/\/kruze.ee\/et\/toode\/vinga-baltimore-rcs-matkaja-seljakott\/#breadcrumb"},"inLanguage":"et","potentialAction":[{"@type":"ReadAction","target":["https:\/\/kruze.ee\/et\/toode\/vinga-baltimore-rcs-matkaja-seljakott\/"]}]},{"@type":"BreadcrumbList","@id":"https:\/\/kruze.ee\/et\/toode\/vinga-baltimore-rcs-matkaja-seljakott\/#breadcrumb","itemListElement":[{"@type":"ListItem","position":1,"name":"Home","item":"https:\/\/kruze.ee\/et\/"},{"@type":"ListItem","position":2,"name":"Tooted","item":"https:\/\/kruze.ee\/et\/tooted\/"},{"@type":"ListItem","position":3,"name":"VINGA Baltimore RCS matkaja seljakott"}]},{"@type":"WebSite","@id":"https:\/\/kruze.ee\/et\/#website","url":"https:\/\/kruze.ee\/et\/","name":"Kruze.ee","description":"Reklaamkingitused, tr&uuml;kiga T-s&auml;rgid, fliisid, dressipluused, tekstiil, joped ja paljud teised logoga meened, &Auml;rikingitused sinu partnerile! Telli juba t&auml;na.","potentialAction":[{"@type":"SearchAction","target":{"@type":"EntryPoint","urlTemplate":"https:\/\/kruze.ee\/et\/?s={search_term_string}"},"query-input":{"@type":"PropertyValueSpecification","valueRequired":true,"valueName":"search_term_string"}}],"inLanguage":"et"}]}},"_links":{"self":[{"href":"https:\/\/kruze.ee\/et\/wp-json\/wp\/v2\/product\/1436368","targetHints":{"allow":["GET"]}}],"collection":[{"href":"https:\/\/kruze.ee\/et\/wp-json\/wp\/v2\/product"}],"about":[{"href":"https:\/\/kruze.ee\/et\/wp-json\/wp\/v2\/types\/product"}],"wp:attachment":[{"href":"https:\/\/kruze.ee\/et\/wp-json\/wp\/v2\/media?parent=1436368"}],"wp:term":[{"taxonomy":"product_brand","embeddable":true,"href":"https:\/\/kruze.ee\/et\/wp-json\/wp\/v2\/product_brand?post=1436368"},{"taxonomy":"product_cat","embeddable":true,"href":"https:\/\/kruze.ee\/et\/wp-json\/wp\/v2\/product_cat?post=1436368"},{"taxonomy":"product_tag","embeddable":true,"href":"https:\/\/kruze.ee\/et\/wp-json\/wp\/v2\/product_tag?post=1436368"}],"curies":[{"name":"wp","href":"https:\/\/api.w.org\/{rel}","templated":true}]}}