{"id":1436344,"date":"2026-01-25T15:35:07","date_gmt":"2026-01-25T12:35:07","guid":{"rendered":"https:\/\/kruze.ee\/product\/vinga-baltimore-rcs-vabaaja-seljakott\/"},"modified":"2026-03-17T01:28:37","modified_gmt":"2026-03-16T22:28:37","slug":"vinga-baltimore-rcs-vabaaja-seljakott","status":"publish","type":"product","link":"https:\/\/kruze.ee\/et\/toode\/vinga-baltimore-rcs-vabaaja-seljakott\/","title":{"rendered":"VINGA Baltimore RCS vabaaja seljakott"},"content":{"rendered":"<p>Meie populaarne n\u00e4dalavahetuse kott on saanud v\u00e4rske disaini, mis \u00fchendab stiili ja funktsionaalsuse ning pakub rohkem kandmisv\u00f5imalusi. Kanna seda seljakotina liikvel olles v\u00f5i kasuta mugavaid sangasid klassikaliseks kandmiseks. Sobib ideaalselt nii reisimiseks kui ka igap\u00e4evaseks kasutamiseks. Lai avanev disain tagab hea \u00fclevaate ja kiire ligip\u00e4\u00e4su, mitmed taskud hoiavad v\u00e4\u00e4risesemed korras. RCS-sertifikaat kinnitab taaskasutatud materjalide sertifitseeritud tarneahela. 23% RCS-sertifikaadiga taaskasutatud pol\u00fcester kogu toote kaalust.<\/p>\n","protected":false},"excerpt":{"rendered":"<p>Meie populaarne n\u00e4dalavahetuse kott on saanud v\u00e4rske disaini, mis \u00fchendab stiili ja funktsionaalsuse ning pakub rohkem kandmisv\u00f5imalusi. Kanna seda seljakotina&#8230;<\/p>\n","protected":false},"featured_media":0,"template":"","meta":[],"product_brand":[],"product_cat":[5393],"product_tag":[],"class_list":{"0":"post-1436344","1":"product","2":"type-product","3":"status-publish","5":"product_cat-spordi-ja-reisikotid","6":"pa_brand-vinga-2","7":"pa_color-hallikasbeez","8":"pa_color-black-2","9":"pa_color-roheline","10":"pa_color-tumesinine","11":"pa_gender-uniseks","12":"pa_gender-unisex","15":"pa_material-polyesterpolyurethane","17":"first","18":"instock","19":"taxable","20":"shipping-taxable","21":"purchasable","22":"product-type-variable"},"acf":[],"yoast_head":"<!-- This site is optimized with the Yoast SEO plugin v26.0 - https:\/\/yoast.com\/wordpress\/plugins\/seo\/ -->\n<title>VINGA Baltimore RCS vabaaja seljakott - Kruze.ee<\/title>\n<meta name=\"robots\" content=\"index, follow, max-snippet:-1, max-image-preview:large, max-video-preview:-1\" \/>\n<link rel=\"canonical\" href=\"https:\/\/kruze.ee\/et\/toode\/vinga-baltimore-rcs-vabaaja-seljakott\/\" \/>\n<meta property=\"og:locale\" content=\"et_EE\" \/>\n<meta property=\"og:type\" content=\"article\" \/>\n<meta property=\"og:title\" content=\"VINGA Baltimore RCS vabaaja seljakott - Kruze.ee\" \/>\n<meta property=\"og:description\" content=\"Meie populaarne n\u00e4dalavahetuse kott on saanud v\u00e4rske disaini, mis \u00fchendab stiili ja funktsionaalsuse ning pakub rohkem kandmisv\u00f5imalusi. Kanna seda seljakotina...\" \/>\n<meta property=\"og:url\" content=\"https:\/\/kruze.ee\/et\/toode\/vinga-baltimore-rcs-vabaaja-seljakott\/\" \/>\n<meta property=\"og:site_name\" content=\"Kruze.ee\" \/>\n<meta property=\"article:modified_time\" content=\"2026-03-16T22:28:37+00:00\" \/>\n<meta name=\"twitter:card\" content=\"summary_large_image\" \/>\n<meta name=\"twitter:label1\" content=\"Est. reading time\" \/>\n\t<meta name=\"twitter:data1\" content=\"1 minut\" \/>\n<script type=\"application\/ld+json\" class=\"yoast-schema-graph\">{\"@context\":\"https:\/\/schema.org\",\"@graph\":[{\"@type\":\"WebPage\",\"@id\":\"https:\/\/kruze.ee\/et\/toode\/vinga-baltimore-rcs-vabaaja-seljakott\/\",\"url\":\"https:\/\/kruze.ee\/et\/toode\/vinga-baltimore-rcs-vabaaja-seljakott\/\",\"name\":\"VINGA Baltimore RCS vabaaja seljakott - Kruze.ee\",\"isPartOf\":{\"@id\":\"https:\/\/kruze.ee\/et\/#website\"},\"datePublished\":\"2026-01-25T12:35:07+00:00\",\"dateModified\":\"2026-03-16T22:28:37+00:00\",\"breadcrumb\":{\"@id\":\"https:\/\/kruze.ee\/et\/toode\/vinga-baltimore-rcs-vabaaja-seljakott\/#breadcrumb\"},\"inLanguage\":\"et\",\"potentialAction\":[{\"@type\":\"ReadAction\",\"target\":[\"https:\/\/kruze.ee\/et\/toode\/vinga-baltimore-rcs-vabaaja-seljakott\/\"]}]},{\"@type\":\"BreadcrumbList\",\"@id\":\"https:\/\/kruze.ee\/et\/toode\/vinga-baltimore-rcs-vabaaja-seljakott\/#breadcrumb\",\"itemListElement\":[{\"@type\":\"ListItem\",\"position\":1,\"name\":\"Home\",\"item\":\"https:\/\/kruze.ee\/et\/\"},{\"@type\":\"ListItem\",\"position\":2,\"name\":\"Tooted\",\"item\":\"https:\/\/kruze.ee\/et\/tooted\/\"},{\"@type\":\"ListItem\",\"position\":3,\"name\":\"VINGA Baltimore RCS vabaaja seljakott\"}]},{\"@type\":\"WebSite\",\"@id\":\"https:\/\/kruze.ee\/et\/#website\",\"url\":\"https:\/\/kruze.ee\/et\/\",\"name\":\"Kruze.ee\",\"description\":\"Reklaamkingitused, tr&uuml;kiga T-s&auml;rgid, fliisid, dressipluused, tekstiil, joped ja paljud teised logoga meened, &Auml;rikingitused sinu partnerile! Telli juba t&auml;na.\",\"potentialAction\":[{\"@type\":\"SearchAction\",\"target\":{\"@type\":\"EntryPoint\",\"urlTemplate\":\"https:\/\/kruze.ee\/et\/?s={search_term_string}\"},\"query-input\":{\"@type\":\"PropertyValueSpecification\",\"valueRequired\":true,\"valueName\":\"search_term_string\"}}],\"inLanguage\":\"et\"}]}<\/script>\n<!-- \/ Yoast SEO plugin. -->","yoast_head_json":{"title":"VINGA Baltimore RCS vabaaja seljakott - Kruze.ee","robots":{"index":"index","follow":"follow","max-snippet":"max-snippet:-1","max-image-preview":"max-image-preview:large","max-video-preview":"max-video-preview:-1"},"canonical":"https:\/\/kruze.ee\/et\/toode\/vinga-baltimore-rcs-vabaaja-seljakott\/","og_locale":"et_EE","og_type":"article","og_title":"VINGA Baltimore RCS vabaaja seljakott - Kruze.ee","og_description":"Meie populaarne n\u00e4dalavahetuse kott on saanud v\u00e4rske disaini, mis \u00fchendab stiili ja funktsionaalsuse ning pakub rohkem kandmisv\u00f5imalusi. Kanna seda seljakotina...","og_url":"https:\/\/kruze.ee\/et\/toode\/vinga-baltimore-rcs-vabaaja-seljakott\/","og_site_name":"Kruze.ee","article_modified_time":"2026-03-16T22:28:37+00:00","twitter_card":"summary_large_image","twitter_misc":{"Est. reading time":"1 minut"},"schema":{"@context":"https:\/\/schema.org","@graph":[{"@type":"WebPage","@id":"https:\/\/kruze.ee\/et\/toode\/vinga-baltimore-rcs-vabaaja-seljakott\/","url":"https:\/\/kruze.ee\/et\/toode\/vinga-baltimore-rcs-vabaaja-seljakott\/","name":"VINGA Baltimore RCS vabaaja seljakott - Kruze.ee","isPartOf":{"@id":"https:\/\/kruze.ee\/et\/#website"},"datePublished":"2026-01-25T12:35:07+00:00","dateModified":"2026-03-16T22:28:37+00:00","breadcrumb":{"@id":"https:\/\/kruze.ee\/et\/toode\/vinga-baltimore-rcs-vabaaja-seljakott\/#breadcrumb"},"inLanguage":"et","potentialAction":[{"@type":"ReadAction","target":["https:\/\/kruze.ee\/et\/toode\/vinga-baltimore-rcs-vabaaja-seljakott\/"]}]},{"@type":"BreadcrumbList","@id":"https:\/\/kruze.ee\/et\/toode\/vinga-baltimore-rcs-vabaaja-seljakott\/#breadcrumb","itemListElement":[{"@type":"ListItem","position":1,"name":"Home","item":"https:\/\/kruze.ee\/et\/"},{"@type":"ListItem","position":2,"name":"Tooted","item":"https:\/\/kruze.ee\/et\/tooted\/"},{"@type":"ListItem","position":3,"name":"VINGA Baltimore RCS vabaaja seljakott"}]},{"@type":"WebSite","@id":"https:\/\/kruze.ee\/et\/#website","url":"https:\/\/kruze.ee\/et\/","name":"Kruze.ee","description":"Reklaamkingitused, tr&uuml;kiga T-s&auml;rgid, fliisid, dressipluused, tekstiil, joped ja paljud teised logoga meened, &Auml;rikingitused sinu partnerile! Telli juba t&auml;na.","potentialAction":[{"@type":"SearchAction","target":{"@type":"EntryPoint","urlTemplate":"https:\/\/kruze.ee\/et\/?s={search_term_string}"},"query-input":{"@type":"PropertyValueSpecification","valueRequired":true,"valueName":"search_term_string"}}],"inLanguage":"et"}]}},"_links":{"self":[{"href":"https:\/\/kruze.ee\/et\/wp-json\/wp\/v2\/product\/1436344","targetHints":{"allow":["GET"]}}],"collection":[{"href":"https:\/\/kruze.ee\/et\/wp-json\/wp\/v2\/product"}],"about":[{"href":"https:\/\/kruze.ee\/et\/wp-json\/wp\/v2\/types\/product"}],"wp:attachment":[{"href":"https:\/\/kruze.ee\/et\/wp-json\/wp\/v2\/media?parent=1436344"}],"wp:term":[{"taxonomy":"product_brand","embeddable":true,"href":"https:\/\/kruze.ee\/et\/wp-json\/wp\/v2\/product_brand?post=1436344"},{"taxonomy":"product_cat","embeddable":true,"href":"https:\/\/kruze.ee\/et\/wp-json\/wp\/v2\/product_cat?post=1436344"},{"taxonomy":"product_tag","embeddable":true,"href":"https:\/\/kruze.ee\/et\/wp-json\/wp\/v2\/product_tag?post=1436344"}],"curies":[{"name":"wp","href":"https:\/\/api.w.org\/{rel}","templated":true}]}}