{"id":1436340,"date":"2026-01-25T15:35:04","date_gmt":"2026-01-25T12:35:04","guid":{"rendered":"https:\/\/kruze.ee\/product\/vinga-bermond-rcs-taaskasutatud-pu-materjalist-seljakott\/"},"modified":"2026-03-17T01:28:36","modified_gmt":"2026-03-16T22:28:36","slug":"vinga-bermond-rcs-taaskasutatud-pu-materjalist-seljakott","status":"publish","type":"product","link":"https:\/\/kruze.ee\/et\/toode\/vinga-bermond-rcs-taaskasutatud-pu-materjalist-seljakott\/","title":{"rendered":"VINGA Bermond RCS taaskasutatud PU-materjalist seljakott"},"content":{"rendered":"<p>Liigu sujuvalt kontorist liikvele selle vaoshoitud ja eksklusiivse seljakotiga. Puhas disain ja esinduslik v\u00e4limus. Varustatud polsterdatud s\u00fclearvutitaskuga lisakaitseks. Kasutatav nii kandekotina kui ka seljakotina, pakkudes mitmek\u00fclgsust igas olukorras. V\u00e4lispind on valmistatud RCS-sertifikaadiga taaskasutatud PU-st, sisevooder taaskasutatud materjalidest. RCS-sertifikaat tagab taaskasutatud materjalide t\u00e4ielikult sertifitseeritud tarneahela. Taaskasutatud sisu: 27% RCS-taaskasutatud pol\u00fcester ja 8% RCS-taaskasutatud PU. Sobib kuni 17&#8243; s\u00fclearvutile (m\u00e4rkus: ekraani m\u00f5\u00f5t ei v\u00f5rdu kogu seadme m\u00f5\u00f5tmetega).<\/p>\n","protected":false},"excerpt":{"rendered":"<p>Liigu sujuvalt kontorist liikvele selle vaoshoitud ja eksklusiivse seljakotiga. Puhas disain ja esinduslik v\u00e4limus. Varustatud polsterdatud s\u00fclearvutitaskuga&#8230;<\/p>\n","protected":false},"featured_media":0,"template":"","meta":[],"product_brand":[],"product_cat":[5392],"product_tag":[],"class_list":{"0":"post-1436340","1":"product","2":"type-product","3":"status-publish","5":"product_cat-logoga-seljakotid","6":"pa_brand-vinga-2","7":"pa_color-black-2","8":"pa_color-brown-2","9":"pa_gender-uniseks","10":"pa_gender-unisex","13":"pa_material-recycled-polyurethanepolyester","15":"first","16":"instock","17":"taxable","18":"shipping-taxable","19":"purchasable","20":"product-type-variable"},"acf":[],"yoast_head":"<!-- This site is optimized with the Yoast SEO plugin v26.0 - https:\/\/yoast.com\/wordpress\/plugins\/seo\/ -->\n<title>VINGA Bermond RCS taaskasutatud PU-materjalist seljakott - Kruze.ee<\/title>\n<meta name=\"robots\" content=\"index, follow, max-snippet:-1, max-image-preview:large, max-video-preview:-1\" \/>\n<link rel=\"canonical\" href=\"https:\/\/kruze.ee\/et\/toode\/vinga-bermond-rcs-taaskasutatud-pu-materjalist-seljakott\/\" \/>\n<meta property=\"og:locale\" content=\"et_EE\" \/>\n<meta property=\"og:type\" content=\"article\" \/>\n<meta property=\"og:title\" content=\"VINGA Bermond RCS taaskasutatud PU-materjalist seljakott - Kruze.ee\" \/>\n<meta property=\"og:description\" content=\"Liigu sujuvalt kontorist liikvele selle vaoshoitud ja eksklusiivse seljakotiga. Puhas disain ja esinduslik v\u00e4limus. Varustatud polsterdatud s\u00fclearvutitaskuga...\" \/>\n<meta property=\"og:url\" content=\"https:\/\/kruze.ee\/et\/toode\/vinga-bermond-rcs-taaskasutatud-pu-materjalist-seljakott\/\" \/>\n<meta property=\"og:site_name\" content=\"Kruze.ee\" \/>\n<meta property=\"article:modified_time\" content=\"2026-03-16T22:28:36+00:00\" \/>\n<meta name=\"twitter:card\" content=\"summary_large_image\" \/>\n<script type=\"application\/ld+json\" class=\"yoast-schema-graph\">{\"@context\":\"https:\/\/schema.org\",\"@graph\":[{\"@type\":\"WebPage\",\"@id\":\"https:\/\/kruze.ee\/et\/toode\/vinga-bermond-rcs-taaskasutatud-pu-materjalist-seljakott\/\",\"url\":\"https:\/\/kruze.ee\/et\/toode\/vinga-bermond-rcs-taaskasutatud-pu-materjalist-seljakott\/\",\"name\":\"VINGA Bermond RCS taaskasutatud PU-materjalist seljakott - Kruze.ee\",\"isPartOf\":{\"@id\":\"https:\/\/kruze.ee\/et\/#website\"},\"datePublished\":\"2026-01-25T12:35:04+00:00\",\"dateModified\":\"2026-03-16T22:28:36+00:00\",\"breadcrumb\":{\"@id\":\"https:\/\/kruze.ee\/et\/toode\/vinga-bermond-rcs-taaskasutatud-pu-materjalist-seljakott\/#breadcrumb\"},\"inLanguage\":\"et\",\"potentialAction\":[{\"@type\":\"ReadAction\",\"target\":[\"https:\/\/kruze.ee\/et\/toode\/vinga-bermond-rcs-taaskasutatud-pu-materjalist-seljakott\/\"]}]},{\"@type\":\"BreadcrumbList\",\"@id\":\"https:\/\/kruze.ee\/et\/toode\/vinga-bermond-rcs-taaskasutatud-pu-materjalist-seljakott\/#breadcrumb\",\"itemListElement\":[{\"@type\":\"ListItem\",\"position\":1,\"name\":\"Home\",\"item\":\"https:\/\/kruze.ee\/et\/\"},{\"@type\":\"ListItem\",\"position\":2,\"name\":\"Tooted\",\"item\":\"https:\/\/kruze.ee\/et\/tooted\/\"},{\"@type\":\"ListItem\",\"position\":3,\"name\":\"VINGA Bermond RCS taaskasutatud PU-materjalist seljakott\"}]},{\"@type\":\"WebSite\",\"@id\":\"https:\/\/kruze.ee\/et\/#website\",\"url\":\"https:\/\/kruze.ee\/et\/\",\"name\":\"Kruze.ee\",\"description\":\"Reklaamkingitused, tr&uuml;kiga T-s&auml;rgid, fliisid, dressipluused, tekstiil, joped ja paljud teised logoga meened, &Auml;rikingitused sinu partnerile! Telli juba t&auml;na.\",\"potentialAction\":[{\"@type\":\"SearchAction\",\"target\":{\"@type\":\"EntryPoint\",\"urlTemplate\":\"https:\/\/kruze.ee\/et\/?s={search_term_string}\"},\"query-input\":{\"@type\":\"PropertyValueSpecification\",\"valueRequired\":true,\"valueName\":\"search_term_string\"}}],\"inLanguage\":\"et\"}]}<\/script>\n<!-- \/ Yoast SEO plugin. -->","yoast_head_json":{"title":"VINGA Bermond RCS taaskasutatud PU-materjalist seljakott - Kruze.ee","robots":{"index":"index","follow":"follow","max-snippet":"max-snippet:-1","max-image-preview":"max-image-preview:large","max-video-preview":"max-video-preview:-1"},"canonical":"https:\/\/kruze.ee\/et\/toode\/vinga-bermond-rcs-taaskasutatud-pu-materjalist-seljakott\/","og_locale":"et_EE","og_type":"article","og_title":"VINGA Bermond RCS taaskasutatud PU-materjalist seljakott - Kruze.ee","og_description":"Liigu sujuvalt kontorist liikvele selle vaoshoitud ja eksklusiivse seljakotiga. Puhas disain ja esinduslik v\u00e4limus. Varustatud polsterdatud s\u00fclearvutitaskuga...","og_url":"https:\/\/kruze.ee\/et\/toode\/vinga-bermond-rcs-taaskasutatud-pu-materjalist-seljakott\/","og_site_name":"Kruze.ee","article_modified_time":"2026-03-16T22:28:36+00:00","twitter_card":"summary_large_image","schema":{"@context":"https:\/\/schema.org","@graph":[{"@type":"WebPage","@id":"https:\/\/kruze.ee\/et\/toode\/vinga-bermond-rcs-taaskasutatud-pu-materjalist-seljakott\/","url":"https:\/\/kruze.ee\/et\/toode\/vinga-bermond-rcs-taaskasutatud-pu-materjalist-seljakott\/","name":"VINGA Bermond RCS taaskasutatud PU-materjalist seljakott - Kruze.ee","isPartOf":{"@id":"https:\/\/kruze.ee\/et\/#website"},"datePublished":"2026-01-25T12:35:04+00:00","dateModified":"2026-03-16T22:28:36+00:00","breadcrumb":{"@id":"https:\/\/kruze.ee\/et\/toode\/vinga-bermond-rcs-taaskasutatud-pu-materjalist-seljakott\/#breadcrumb"},"inLanguage":"et","potentialAction":[{"@type":"ReadAction","target":["https:\/\/kruze.ee\/et\/toode\/vinga-bermond-rcs-taaskasutatud-pu-materjalist-seljakott\/"]}]},{"@type":"BreadcrumbList","@id":"https:\/\/kruze.ee\/et\/toode\/vinga-bermond-rcs-taaskasutatud-pu-materjalist-seljakott\/#breadcrumb","itemListElement":[{"@type":"ListItem","position":1,"name":"Home","item":"https:\/\/kruze.ee\/et\/"},{"@type":"ListItem","position":2,"name":"Tooted","item":"https:\/\/kruze.ee\/et\/tooted\/"},{"@type":"ListItem","position":3,"name":"VINGA Bermond RCS taaskasutatud PU-materjalist seljakott"}]},{"@type":"WebSite","@id":"https:\/\/kruze.ee\/et\/#website","url":"https:\/\/kruze.ee\/et\/","name":"Kruze.ee","description":"Reklaamkingitused, tr&uuml;kiga T-s&auml;rgid, fliisid, dressipluused, tekstiil, joped ja paljud teised logoga meened, &Auml;rikingitused sinu partnerile! Telli juba t&auml;na.","potentialAction":[{"@type":"SearchAction","target":{"@type":"EntryPoint","urlTemplate":"https:\/\/kruze.ee\/et\/?s={search_term_string}"},"query-input":{"@type":"PropertyValueSpecification","valueRequired":true,"valueName":"search_term_string"}}],"inLanguage":"et"}]}},"_links":{"self":[{"href":"https:\/\/kruze.ee\/et\/wp-json\/wp\/v2\/product\/1436340","targetHints":{"allow":["GET"]}}],"collection":[{"href":"https:\/\/kruze.ee\/et\/wp-json\/wp\/v2\/product"}],"about":[{"href":"https:\/\/kruze.ee\/et\/wp-json\/wp\/v2\/types\/product"}],"wp:attachment":[{"href":"https:\/\/kruze.ee\/et\/wp-json\/wp\/v2\/media?parent=1436340"}],"wp:term":[{"taxonomy":"product_brand","embeddable":true,"href":"https:\/\/kruze.ee\/et\/wp-json\/wp\/v2\/product_brand?post=1436340"},{"taxonomy":"product_cat","embeddable":true,"href":"https:\/\/kruze.ee\/et\/wp-json\/wp\/v2\/product_cat?post=1436340"},{"taxonomy":"product_tag","embeddable":true,"href":"https:\/\/kruze.ee\/et\/wp-json\/wp\/v2\/product_tag?post=1436340"}],"curies":[{"name":"wp","href":"https:\/\/api.w.org\/{rel}","templated":true}]}}