{"id":1436334,"date":"2026-01-25T15:35:00","date_gmt":"2026-01-25T12:35:00","guid":{"rendered":"https:\/\/kruze.ee\/product\/vinga-arch-rcs-rpet-joogipudel-550-ml\/"},"modified":"2026-03-17T01:28:34","modified_gmt":"2026-03-16T22:28:34","slug":"vinga-arch-rcs-rpet-joogipudel-550-ml","status":"publish","type":"product","link":"https:\/\/kruze.ee\/et\/toode\/vinga-arch-rcs-rpet-joogipudel-550-ml\/","title":{"rendered":"VINGA Arch RCS RPET joogipudel 550 ml"},"content":{"rendered":"<p>Stiilne joogipudel praktilise sangaga, ideaalne nii kontorisse kui ka trenni. Unikaalne \u00f5huke ja lapik disain annab modernse v\u00e4limuse ning v\u00f5imaldab pudelit h\u00f5lpsalt kotti v\u00f5i seljakotti libistada ilma liigset ruumi v\u00f5tmata. Valmistatud RCS-sertifikaadiga taaskasutatud PET-materjalist, mahutavus 550 ml. Sobib ainult k\u00fclmadele jookidele. 85% RCS-sertifikaadiga taaskasutatud PET kogu toote kaalust<\/p>\n","protected":false},"excerpt":{"rendered":"<p>Stiilne joogipudel praktilise sangaga, ideaalne nii kontorisse kui ka trenni. Unikaalne \u00f5huke ja lapik disain annab modernse v\u00e4limuse ning v\u00f5imaldab pudelit&#8230;<\/p>\n","protected":false},"featured_media":0,"template":"","meta":[],"product_brand":[],"product_cat":[5419],"product_tag":[],"class_list":{"0":"post-1436334","1":"product","2":"type-product","3":"status-publish","5":"product_cat-joogipudelid","6":"pa_brand-vinga-2","7":"pa_color-hallikasbeez","8":"pa_color-labipaistev","9":"pa_color-black-2","10":"pa_gender-uniseks","11":"pa_gender-unisex","14":"pa_material-rpetsilicone","16":"first","17":"instock","18":"taxable","19":"shipping-taxable","20":"purchasable","21":"product-type-variable"},"acf":[],"yoast_head":"<!-- This site is optimized with the Yoast SEO plugin v26.0 - https:\/\/yoast.com\/wordpress\/plugins\/seo\/ -->\n<title>VINGA Arch RCS RPET joogipudel 550 ml - Kruze.ee<\/title>\n<meta name=\"robots\" content=\"index, follow, max-snippet:-1, max-image-preview:large, max-video-preview:-1\" \/>\n<link rel=\"canonical\" href=\"https:\/\/kruze.ee\/et\/toode\/vinga-arch-rcs-rpet-joogipudel-550-ml\/\" \/>\n<meta property=\"og:locale\" content=\"et_EE\" \/>\n<meta property=\"og:type\" content=\"article\" \/>\n<meta property=\"og:title\" content=\"VINGA Arch RCS RPET joogipudel 550 ml - Kruze.ee\" \/>\n<meta property=\"og:description\" content=\"Stiilne joogipudel praktilise sangaga, ideaalne nii kontorisse kui ka trenni. Unikaalne \u00f5huke ja lapik disain annab modernse v\u00e4limuse ning v\u00f5imaldab pudelit...\" \/>\n<meta property=\"og:url\" content=\"https:\/\/kruze.ee\/et\/toode\/vinga-arch-rcs-rpet-joogipudel-550-ml\/\" \/>\n<meta property=\"og:site_name\" content=\"Kruze.ee\" \/>\n<meta property=\"article:modified_time\" content=\"2026-03-16T22:28:34+00:00\" \/>\n<meta name=\"twitter:card\" content=\"summary_large_image\" \/>\n<script type=\"application\/ld+json\" class=\"yoast-schema-graph\">{\"@context\":\"https:\/\/schema.org\",\"@graph\":[{\"@type\":\"WebPage\",\"@id\":\"https:\/\/kruze.ee\/et\/toode\/vinga-arch-rcs-rpet-joogipudel-550-ml\/\",\"url\":\"https:\/\/kruze.ee\/et\/toode\/vinga-arch-rcs-rpet-joogipudel-550-ml\/\",\"name\":\"VINGA Arch RCS RPET joogipudel 550 ml - Kruze.ee\",\"isPartOf\":{\"@id\":\"https:\/\/kruze.ee\/et\/#website\"},\"datePublished\":\"2026-01-25T12:35:00+00:00\",\"dateModified\":\"2026-03-16T22:28:34+00:00\",\"breadcrumb\":{\"@id\":\"https:\/\/kruze.ee\/et\/toode\/vinga-arch-rcs-rpet-joogipudel-550-ml\/#breadcrumb\"},\"inLanguage\":\"et\",\"potentialAction\":[{\"@type\":\"ReadAction\",\"target\":[\"https:\/\/kruze.ee\/et\/toode\/vinga-arch-rcs-rpet-joogipudel-550-ml\/\"]}]},{\"@type\":\"BreadcrumbList\",\"@id\":\"https:\/\/kruze.ee\/et\/toode\/vinga-arch-rcs-rpet-joogipudel-550-ml\/#breadcrumb\",\"itemListElement\":[{\"@type\":\"ListItem\",\"position\":1,\"name\":\"Home\",\"item\":\"https:\/\/kruze.ee\/et\/\"},{\"@type\":\"ListItem\",\"position\":2,\"name\":\"Tooted\",\"item\":\"https:\/\/kruze.ee\/et\/tooted\/\"},{\"@type\":\"ListItem\",\"position\":3,\"name\":\"VINGA Arch RCS RPET joogipudel 550 ml\"}]},{\"@type\":\"WebSite\",\"@id\":\"https:\/\/kruze.ee\/et\/#website\",\"url\":\"https:\/\/kruze.ee\/et\/\",\"name\":\"Kruze.ee\",\"description\":\"Reklaamkingitused, tr&uuml;kiga T-s&auml;rgid, fliisid, dressipluused, tekstiil, joped ja paljud teised logoga meened, &Auml;rikingitused sinu partnerile! Telli juba t&auml;na.\",\"potentialAction\":[{\"@type\":\"SearchAction\",\"target\":{\"@type\":\"EntryPoint\",\"urlTemplate\":\"https:\/\/kruze.ee\/et\/?s={search_term_string}\"},\"query-input\":{\"@type\":\"PropertyValueSpecification\",\"valueRequired\":true,\"valueName\":\"search_term_string\"}}],\"inLanguage\":\"et\"}]}<\/script>\n<!-- \/ Yoast SEO plugin. -->","yoast_head_json":{"title":"VINGA Arch RCS RPET joogipudel 550 ml - Kruze.ee","robots":{"index":"index","follow":"follow","max-snippet":"max-snippet:-1","max-image-preview":"max-image-preview:large","max-video-preview":"max-video-preview:-1"},"canonical":"https:\/\/kruze.ee\/et\/toode\/vinga-arch-rcs-rpet-joogipudel-550-ml\/","og_locale":"et_EE","og_type":"article","og_title":"VINGA Arch RCS RPET joogipudel 550 ml - Kruze.ee","og_description":"Stiilne joogipudel praktilise sangaga, ideaalne nii kontorisse kui ka trenni. Unikaalne \u00f5huke ja lapik disain annab modernse v\u00e4limuse ning v\u00f5imaldab pudelit...","og_url":"https:\/\/kruze.ee\/et\/toode\/vinga-arch-rcs-rpet-joogipudel-550-ml\/","og_site_name":"Kruze.ee","article_modified_time":"2026-03-16T22:28:34+00:00","twitter_card":"summary_large_image","schema":{"@context":"https:\/\/schema.org","@graph":[{"@type":"WebPage","@id":"https:\/\/kruze.ee\/et\/toode\/vinga-arch-rcs-rpet-joogipudel-550-ml\/","url":"https:\/\/kruze.ee\/et\/toode\/vinga-arch-rcs-rpet-joogipudel-550-ml\/","name":"VINGA Arch RCS RPET joogipudel 550 ml - Kruze.ee","isPartOf":{"@id":"https:\/\/kruze.ee\/et\/#website"},"datePublished":"2026-01-25T12:35:00+00:00","dateModified":"2026-03-16T22:28:34+00:00","breadcrumb":{"@id":"https:\/\/kruze.ee\/et\/toode\/vinga-arch-rcs-rpet-joogipudel-550-ml\/#breadcrumb"},"inLanguage":"et","potentialAction":[{"@type":"ReadAction","target":["https:\/\/kruze.ee\/et\/toode\/vinga-arch-rcs-rpet-joogipudel-550-ml\/"]}]},{"@type":"BreadcrumbList","@id":"https:\/\/kruze.ee\/et\/toode\/vinga-arch-rcs-rpet-joogipudel-550-ml\/#breadcrumb","itemListElement":[{"@type":"ListItem","position":1,"name":"Home","item":"https:\/\/kruze.ee\/et\/"},{"@type":"ListItem","position":2,"name":"Tooted","item":"https:\/\/kruze.ee\/et\/tooted\/"},{"@type":"ListItem","position":3,"name":"VINGA Arch RCS RPET joogipudel 550 ml"}]},{"@type":"WebSite","@id":"https:\/\/kruze.ee\/et\/#website","url":"https:\/\/kruze.ee\/et\/","name":"Kruze.ee","description":"Reklaamkingitused, tr&uuml;kiga T-s&auml;rgid, fliisid, dressipluused, tekstiil, joped ja paljud teised logoga meened, &Auml;rikingitused sinu partnerile! Telli juba t&auml;na.","potentialAction":[{"@type":"SearchAction","target":{"@type":"EntryPoint","urlTemplate":"https:\/\/kruze.ee\/et\/?s={search_term_string}"},"query-input":{"@type":"PropertyValueSpecification","valueRequired":true,"valueName":"search_term_string"}}],"inLanguage":"et"}]}},"_links":{"self":[{"href":"https:\/\/kruze.ee\/et\/wp-json\/wp\/v2\/product\/1436334","targetHints":{"allow":["GET"]}}],"collection":[{"href":"https:\/\/kruze.ee\/et\/wp-json\/wp\/v2\/product"}],"about":[{"href":"https:\/\/kruze.ee\/et\/wp-json\/wp\/v2\/types\/product"}],"wp:attachment":[{"href":"https:\/\/kruze.ee\/et\/wp-json\/wp\/v2\/media?parent=1436334"}],"wp:term":[{"taxonomy":"product_brand","embeddable":true,"href":"https:\/\/kruze.ee\/et\/wp-json\/wp\/v2\/product_brand?post=1436334"},{"taxonomy":"product_cat","embeddable":true,"href":"https:\/\/kruze.ee\/et\/wp-json\/wp\/v2\/product_cat?post=1436334"},{"taxonomy":"product_tag","embeddable":true,"href":"https:\/\/kruze.ee\/et\/wp-json\/wp\/v2\/product_tag?post=1436334"}],"curies":[{"name":"wp","href":"https:\/\/api.w.org\/{rel}","templated":true}]}}