{"id":1436328,"date":"2026-01-25T15:34:56","date_gmt":"2026-01-25T12:34:56","guid":{"rendered":"https:\/\/kruze.ee\/product\/xd-collection-yara-21-aware-rpet-uhevarviline-vihmavari-karabiiniga\/"},"modified":"2026-03-17T01:28:33","modified_gmt":"2026-03-16T22:28:33","slug":"xd-collection-yara-21-aware-rpet-uhevarviline-vihmavari-karabiiniga","status":"publish","type":"product","link":"https:\/\/kruze.ee\/et\/toode\/xd-collection-yara-21-aware-rpet-uhevarviline-vihmavari-karabiiniga\/","title":{"rendered":"XD Collection Yara 21&#8243; AWARE\u2122 RPET \u00fchev\u00e4rviline vihmavari karabiiniga"},"content":{"rendered":"<p>Nutikas ja stiilne Yara vihmavari, mis hoiab sind liikvel olles kuivana. Automaatavanemine ja mugav k\u00e4epide tagavad lihtsa kasutuse, tuulekindel konstruktsioon hoiab vihmavarju stabiilsena ka tugevama tuulega. Unikaalne karabiink\u00e4epide v\u00f5imaldab vihmavarju kinnitada seljakoti k\u00fclge. Metallraam, fiiberklaasist kodarad ja ABS-k\u00e4epide. AWARE\u2122 tehnoloogia kinnitab ehtsate taaskasutatud materjalide kasutamist. 2% AWARE\u2122 toodete m\u00fc\u00fcgitulust annetatakse Water.orgile. Registreeritud disain\u00ae.<\/p>\n","protected":false},"excerpt":{"rendered":"<p>Nutikas ja stiilne Yara vihmavari, mis hoiab sind liikvel olles kuivana. Automaatavanemine ja mugav k\u00e4epide tagavad lihtsa kasutuse, tuulekindel konstruktsioon&#8230;<\/p>\n","protected":false},"featured_media":0,"template":"","meta":[],"product_brand":[],"product_cat":[5364],"product_tag":[],"class_list":{"0":"post-1436328","1":"product","2":"type-product","3":"status-publish","5":"product_cat-vihmavarjud","6":"pa_brand-xd-collection","7":"pa_color-beez","8":"pa_color-black-2","9":"pa_color-tumesinine","10":"pa_gender-uniseks","11":"pa_gender-unisex","14":"pa_material-rpetfibreglass","16":"first","17":"instock","18":"taxable","19":"shipping-taxable","20":"purchasable","21":"product-type-variable"},"acf":[],"yoast_head":"<!-- This site is optimized with the Yoast SEO plugin v26.0 - https:\/\/yoast.com\/wordpress\/plugins\/seo\/ -->\n<title>XD Collection Yara 21&quot; AWARE\u2122 RPET \u00fchev\u00e4rviline vihmavari karabiiniga - Kruze.ee<\/title>\n<meta name=\"robots\" content=\"index, follow, max-snippet:-1, max-image-preview:large, max-video-preview:-1\" \/>\n<link rel=\"canonical\" href=\"https:\/\/kruze.ee\/et\/toode\/xd-collection-yara-21-aware-rpet-uhevarviline-vihmavari-karabiiniga\/\" \/>\n<meta property=\"og:locale\" content=\"et_EE\" \/>\n<meta property=\"og:type\" content=\"article\" \/>\n<meta property=\"og:title\" content=\"XD Collection Yara 21&quot; AWARE\u2122 RPET \u00fchev\u00e4rviline vihmavari karabiiniga - Kruze.ee\" \/>\n<meta property=\"og:description\" content=\"Nutikas ja stiilne Yara vihmavari, mis hoiab sind liikvel olles kuivana. Automaatavanemine ja mugav k\u00e4epide tagavad lihtsa kasutuse, tuulekindel konstruktsioon...\" \/>\n<meta property=\"og:url\" content=\"https:\/\/kruze.ee\/et\/toode\/xd-collection-yara-21-aware-rpet-uhevarviline-vihmavari-karabiiniga\/\" \/>\n<meta property=\"og:site_name\" content=\"Kruze.ee\" \/>\n<meta property=\"article:modified_time\" content=\"2026-03-16T22:28:33+00:00\" \/>\n<meta name=\"twitter:card\" content=\"summary_large_image\" \/>\n<script type=\"application\/ld+json\" class=\"yoast-schema-graph\">{\"@context\":\"https:\/\/schema.org\",\"@graph\":[{\"@type\":\"WebPage\",\"@id\":\"https:\/\/kruze.ee\/et\/toode\/xd-collection-yara-21-aware-rpet-uhevarviline-vihmavari-karabiiniga\/\",\"url\":\"https:\/\/kruze.ee\/et\/toode\/xd-collection-yara-21-aware-rpet-uhevarviline-vihmavari-karabiiniga\/\",\"name\":\"XD Collection Yara 21\\\" AWARE\u2122 RPET \u00fchev\u00e4rviline vihmavari karabiiniga - Kruze.ee\",\"isPartOf\":{\"@id\":\"https:\/\/kruze.ee\/et\/#website\"},\"datePublished\":\"2026-01-25T12:34:56+00:00\",\"dateModified\":\"2026-03-16T22:28:33+00:00\",\"breadcrumb\":{\"@id\":\"https:\/\/kruze.ee\/et\/toode\/xd-collection-yara-21-aware-rpet-uhevarviline-vihmavari-karabiiniga\/#breadcrumb\"},\"inLanguage\":\"et\",\"potentialAction\":[{\"@type\":\"ReadAction\",\"target\":[\"https:\/\/kruze.ee\/et\/toode\/xd-collection-yara-21-aware-rpet-uhevarviline-vihmavari-karabiiniga\/\"]}]},{\"@type\":\"BreadcrumbList\",\"@id\":\"https:\/\/kruze.ee\/et\/toode\/xd-collection-yara-21-aware-rpet-uhevarviline-vihmavari-karabiiniga\/#breadcrumb\",\"itemListElement\":[{\"@type\":\"ListItem\",\"position\":1,\"name\":\"Home\",\"item\":\"https:\/\/kruze.ee\/et\/\"},{\"@type\":\"ListItem\",\"position\":2,\"name\":\"Tooted\",\"item\":\"https:\/\/kruze.ee\/et\/tooted\/\"},{\"@type\":\"ListItem\",\"position\":3,\"name\":\"XD Collection Yara 21&#8243; AWARE\u2122 RPET \u00fchev\u00e4rviline vihmavari karabiiniga\"}]},{\"@type\":\"WebSite\",\"@id\":\"https:\/\/kruze.ee\/et\/#website\",\"url\":\"https:\/\/kruze.ee\/et\/\",\"name\":\"Kruze.ee\",\"description\":\"Reklaamkingitused, tr&uuml;kiga T-s&auml;rgid, fliisid, dressipluused, tekstiil, joped ja paljud teised logoga meened, &Auml;rikingitused sinu partnerile! Telli juba t&auml;na.\",\"potentialAction\":[{\"@type\":\"SearchAction\",\"target\":{\"@type\":\"EntryPoint\",\"urlTemplate\":\"https:\/\/kruze.ee\/et\/?s={search_term_string}\"},\"query-input\":{\"@type\":\"PropertyValueSpecification\",\"valueRequired\":true,\"valueName\":\"search_term_string\"}}],\"inLanguage\":\"et\"}]}<\/script>\n<!-- \/ Yoast SEO plugin. -->","yoast_head_json":{"title":"XD Collection Yara 21\" AWARE\u2122 RPET \u00fchev\u00e4rviline vihmavari karabiiniga - Kruze.ee","robots":{"index":"index","follow":"follow","max-snippet":"max-snippet:-1","max-image-preview":"max-image-preview:large","max-video-preview":"max-video-preview:-1"},"canonical":"https:\/\/kruze.ee\/et\/toode\/xd-collection-yara-21-aware-rpet-uhevarviline-vihmavari-karabiiniga\/","og_locale":"et_EE","og_type":"article","og_title":"XD Collection Yara 21\" AWARE\u2122 RPET \u00fchev\u00e4rviline vihmavari karabiiniga - Kruze.ee","og_description":"Nutikas ja stiilne Yara vihmavari, mis hoiab sind liikvel olles kuivana. Automaatavanemine ja mugav k\u00e4epide tagavad lihtsa kasutuse, tuulekindel konstruktsioon...","og_url":"https:\/\/kruze.ee\/et\/toode\/xd-collection-yara-21-aware-rpet-uhevarviline-vihmavari-karabiiniga\/","og_site_name":"Kruze.ee","article_modified_time":"2026-03-16T22:28:33+00:00","twitter_card":"summary_large_image","schema":{"@context":"https:\/\/schema.org","@graph":[{"@type":"WebPage","@id":"https:\/\/kruze.ee\/et\/toode\/xd-collection-yara-21-aware-rpet-uhevarviline-vihmavari-karabiiniga\/","url":"https:\/\/kruze.ee\/et\/toode\/xd-collection-yara-21-aware-rpet-uhevarviline-vihmavari-karabiiniga\/","name":"XD Collection Yara 21\" AWARE\u2122 RPET \u00fchev\u00e4rviline vihmavari karabiiniga - Kruze.ee","isPartOf":{"@id":"https:\/\/kruze.ee\/et\/#website"},"datePublished":"2026-01-25T12:34:56+00:00","dateModified":"2026-03-16T22:28:33+00:00","breadcrumb":{"@id":"https:\/\/kruze.ee\/et\/toode\/xd-collection-yara-21-aware-rpet-uhevarviline-vihmavari-karabiiniga\/#breadcrumb"},"inLanguage":"et","potentialAction":[{"@type":"ReadAction","target":["https:\/\/kruze.ee\/et\/toode\/xd-collection-yara-21-aware-rpet-uhevarviline-vihmavari-karabiiniga\/"]}]},{"@type":"BreadcrumbList","@id":"https:\/\/kruze.ee\/et\/toode\/xd-collection-yara-21-aware-rpet-uhevarviline-vihmavari-karabiiniga\/#breadcrumb","itemListElement":[{"@type":"ListItem","position":1,"name":"Home","item":"https:\/\/kruze.ee\/et\/"},{"@type":"ListItem","position":2,"name":"Tooted","item":"https:\/\/kruze.ee\/et\/tooted\/"},{"@type":"ListItem","position":3,"name":"XD Collection Yara 21&#8243; AWARE\u2122 RPET \u00fchev\u00e4rviline vihmavari karabiiniga"}]},{"@type":"WebSite","@id":"https:\/\/kruze.ee\/et\/#website","url":"https:\/\/kruze.ee\/et\/","name":"Kruze.ee","description":"Reklaamkingitused, tr&uuml;kiga T-s&auml;rgid, fliisid, dressipluused, tekstiil, joped ja paljud teised logoga meened, &Auml;rikingitused sinu partnerile! Telli juba t&auml;na.","potentialAction":[{"@type":"SearchAction","target":{"@type":"EntryPoint","urlTemplate":"https:\/\/kruze.ee\/et\/?s={search_term_string}"},"query-input":{"@type":"PropertyValueSpecification","valueRequired":true,"valueName":"search_term_string"}}],"inLanguage":"et"}]}},"_links":{"self":[{"href":"https:\/\/kruze.ee\/et\/wp-json\/wp\/v2\/product\/1436328","targetHints":{"allow":["GET"]}}],"collection":[{"href":"https:\/\/kruze.ee\/et\/wp-json\/wp\/v2\/product"}],"about":[{"href":"https:\/\/kruze.ee\/et\/wp-json\/wp\/v2\/types\/product"}],"wp:attachment":[{"href":"https:\/\/kruze.ee\/et\/wp-json\/wp\/v2\/media?parent=1436328"}],"wp:term":[{"taxonomy":"product_brand","embeddable":true,"href":"https:\/\/kruze.ee\/et\/wp-json\/wp\/v2\/product_brand?post=1436328"},{"taxonomy":"product_cat","embeddable":true,"href":"https:\/\/kruze.ee\/et\/wp-json\/wp\/v2\/product_cat?post=1436328"},{"taxonomy":"product_tag","embeddable":true,"href":"https:\/\/kruze.ee\/et\/wp-json\/wp\/v2\/product_tag?post=1436328"}],"curies":[{"name":"wp","href":"https:\/\/api.w.org\/{rel}","templated":true}]}}