{"id":1436262,"date":"2026-01-25T14:16:41","date_gmt":"2026-01-25T11:16:41","guid":{"rendered":"https:\/\/kruze.ee\/product\/xd-xclusive-impact-aware-rpet-vargusvastane-156-sulearvuti-seljakott\/"},"modified":"2026-03-17T00:56:43","modified_gmt":"2026-03-16T21:56:43","slug":"xd-xclusive-impact-aware-rpet-vargusvastane-156-sulearvuti-seljakott","status":"publish","type":"product","link":"https:\/\/kruze.ee\/et\/toode\/xd-xclusive-impact-aware-rpet-vargusvastane-156-sulearvuti-seljakott\/","title":{"rendered":"XD Xclusive Impact AWARE\u2122 RPET vargusvastane 15,6&#8243; s\u00fclearvuti seljakott"},"content":{"rendered":"<p>Ilma rohepesuta \u2013 t\u00f5eline j\u00e4tkusuutlikkuse lugu. Impact kollektsiooni AWARE\u2122 tehnoloogiaga luksuslik 15,6&#8243; s\u00fclearvuti seljakott, mis \u00fchendab modernse ja minimalistliku disaini igap\u00e4evase praktilisusega. Avar p\u00f5hisahtel mahutab kuni 15,6&#8243; s\u00fclearvuti, sisemised taskud ja lukuga tasku hoiavad v\u00e4iksemad esemed korras. Sise- ja v\u00e4lismaterjal 100% taaskasutatud pol\u00fcester AWARE\u2122 j\u00e4lgimistehnoloogiaga. Valides selle toote s\u00e4\u00e4stad 20 liitrit vett ja 33 plastpudelit on taaskasutatud. 2% Impact-toodete m\u00fc\u00fcgitulust annetatakse Water.orgile. PVC-vaba.<\/p>\n","protected":false},"excerpt":{"rendered":"<p>Ilma rohepesuta \u2013 t\u00f5eline j\u00e4tkusuutlikkuse lugu. Impact kollektsiooni AWARE\u2122 tehnoloogiaga luksuslik 15,6&#8243; s\u00fclearvuti seljakott, mis \u00fchendab modernse ja&#8230;<\/p>\n","protected":false},"featured_media":0,"template":"","meta":[],"product_brand":[],"product_cat":[5392],"product_tag":[],"class_list":{"0":"post-1436262","1":"product","2":"type-product","3":"status-publish","5":"product_cat-logoga-seljakotid","6":"pa_brand-xd-xclusive-2","7":"pa_color-antratsiit","8":"pa_color-black-2","9":"pa_color-tumesinine","10":"pa_gender-uniseks","11":"pa_gender-unisex","14":"pa_material-rpet","16":"first","17":"instock","18":"taxable","19":"shipping-taxable","20":"purchasable","21":"product-type-variable"},"acf":[],"yoast_head":"<!-- This site is optimized with the Yoast SEO plugin v26.0 - https:\/\/yoast.com\/wordpress\/plugins\/seo\/ -->\n<title>XD Xclusive Impact AWARE\u2122 RPET vargusvastane 15,6&quot; s\u00fclearvuti seljakott - Kruze.ee<\/title>\n<meta name=\"robots\" content=\"index, follow, max-snippet:-1, max-image-preview:large, max-video-preview:-1\" \/>\n<link rel=\"canonical\" href=\"https:\/\/kruze.ee\/et\/toode\/xd-xclusive-impact-aware-rpet-vargusvastane-156-sulearvuti-seljakott\/\" \/>\n<meta property=\"og:locale\" content=\"et_EE\" \/>\n<meta property=\"og:type\" content=\"article\" \/>\n<meta property=\"og:title\" content=\"XD Xclusive Impact AWARE\u2122 RPET vargusvastane 15,6&quot; s\u00fclearvuti seljakott - Kruze.ee\" \/>\n<meta property=\"og:description\" content=\"Ilma rohepesuta \u2013 t\u00f5eline j\u00e4tkusuutlikkuse lugu. Impact kollektsiooni AWARE\u2122 tehnoloogiaga luksuslik 15,6&quot; s\u00fclearvuti seljakott, mis \u00fchendab modernse ja...\" \/>\n<meta property=\"og:url\" content=\"https:\/\/kruze.ee\/et\/toode\/xd-xclusive-impact-aware-rpet-vargusvastane-156-sulearvuti-seljakott\/\" \/>\n<meta property=\"og:site_name\" content=\"Kruze.ee\" \/>\n<meta property=\"article:modified_time\" content=\"2026-03-16T21:56:43+00:00\" \/>\n<meta name=\"twitter:card\" content=\"summary_large_image\" \/>\n<script type=\"application\/ld+json\" class=\"yoast-schema-graph\">{\"@context\":\"https:\/\/schema.org\",\"@graph\":[{\"@type\":\"WebPage\",\"@id\":\"https:\/\/kruze.ee\/et\/toode\/xd-xclusive-impact-aware-rpet-vargusvastane-156-sulearvuti-seljakott\/\",\"url\":\"https:\/\/kruze.ee\/et\/toode\/xd-xclusive-impact-aware-rpet-vargusvastane-156-sulearvuti-seljakott\/\",\"name\":\"XD Xclusive Impact AWARE\u2122 RPET vargusvastane 15,6\\\" s\u00fclearvuti seljakott - Kruze.ee\",\"isPartOf\":{\"@id\":\"https:\/\/kruze.ee\/et\/#website\"},\"datePublished\":\"2026-01-25T11:16:41+00:00\",\"dateModified\":\"2026-03-16T21:56:43+00:00\",\"breadcrumb\":{\"@id\":\"https:\/\/kruze.ee\/et\/toode\/xd-xclusive-impact-aware-rpet-vargusvastane-156-sulearvuti-seljakott\/#breadcrumb\"},\"inLanguage\":\"et\",\"potentialAction\":[{\"@type\":\"ReadAction\",\"target\":[\"https:\/\/kruze.ee\/et\/toode\/xd-xclusive-impact-aware-rpet-vargusvastane-156-sulearvuti-seljakott\/\"]}]},{\"@type\":\"BreadcrumbList\",\"@id\":\"https:\/\/kruze.ee\/et\/toode\/xd-xclusive-impact-aware-rpet-vargusvastane-156-sulearvuti-seljakott\/#breadcrumb\",\"itemListElement\":[{\"@type\":\"ListItem\",\"position\":1,\"name\":\"Home\",\"item\":\"https:\/\/kruze.ee\/et\/\"},{\"@type\":\"ListItem\",\"position\":2,\"name\":\"Tooted\",\"item\":\"https:\/\/kruze.ee\/et\/tooted\/\"},{\"@type\":\"ListItem\",\"position\":3,\"name\":\"XD Xclusive Impact AWARE\u2122 RPET vargusvastane 15,6&#8243; s\u00fclearvuti seljakott\"}]},{\"@type\":\"WebSite\",\"@id\":\"https:\/\/kruze.ee\/et\/#website\",\"url\":\"https:\/\/kruze.ee\/et\/\",\"name\":\"Kruze.ee\",\"description\":\"Reklaamkingitused, tr&uuml;kiga T-s&auml;rgid, fliisid, dressipluused, tekstiil, joped ja paljud teised logoga meened, &Auml;rikingitused sinu partnerile! Telli juba t&auml;na.\",\"potentialAction\":[{\"@type\":\"SearchAction\",\"target\":{\"@type\":\"EntryPoint\",\"urlTemplate\":\"https:\/\/kruze.ee\/et\/?s={search_term_string}\"},\"query-input\":{\"@type\":\"PropertyValueSpecification\",\"valueRequired\":true,\"valueName\":\"search_term_string\"}}],\"inLanguage\":\"et\"}]}<\/script>\n<!-- \/ Yoast SEO plugin. -->","yoast_head_json":{"title":"XD Xclusive Impact AWARE\u2122 RPET vargusvastane 15,6\" s\u00fclearvuti seljakott - Kruze.ee","robots":{"index":"index","follow":"follow","max-snippet":"max-snippet:-1","max-image-preview":"max-image-preview:large","max-video-preview":"max-video-preview:-1"},"canonical":"https:\/\/kruze.ee\/et\/toode\/xd-xclusive-impact-aware-rpet-vargusvastane-156-sulearvuti-seljakott\/","og_locale":"et_EE","og_type":"article","og_title":"XD Xclusive Impact AWARE\u2122 RPET vargusvastane 15,6\" s\u00fclearvuti seljakott - Kruze.ee","og_description":"Ilma rohepesuta \u2013 t\u00f5eline j\u00e4tkusuutlikkuse lugu. Impact kollektsiooni AWARE\u2122 tehnoloogiaga luksuslik 15,6\" s\u00fclearvuti seljakott, mis \u00fchendab modernse ja...","og_url":"https:\/\/kruze.ee\/et\/toode\/xd-xclusive-impact-aware-rpet-vargusvastane-156-sulearvuti-seljakott\/","og_site_name":"Kruze.ee","article_modified_time":"2026-03-16T21:56:43+00:00","twitter_card":"summary_large_image","schema":{"@context":"https:\/\/schema.org","@graph":[{"@type":"WebPage","@id":"https:\/\/kruze.ee\/et\/toode\/xd-xclusive-impact-aware-rpet-vargusvastane-156-sulearvuti-seljakott\/","url":"https:\/\/kruze.ee\/et\/toode\/xd-xclusive-impact-aware-rpet-vargusvastane-156-sulearvuti-seljakott\/","name":"XD Xclusive Impact AWARE\u2122 RPET vargusvastane 15,6\" s\u00fclearvuti seljakott - Kruze.ee","isPartOf":{"@id":"https:\/\/kruze.ee\/et\/#website"},"datePublished":"2026-01-25T11:16:41+00:00","dateModified":"2026-03-16T21:56:43+00:00","breadcrumb":{"@id":"https:\/\/kruze.ee\/et\/toode\/xd-xclusive-impact-aware-rpet-vargusvastane-156-sulearvuti-seljakott\/#breadcrumb"},"inLanguage":"et","potentialAction":[{"@type":"ReadAction","target":["https:\/\/kruze.ee\/et\/toode\/xd-xclusive-impact-aware-rpet-vargusvastane-156-sulearvuti-seljakott\/"]}]},{"@type":"BreadcrumbList","@id":"https:\/\/kruze.ee\/et\/toode\/xd-xclusive-impact-aware-rpet-vargusvastane-156-sulearvuti-seljakott\/#breadcrumb","itemListElement":[{"@type":"ListItem","position":1,"name":"Home","item":"https:\/\/kruze.ee\/et\/"},{"@type":"ListItem","position":2,"name":"Tooted","item":"https:\/\/kruze.ee\/et\/tooted\/"},{"@type":"ListItem","position":3,"name":"XD Xclusive Impact AWARE\u2122 RPET vargusvastane 15,6&#8243; s\u00fclearvuti seljakott"}]},{"@type":"WebSite","@id":"https:\/\/kruze.ee\/et\/#website","url":"https:\/\/kruze.ee\/et\/","name":"Kruze.ee","description":"Reklaamkingitused, tr&uuml;kiga T-s&auml;rgid, fliisid, dressipluused, tekstiil, joped ja paljud teised logoga meened, &Auml;rikingitused sinu partnerile! Telli juba t&auml;na.","potentialAction":[{"@type":"SearchAction","target":{"@type":"EntryPoint","urlTemplate":"https:\/\/kruze.ee\/et\/?s={search_term_string}"},"query-input":{"@type":"PropertyValueSpecification","valueRequired":true,"valueName":"search_term_string"}}],"inLanguage":"et"}]}},"_links":{"self":[{"href":"https:\/\/kruze.ee\/et\/wp-json\/wp\/v2\/product\/1436262","targetHints":{"allow":["GET"]}}],"collection":[{"href":"https:\/\/kruze.ee\/et\/wp-json\/wp\/v2\/product"}],"about":[{"href":"https:\/\/kruze.ee\/et\/wp-json\/wp\/v2\/types\/product"}],"wp:attachment":[{"href":"https:\/\/kruze.ee\/et\/wp-json\/wp\/v2\/media?parent=1436262"}],"wp:term":[{"taxonomy":"product_brand","embeddable":true,"href":"https:\/\/kruze.ee\/et\/wp-json\/wp\/v2\/product_brand?post=1436262"},{"taxonomy":"product_cat","embeddable":true,"href":"https:\/\/kruze.ee\/et\/wp-json\/wp\/v2\/product_cat?post=1436262"},{"taxonomy":"product_tag","embeddable":true,"href":"https:\/\/kruze.ee\/et\/wp-json\/wp\/v2\/product_tag?post=1436262"}],"curies":[{"name":"wp","href":"https:\/\/api.w.org\/{rel}","templated":true}]}}