{"id":1436244,"date":"2026-01-25T14:16:33","date_gmt":"2026-01-25T11:16:33","guid":{"rendered":"https:\/\/kruze.ee\/product\/xd-collection-impact-aware-16-oz-taaskasutatud-kangast-seljakott\/"},"modified":"2026-03-17T00:56:38","modified_gmt":"2026-03-16T21:56:38","slug":"xd-collection-impact-aware-16-oz-taaskasutatud-kangast-seljakott","status":"publish","type":"product","link":"https:\/\/kruze.ee\/et\/toode\/xd-collection-impact-aware-16-oz-taaskasutatud-kangast-seljakott\/","title":{"rendered":"XD Collection Impact AWARE\u2122 16 oz taaskasutatud kangast seljakott"},"content":{"rendered":"<p>Klassikaline 16 oz taaskasutatud kangast seljakott igap\u00e4evaseks kasutamiseks. Polsterdatud tasku 14&#8243; s\u00fclearvutile ning avarad esi- ja tagataskud igap\u00e4evaste esemete jaoks. Koostis 60% taaskasutatud puuvill ja 40% taaskasutatud pol\u00fcester, vooder 150D taaskasutatud pol\u00fcester. 2% Impact-toodete m\u00fc\u00fcgitulust annetatakse Water.orgile.<\/p>\n","protected":false},"excerpt":{"rendered":"<p>Klassikaline 16 oz taaskasutatud kangast seljakott igap\u00e4evaseks kasutamiseks. Polsterdatud tasku 14&#8243; s\u00fclearvutile ning avarad esi- ja tagataskud igap\u00e4evaste&#8230;<\/p>\n","protected":false},"featured_media":0,"template":"","meta":[],"product_brand":[],"product_cat":[5392],"product_tag":[],"class_list":{"0":"post-1436244","1":"product","2":"type-product","3":"status-publish","5":"product_cat-logoga-seljakotid","6":"pa_brand-xd-collection","7":"pa_color-hall","8":"pa_color-off-white-2","9":"pa_color-black-2","10":"pa_color-roheline","11":"pa_color-blue-2","12":"pa_gender-uniseks","13":"pa_gender-unisex","16":"pa_material-recycled-cottonpolyurethane","18":"first","19":"instock","20":"taxable","21":"shipping-taxable","22":"purchasable","23":"product-type-variable"},"acf":[],"yoast_head":"<!-- This site is optimized with the Yoast SEO plugin v26.0 - https:\/\/yoast.com\/wordpress\/plugins\/seo\/ -->\n<title>XD Collection Impact AWARE\u2122 16 oz taaskasutatud kangast seljakott - Kruze.ee<\/title>\n<meta name=\"robots\" content=\"index, follow, max-snippet:-1, max-image-preview:large, max-video-preview:-1\" \/>\n<link rel=\"canonical\" href=\"https:\/\/kruze.ee\/et\/toode\/xd-collection-impact-aware-16-oz-taaskasutatud-kangast-seljakott\/\" \/>\n<meta property=\"og:locale\" content=\"et_EE\" \/>\n<meta property=\"og:type\" content=\"article\" \/>\n<meta property=\"og:title\" content=\"XD Collection Impact AWARE\u2122 16 oz taaskasutatud kangast seljakott - Kruze.ee\" \/>\n<meta property=\"og:description\" content=\"Klassikaline 16 oz taaskasutatud kangast seljakott igap\u00e4evaseks kasutamiseks. Polsterdatud tasku 14&quot; s\u00fclearvutile ning avarad esi- ja tagataskud igap\u00e4evaste...\" \/>\n<meta property=\"og:url\" content=\"https:\/\/kruze.ee\/et\/toode\/xd-collection-impact-aware-16-oz-taaskasutatud-kangast-seljakott\/\" \/>\n<meta property=\"og:site_name\" content=\"Kruze.ee\" \/>\n<meta property=\"article:modified_time\" content=\"2026-03-16T21:56:38+00:00\" \/>\n<meta name=\"twitter:card\" content=\"summary_large_image\" \/>\n<script type=\"application\/ld+json\" class=\"yoast-schema-graph\">{\"@context\":\"https:\/\/schema.org\",\"@graph\":[{\"@type\":\"WebPage\",\"@id\":\"https:\/\/kruze.ee\/et\/toode\/xd-collection-impact-aware-16-oz-taaskasutatud-kangast-seljakott\/\",\"url\":\"https:\/\/kruze.ee\/et\/toode\/xd-collection-impact-aware-16-oz-taaskasutatud-kangast-seljakott\/\",\"name\":\"XD Collection Impact AWARE\u2122 16 oz taaskasutatud kangast seljakott - Kruze.ee\",\"isPartOf\":{\"@id\":\"https:\/\/kruze.ee\/et\/#website\"},\"datePublished\":\"2026-01-25T11:16:33+00:00\",\"dateModified\":\"2026-03-16T21:56:38+00:00\",\"breadcrumb\":{\"@id\":\"https:\/\/kruze.ee\/et\/toode\/xd-collection-impact-aware-16-oz-taaskasutatud-kangast-seljakott\/#breadcrumb\"},\"inLanguage\":\"et\",\"potentialAction\":[{\"@type\":\"ReadAction\",\"target\":[\"https:\/\/kruze.ee\/et\/toode\/xd-collection-impact-aware-16-oz-taaskasutatud-kangast-seljakott\/\"]}]},{\"@type\":\"BreadcrumbList\",\"@id\":\"https:\/\/kruze.ee\/et\/toode\/xd-collection-impact-aware-16-oz-taaskasutatud-kangast-seljakott\/#breadcrumb\",\"itemListElement\":[{\"@type\":\"ListItem\",\"position\":1,\"name\":\"Home\",\"item\":\"https:\/\/kruze.ee\/et\/\"},{\"@type\":\"ListItem\",\"position\":2,\"name\":\"Tooted\",\"item\":\"https:\/\/kruze.ee\/et\/tooted\/\"},{\"@type\":\"ListItem\",\"position\":3,\"name\":\"XD Collection Impact AWARE\u2122 16 oz taaskasutatud kangast seljakott\"}]},{\"@type\":\"WebSite\",\"@id\":\"https:\/\/kruze.ee\/et\/#website\",\"url\":\"https:\/\/kruze.ee\/et\/\",\"name\":\"Kruze.ee\",\"description\":\"Reklaamkingitused, tr&uuml;kiga T-s&auml;rgid, fliisid, dressipluused, tekstiil, joped ja paljud teised logoga meened, &Auml;rikingitused sinu partnerile! Telli juba t&auml;na.\",\"potentialAction\":[{\"@type\":\"SearchAction\",\"target\":{\"@type\":\"EntryPoint\",\"urlTemplate\":\"https:\/\/kruze.ee\/et\/?s={search_term_string}\"},\"query-input\":{\"@type\":\"PropertyValueSpecification\",\"valueRequired\":true,\"valueName\":\"search_term_string\"}}],\"inLanguage\":\"et\"}]}<\/script>\n<!-- \/ Yoast SEO plugin. -->","yoast_head_json":{"title":"XD Collection Impact AWARE\u2122 16 oz taaskasutatud kangast seljakott - Kruze.ee","robots":{"index":"index","follow":"follow","max-snippet":"max-snippet:-1","max-image-preview":"max-image-preview:large","max-video-preview":"max-video-preview:-1"},"canonical":"https:\/\/kruze.ee\/et\/toode\/xd-collection-impact-aware-16-oz-taaskasutatud-kangast-seljakott\/","og_locale":"et_EE","og_type":"article","og_title":"XD Collection Impact AWARE\u2122 16 oz taaskasutatud kangast seljakott - Kruze.ee","og_description":"Klassikaline 16 oz taaskasutatud kangast seljakott igap\u00e4evaseks kasutamiseks. Polsterdatud tasku 14\" s\u00fclearvutile ning avarad esi- ja tagataskud igap\u00e4evaste...","og_url":"https:\/\/kruze.ee\/et\/toode\/xd-collection-impact-aware-16-oz-taaskasutatud-kangast-seljakott\/","og_site_name":"Kruze.ee","article_modified_time":"2026-03-16T21:56:38+00:00","twitter_card":"summary_large_image","schema":{"@context":"https:\/\/schema.org","@graph":[{"@type":"WebPage","@id":"https:\/\/kruze.ee\/et\/toode\/xd-collection-impact-aware-16-oz-taaskasutatud-kangast-seljakott\/","url":"https:\/\/kruze.ee\/et\/toode\/xd-collection-impact-aware-16-oz-taaskasutatud-kangast-seljakott\/","name":"XD Collection Impact AWARE\u2122 16 oz taaskasutatud kangast seljakott - Kruze.ee","isPartOf":{"@id":"https:\/\/kruze.ee\/et\/#website"},"datePublished":"2026-01-25T11:16:33+00:00","dateModified":"2026-03-16T21:56:38+00:00","breadcrumb":{"@id":"https:\/\/kruze.ee\/et\/toode\/xd-collection-impact-aware-16-oz-taaskasutatud-kangast-seljakott\/#breadcrumb"},"inLanguage":"et","potentialAction":[{"@type":"ReadAction","target":["https:\/\/kruze.ee\/et\/toode\/xd-collection-impact-aware-16-oz-taaskasutatud-kangast-seljakott\/"]}]},{"@type":"BreadcrumbList","@id":"https:\/\/kruze.ee\/et\/toode\/xd-collection-impact-aware-16-oz-taaskasutatud-kangast-seljakott\/#breadcrumb","itemListElement":[{"@type":"ListItem","position":1,"name":"Home","item":"https:\/\/kruze.ee\/et\/"},{"@type":"ListItem","position":2,"name":"Tooted","item":"https:\/\/kruze.ee\/et\/tooted\/"},{"@type":"ListItem","position":3,"name":"XD Collection Impact AWARE\u2122 16 oz taaskasutatud kangast seljakott"}]},{"@type":"WebSite","@id":"https:\/\/kruze.ee\/et\/#website","url":"https:\/\/kruze.ee\/et\/","name":"Kruze.ee","description":"Reklaamkingitused, tr&uuml;kiga T-s&auml;rgid, fliisid, dressipluused, tekstiil, joped ja paljud teised logoga meened, &Auml;rikingitused sinu partnerile! Telli juba t&auml;na.","potentialAction":[{"@type":"SearchAction","target":{"@type":"EntryPoint","urlTemplate":"https:\/\/kruze.ee\/et\/?s={search_term_string}"},"query-input":{"@type":"PropertyValueSpecification","valueRequired":true,"valueName":"search_term_string"}}],"inLanguage":"et"}]}},"_links":{"self":[{"href":"https:\/\/kruze.ee\/et\/wp-json\/wp\/v2\/product\/1436244","targetHints":{"allow":["GET"]}}],"collection":[{"href":"https:\/\/kruze.ee\/et\/wp-json\/wp\/v2\/product"}],"about":[{"href":"https:\/\/kruze.ee\/et\/wp-json\/wp\/v2\/types\/product"}],"wp:attachment":[{"href":"https:\/\/kruze.ee\/et\/wp-json\/wp\/v2\/media?parent=1436244"}],"wp:term":[{"taxonomy":"product_brand","embeddable":true,"href":"https:\/\/kruze.ee\/et\/wp-json\/wp\/v2\/product_brand?post=1436244"},{"taxonomy":"product_cat","embeddable":true,"href":"https:\/\/kruze.ee\/et\/wp-json\/wp\/v2\/product_cat?post=1436244"},{"taxonomy":"product_tag","embeddable":true,"href":"https:\/\/kruze.ee\/et\/wp-json\/wp\/v2\/product_tag?post=1436244"}],"curies":[{"name":"wp","href":"https:\/\/api.w.org\/{rel}","templated":true}]}}