{"id":1436208,"date":"2026-01-25T14:16:06","date_gmt":"2026-01-25T11:16:06","guid":{"rendered":"https:\/\/kruze.ee\/product\/xd-xclusive-impact-aware-rpet-jahutus-seljakott\/"},"modified":"2026-03-17T00:56:25","modified_gmt":"2026-03-16T21:56:25","slug":"xd-xclusive-impact-aware-rpet-jahutus-seljakott","status":"publish","type":"product","link":"https:\/\/kruze.ee\/et\/toode\/xd-xclusive-impact-aware-rpet-jahutus-seljakott\/","title":{"rendered":"XD Xclusive Impact AWARE\u2122 RPET jahutus-seljakott"},"content":{"rendered":"<p>Ilma rohepesuta \u2013 t\u00f5eline j\u00e4tkusuutlikkuse lugu. Impact kollektsiooni AWARE\u2122 jahutus-seljakott on ideaalne kaaslane piknikule ja loodusesse. AWARE\u2122 tehnoloogia tagab ehtsate taaskasutatud materjalide kasutamise ja m\u00f5\u00f5detava vees\u00e4\u00e4stu. Valides selle toote s\u00e4\u00e4stad 12 liitrit vett ja 20 plastpudelit on taaskasutatud. PEVA voodriga p\u00f5hisahtel mahutab 6 veinipudelit v\u00f5i 24 purki, eesmine lukuga tasku hoiab olulised esemed k\u00e4ep\u00e4rast. V\u00e4lismaterjal 100% AWARE\u2122 taaskasutatud pol\u00fcester. 2% Impact-toodete m\u00fc\u00fcgitulust annetatakse Water.orgile.<\/p>\n","protected":false},"excerpt":{"rendered":"<p>Ilma rohepesuta \u2013 t\u00f5eline j\u00e4tkusuutlikkuse lugu. Impact kollektsiooni AWARE\u2122 jahutus-seljakott on ideaalne kaaslane piknikule ja loodusesse. AWARE\u2122 tehnoloogia&#8230;<\/p>\n","protected":false},"featured_media":0,"template":"","meta":[],"product_brand":[],"product_cat":[5401],"product_tag":[],"class_list":{"0":"post-1436208","1":"product","2":"type-product","3":"status-publish","5":"product_cat-termoskotid-kotid","6":"pa_brand-xd-xclusive-2","7":"pa_color-antratsiit","8":"pa_color-black-2","9":"pa_color-tumesinine","10":"pa_gender-uniseks","11":"pa_gender-unisex","14":"pa_material-rpet","16":"first","17":"instock","18":"taxable","19":"shipping-taxable","20":"purchasable","21":"product-type-variable"},"acf":[],"yoast_head":"<!-- This site is optimized with the Yoast SEO plugin v26.0 - https:\/\/yoast.com\/wordpress\/plugins\/seo\/ -->\n<title>XD Xclusive Impact AWARE\u2122 RPET jahutus-seljakott - Kruze.ee<\/title>\n<meta name=\"robots\" content=\"index, follow, max-snippet:-1, max-image-preview:large, max-video-preview:-1\" \/>\n<link rel=\"canonical\" href=\"https:\/\/kruze.ee\/et\/toode\/xd-xclusive-impact-aware-rpet-jahutus-seljakott\/\" \/>\n<meta property=\"og:locale\" content=\"et_EE\" \/>\n<meta property=\"og:type\" content=\"article\" \/>\n<meta property=\"og:title\" content=\"XD Xclusive Impact AWARE\u2122 RPET jahutus-seljakott - Kruze.ee\" \/>\n<meta property=\"og:description\" content=\"Ilma rohepesuta \u2013 t\u00f5eline j\u00e4tkusuutlikkuse lugu. Impact kollektsiooni AWARE\u2122 jahutus-seljakott on ideaalne kaaslane piknikule ja loodusesse. AWARE\u2122 tehnoloogia...\" \/>\n<meta property=\"og:url\" content=\"https:\/\/kruze.ee\/et\/toode\/xd-xclusive-impact-aware-rpet-jahutus-seljakott\/\" \/>\n<meta property=\"og:site_name\" content=\"Kruze.ee\" \/>\n<meta property=\"article:modified_time\" content=\"2026-03-16T21:56:25+00:00\" \/>\n<meta name=\"twitter:card\" content=\"summary_large_image\" \/>\n<script type=\"application\/ld+json\" class=\"yoast-schema-graph\">{\"@context\":\"https:\/\/schema.org\",\"@graph\":[{\"@type\":\"WebPage\",\"@id\":\"https:\/\/kruze.ee\/et\/toode\/xd-xclusive-impact-aware-rpet-jahutus-seljakott\/\",\"url\":\"https:\/\/kruze.ee\/et\/toode\/xd-xclusive-impact-aware-rpet-jahutus-seljakott\/\",\"name\":\"XD Xclusive Impact AWARE\u2122 RPET jahutus-seljakott - Kruze.ee\",\"isPartOf\":{\"@id\":\"https:\/\/kruze.ee\/et\/#website\"},\"datePublished\":\"2026-01-25T11:16:06+00:00\",\"dateModified\":\"2026-03-16T21:56:25+00:00\",\"breadcrumb\":{\"@id\":\"https:\/\/kruze.ee\/et\/toode\/xd-xclusive-impact-aware-rpet-jahutus-seljakott\/#breadcrumb\"},\"inLanguage\":\"et\",\"potentialAction\":[{\"@type\":\"ReadAction\",\"target\":[\"https:\/\/kruze.ee\/et\/toode\/xd-xclusive-impact-aware-rpet-jahutus-seljakott\/\"]}]},{\"@type\":\"BreadcrumbList\",\"@id\":\"https:\/\/kruze.ee\/et\/toode\/xd-xclusive-impact-aware-rpet-jahutus-seljakott\/#breadcrumb\",\"itemListElement\":[{\"@type\":\"ListItem\",\"position\":1,\"name\":\"Home\",\"item\":\"https:\/\/kruze.ee\/et\/\"},{\"@type\":\"ListItem\",\"position\":2,\"name\":\"Tooted\",\"item\":\"https:\/\/kruze.ee\/et\/tooted\/\"},{\"@type\":\"ListItem\",\"position\":3,\"name\":\"XD Xclusive Impact AWARE\u2122 RPET jahutus-seljakott\"}]},{\"@type\":\"WebSite\",\"@id\":\"https:\/\/kruze.ee\/et\/#website\",\"url\":\"https:\/\/kruze.ee\/et\/\",\"name\":\"Kruze.ee\",\"description\":\"Reklaamkingitused, tr&uuml;kiga T-s&auml;rgid, fliisid, dressipluused, tekstiil, joped ja paljud teised logoga meened, &Auml;rikingitused sinu partnerile! Telli juba t&auml;na.\",\"potentialAction\":[{\"@type\":\"SearchAction\",\"target\":{\"@type\":\"EntryPoint\",\"urlTemplate\":\"https:\/\/kruze.ee\/et\/?s={search_term_string}\"},\"query-input\":{\"@type\":\"PropertyValueSpecification\",\"valueRequired\":true,\"valueName\":\"search_term_string\"}}],\"inLanguage\":\"et\"}]}<\/script>\n<!-- \/ Yoast SEO plugin. -->","yoast_head_json":{"title":"XD Xclusive Impact AWARE\u2122 RPET jahutus-seljakott - Kruze.ee","robots":{"index":"index","follow":"follow","max-snippet":"max-snippet:-1","max-image-preview":"max-image-preview:large","max-video-preview":"max-video-preview:-1"},"canonical":"https:\/\/kruze.ee\/et\/toode\/xd-xclusive-impact-aware-rpet-jahutus-seljakott\/","og_locale":"et_EE","og_type":"article","og_title":"XD Xclusive Impact AWARE\u2122 RPET jahutus-seljakott - Kruze.ee","og_description":"Ilma rohepesuta \u2013 t\u00f5eline j\u00e4tkusuutlikkuse lugu. Impact kollektsiooni AWARE\u2122 jahutus-seljakott on ideaalne kaaslane piknikule ja loodusesse. AWARE\u2122 tehnoloogia...","og_url":"https:\/\/kruze.ee\/et\/toode\/xd-xclusive-impact-aware-rpet-jahutus-seljakott\/","og_site_name":"Kruze.ee","article_modified_time":"2026-03-16T21:56:25+00:00","twitter_card":"summary_large_image","schema":{"@context":"https:\/\/schema.org","@graph":[{"@type":"WebPage","@id":"https:\/\/kruze.ee\/et\/toode\/xd-xclusive-impact-aware-rpet-jahutus-seljakott\/","url":"https:\/\/kruze.ee\/et\/toode\/xd-xclusive-impact-aware-rpet-jahutus-seljakott\/","name":"XD Xclusive Impact AWARE\u2122 RPET jahutus-seljakott - Kruze.ee","isPartOf":{"@id":"https:\/\/kruze.ee\/et\/#website"},"datePublished":"2026-01-25T11:16:06+00:00","dateModified":"2026-03-16T21:56:25+00:00","breadcrumb":{"@id":"https:\/\/kruze.ee\/et\/toode\/xd-xclusive-impact-aware-rpet-jahutus-seljakott\/#breadcrumb"},"inLanguage":"et","potentialAction":[{"@type":"ReadAction","target":["https:\/\/kruze.ee\/et\/toode\/xd-xclusive-impact-aware-rpet-jahutus-seljakott\/"]}]},{"@type":"BreadcrumbList","@id":"https:\/\/kruze.ee\/et\/toode\/xd-xclusive-impact-aware-rpet-jahutus-seljakott\/#breadcrumb","itemListElement":[{"@type":"ListItem","position":1,"name":"Home","item":"https:\/\/kruze.ee\/et\/"},{"@type":"ListItem","position":2,"name":"Tooted","item":"https:\/\/kruze.ee\/et\/tooted\/"},{"@type":"ListItem","position":3,"name":"XD Xclusive Impact AWARE\u2122 RPET jahutus-seljakott"}]},{"@type":"WebSite","@id":"https:\/\/kruze.ee\/et\/#website","url":"https:\/\/kruze.ee\/et\/","name":"Kruze.ee","description":"Reklaamkingitused, tr&uuml;kiga T-s&auml;rgid, fliisid, dressipluused, tekstiil, joped ja paljud teised logoga meened, &Auml;rikingitused sinu partnerile! Telli juba t&auml;na.","potentialAction":[{"@type":"SearchAction","target":{"@type":"EntryPoint","urlTemplate":"https:\/\/kruze.ee\/et\/?s={search_term_string}"},"query-input":{"@type":"PropertyValueSpecification","valueRequired":true,"valueName":"search_term_string"}}],"inLanguage":"et"}]}},"_links":{"self":[{"href":"https:\/\/kruze.ee\/et\/wp-json\/wp\/v2\/product\/1436208","targetHints":{"allow":["GET"]}}],"collection":[{"href":"https:\/\/kruze.ee\/et\/wp-json\/wp\/v2\/product"}],"about":[{"href":"https:\/\/kruze.ee\/et\/wp-json\/wp\/v2\/types\/product"}],"wp:attachment":[{"href":"https:\/\/kruze.ee\/et\/wp-json\/wp\/v2\/media?parent=1436208"}],"wp:term":[{"taxonomy":"product_brand","embeddable":true,"href":"https:\/\/kruze.ee\/et\/wp-json\/wp\/v2\/product_brand?post=1436208"},{"taxonomy":"product_cat","embeddable":true,"href":"https:\/\/kruze.ee\/et\/wp-json\/wp\/v2\/product_cat?post=1436208"},{"taxonomy":"product_tag","embeddable":true,"href":"https:\/\/kruze.ee\/et\/wp-json\/wp\/v2\/product_tag?post=1436208"}],"curies":[{"name":"wp","href":"https:\/\/api.w.org\/{rel}","templated":true}]}}