{"id":1436194,"date":"2026-01-25T14:15:57","date_gmt":"2026-01-25T11:15:57","guid":{"rendered":"https:\/\/kruze.ee\/product\/impact-aware-rpet-modern-sports-duffel\/"},"modified":"2026-03-17T00:56:12","modified_gmt":"2026-03-16T21:56:12","slug":"impact-aware-rpet-modern-sports-duffel","status":"publish","type":"product","link":"https:\/\/kruze.ee\/et\/toode\/impact-aware-rpet-modern-sports-duffel\/","title":{"rendered":"XD Collection Impact AWARE\u2122 RPET spordikott"},"content":{"rendered":"<p>Impact AWARE\u2122 RPET modernne spordikott on ideaalne kaaslane nii j\u00f5usaali kui ka l\u00fchikesele reisile. Kotil on puhas ja kaasaegne disain, lukuga esitasku ning mahukas p\u00f5hisahtel. Reguleeritavad rihmad v\u00f5imaldavad kotti kanda just endale sobival viisil. Seljakott on valmistatud 100% taaskasutatud pol\u00fcestrist ning varustatud AWARE\u2122 m\u00e4rgistajaga, mis kinnitab taaskasutatud materjalide ehtsat kasutamist. Iga kott on valmistatud 23,2 taaskasutatud 0,5-liitrisest PET-pudelist. 2% iga AWARE\u2122 m\u00e4rgistust sisaldava toote m\u00fc\u00fcgitulust annetatakse organisatsioonile Water.org.<\/p>\n","protected":false},"excerpt":{"rendered":"<p>Impact AWARE\u2122 RPET modernne spordikott on ideaalne kaaslane nii j\u00f5usaali kui ka l\u00fchikesele reisile. Kotil on puhas ja kaasaegne disain, lukuga esitasku ning&#8230;<\/p>\n","protected":false},"featured_media":0,"template":"","meta":[],"product_brand":[],"product_cat":[5393],"product_tag":[],"class_list":{"0":"post-1436194","1":"product","2":"type-product","3":"status-publish","5":"product_cat-spordi-ja-reisikotid","6":"pa_brand-xd-collection","7":"pa_color-antratsiit","8":"pa_color-black-2","9":"pa_color-tumesinine","10":"pa_gender-uniseks","11":"pa_gender-unisex","14":"pa_material-rpetrpet","16":"first","17":"instock","18":"taxable","19":"shipping-taxable","20":"purchasable","21":"product-type-variable"},"acf":[],"yoast_head":"<!-- This site is optimized with the Yoast SEO plugin v26.0 - https:\/\/yoast.com\/wordpress\/plugins\/seo\/ -->\n<title>XD Collection Impact AWARE\u2122 RPET spordikott - Kruze.ee<\/title>\n<meta name=\"robots\" content=\"index, follow, max-snippet:-1, max-image-preview:large, max-video-preview:-1\" \/>\n<link rel=\"canonical\" href=\"https:\/\/kruze.ee\/et\/toode\/impact-aware-rpet-modern-sports-duffel\/\" \/>\n<meta property=\"og:locale\" content=\"et_EE\" \/>\n<meta property=\"og:type\" content=\"article\" \/>\n<meta property=\"og:title\" content=\"XD Collection Impact AWARE\u2122 RPET spordikott - Kruze.ee\" \/>\n<meta property=\"og:description\" content=\"Impact AWARE\u2122 RPET modernne spordikott on ideaalne kaaslane nii j\u00f5usaali kui ka l\u00fchikesele reisile. Kotil on puhas ja kaasaegne disain, lukuga esitasku ning...\" \/>\n<meta property=\"og:url\" content=\"https:\/\/kruze.ee\/et\/toode\/impact-aware-rpet-modern-sports-duffel\/\" \/>\n<meta property=\"og:site_name\" content=\"Kruze.ee\" \/>\n<meta property=\"article:modified_time\" content=\"2026-03-16T21:56:12+00:00\" \/>\n<meta name=\"twitter:card\" content=\"summary_large_image\" \/>\n<meta name=\"twitter:label1\" content=\"Est. reading time\" \/>\n\t<meta name=\"twitter:data1\" content=\"1 minut\" \/>\n<script type=\"application\/ld+json\" class=\"yoast-schema-graph\">{\"@context\":\"https:\/\/schema.org\",\"@graph\":[{\"@type\":\"WebPage\",\"@id\":\"https:\/\/kruze.ee\/et\/toode\/impact-aware-rpet-modern-sports-duffel\/\",\"url\":\"https:\/\/kruze.ee\/et\/toode\/impact-aware-rpet-modern-sports-duffel\/\",\"name\":\"XD Collection Impact AWARE\u2122 RPET spordikott - Kruze.ee\",\"isPartOf\":{\"@id\":\"https:\/\/kruze.ee\/et\/#website\"},\"datePublished\":\"2026-01-25T11:15:57+00:00\",\"dateModified\":\"2026-03-16T21:56:12+00:00\",\"breadcrumb\":{\"@id\":\"https:\/\/kruze.ee\/et\/toode\/impact-aware-rpet-modern-sports-duffel\/#breadcrumb\"},\"inLanguage\":\"et\",\"potentialAction\":[{\"@type\":\"ReadAction\",\"target\":[\"https:\/\/kruze.ee\/et\/toode\/impact-aware-rpet-modern-sports-duffel\/\"]}]},{\"@type\":\"BreadcrumbList\",\"@id\":\"https:\/\/kruze.ee\/et\/toode\/impact-aware-rpet-modern-sports-duffel\/#breadcrumb\",\"itemListElement\":[{\"@type\":\"ListItem\",\"position\":1,\"name\":\"Home\",\"item\":\"https:\/\/kruze.ee\/et\/\"},{\"@type\":\"ListItem\",\"position\":2,\"name\":\"Tooted\",\"item\":\"https:\/\/kruze.ee\/et\/tooted\/\"},{\"@type\":\"ListItem\",\"position\":3,\"name\":\"XD Collection Impact AWARE\u2122 RPET spordikott\"}]},{\"@type\":\"WebSite\",\"@id\":\"https:\/\/kruze.ee\/et\/#website\",\"url\":\"https:\/\/kruze.ee\/et\/\",\"name\":\"Kruze.ee\",\"description\":\"Reklaamkingitused, tr&uuml;kiga T-s&auml;rgid, fliisid, dressipluused, tekstiil, joped ja paljud teised logoga meened, &Auml;rikingitused sinu partnerile! Telli juba t&auml;na.\",\"potentialAction\":[{\"@type\":\"SearchAction\",\"target\":{\"@type\":\"EntryPoint\",\"urlTemplate\":\"https:\/\/kruze.ee\/et\/?s={search_term_string}\"},\"query-input\":{\"@type\":\"PropertyValueSpecification\",\"valueRequired\":true,\"valueName\":\"search_term_string\"}}],\"inLanguage\":\"et\"}]}<\/script>\n<!-- \/ Yoast SEO plugin. -->","yoast_head_json":{"title":"XD Collection Impact AWARE\u2122 RPET spordikott - Kruze.ee","robots":{"index":"index","follow":"follow","max-snippet":"max-snippet:-1","max-image-preview":"max-image-preview:large","max-video-preview":"max-video-preview:-1"},"canonical":"https:\/\/kruze.ee\/et\/toode\/impact-aware-rpet-modern-sports-duffel\/","og_locale":"et_EE","og_type":"article","og_title":"XD Collection Impact AWARE\u2122 RPET spordikott - Kruze.ee","og_description":"Impact AWARE\u2122 RPET modernne spordikott on ideaalne kaaslane nii j\u00f5usaali kui ka l\u00fchikesele reisile. Kotil on puhas ja kaasaegne disain, lukuga esitasku ning...","og_url":"https:\/\/kruze.ee\/et\/toode\/impact-aware-rpet-modern-sports-duffel\/","og_site_name":"Kruze.ee","article_modified_time":"2026-03-16T21:56:12+00:00","twitter_card":"summary_large_image","twitter_misc":{"Est. reading time":"1 minut"},"schema":{"@context":"https:\/\/schema.org","@graph":[{"@type":"WebPage","@id":"https:\/\/kruze.ee\/et\/toode\/impact-aware-rpet-modern-sports-duffel\/","url":"https:\/\/kruze.ee\/et\/toode\/impact-aware-rpet-modern-sports-duffel\/","name":"XD Collection Impact AWARE\u2122 RPET spordikott - Kruze.ee","isPartOf":{"@id":"https:\/\/kruze.ee\/et\/#website"},"datePublished":"2026-01-25T11:15:57+00:00","dateModified":"2026-03-16T21:56:12+00:00","breadcrumb":{"@id":"https:\/\/kruze.ee\/et\/toode\/impact-aware-rpet-modern-sports-duffel\/#breadcrumb"},"inLanguage":"et","potentialAction":[{"@type":"ReadAction","target":["https:\/\/kruze.ee\/et\/toode\/impact-aware-rpet-modern-sports-duffel\/"]}]},{"@type":"BreadcrumbList","@id":"https:\/\/kruze.ee\/et\/toode\/impact-aware-rpet-modern-sports-duffel\/#breadcrumb","itemListElement":[{"@type":"ListItem","position":1,"name":"Home","item":"https:\/\/kruze.ee\/et\/"},{"@type":"ListItem","position":2,"name":"Tooted","item":"https:\/\/kruze.ee\/et\/tooted\/"},{"@type":"ListItem","position":3,"name":"XD Collection Impact AWARE\u2122 RPET spordikott"}]},{"@type":"WebSite","@id":"https:\/\/kruze.ee\/et\/#website","url":"https:\/\/kruze.ee\/et\/","name":"Kruze.ee","description":"Reklaamkingitused, tr&uuml;kiga T-s&auml;rgid, fliisid, dressipluused, tekstiil, joped ja paljud teised logoga meened, &Auml;rikingitused sinu partnerile! Telli juba t&auml;na.","potentialAction":[{"@type":"SearchAction","target":{"@type":"EntryPoint","urlTemplate":"https:\/\/kruze.ee\/et\/?s={search_term_string}"},"query-input":{"@type":"PropertyValueSpecification","valueRequired":true,"valueName":"search_term_string"}}],"inLanguage":"et"}]}},"_links":{"self":[{"href":"https:\/\/kruze.ee\/et\/wp-json\/wp\/v2\/product\/1436194","targetHints":{"allow":["GET"]}}],"collection":[{"href":"https:\/\/kruze.ee\/et\/wp-json\/wp\/v2\/product"}],"about":[{"href":"https:\/\/kruze.ee\/et\/wp-json\/wp\/v2\/types\/product"}],"wp:attachment":[{"href":"https:\/\/kruze.ee\/et\/wp-json\/wp\/v2\/media?parent=1436194"}],"wp:term":[{"taxonomy":"product_brand","embeddable":true,"href":"https:\/\/kruze.ee\/et\/wp-json\/wp\/v2\/product_brand?post=1436194"},{"taxonomy":"product_cat","embeddable":true,"href":"https:\/\/kruze.ee\/et\/wp-json\/wp\/v2\/product_cat?post=1436194"},{"taxonomy":"product_tag","embeddable":true,"href":"https:\/\/kruze.ee\/et\/wp-json\/wp\/v2\/product_tag?post=1436194"}],"curies":[{"name":"wp","href":"https:\/\/api.w.org\/{rel}","templated":true}]}}