{"id":1436184,"date":"2026-01-25T14:15:51","date_gmt":"2026-01-25T11:15:51","guid":{"rendered":"https:\/\/kruze.ee\/product\/xd-design-urban-veekindel-rattaseljakott\/"},"modified":"2026-03-17T00:56:07","modified_gmt":"2026-03-16T21:56:07","slug":"xd-design-urban-veekindel-rattaseljakott","status":"publish","type":"product","link":"https:\/\/kruze.ee\/et\/toode\/xd-design-urban-veekindel-rattaseljakott\/","title":{"rendered":"XD Design Urban veekindel rattaseljakott"},"content":{"rendered":"<p>Urban veekindel rattaseljakott on ideaalne kaaslane turvaliseks ja mugavaks liikumiseks. Rullitav p\u00f5hisahtel suletakse tugevdatud kombinatsioonlukuga, millega saab koti vajadusel ka fikseeritud eseme k\u00fclge lukustada. Seljakott kinnitub h\u00f5lpsalt jalgratta raamile. Sees on polsterdatud tasku kuni 16&#8243; s\u00fclearvutile ning v\u00f5rktaskud tarvikute korrastamiseks. Minimalistlik v\u00e4lispind on valmistatud vastupidavast veekindlast PU-materjalist, vooder AWARE\u2122 tehnoloogiaga taaskasutatud kangast. 32% taaskasutatud materjali. Registreeritud disain\u00ae.<\/p>\n","protected":false},"excerpt":{"rendered":"<p>Urban veekindel rattaseljakott on ideaalne kaaslane turvaliseks ja mugavaks liikumiseks. Rullitav p\u00f5hisahtel suletakse tugevdatud kombinatsioonlukuga, millega&#8230;<\/p>\n","protected":false},"featured_media":0,"template":"","meta":[],"product_brand":[],"product_cat":[5392],"product_tag":[],"class_list":{"0":"post-1436184","1":"product","2":"type-product","3":"status-publish","5":"product_cat-logoga-seljakotid","6":"pa_gender-uniseks","7":"pa_gender-unisex","11":"first","12":"instock","13":"purchasable","14":"product-type-simple"},"acf":[],"yoast_head":"<!-- This site is optimized with the Yoast SEO plugin v26.0 - https:\/\/yoast.com\/wordpress\/plugins\/seo\/ -->\n<title>XD Design Urban veekindel rattaseljakott - Kruze.ee<\/title>\n<meta name=\"robots\" content=\"index, follow, max-snippet:-1, max-image-preview:large, max-video-preview:-1\" \/>\n<link rel=\"canonical\" href=\"https:\/\/kruze.ee\/et\/toode\/xd-design-urban-veekindel-rattaseljakott\/\" \/>\n<meta property=\"og:locale\" content=\"et_EE\" \/>\n<meta property=\"og:type\" content=\"article\" \/>\n<meta property=\"og:title\" content=\"XD Design Urban veekindel rattaseljakott - Kruze.ee\" \/>\n<meta property=\"og:description\" content=\"Urban veekindel rattaseljakott on ideaalne kaaslane turvaliseks ja mugavaks liikumiseks. Rullitav p\u00f5hisahtel suletakse tugevdatud kombinatsioonlukuga, millega...\" \/>\n<meta property=\"og:url\" content=\"https:\/\/kruze.ee\/et\/toode\/xd-design-urban-veekindel-rattaseljakott\/\" \/>\n<meta property=\"og:site_name\" content=\"Kruze.ee\" \/>\n<meta property=\"article:modified_time\" content=\"2026-03-16T21:56:07+00:00\" \/>\n<meta name=\"twitter:card\" content=\"summary_large_image\" \/>\n<script type=\"application\/ld+json\" class=\"yoast-schema-graph\">{\"@context\":\"https:\/\/schema.org\",\"@graph\":[{\"@type\":\"WebPage\",\"@id\":\"https:\/\/kruze.ee\/et\/toode\/xd-design-urban-veekindel-rattaseljakott\/\",\"url\":\"https:\/\/kruze.ee\/et\/toode\/xd-design-urban-veekindel-rattaseljakott\/\",\"name\":\"XD Design Urban veekindel rattaseljakott - Kruze.ee\",\"isPartOf\":{\"@id\":\"https:\/\/kruze.ee\/et\/#website\"},\"datePublished\":\"2026-01-25T11:15:51+00:00\",\"dateModified\":\"2026-03-16T21:56:07+00:00\",\"breadcrumb\":{\"@id\":\"https:\/\/kruze.ee\/et\/toode\/xd-design-urban-veekindel-rattaseljakott\/#breadcrumb\"},\"inLanguage\":\"et\",\"potentialAction\":[{\"@type\":\"ReadAction\",\"target\":[\"https:\/\/kruze.ee\/et\/toode\/xd-design-urban-veekindel-rattaseljakott\/\"]}]},{\"@type\":\"BreadcrumbList\",\"@id\":\"https:\/\/kruze.ee\/et\/toode\/xd-design-urban-veekindel-rattaseljakott\/#breadcrumb\",\"itemListElement\":[{\"@type\":\"ListItem\",\"position\":1,\"name\":\"Home\",\"item\":\"https:\/\/kruze.ee\/et\/\"},{\"@type\":\"ListItem\",\"position\":2,\"name\":\"Tooted\",\"item\":\"https:\/\/kruze.ee\/et\/tooted\/\"},{\"@type\":\"ListItem\",\"position\":3,\"name\":\"XD Design Urban veekindel rattaseljakott\"}]},{\"@type\":\"WebSite\",\"@id\":\"https:\/\/kruze.ee\/et\/#website\",\"url\":\"https:\/\/kruze.ee\/et\/\",\"name\":\"Kruze.ee\",\"description\":\"Reklaamkingitused, tr&uuml;kiga T-s&auml;rgid, fliisid, dressipluused, tekstiil, joped ja paljud teised logoga meened, &Auml;rikingitused sinu partnerile! Telli juba t&auml;na.\",\"potentialAction\":[{\"@type\":\"SearchAction\",\"target\":{\"@type\":\"EntryPoint\",\"urlTemplate\":\"https:\/\/kruze.ee\/et\/?s={search_term_string}\"},\"query-input\":{\"@type\":\"PropertyValueSpecification\",\"valueRequired\":true,\"valueName\":\"search_term_string\"}}],\"inLanguage\":\"et\"}]}<\/script>\n<!-- \/ Yoast SEO plugin. -->","yoast_head_json":{"title":"XD Design Urban veekindel rattaseljakott - Kruze.ee","robots":{"index":"index","follow":"follow","max-snippet":"max-snippet:-1","max-image-preview":"max-image-preview:large","max-video-preview":"max-video-preview:-1"},"canonical":"https:\/\/kruze.ee\/et\/toode\/xd-design-urban-veekindel-rattaseljakott\/","og_locale":"et_EE","og_type":"article","og_title":"XD Design Urban veekindel rattaseljakott - Kruze.ee","og_description":"Urban veekindel rattaseljakott on ideaalne kaaslane turvaliseks ja mugavaks liikumiseks. Rullitav p\u00f5hisahtel suletakse tugevdatud kombinatsioonlukuga, millega...","og_url":"https:\/\/kruze.ee\/et\/toode\/xd-design-urban-veekindel-rattaseljakott\/","og_site_name":"Kruze.ee","article_modified_time":"2026-03-16T21:56:07+00:00","twitter_card":"summary_large_image","schema":{"@context":"https:\/\/schema.org","@graph":[{"@type":"WebPage","@id":"https:\/\/kruze.ee\/et\/toode\/xd-design-urban-veekindel-rattaseljakott\/","url":"https:\/\/kruze.ee\/et\/toode\/xd-design-urban-veekindel-rattaseljakott\/","name":"XD Design Urban veekindel rattaseljakott - Kruze.ee","isPartOf":{"@id":"https:\/\/kruze.ee\/et\/#website"},"datePublished":"2026-01-25T11:15:51+00:00","dateModified":"2026-03-16T21:56:07+00:00","breadcrumb":{"@id":"https:\/\/kruze.ee\/et\/toode\/xd-design-urban-veekindel-rattaseljakott\/#breadcrumb"},"inLanguage":"et","potentialAction":[{"@type":"ReadAction","target":["https:\/\/kruze.ee\/et\/toode\/xd-design-urban-veekindel-rattaseljakott\/"]}]},{"@type":"BreadcrumbList","@id":"https:\/\/kruze.ee\/et\/toode\/xd-design-urban-veekindel-rattaseljakott\/#breadcrumb","itemListElement":[{"@type":"ListItem","position":1,"name":"Home","item":"https:\/\/kruze.ee\/et\/"},{"@type":"ListItem","position":2,"name":"Tooted","item":"https:\/\/kruze.ee\/et\/tooted\/"},{"@type":"ListItem","position":3,"name":"XD Design Urban veekindel rattaseljakott"}]},{"@type":"WebSite","@id":"https:\/\/kruze.ee\/et\/#website","url":"https:\/\/kruze.ee\/et\/","name":"Kruze.ee","description":"Reklaamkingitused, tr&uuml;kiga T-s&auml;rgid, fliisid, dressipluused, tekstiil, joped ja paljud teised logoga meened, &Auml;rikingitused sinu partnerile! Telli juba t&auml;na.","potentialAction":[{"@type":"SearchAction","target":{"@type":"EntryPoint","urlTemplate":"https:\/\/kruze.ee\/et\/?s={search_term_string}"},"query-input":{"@type":"PropertyValueSpecification","valueRequired":true,"valueName":"search_term_string"}}],"inLanguage":"et"}]}},"_links":{"self":[{"href":"https:\/\/kruze.ee\/et\/wp-json\/wp\/v2\/product\/1436184","targetHints":{"allow":["GET"]}}],"collection":[{"href":"https:\/\/kruze.ee\/et\/wp-json\/wp\/v2\/product"}],"about":[{"href":"https:\/\/kruze.ee\/et\/wp-json\/wp\/v2\/types\/product"}],"wp:attachment":[{"href":"https:\/\/kruze.ee\/et\/wp-json\/wp\/v2\/media?parent=1436184"}],"wp:term":[{"taxonomy":"product_brand","embeddable":true,"href":"https:\/\/kruze.ee\/et\/wp-json\/wp\/v2\/product_brand?post=1436184"},{"taxonomy":"product_cat","embeddable":true,"href":"https:\/\/kruze.ee\/et\/wp-json\/wp\/v2\/product_cat?post=1436184"},{"taxonomy":"product_tag","embeddable":true,"href":"https:\/\/kruze.ee\/et\/wp-json\/wp\/v2\/product_tag?post=1436184"}],"curies":[{"name":"wp","href":"https:\/\/api.w.org\/{rel}","templated":true}]}}