{"id":1436176,"date":"2026-01-25T14:15:47","date_gmt":"2026-01-25T11:15:47","guid":{"rendered":"https:\/\/kruze.ee\/product\/xd-design-pehme-kandekotina-seljakott-voi-selgemalt-xd-design-pehme-tote-seljakott\/"},"modified":"2026-03-17T00:56:06","modified_gmt":"2026-03-16T21:56:06","slug":"xd-design-pehme-kandekotina-seljakott-voi-selgemalt-xd-design-pehme-tote-seljakott","status":"publish","type":"product","link":"https:\/\/kruze.ee\/et\/toode\/xd-design-pehme-kandekotina-seljakott-voi-selgemalt-xd-design-pehme-tote-seljakott\/","title":{"rendered":"XD Design pehme kandekotina seljakott v\u00f5i selgemalt XD Design pehme tote-seljakott"},"content":{"rendered":"<p>Soft Tote seljakott on stiilne ja mitmek\u00fclgne igap\u00e4evane kaaslane. XD DESIGNi Duo-Zipper v\u00f5imaldab kotil avaneda kahte erinevasse stiili, \u00fchendades praktilisuse ja disaini. Vargusvastane lahendus ja lukustuv t\u00f5mblukk hoiavad sinu asjad turvaliselt. Sobib ideaalselt t\u00f6\u00f6le, \u00fclikooli v\u00f5i vabaajaks ning pakub 11 nutikat hoiuala heaks organiseerimiseks. Minimalistlik v\u00e4lispind on valmistatud kergest ja vastupidavast taaskasutatud nailonist, vooder AWARE\u2122 tehnoloogiaga, mis tagab ehtsate taaskasutatud materjalide kasutamise. Taaskasutatud materjali osakaal 42,64%.<\/p>\n","protected":false},"excerpt":{"rendered":"<p>Soft Tote seljakott on stiilne ja mitmek\u00fclgne igap\u00e4evane kaaslane. XD DESIGNi Duo-Zipper v\u00f5imaldab kotil avaneda kahte erinevasse stiili, \u00fchendades&#8230;<\/p>\n","protected":false},"featured_media":0,"template":"","meta":[],"product_brand":[],"product_cat":[5392],"product_tag":[],"class_list":{"0":"post-1436176","1":"product","2":"type-product","3":"status-publish","5":"product_cat-logoga-seljakotid","6":"pa_brand-xd-design-2","7":"pa_color-hall","8":"pa_color-black-2","9":"pa_color-blue-2","10":"pa_color-tumesinine","11":"pa_gender-uniseks","12":"pa_gender-unisex","15":"pa_material-nylonrpet","17":"first","18":"instock","19":"taxable","20":"shipping-taxable","21":"purchasable","22":"product-type-variable"},"acf":[],"yoast_head":"<!-- This site is optimized with the Yoast SEO plugin v26.0 - https:\/\/yoast.com\/wordpress\/plugins\/seo\/ -->\n<title>XD Design pehme kandekotina seljakott v\u00f5i selgemalt XD Design pehme tote-seljakott - Kruze.ee<\/title>\n<meta name=\"robots\" content=\"index, follow, max-snippet:-1, max-image-preview:large, max-video-preview:-1\" \/>\n<link rel=\"canonical\" href=\"https:\/\/kruze.ee\/et\/toode\/xd-design-pehme-kandekotina-seljakott-voi-selgemalt-xd-design-pehme-tote-seljakott\/\" \/>\n<meta property=\"og:locale\" content=\"et_EE\" \/>\n<meta property=\"og:type\" content=\"article\" \/>\n<meta property=\"og:title\" content=\"XD Design pehme kandekotina seljakott v\u00f5i selgemalt XD Design pehme tote-seljakott - Kruze.ee\" \/>\n<meta property=\"og:description\" content=\"Soft Tote seljakott on stiilne ja mitmek\u00fclgne igap\u00e4evane kaaslane. XD DESIGNi Duo-Zipper v\u00f5imaldab kotil avaneda kahte erinevasse stiili, \u00fchendades...\" \/>\n<meta property=\"og:url\" content=\"https:\/\/kruze.ee\/et\/toode\/xd-design-pehme-kandekotina-seljakott-voi-selgemalt-xd-design-pehme-tote-seljakott\/\" \/>\n<meta property=\"og:site_name\" content=\"Kruze.ee\" \/>\n<meta property=\"article:modified_time\" content=\"2026-03-16T21:56:06+00:00\" \/>\n<meta name=\"twitter:card\" content=\"summary_large_image\" \/>\n<script type=\"application\/ld+json\" class=\"yoast-schema-graph\">{\"@context\":\"https:\/\/schema.org\",\"@graph\":[{\"@type\":\"WebPage\",\"@id\":\"https:\/\/kruze.ee\/et\/toode\/xd-design-pehme-kandekotina-seljakott-voi-selgemalt-xd-design-pehme-tote-seljakott\/\",\"url\":\"https:\/\/kruze.ee\/et\/toode\/xd-design-pehme-kandekotina-seljakott-voi-selgemalt-xd-design-pehme-tote-seljakott\/\",\"name\":\"XD Design pehme kandekotina seljakott v\u00f5i selgemalt XD Design pehme tote-seljakott - Kruze.ee\",\"isPartOf\":{\"@id\":\"https:\/\/kruze.ee\/et\/#website\"},\"datePublished\":\"2026-01-25T11:15:47+00:00\",\"dateModified\":\"2026-03-16T21:56:06+00:00\",\"breadcrumb\":{\"@id\":\"https:\/\/kruze.ee\/et\/toode\/xd-design-pehme-kandekotina-seljakott-voi-selgemalt-xd-design-pehme-tote-seljakott\/#breadcrumb\"},\"inLanguage\":\"et\",\"potentialAction\":[{\"@type\":\"ReadAction\",\"target\":[\"https:\/\/kruze.ee\/et\/toode\/xd-design-pehme-kandekotina-seljakott-voi-selgemalt-xd-design-pehme-tote-seljakott\/\"]}]},{\"@type\":\"BreadcrumbList\",\"@id\":\"https:\/\/kruze.ee\/et\/toode\/xd-design-pehme-kandekotina-seljakott-voi-selgemalt-xd-design-pehme-tote-seljakott\/#breadcrumb\",\"itemListElement\":[{\"@type\":\"ListItem\",\"position\":1,\"name\":\"Home\",\"item\":\"https:\/\/kruze.ee\/et\/\"},{\"@type\":\"ListItem\",\"position\":2,\"name\":\"Tooted\",\"item\":\"https:\/\/kruze.ee\/et\/tooted\/\"},{\"@type\":\"ListItem\",\"position\":3,\"name\":\"XD Design pehme kandekotina seljakott v\u00f5i selgemalt XD Design pehme tote-seljakott\"}]},{\"@type\":\"WebSite\",\"@id\":\"https:\/\/kruze.ee\/et\/#website\",\"url\":\"https:\/\/kruze.ee\/et\/\",\"name\":\"Kruze.ee\",\"description\":\"Reklaamkingitused, tr&uuml;kiga T-s&auml;rgid, fliisid, dressipluused, tekstiil, joped ja paljud teised logoga meened, &Auml;rikingitused sinu partnerile! Telli juba t&auml;na.\",\"potentialAction\":[{\"@type\":\"SearchAction\",\"target\":{\"@type\":\"EntryPoint\",\"urlTemplate\":\"https:\/\/kruze.ee\/et\/?s={search_term_string}\"},\"query-input\":{\"@type\":\"PropertyValueSpecification\",\"valueRequired\":true,\"valueName\":\"search_term_string\"}}],\"inLanguage\":\"et\"}]}<\/script>\n<!-- \/ Yoast SEO plugin. -->","yoast_head_json":{"title":"XD Design pehme kandekotina seljakott v\u00f5i selgemalt XD Design pehme tote-seljakott - Kruze.ee","robots":{"index":"index","follow":"follow","max-snippet":"max-snippet:-1","max-image-preview":"max-image-preview:large","max-video-preview":"max-video-preview:-1"},"canonical":"https:\/\/kruze.ee\/et\/toode\/xd-design-pehme-kandekotina-seljakott-voi-selgemalt-xd-design-pehme-tote-seljakott\/","og_locale":"et_EE","og_type":"article","og_title":"XD Design pehme kandekotina seljakott v\u00f5i selgemalt XD Design pehme tote-seljakott - Kruze.ee","og_description":"Soft Tote seljakott on stiilne ja mitmek\u00fclgne igap\u00e4evane kaaslane. XD DESIGNi Duo-Zipper v\u00f5imaldab kotil avaneda kahte erinevasse stiili, \u00fchendades...","og_url":"https:\/\/kruze.ee\/et\/toode\/xd-design-pehme-kandekotina-seljakott-voi-selgemalt-xd-design-pehme-tote-seljakott\/","og_site_name":"Kruze.ee","article_modified_time":"2026-03-16T21:56:06+00:00","twitter_card":"summary_large_image","schema":{"@context":"https:\/\/schema.org","@graph":[{"@type":"WebPage","@id":"https:\/\/kruze.ee\/et\/toode\/xd-design-pehme-kandekotina-seljakott-voi-selgemalt-xd-design-pehme-tote-seljakott\/","url":"https:\/\/kruze.ee\/et\/toode\/xd-design-pehme-kandekotina-seljakott-voi-selgemalt-xd-design-pehme-tote-seljakott\/","name":"XD Design pehme kandekotina seljakott v\u00f5i selgemalt XD Design pehme tote-seljakott - Kruze.ee","isPartOf":{"@id":"https:\/\/kruze.ee\/et\/#website"},"datePublished":"2026-01-25T11:15:47+00:00","dateModified":"2026-03-16T21:56:06+00:00","breadcrumb":{"@id":"https:\/\/kruze.ee\/et\/toode\/xd-design-pehme-kandekotina-seljakott-voi-selgemalt-xd-design-pehme-tote-seljakott\/#breadcrumb"},"inLanguage":"et","potentialAction":[{"@type":"ReadAction","target":["https:\/\/kruze.ee\/et\/toode\/xd-design-pehme-kandekotina-seljakott-voi-selgemalt-xd-design-pehme-tote-seljakott\/"]}]},{"@type":"BreadcrumbList","@id":"https:\/\/kruze.ee\/et\/toode\/xd-design-pehme-kandekotina-seljakott-voi-selgemalt-xd-design-pehme-tote-seljakott\/#breadcrumb","itemListElement":[{"@type":"ListItem","position":1,"name":"Home","item":"https:\/\/kruze.ee\/et\/"},{"@type":"ListItem","position":2,"name":"Tooted","item":"https:\/\/kruze.ee\/et\/tooted\/"},{"@type":"ListItem","position":3,"name":"XD Design pehme kandekotina seljakott v\u00f5i selgemalt XD Design pehme tote-seljakott"}]},{"@type":"WebSite","@id":"https:\/\/kruze.ee\/et\/#website","url":"https:\/\/kruze.ee\/et\/","name":"Kruze.ee","description":"Reklaamkingitused, tr&uuml;kiga T-s&auml;rgid, fliisid, dressipluused, tekstiil, joped ja paljud teised logoga meened, &Auml;rikingitused sinu partnerile! Telli juba t&auml;na.","potentialAction":[{"@type":"SearchAction","target":{"@type":"EntryPoint","urlTemplate":"https:\/\/kruze.ee\/et\/?s={search_term_string}"},"query-input":{"@type":"PropertyValueSpecification","valueRequired":true,"valueName":"search_term_string"}}],"inLanguage":"et"}]}},"_links":{"self":[{"href":"https:\/\/kruze.ee\/et\/wp-json\/wp\/v2\/product\/1436176","targetHints":{"allow":["GET"]}}],"collection":[{"href":"https:\/\/kruze.ee\/et\/wp-json\/wp\/v2\/product"}],"about":[{"href":"https:\/\/kruze.ee\/et\/wp-json\/wp\/v2\/types\/product"}],"wp:attachment":[{"href":"https:\/\/kruze.ee\/et\/wp-json\/wp\/v2\/media?parent=1436176"}],"wp:term":[{"taxonomy":"product_brand","embeddable":true,"href":"https:\/\/kruze.ee\/et\/wp-json\/wp\/v2\/product_brand?post=1436176"},{"taxonomy":"product_cat","embeddable":true,"href":"https:\/\/kruze.ee\/et\/wp-json\/wp\/v2\/product_cat?post=1436176"},{"taxonomy":"product_tag","embeddable":true,"href":"https:\/\/kruze.ee\/et\/wp-json\/wp\/v2\/product_tag?post=1436176"}],"curies":[{"name":"wp","href":"https:\/\/api.w.org\/{rel}","templated":true}]}}