{"id":1436166,"date":"2026-01-25T14:15:42","date_gmt":"2026-01-25T11:15:42","guid":{"rendered":"https:\/\/kruze.ee\/product\/xd-design-urban-veekindel-vargusvastane-seljakott\/"},"modified":"2026-03-17T00:56:03","modified_gmt":"2026-03-16T21:56:03","slug":"xd-design-urban-veekindel-vargusvastane-seljakott","status":"publish","type":"product","link":"https:\/\/kruze.ee\/et\/toode\/xd-design-urban-veekindel-vargusvastane-seljakott\/","title":{"rendered":"XD Design Urban veekindel vargusvastane seljakott"},"content":{"rendered":"<p>Uus Urban vargusvastane seljakott on ideaalne reisikaaslane, pakkudes turvalisust ja mugavust. Rullitav p\u00f5hisahtel suletakse tugevdatud kombinatsioonlukuga, millega saab koti vajadusel ka fikseeritud eseme k\u00fclge lukustada. Seljal peidetud taskud ning k\u00fcljel joogipudeli tasku. Sees polsterdatud tasku kuni 16&#8243; s\u00fclearvutile ja v\u00f5rktaskud tarvikute korrastamiseks. Valmistatud AWARE\u2122 j\u00e4lgitavast taaskasutatud pol\u00fcestrist, viimistletud pehme, veekindla PU-kattega. 11% taaskasutatud materjali. Registreeritud disain\u00ae.<\/p>\n","protected":false},"excerpt":{"rendered":"<p>Uus Urban vargusvastane seljakott on ideaalne reisikaaslane, pakkudes turvalisust ja mugavust. Rullitav p\u00f5hisahtel suletakse tugevdatud kombinatsioonlukuga,&#8230;<\/p>\n","protected":false},"featured_media":0,"template":"","meta":[],"product_brand":[],"product_cat":[5392],"product_tag":[],"class_list":{"0":"post-1436166","1":"product","2":"type-product","3":"status-publish","5":"product_cat-logoga-seljakotid","6":"pa_brand-xd-design-2","7":"pa_color-jaamaeroheline","8":"pa_color-off-white-2","9":"pa_color-black-2","10":"pa_color-blue-2","11":"pa_color-tumesinine","12":"pa_gender-uniseks","13":"pa_gender-unisex","16":"pa_material-polyurethanerpet","18":"first","19":"instock","20":"taxable","21":"shipping-taxable","22":"purchasable","23":"product-type-variable"},"acf":[],"yoast_head":"<!-- This site is optimized with the Yoast SEO plugin v26.0 - https:\/\/yoast.com\/wordpress\/plugins\/seo\/ -->\n<title>XD Design Urban veekindel vargusvastane seljakott - Kruze.ee<\/title>\n<meta name=\"robots\" content=\"index, follow, max-snippet:-1, max-image-preview:large, max-video-preview:-1\" \/>\n<link rel=\"canonical\" href=\"https:\/\/kruze.ee\/et\/toode\/xd-design-urban-veekindel-vargusvastane-seljakott\/\" \/>\n<meta property=\"og:locale\" content=\"et_EE\" \/>\n<meta property=\"og:type\" content=\"article\" \/>\n<meta property=\"og:title\" content=\"XD Design Urban veekindel vargusvastane seljakott - Kruze.ee\" \/>\n<meta property=\"og:description\" content=\"Uus Urban vargusvastane seljakott on ideaalne reisikaaslane, pakkudes turvalisust ja mugavust. Rullitav p\u00f5hisahtel suletakse tugevdatud kombinatsioonlukuga,...\" \/>\n<meta property=\"og:url\" content=\"https:\/\/kruze.ee\/et\/toode\/xd-design-urban-veekindel-vargusvastane-seljakott\/\" \/>\n<meta property=\"og:site_name\" content=\"Kruze.ee\" \/>\n<meta property=\"article:modified_time\" content=\"2026-03-16T21:56:03+00:00\" \/>\n<meta name=\"twitter:card\" content=\"summary_large_image\" \/>\n<script type=\"application\/ld+json\" class=\"yoast-schema-graph\">{\"@context\":\"https:\/\/schema.org\",\"@graph\":[{\"@type\":\"WebPage\",\"@id\":\"https:\/\/kruze.ee\/et\/toode\/xd-design-urban-veekindel-vargusvastane-seljakott\/\",\"url\":\"https:\/\/kruze.ee\/et\/toode\/xd-design-urban-veekindel-vargusvastane-seljakott\/\",\"name\":\"XD Design Urban veekindel vargusvastane seljakott - Kruze.ee\",\"isPartOf\":{\"@id\":\"https:\/\/kruze.ee\/et\/#website\"},\"datePublished\":\"2026-01-25T11:15:42+00:00\",\"dateModified\":\"2026-03-16T21:56:03+00:00\",\"breadcrumb\":{\"@id\":\"https:\/\/kruze.ee\/et\/toode\/xd-design-urban-veekindel-vargusvastane-seljakott\/#breadcrumb\"},\"inLanguage\":\"et\",\"potentialAction\":[{\"@type\":\"ReadAction\",\"target\":[\"https:\/\/kruze.ee\/et\/toode\/xd-design-urban-veekindel-vargusvastane-seljakott\/\"]}]},{\"@type\":\"BreadcrumbList\",\"@id\":\"https:\/\/kruze.ee\/et\/toode\/xd-design-urban-veekindel-vargusvastane-seljakott\/#breadcrumb\",\"itemListElement\":[{\"@type\":\"ListItem\",\"position\":1,\"name\":\"Home\",\"item\":\"https:\/\/kruze.ee\/et\/\"},{\"@type\":\"ListItem\",\"position\":2,\"name\":\"Tooted\",\"item\":\"https:\/\/kruze.ee\/et\/tooted\/\"},{\"@type\":\"ListItem\",\"position\":3,\"name\":\"XD Design Urban veekindel vargusvastane seljakott\"}]},{\"@type\":\"WebSite\",\"@id\":\"https:\/\/kruze.ee\/et\/#website\",\"url\":\"https:\/\/kruze.ee\/et\/\",\"name\":\"Kruze.ee\",\"description\":\"Reklaamkingitused, tr&uuml;kiga T-s&auml;rgid, fliisid, dressipluused, tekstiil, joped ja paljud teised logoga meened, &Auml;rikingitused sinu partnerile! Telli juba t&auml;na.\",\"potentialAction\":[{\"@type\":\"SearchAction\",\"target\":{\"@type\":\"EntryPoint\",\"urlTemplate\":\"https:\/\/kruze.ee\/et\/?s={search_term_string}\"},\"query-input\":{\"@type\":\"PropertyValueSpecification\",\"valueRequired\":true,\"valueName\":\"search_term_string\"}}],\"inLanguage\":\"et\"}]}<\/script>\n<!-- \/ Yoast SEO plugin. -->","yoast_head_json":{"title":"XD Design Urban veekindel vargusvastane seljakott - Kruze.ee","robots":{"index":"index","follow":"follow","max-snippet":"max-snippet:-1","max-image-preview":"max-image-preview:large","max-video-preview":"max-video-preview:-1"},"canonical":"https:\/\/kruze.ee\/et\/toode\/xd-design-urban-veekindel-vargusvastane-seljakott\/","og_locale":"et_EE","og_type":"article","og_title":"XD Design Urban veekindel vargusvastane seljakott - Kruze.ee","og_description":"Uus Urban vargusvastane seljakott on ideaalne reisikaaslane, pakkudes turvalisust ja mugavust. Rullitav p\u00f5hisahtel suletakse tugevdatud kombinatsioonlukuga,...","og_url":"https:\/\/kruze.ee\/et\/toode\/xd-design-urban-veekindel-vargusvastane-seljakott\/","og_site_name":"Kruze.ee","article_modified_time":"2026-03-16T21:56:03+00:00","twitter_card":"summary_large_image","schema":{"@context":"https:\/\/schema.org","@graph":[{"@type":"WebPage","@id":"https:\/\/kruze.ee\/et\/toode\/xd-design-urban-veekindel-vargusvastane-seljakott\/","url":"https:\/\/kruze.ee\/et\/toode\/xd-design-urban-veekindel-vargusvastane-seljakott\/","name":"XD Design Urban veekindel vargusvastane seljakott - Kruze.ee","isPartOf":{"@id":"https:\/\/kruze.ee\/et\/#website"},"datePublished":"2026-01-25T11:15:42+00:00","dateModified":"2026-03-16T21:56:03+00:00","breadcrumb":{"@id":"https:\/\/kruze.ee\/et\/toode\/xd-design-urban-veekindel-vargusvastane-seljakott\/#breadcrumb"},"inLanguage":"et","potentialAction":[{"@type":"ReadAction","target":["https:\/\/kruze.ee\/et\/toode\/xd-design-urban-veekindel-vargusvastane-seljakott\/"]}]},{"@type":"BreadcrumbList","@id":"https:\/\/kruze.ee\/et\/toode\/xd-design-urban-veekindel-vargusvastane-seljakott\/#breadcrumb","itemListElement":[{"@type":"ListItem","position":1,"name":"Home","item":"https:\/\/kruze.ee\/et\/"},{"@type":"ListItem","position":2,"name":"Tooted","item":"https:\/\/kruze.ee\/et\/tooted\/"},{"@type":"ListItem","position":3,"name":"XD Design Urban veekindel vargusvastane seljakott"}]},{"@type":"WebSite","@id":"https:\/\/kruze.ee\/et\/#website","url":"https:\/\/kruze.ee\/et\/","name":"Kruze.ee","description":"Reklaamkingitused, tr&uuml;kiga T-s&auml;rgid, fliisid, dressipluused, tekstiil, joped ja paljud teised logoga meened, &Auml;rikingitused sinu partnerile! Telli juba t&auml;na.","potentialAction":[{"@type":"SearchAction","target":{"@type":"EntryPoint","urlTemplate":"https:\/\/kruze.ee\/et\/?s={search_term_string}"},"query-input":{"@type":"PropertyValueSpecification","valueRequired":true,"valueName":"search_term_string"}}],"inLanguage":"et"}]}},"_links":{"self":[{"href":"https:\/\/kruze.ee\/et\/wp-json\/wp\/v2\/product\/1436166","targetHints":{"allow":["GET"]}}],"collection":[{"href":"https:\/\/kruze.ee\/et\/wp-json\/wp\/v2\/product"}],"about":[{"href":"https:\/\/kruze.ee\/et\/wp-json\/wp\/v2\/types\/product"}],"wp:attachment":[{"href":"https:\/\/kruze.ee\/et\/wp-json\/wp\/v2\/media?parent=1436166"}],"wp:term":[{"taxonomy":"product_brand","embeddable":true,"href":"https:\/\/kruze.ee\/et\/wp-json\/wp\/v2\/product_brand?post=1436166"},{"taxonomy":"product_cat","embeddable":true,"href":"https:\/\/kruze.ee\/et\/wp-json\/wp\/v2\/product_cat?post=1436166"},{"taxonomy":"product_tag","embeddable":true,"href":"https:\/\/kruze.ee\/et\/wp-json\/wp\/v2\/product_tag?post=1436166"}],"curies":[{"name":"wp","href":"https:\/\/api.w.org\/{rel}","templated":true}]}}