{"id":1436160,"date":"2026-01-25T14:15:38","date_gmt":"2026-01-25T11:15:38","guid":{"rendered":"https:\/\/kruze.ee\/product\/xd-design-urban-veekindel-seljakott-klapipealse-sulgemisega\/"},"modified":"2026-03-17T00:56:01","modified_gmt":"2026-03-16T21:56:01","slug":"xd-design-urban-veekindel-seljakott-klapipealse-sulgemisega","status":"publish","type":"product","link":"https:\/\/kruze.ee\/et\/toode\/xd-design-urban-veekindel-seljakott-klapipealse-sulgemisega\/","title":{"rendered":"XD Design Urban veekindel seljakott klapipealse sulgemisega"},"content":{"rendered":"<p>Mitmek\u00fclgne ja ilmastikukindel Urban seljakott pakub turvalist ning mugavat kasutust igap\u00e4evaseks linnaseikluseks. Unikaalne L-kujuline laia avaga p\u00f5hisahtel koos laiendatava osaga v\u00f5imaldab h\u00f5lpsat ligip\u00e4\u00e4su ning mahutab kuni 16&#8243; s\u00fclearvuti. Vargusvastane disain ja isulukustuv metallt\u00f5mmits hoiavad sinu asjad turvaliselt. Tagumine tasku ja eraldi joogipudeli tasku lisavad praktilisust. Seljakott on veeh\u00fclgav, vastupidav ja stiilne, valmistatud AWARE\u2122 j\u00e4lgitavast taaskasutatud pol\u00fcestrist ning viimistletud pehme PU-kattega. 17% taaskasutatud materjali. Registreeritud disain\u00ae.<\/p>\n","protected":false},"excerpt":{"rendered":"<p>Mitmek\u00fclgne ja ilmastikukindel Urban seljakott pakub turvalist ning mugavat kasutust igap\u00e4evaseks linnaseikluseks. Unikaalne L-kujuline laia avaga p\u00f5hisahtel&#8230;<\/p>\n","protected":false},"featured_media":0,"template":"","meta":[],"product_brand":[],"product_cat":[5392],"product_tag":[],"class_list":{"0":"post-1436160","1":"product","2":"type-product","3":"status-publish","5":"product_cat-logoga-seljakotid","6":"pa_brand-xd-design-2","7":"pa_color-off-white-2","8":"pa_color-black-2","9":"pa_color-tumesinine","10":"pa_gender-uniseks","11":"pa_gender-unisex","14":"pa_material-polyurethanerpet","16":"first","17":"instock","18":"taxable","19":"shipping-taxable","20":"purchasable","21":"product-type-variable"},"acf":[],"yoast_head":"<!-- This site is optimized with the Yoast SEO plugin v26.0 - https:\/\/yoast.com\/wordpress\/plugins\/seo\/ -->\n<title>XD Design Urban veekindel seljakott klapipealse sulgemisega - Kruze.ee<\/title>\n<meta name=\"robots\" content=\"index, follow, max-snippet:-1, max-image-preview:large, max-video-preview:-1\" \/>\n<link rel=\"canonical\" href=\"https:\/\/kruze.ee\/et\/toode\/xd-design-urban-veekindel-seljakott-klapipealse-sulgemisega\/\" \/>\n<meta property=\"og:locale\" content=\"et_EE\" \/>\n<meta property=\"og:type\" content=\"article\" \/>\n<meta property=\"og:title\" content=\"XD Design Urban veekindel seljakott klapipealse sulgemisega - Kruze.ee\" \/>\n<meta property=\"og:description\" content=\"Mitmek\u00fclgne ja ilmastikukindel Urban seljakott pakub turvalist ning mugavat kasutust igap\u00e4evaseks linnaseikluseks. Unikaalne L-kujuline laia avaga p\u00f5hisahtel...\" \/>\n<meta property=\"og:url\" content=\"https:\/\/kruze.ee\/et\/toode\/xd-design-urban-veekindel-seljakott-klapipealse-sulgemisega\/\" \/>\n<meta property=\"og:site_name\" content=\"Kruze.ee\" \/>\n<meta property=\"article:modified_time\" content=\"2026-03-16T21:56:01+00:00\" \/>\n<meta name=\"twitter:card\" content=\"summary_large_image\" \/>\n<script type=\"application\/ld+json\" class=\"yoast-schema-graph\">{\"@context\":\"https:\/\/schema.org\",\"@graph\":[{\"@type\":\"WebPage\",\"@id\":\"https:\/\/kruze.ee\/et\/toode\/xd-design-urban-veekindel-seljakott-klapipealse-sulgemisega\/\",\"url\":\"https:\/\/kruze.ee\/et\/toode\/xd-design-urban-veekindel-seljakott-klapipealse-sulgemisega\/\",\"name\":\"XD Design Urban veekindel seljakott klapipealse sulgemisega - Kruze.ee\",\"isPartOf\":{\"@id\":\"https:\/\/kruze.ee\/et\/#website\"},\"datePublished\":\"2026-01-25T11:15:38+00:00\",\"dateModified\":\"2026-03-16T21:56:01+00:00\",\"breadcrumb\":{\"@id\":\"https:\/\/kruze.ee\/et\/toode\/xd-design-urban-veekindel-seljakott-klapipealse-sulgemisega\/#breadcrumb\"},\"inLanguage\":\"et\",\"potentialAction\":[{\"@type\":\"ReadAction\",\"target\":[\"https:\/\/kruze.ee\/et\/toode\/xd-design-urban-veekindel-seljakott-klapipealse-sulgemisega\/\"]}]},{\"@type\":\"BreadcrumbList\",\"@id\":\"https:\/\/kruze.ee\/et\/toode\/xd-design-urban-veekindel-seljakott-klapipealse-sulgemisega\/#breadcrumb\",\"itemListElement\":[{\"@type\":\"ListItem\",\"position\":1,\"name\":\"Home\",\"item\":\"https:\/\/kruze.ee\/et\/\"},{\"@type\":\"ListItem\",\"position\":2,\"name\":\"Tooted\",\"item\":\"https:\/\/kruze.ee\/et\/tooted\/\"},{\"@type\":\"ListItem\",\"position\":3,\"name\":\"XD Design Urban veekindel seljakott klapipealse sulgemisega\"}]},{\"@type\":\"WebSite\",\"@id\":\"https:\/\/kruze.ee\/et\/#website\",\"url\":\"https:\/\/kruze.ee\/et\/\",\"name\":\"Kruze.ee\",\"description\":\"Reklaamkingitused, tr&uuml;kiga T-s&auml;rgid, fliisid, dressipluused, tekstiil, joped ja paljud teised logoga meened, &Auml;rikingitused sinu partnerile! Telli juba t&auml;na.\",\"potentialAction\":[{\"@type\":\"SearchAction\",\"target\":{\"@type\":\"EntryPoint\",\"urlTemplate\":\"https:\/\/kruze.ee\/et\/?s={search_term_string}\"},\"query-input\":{\"@type\":\"PropertyValueSpecification\",\"valueRequired\":true,\"valueName\":\"search_term_string\"}}],\"inLanguage\":\"et\"}]}<\/script>\n<!-- \/ Yoast SEO plugin. -->","yoast_head_json":{"title":"XD Design Urban veekindel seljakott klapipealse sulgemisega - Kruze.ee","robots":{"index":"index","follow":"follow","max-snippet":"max-snippet:-1","max-image-preview":"max-image-preview:large","max-video-preview":"max-video-preview:-1"},"canonical":"https:\/\/kruze.ee\/et\/toode\/xd-design-urban-veekindel-seljakott-klapipealse-sulgemisega\/","og_locale":"et_EE","og_type":"article","og_title":"XD Design Urban veekindel seljakott klapipealse sulgemisega - Kruze.ee","og_description":"Mitmek\u00fclgne ja ilmastikukindel Urban seljakott pakub turvalist ning mugavat kasutust igap\u00e4evaseks linnaseikluseks. Unikaalne L-kujuline laia avaga p\u00f5hisahtel...","og_url":"https:\/\/kruze.ee\/et\/toode\/xd-design-urban-veekindel-seljakott-klapipealse-sulgemisega\/","og_site_name":"Kruze.ee","article_modified_time":"2026-03-16T21:56:01+00:00","twitter_card":"summary_large_image","schema":{"@context":"https:\/\/schema.org","@graph":[{"@type":"WebPage","@id":"https:\/\/kruze.ee\/et\/toode\/xd-design-urban-veekindel-seljakott-klapipealse-sulgemisega\/","url":"https:\/\/kruze.ee\/et\/toode\/xd-design-urban-veekindel-seljakott-klapipealse-sulgemisega\/","name":"XD Design Urban veekindel seljakott klapipealse sulgemisega - Kruze.ee","isPartOf":{"@id":"https:\/\/kruze.ee\/et\/#website"},"datePublished":"2026-01-25T11:15:38+00:00","dateModified":"2026-03-16T21:56:01+00:00","breadcrumb":{"@id":"https:\/\/kruze.ee\/et\/toode\/xd-design-urban-veekindel-seljakott-klapipealse-sulgemisega\/#breadcrumb"},"inLanguage":"et","potentialAction":[{"@type":"ReadAction","target":["https:\/\/kruze.ee\/et\/toode\/xd-design-urban-veekindel-seljakott-klapipealse-sulgemisega\/"]}]},{"@type":"BreadcrumbList","@id":"https:\/\/kruze.ee\/et\/toode\/xd-design-urban-veekindel-seljakott-klapipealse-sulgemisega\/#breadcrumb","itemListElement":[{"@type":"ListItem","position":1,"name":"Home","item":"https:\/\/kruze.ee\/et\/"},{"@type":"ListItem","position":2,"name":"Tooted","item":"https:\/\/kruze.ee\/et\/tooted\/"},{"@type":"ListItem","position":3,"name":"XD Design Urban veekindel seljakott klapipealse sulgemisega"}]},{"@type":"WebSite","@id":"https:\/\/kruze.ee\/et\/#website","url":"https:\/\/kruze.ee\/et\/","name":"Kruze.ee","description":"Reklaamkingitused, tr&uuml;kiga T-s&auml;rgid, fliisid, dressipluused, tekstiil, joped ja paljud teised logoga meened, &Auml;rikingitused sinu partnerile! Telli juba t&auml;na.","potentialAction":[{"@type":"SearchAction","target":{"@type":"EntryPoint","urlTemplate":"https:\/\/kruze.ee\/et\/?s={search_term_string}"},"query-input":{"@type":"PropertyValueSpecification","valueRequired":true,"valueName":"search_term_string"}}],"inLanguage":"et"}]}},"_links":{"self":[{"href":"https:\/\/kruze.ee\/et\/wp-json\/wp\/v2\/product\/1436160","targetHints":{"allow":["GET"]}}],"collection":[{"href":"https:\/\/kruze.ee\/et\/wp-json\/wp\/v2\/product"}],"about":[{"href":"https:\/\/kruze.ee\/et\/wp-json\/wp\/v2\/types\/product"}],"wp:attachment":[{"href":"https:\/\/kruze.ee\/et\/wp-json\/wp\/v2\/media?parent=1436160"}],"wp:term":[{"taxonomy":"product_brand","embeddable":true,"href":"https:\/\/kruze.ee\/et\/wp-json\/wp\/v2\/product_brand?post=1436160"},{"taxonomy":"product_cat","embeddable":true,"href":"https:\/\/kruze.ee\/et\/wp-json\/wp\/v2\/product_cat?post=1436160"},{"taxonomy":"product_tag","embeddable":true,"href":"https:\/\/kruze.ee\/et\/wp-json\/wp\/v2\/product_tag?post=1436160"}],"curies":[{"name":"wp","href":"https:\/\/api.w.org\/{rel}","templated":true}]}}