{"id":1436114,"date":"2026-01-25T13:17:12","date_gmt":"2026-01-25T10:17:12","guid":{"rendered":"https:\/\/kruze.ee\/product\/zenara-rcs-taaskasutatud-plastist-ja-korgist-15w-juhtmevaba-lauavalgusti\/"},"modified":"2026-03-17T00:55:31","modified_gmt":"2026-03-16T21:55:31","slug":"zenara-rcs-taaskasutatud-plastist-ja-korgist-15w-juhtmevaba-lauavalgusti","status":"publish","type":"product","link":"https:\/\/kruze.ee\/et\/toode\/zenara-rcs-taaskasutatud-plastist-ja-korgist-15w-juhtmevaba-lauavalgusti\/","title":{"rendered":"Zenara RCS taaskasutatud plastist ja korgist 15W juhtmevaba lauavalgusti"},"content":{"rendered":"<p>\u00dclikiire 15W juhtmevaba laadija integreeritud lauavalgustiga, mis sobib ideaalselt t\u00f6\u00f6lauale. Paindlik lauavalgusti annab 55 luumenit ning pakub 3 valgusre\u017eiimi: soe, valge ja kombineeritud. Toode on valmistatud RCS-sertifitseeritud taaskasutatud ABS-ist, taaskasutatud PC-st ja FSC-sertifitseeritud korgist. Juhtmevaba laadimine \u00fchildub Androidi uusimate p\u00f5lvkondadega ning iPhone 8 ja uuemate mudelitega. Toode ja tarvikud on PVC-vabad. Komplektis on 120 cm Type-C laadimiskaabel, mis on valmistatud RCS-sertifitseeritud taaskasutatud TPE-st. Pakendatud FSC\u00ae mix kraft-karpi. Tehnilised andmed: Type-C sisend; sisend 5V\/2A, 9V\/2A, 12V\/1.5A; juhtmevaba v\u00e4ljund 5V\/1A, 9V\/1.1A, 9V\/1.67A (15W). Taaskasutatud materjali osakaal on 36% kogu toote kaalust. RCS-sertifikaat tagab taaskasutatud materjalide t\u00e4ielikult sertifitseeritud ja j\u00e4lgitava tarneahela.<\/p>\n","protected":false},"excerpt":{"rendered":"<p>\u00dclikiire 15W juhtmevaba laadija integreeritud lauavalgustiga, mis sobib ideaalselt t\u00f6\u00f6lauale. Paindlik lauavalgusti annab 55 luumenit ning pakub 3&#8230;<\/p>\n","protected":false},"featured_media":0,"template":"","meta":[],"product_brand":[],"product_cat":[5418],"product_tag":[],"class_list":{"0":"post-1436114","1":"product","2":"type-product","3":"status-publish","5":"product_cat-nutiseadmete-lisatarvikud","6":"pa_gender-uniseks","7":"pa_gender-unisex","11":"first","12":"instock","13":"purchasable","14":"product-type-simple"},"acf":[],"yoast_head":"<!-- This site is optimized with the Yoast SEO plugin v26.0 - https:\/\/yoast.com\/wordpress\/plugins\/seo\/ -->\n<title>Zenara RCS taaskasutatud plastist ja korgist 15W juhtmevaba lauavalgusti - Kruze.ee<\/title>\n<meta name=\"robots\" content=\"index, follow, max-snippet:-1, max-image-preview:large, max-video-preview:-1\" \/>\n<link rel=\"canonical\" href=\"https:\/\/kruze.ee\/et\/toode\/zenara-rcs-taaskasutatud-plastist-ja-korgist-15w-juhtmevaba-lauavalgusti\/\" \/>\n<meta property=\"og:locale\" content=\"et_EE\" \/>\n<meta property=\"og:type\" content=\"article\" \/>\n<meta property=\"og:title\" content=\"Zenara RCS taaskasutatud plastist ja korgist 15W juhtmevaba lauavalgusti - Kruze.ee\" \/>\n<meta property=\"og:description\" content=\"\u00dclikiire 15W juhtmevaba laadija integreeritud lauavalgustiga, mis sobib ideaalselt t\u00f6\u00f6lauale. Paindlik lauavalgusti annab 55 luumenit ning pakub 3...\" \/>\n<meta property=\"og:url\" content=\"https:\/\/kruze.ee\/et\/toode\/zenara-rcs-taaskasutatud-plastist-ja-korgist-15w-juhtmevaba-lauavalgusti\/\" \/>\n<meta property=\"og:site_name\" content=\"Kruze.ee\" \/>\n<meta property=\"article:modified_time\" content=\"2026-03-16T21:55:31+00:00\" \/>\n<meta name=\"twitter:card\" content=\"summary_large_image\" \/>\n<meta name=\"twitter:label1\" content=\"Est. reading time\" \/>\n\t<meta name=\"twitter:data1\" content=\"1 minut\" \/>\n<script type=\"application\/ld+json\" class=\"yoast-schema-graph\">{\"@context\":\"https:\/\/schema.org\",\"@graph\":[{\"@type\":\"WebPage\",\"@id\":\"https:\/\/kruze.ee\/et\/toode\/zenara-rcs-taaskasutatud-plastist-ja-korgist-15w-juhtmevaba-lauavalgusti\/\",\"url\":\"https:\/\/kruze.ee\/et\/toode\/zenara-rcs-taaskasutatud-plastist-ja-korgist-15w-juhtmevaba-lauavalgusti\/\",\"name\":\"Zenara RCS taaskasutatud plastist ja korgist 15W juhtmevaba lauavalgusti - Kruze.ee\",\"isPartOf\":{\"@id\":\"https:\/\/kruze.ee\/et\/#website\"},\"datePublished\":\"2026-01-25T10:17:12+00:00\",\"dateModified\":\"2026-03-16T21:55:31+00:00\",\"breadcrumb\":{\"@id\":\"https:\/\/kruze.ee\/et\/toode\/zenara-rcs-taaskasutatud-plastist-ja-korgist-15w-juhtmevaba-lauavalgusti\/#breadcrumb\"},\"inLanguage\":\"et\",\"potentialAction\":[{\"@type\":\"ReadAction\",\"target\":[\"https:\/\/kruze.ee\/et\/toode\/zenara-rcs-taaskasutatud-plastist-ja-korgist-15w-juhtmevaba-lauavalgusti\/\"]}]},{\"@type\":\"BreadcrumbList\",\"@id\":\"https:\/\/kruze.ee\/et\/toode\/zenara-rcs-taaskasutatud-plastist-ja-korgist-15w-juhtmevaba-lauavalgusti\/#breadcrumb\",\"itemListElement\":[{\"@type\":\"ListItem\",\"position\":1,\"name\":\"Home\",\"item\":\"https:\/\/kruze.ee\/et\/\"},{\"@type\":\"ListItem\",\"position\":2,\"name\":\"Tooted\",\"item\":\"https:\/\/kruze.ee\/et\/tooted\/\"},{\"@type\":\"ListItem\",\"position\":3,\"name\":\"Zenara RCS taaskasutatud plastist ja korgist 15W juhtmevaba lauavalgusti\"}]},{\"@type\":\"WebSite\",\"@id\":\"https:\/\/kruze.ee\/et\/#website\",\"url\":\"https:\/\/kruze.ee\/et\/\",\"name\":\"Kruze.ee\",\"description\":\"Reklaamkingitused, tr&uuml;kiga T-s&auml;rgid, fliisid, dressipluused, tekstiil, joped ja paljud teised logoga meened, &Auml;rikingitused sinu partnerile! Telli juba t&auml;na.\",\"potentialAction\":[{\"@type\":\"SearchAction\",\"target\":{\"@type\":\"EntryPoint\",\"urlTemplate\":\"https:\/\/kruze.ee\/et\/?s={search_term_string}\"},\"query-input\":{\"@type\":\"PropertyValueSpecification\",\"valueRequired\":true,\"valueName\":\"search_term_string\"}}],\"inLanguage\":\"et\"}]}<\/script>\n<!-- \/ Yoast SEO plugin. -->","yoast_head_json":{"title":"Zenara RCS taaskasutatud plastist ja korgist 15W juhtmevaba lauavalgusti - Kruze.ee","robots":{"index":"index","follow":"follow","max-snippet":"max-snippet:-1","max-image-preview":"max-image-preview:large","max-video-preview":"max-video-preview:-1"},"canonical":"https:\/\/kruze.ee\/et\/toode\/zenara-rcs-taaskasutatud-plastist-ja-korgist-15w-juhtmevaba-lauavalgusti\/","og_locale":"et_EE","og_type":"article","og_title":"Zenara RCS taaskasutatud plastist ja korgist 15W juhtmevaba lauavalgusti - Kruze.ee","og_description":"\u00dclikiire 15W juhtmevaba laadija integreeritud lauavalgustiga, mis sobib ideaalselt t\u00f6\u00f6lauale. Paindlik lauavalgusti annab 55 luumenit ning pakub 3...","og_url":"https:\/\/kruze.ee\/et\/toode\/zenara-rcs-taaskasutatud-plastist-ja-korgist-15w-juhtmevaba-lauavalgusti\/","og_site_name":"Kruze.ee","article_modified_time":"2026-03-16T21:55:31+00:00","twitter_card":"summary_large_image","twitter_misc":{"Est. reading time":"1 minut"},"schema":{"@context":"https:\/\/schema.org","@graph":[{"@type":"WebPage","@id":"https:\/\/kruze.ee\/et\/toode\/zenara-rcs-taaskasutatud-plastist-ja-korgist-15w-juhtmevaba-lauavalgusti\/","url":"https:\/\/kruze.ee\/et\/toode\/zenara-rcs-taaskasutatud-plastist-ja-korgist-15w-juhtmevaba-lauavalgusti\/","name":"Zenara RCS taaskasutatud plastist ja korgist 15W juhtmevaba lauavalgusti - Kruze.ee","isPartOf":{"@id":"https:\/\/kruze.ee\/et\/#website"},"datePublished":"2026-01-25T10:17:12+00:00","dateModified":"2026-03-16T21:55:31+00:00","breadcrumb":{"@id":"https:\/\/kruze.ee\/et\/toode\/zenara-rcs-taaskasutatud-plastist-ja-korgist-15w-juhtmevaba-lauavalgusti\/#breadcrumb"},"inLanguage":"et","potentialAction":[{"@type":"ReadAction","target":["https:\/\/kruze.ee\/et\/toode\/zenara-rcs-taaskasutatud-plastist-ja-korgist-15w-juhtmevaba-lauavalgusti\/"]}]},{"@type":"BreadcrumbList","@id":"https:\/\/kruze.ee\/et\/toode\/zenara-rcs-taaskasutatud-plastist-ja-korgist-15w-juhtmevaba-lauavalgusti\/#breadcrumb","itemListElement":[{"@type":"ListItem","position":1,"name":"Home","item":"https:\/\/kruze.ee\/et\/"},{"@type":"ListItem","position":2,"name":"Tooted","item":"https:\/\/kruze.ee\/et\/tooted\/"},{"@type":"ListItem","position":3,"name":"Zenara RCS taaskasutatud plastist ja korgist 15W juhtmevaba lauavalgusti"}]},{"@type":"WebSite","@id":"https:\/\/kruze.ee\/et\/#website","url":"https:\/\/kruze.ee\/et\/","name":"Kruze.ee","description":"Reklaamkingitused, tr&uuml;kiga T-s&auml;rgid, fliisid, dressipluused, tekstiil, joped ja paljud teised logoga meened, &Auml;rikingitused sinu partnerile! Telli juba t&auml;na.","potentialAction":[{"@type":"SearchAction","target":{"@type":"EntryPoint","urlTemplate":"https:\/\/kruze.ee\/et\/?s={search_term_string}"},"query-input":{"@type":"PropertyValueSpecification","valueRequired":true,"valueName":"search_term_string"}}],"inLanguage":"et"}]}},"_links":{"self":[{"href":"https:\/\/kruze.ee\/et\/wp-json\/wp\/v2\/product\/1436114","targetHints":{"allow":["GET"]}}],"collection":[{"href":"https:\/\/kruze.ee\/et\/wp-json\/wp\/v2\/product"}],"about":[{"href":"https:\/\/kruze.ee\/et\/wp-json\/wp\/v2\/types\/product"}],"wp:attachment":[{"href":"https:\/\/kruze.ee\/et\/wp-json\/wp\/v2\/media?parent=1436114"}],"wp:term":[{"taxonomy":"product_brand","embeddable":true,"href":"https:\/\/kruze.ee\/et\/wp-json\/wp\/v2\/product_brand?post=1436114"},{"taxonomy":"product_cat","embeddable":true,"href":"https:\/\/kruze.ee\/et\/wp-json\/wp\/v2\/product_cat?post=1436114"},{"taxonomy":"product_tag","embeddable":true,"href":"https:\/\/kruze.ee\/et\/wp-json\/wp\/v2\/product_tag?post=1436114"}],"curies":[{"name":"wp","href":"https:\/\/api.w.org\/{rel}","templated":true}]}}